{"id":4,"date":"2024-04-03T23:08:45","date_gmt":"2024-04-03T20:08:45","guid":{"rendered":"https:\/\/sisu.ut.ee\/zoterojuhend\/kirjete-parandamine\/"},"modified":"2025-12-05T17:15:46","modified_gmt":"2025-12-05T15:15:46","slug":"kirjete-parandamine","status":"publish","type":"page","link":"https:\/\/sisu.ut.ee\/zoterojuhend\/kirjete-parandamine\/","title":{"rendered":"Kirjete parandamine"},"content":{"rendered":"<p><strong>Zotero kirjete parandamine k\u00e4sitsi<\/strong><\/p>\n<p>Kuigi Zotero oskab v\u00e4ga paljudelt erinevatelt veebilehtedelt kirjeid automaatselt \u00fcle kanda, tuleb need siiski \u00fcle vaadata, sest veebilehtedel olevate andmebaaside struktuur pole alati standardne ning siis ei tunne Zotero \u00e4ra, kas on tegemist raamatu, artikli v\u00f5i veebilehega.<\/p>\n<p>Kuigi v\u00f5imalikke v\u00e4lju on kirjetes palju, peab olema\u00a0alati\u00a0t\u00e4idetud viitamiseks vajalikud v\u00e4ljad\u00a0<strong>autor, pealkiri, ilmumisaasta,<\/strong><\/p>\n<ul>\n<li>raamatutel lisaks\u00a0<strong>ilmumiskoht,<\/strong><\/li>\n<li>ajakirjadel lisaks\u00a0<strong>ajakirja pealkiri, k\u00f6ide, number, lehek\u00fcljed,<\/strong><\/li>\n<li>ajalehtedel lisaks<strong> lehenumbri ilmumise kuup\u00e4ev.<\/strong><\/li>\n<\/ul>\n<p>Alati on otstarbekas Zoterosse kantud kirjete puhul <strong>paremas aknas olevatele andmetele<\/strong> pilk peale heita ja vajadusel k\u00e4sitsi t\u00e4iendada ja parandada.\u00a0Enamikku v\u00e4lju saab kl\u00f5psata ja muuta. Muudatused salvestatakse nende tegemisel automaatselt.<\/p>\n<p>Zotero juhendites soovitatakse hoida Zoteros artiklite, raamatute jne pealkirjad esisuurt\u00e4hega kirjutatud (lause stiil, sentence case). <span class=\"cf0\">\u00a0<\/span>Kui originaalis on need l\u00e4bivalt suurt\u00e4htedega ja tulevad nii ka Zoterosse, siis saab seda Zoteros paremal toimetamise aknas parema hiirekl\u00f5psuga pealkirjal \u00e4ra muuta.<\/p>\n<p>Nt <!--StartFragment --><span class=\"cf0\">APA stiilis on artikli pealkirja esimene s\u00f5na suure t\u00e4hega. <\/span>Kui valitud viitestiil n\u00f5uab l\u00e4bivat suurt\u00e4hte, siis suudab Zotero bibliograafia vormistamisel seda automaatselt \u00f5igesti teha. Vt <a title=\"\" href=\"https:\/\/www.zotero.org\/support\/kb\/sentence_casing\" target=\"_blank\" rel=\"noopener\" data-url=\"https:\/\/www.zotero.org\/support\/kb\/sentence_casing\">https:\/\/www.zotero.org\/support\/kb\/sentence_casing<\/a>.<\/p>\n<p>APA stiili j\u00e4rgi peaks v\u00e4ljaande (ajakiri, artiklikogumik vm) pealkirjad olema l\u00e4bivalt suurte algust\u00e4htedega. Kui originaalis on need l\u00e4bivalt suurt\u00e4htedega ja tulevad nii ka Zoterosse, siis tuleb see Zoteros paremal toimetamise aknas parema hiirekl\u00f5psuga v\u00e4ljaande pealkirjal \u00e4ra muuta.<\/p>\n<p><strong>Digitaalselt ilmunud<\/strong> objektide puhul, tuleks viidata ka objekti p\u00fcsiidentifikaatorile (nt DOI, <em>handle<\/em>).\u00a0P\u00fcsiidentifikaator on veebiallikate puhul eelistatum kui URL, kuna objekti muutmise puhul viib p\u00fcsiidentifikaator alati kasutatud versioonini, URL aga uuendatud versiooni v\u00f5i kustutatud allika puhul \u00fcldse millegi muuni.\u00a0DOI number\u00a0ei muutu ja selle\u00a0kaudu leiab kasutatud allika alati \u00fcles. DOI numbrit saab ka Zoterosse ise lisada.<\/p>\n<p><strong>NB:<\/strong>\u00a0Kui kasutate andmebaase l\u00e4bi Tartu \u00dclikooli raamatukogu andmebaaside nimekirja ning sisenete neisse lingiga \u201cLigip\u00e4\u00e4s T\u00dc kasutajatunnustega\u201d, siis suunatakse teid andmebaasi l\u00e4bi proksiserveri, millelt salvestuv URL viitamiseks ei sobi, kuna ei ole k\u00f5igile ligip\u00e4\u00e4setav. Seega tasuks Zoterosse kirjeid salvestades eelistada VPN \u00fchendust v\u00f5i p\u00e4rast kirje lisamist veenduda, et kirje infos oleks olemas DOI ning <em>(ez)proxy<\/em> s\u00f5na sisaldav URL kirje infost\u00a0kustutada.<\/p>\n<p>Kui kirjet Zoteroga t\u00f5mmata ei saa, tuleb k\u00f5ik eelpoolnimetatud andmed k\u00e4sitsi sisestada. Selleks kl\u00f5psake Zoteros rohelisel plussm\u00e4rgiga ikoonil ja valige sobiv kirje t\u00fc\u00fcp ning sisestage vajalikud andmed Zotero paremasse aknasse.<\/p>\n<p><strong style=\"line-height: 1.5;\">Eesti artiklite andmebaasidest kirjete salvestamine ja parandamine<\/strong><\/p>\n<p>Andmebaas DIGAR Eesti artiklid ei v\u00f5imalda Zoterosse kirjeid lisada otse andmebaasist. Viitamiseks vajalikud andmed tuleb ise k\u00e4sitsi sisestada Zotero paremasse aknasse.<\/p>\n<p>Tavaliselt tuleb Eesti artiklite andmebaasist ISE (ise.elnet.ee) kirjeid t\u00f5mmates lisada k\u00e4sitsi ajakirja number ja artikli lehek\u00fcljed ajakirjas. ISEst t\u00f5mmatud kirjete puhul ei suuda Zotero vahet teha ajakirjaartiklil ja ajaleheartiklil.<\/p>\n<p>Ajaleheartikkel: kirje t\u00fc\u00fcp \u2013 ajaleheartikkel. Kl\u00f5psata v\u00e4ljal AEG ning lisada kuu ja kuup\u00e4ev vormis aaaa-kk-pp,\u00a0v\u00e4ljale LEHEK\u00dcLJED lisada lehek\u00fcljenumber.<\/p>\n","protected":false},"excerpt":{"rendered":"<p>Zotero kirjete parandamine k\u00e4sitsi Kuigi Zotero oskab v\u00e4ga paljudelt erinevatelt veebilehtedelt kirjeid automaatselt \u00fcle kanda, tuleb need siiski \u00fcle vaadata, sest veebilehtedel olevate andmebaaside struktuur pole alati standardne ning siis ei tunne Zotero \u00e4ra, kas on tegemist raamatu, artikli v\u00f5i &#8230;<\/p>\n","protected":false},"author":5,"featured_media":0,"parent":0,"menu_order":0,"comment_status":"closed","ping_status":"closed","template":"","meta":{"_acf_changed":false,"inline_featured_image":false,"footnotes":""},"class_list":["post-4","page","type-page","status-publish","hentry"],"acf":[],"_links":{"self":[{"href":"https:\/\/sisu.ut.ee\/zoterojuhend\/wp-json\/wp\/v2\/pages\/4","targetHints":{"allow":["GET"]}}],"collection":[{"href":"https:\/\/sisu.ut.ee\/zoterojuhend\/wp-json\/wp\/v2\/pages"}],"about":[{"href":"https:\/\/sisu.ut.ee\/zoterojuhend\/wp-json\/wp\/v2\/types\/page"}],"author":[{"embeddable":true,"href":"https:\/\/sisu.ut.ee\/zoterojuhend\/wp-json\/wp\/v2\/users\/5"}],"replies":[{"embeddable":true,"href":"https:\/\/sisu.ut.ee\/zoterojuhend\/wp-json\/wp\/v2\/comments?post=4"}],"version-history":[{"count":10,"href":"https:\/\/sisu.ut.ee\/zoterojuhend\/wp-json\/wp\/v2\/pages\/4\/revisions"}],"predecessor-version":[{"id":279,"href":"https:\/\/sisu.ut.ee\/zoterojuhend\/wp-json\/wp\/v2\/pages\/4\/revisions\/279"}],"wp:attachment":[{"href":"https:\/\/sisu.ut.ee\/zoterojuhend\/wp-json\/wp\/v2\/media?parent=4"}],"curies":[{"name":"wp","href":"https:\/\/api.w.org\/{rel}","templated":true}]}}