{"id":19,"date":"2024-04-03T23:08:45","date_gmt":"2024-04-03T20:08:45","guid":{"rendered":"https:\/\/sisu.ut.ee\/zoterojuhend\/viitamine-ja-kasutatud-kirjanduse-nimekiri\/"},"modified":"2024-04-03T23:08:56","modified_gmt":"2024-04-03T20:08:56","slug":"viitamine-ja-kasutatud-kirjanduse-nimekiri","status":"publish","type":"page","link":"https:\/\/sisu.ut.ee\/zoterojuhend\/viitamine-ja-kasutatud-kirjanduse-nimekiri\/","title":{"rendered":"Viitamine ja kasutatud kirjanduse nimekiri (Mendeley Desktop)"},"content":{"rendered":"<p>\n\tWordi dokumenti viite lisamiseks\n<\/p>\n<ul>\n<li>\n\t\t<span style=\"font-size: 13.3333339691162px;line-height: 1.6em\">Kl\u00f5psates\u00a0\u00fclal sakki <em>References\/Viited, leiate\u00a0<\/em>Mendeley t\u00f6\u00f6riistariba Cite-O-Matic, seal valige k\u00f5igepealt\u00a0h\u00fcpikaknast <em>Style<\/em> viitamisstiil. Stiilide nimekirja all on link <em>More Styles<\/em>, kus saate sobivaid stiile otsida.<\/span>\n\t<\/li>\n<li>\n\t\t<span style=\"font-size: 13.3333339691162px;line-height: 1.6em\">Viige Wordis kursor kohale, kuhu soovite viite lisada.<\/span>\n\t<\/li>\n<li>\n\t\t<span style=\"font-size: 13.3333339691162px;line-height: 1.6em\">Kl\u00f5psake t\u00f6\u00f6riistaribal <em>Insert Citation<\/em>. Avaneb aken, kus saate Mendeleyst otsida viidatavat dokumenti autori, pealkirja v\u00f5i aasta j\u00e4rgi. Kl\u00f5psake sobival dokumendil ja siis OK ning viide lisatakse Wordi dokumenti.\u00a0Kui soovite korraga lisada mitu viidet, siis enne OK kl\u00f5psamist otsige samamoodi Mendeleyst v\u00e4lja vajalik viide.\u00a0<\/span>\n\t<\/li>\n<li>\n\t\t<span style=\"font-size: 13.3333339691162px;line-height: 1.6em\">Kl\u00f5psake linki <em>Go to Mendeley<\/em>, kui soovite dokumenti Mendeley kaustadest valida. Mendeleys kl\u00f5psake dokumendi pealkirjal ja seej\u00e4rel \u00fcleval ribal <em>Cite<\/em> nupul\u00a0<\/span><span style=\"font-size: 13.3333339691162px;line-height: 1.6em\">ning viide lisatakse Wordi.<\/span>\n\t<\/li>\n<li>\n\t\t<span style=\"font-size: 13.3333339691162px;line-height: 1.6em\">Kui soovite tekstisisest viidet muuta, kl\u00f5psake sellele, Mendeley t\u00f6\u00f6riistaribal on n\u00fc\u00fcd <em>Add Citation<\/em> koha peal <em>Edit citation<\/em>, sellel kl\u00f5psates avaneb uuesti viite lisamise aken. Kl\u00f5psake viitel ja saate lisada andmeid, nt lehek\u00fclnumbreid.\u00a0 Viite muutmiseks kl\u00f5psake OK.<\/span>\n\t<\/li>\n<\/ul>\n<p>\n\t\u00a0\n<\/p>\n<p>\n\t<img loading=\"lazy\" decoding=\"async\" width=\"511\" height=\"378\" class=\"alignnone wp-image-89\" src=\"https:\/\/sisu.ut.ee\/wp-content\/uploads\/sites\/15\/mendeley8.png\" title=\"mendeley8.png\" alt=\"8\" srcset=\"https:\/\/sisu.ut.ee\/wp-content\/uploads\/sites\/15\/mendeley8.png 511w, https:\/\/sisu.ut.ee\/wp-content\/uploads\/sites\/15\/mendeley8-300x222.png 300w\" sizes=\"auto, (max-width: 511px) 100vw, 511px\">\n<\/p>\n<p>\n\tViidetest <strong>kirjanduse nimekirja tegemiseks<\/strong> viige kursor kohta, kuhu tuleb nimekiri tekitada. Kl\u00f5psake t\u00f6\u00f6riistaribal <em>Insert Bibliography<\/em>.<br>Kui soovite bibliograafias kirjete stiili muuta, valige Wordis Mendeley t\u00f6\u00f6riistaribal <em>Style <\/em>all\u00a0uus sobiv stiil ja viited muudetakse automaatselt valitud stiili.\n<\/p>\n<p>\n\tMendeley kirjetest bibliograafilise loetelu moodustamine ilma tekstisiseste viideteta m\u00e4rkige Mendeley keskmises aknas vajalikud kirjed, hoides all Ctrl klahvi, tehke parem hiirekl\u00f5ps, \u00a0valige <em>Copy As -&gt; Formatted Citation<\/em>. \u00a0Kleepige bibliograafia dokumenti, e-maili v\u00f5i veebilehele.\u00a0<\/p>\n","protected":false},"excerpt":{"rendered":"<p>Wordi dokumenti viite lisamiseks Kl\u00f5psates\u00a0\u00fclal sakki References\/Viited, leiate\u00a0Mendeley t\u00f6\u00f6riistariba Cite-O-Matic, seal valige k\u00f5igepealt\u00a0h\u00fcpikaknast Style viitamisstiil. Stiilide nimekirja all on link More Styles, kus saate sobivaid stiile otsida. Viige Wordis kursor kohale, kuhu soovite viite lisada. Kl\u00f5psake t\u00f6\u00f6riistaribal Insert Citation. Avaneb &#8230;<\/p>\n","protected":false},"author":5,"featured_media":0,"parent":0,"menu_order":0,"comment_status":"closed","ping_status":"closed","template":"","meta":{"_acf_changed":false,"inline_featured_image":false,"footnotes":""},"class_list":["post-19","page","type-page","status-publish","hentry"],"acf":[],"_links":{"self":[{"href":"https:\/\/sisu.ut.ee\/zoterojuhend\/wp-json\/wp\/v2\/pages\/19","targetHints":{"allow":["GET"]}}],"collection":[{"href":"https:\/\/sisu.ut.ee\/zoterojuhend\/wp-json\/wp\/v2\/pages"}],"about":[{"href":"https:\/\/sisu.ut.ee\/zoterojuhend\/wp-json\/wp\/v2\/types\/page"}],"author":[{"embeddable":true,"href":"https:\/\/sisu.ut.ee\/zoterojuhend\/wp-json\/wp\/v2\/users\/5"}],"replies":[{"embeddable":true,"href":"https:\/\/sisu.ut.ee\/zoterojuhend\/wp-json\/wp\/v2\/comments?post=19"}],"version-history":[{"count":2,"href":"https:\/\/sisu.ut.ee\/zoterojuhend\/wp-json\/wp\/v2\/pages\/19\/revisions"}],"predecessor-version":[{"id":315,"href":"https:\/\/sisu.ut.ee\/zoterojuhend\/wp-json\/wp\/v2\/pages\/19\/revisions\/315"}],"wp:attachment":[{"href":"https:\/\/sisu.ut.ee\/zoterojuhend\/wp-json\/wp\/v2\/media?parent=19"}],"curies":[{"name":"wp","href":"https:\/\/api.w.org\/{rel}","templated":true}]}}