{"id":18,"date":"2024-04-03T23:08:45","date_gmt":"2024-04-03T20:08:45","guid":{"rendered":"https:\/\/sisu.ut.ee\/zoterojuhend\/teadusandmebaasidest-dokumentide-lisamine\/"},"modified":"2026-02-18T12:21:41","modified_gmt":"2026-02-18T10:21:41","slug":"teadusandmebaasidest-dokumentide-lisamine","status":"publish","type":"page","link":"https:\/\/sisu.ut.ee\/zoterojuhend\/teadusandmebaasidest-dokumentide-lisamine\/","title":{"rendered":"Teadusandmebaasidest ja veebist dokumentide lisamine"},"content":{"rendered":"<p>Kui olete andmebaasist leidnud huvipakkuva dokumendi, avage see ning kl\u00f5psake brauseri \u00fcleval paremas nurgas <em>Mendeley Web Importeri<\/em> nuppu <img loading=\"lazy\" decoding=\"async\" width=\"17\" height=\"18\" class=\"alignnone wp-image-85\" title=\"2020-02-21_11_03_51-muuda_leht_teadusandmebaasidest_dokumentide_lisamine_viidete_haldurid_zotero_j.png\" src=\"https:\/\/sisu.ut.ee\/wp-content\/uploads\/sites\/15\/2020-02-21_11_03_51-muuda_leht_teadusandmebaasidest_dokumentide_lisamine_viidete_haldurid_zotero_j.png\" alt=\"d\">. M\u00e4rkige dokument ja Kl\u00f5psake <strong>Add.<\/strong> Dokument salvestatakse ideaaljuhul koos korrektse kirje ja t\u00e4istekstiga vaikimisi Mendeley kausta <em>All documents<\/em>. Enne salvestamist saab valida ka m\u00f5ne muu kausta.\u00a0Kirje lisamisel lingil <strong>View Library<\/strong> kl\u00f5psates n\u00e4ete Mendeley Reference Manageri lisatud kirjet.<br>\nMendeley Desktopi lisanduvad kirjed peale <strong>Sync<\/strong> nupul kl\u00f5psamist t\u00f6\u00f6laual \u00fcleval ribal.<br>\n<img loading=\"lazy\" decoding=\"async\" width=\"1090\" height=\"300\" class=\"alignnone wp-image-88\" title=\"2023-02-18_12_09_15-window.png\" src=\"https:\/\/sisu.ut.ee\/wp-content\/uploads\/sites\/15\/2023-02-18_12_09_15-window.png\" alt=\"c\" srcset=\"https:\/\/sisu.ut.ee\/wp-content\/uploads\/sites\/15\/2023-02-18_12_09_15-window.png 1090w, https:\/\/sisu.ut.ee\/wp-content\/uploads\/sites\/15\/2023-02-18_12_09_15-window-300x83.png 300w, https:\/\/sisu.ut.ee\/wp-content\/uploads\/sites\/15\/2023-02-18_12_09_15-window-1024x282.png 1024w, https:\/\/sisu.ut.ee\/wp-content\/uploads\/sites\/15\/2023-02-18_12_09_15-window-768x211.png 768w\" sizes=\"auto, (max-width: 1090px) 100vw, 1090px\"><\/p>\n<p><em>Kirje lisamine andmebaasist.<\/em><\/p>\n<p>Kui Mendeley ei suuda t\u00e4isteksti leida, kuvatakse kirje juures paremal <em>PDF not found<\/em>. Sel juhul tuleb proovida teisi v\u00f5imalusi t\u00e4isteksti lisamiseks.<br>\nNt EBSCO Discovery otsingutulemuste puhul, kui <em>Mendeley Web Importer<\/em> kirje juures pdf ikooni ei kuva, j\u00e4rgige andmebaasis otsingutulemustes linki <em>Linked Full text<\/em>, mis viib m\u00f5nda teise andmebaasi. Kl\u00f5psake siis uuesti <em>Web Importeri <\/em>nupul ja v\u00f5ib avaneda v\u00f5imalus saada pdf oma Mendeley t\u00f6\u00f6lauale.<\/p>\n<p>Mendeley parempoolses aknas saate kirjet parandada. \u00a0Alati ei tule pdf failid kaasa.\u00a0Pdf-i lisamiseks tuleb see eraldi arvutisse salvestada ning sealt Mendeley t\u00f6\u00f6lauale lohistada v\u00f5i lisada. Ka kirjed ei ole sageli korrektsed. Neile tuleb puuduvad andmed lisada k\u00e4sitsi.<\/p>\n<p>Saab ka ise k\u00e4sitsi uut kirjet luua. Selleks kl\u00f5psake Mendeley t\u00f6\u00f6laual \u00fcleval v\u00e4iksel noolekesel ja ja valide\u00a0<em>Add Entry Manually<\/em>. Valige sobiv kirje t\u00fc\u00fcp ja t\u00e4itke v\u00e4ljad andmetega.<\/p>\n<p><img loading=\"lazy\" decoding=\"async\" width=\"319\" height=\"175\" class=\"alignnone wp-image-86\" title=\"2021-03-02_18_53_08-mendeley_desktop.png\" src=\"https:\/\/sisu.ut.ee\/wp-content\/uploads\/sites\/15\/2021-03-02_18_53_08-mendeley_desktop.png\" alt=\"Kirje lisamine k\u00e4sitsi\" srcset=\"https:\/\/sisu.ut.ee\/wp-content\/uploads\/sites\/15\/2021-03-02_18_53_08-mendeley_desktop.png 319w, https:\/\/sisu.ut.ee\/wp-content\/uploads\/sites\/15\/2021-03-02_18_53_08-mendeley_desktop-300x165.png 300w\" sizes=\"auto, (max-width: 319px) 100vw, 319px\"><\/p>\n<p>Ja nii k\u00e4ib see Mendeley Reference Manageris:<\/p>\n<p><img loading=\"lazy\" decoding=\"async\" class=\"alignnone size-full wp-image-306\" src=\"https:\/\/sisu.ut.ee\/wp-content\/uploads\/sites\/15\/Screenshot-2026-02-18-120746.png\" alt=\"\" width=\"878\" height=\"599\" srcset=\"https:\/\/sisu.ut.ee\/wp-content\/uploads\/sites\/15\/Screenshot-2026-02-18-120746.png 878w, https:\/\/sisu.ut.ee\/wp-content\/uploads\/sites\/15\/Screenshot-2026-02-18-120746-300x205.png 300w, https:\/\/sisu.ut.ee\/wp-content\/uploads\/sites\/15\/Screenshot-2026-02-18-120746-768x524.png 768w\" sizes=\"auto, (max-width: 878px) 100vw, 878px\"><\/p>\n","protected":false},"excerpt":{"rendered":"<p>Kui olete andmebaasist leidnud huvipakkuva dokumendi, avage see ning kl\u00f5psake brauseri \u00fcleval paremas nurgas Mendeley Web Importeri nuppu . M\u00e4rkige dokument ja Kl\u00f5psake Add. Dokument salvestatakse ideaaljuhul koos korrektse kirje ja t\u00e4istekstiga vaikimisi Mendeley kausta All documents. Enne salvestamist saab &#8230;<\/p>\n","protected":false},"author":5,"featured_media":0,"parent":0,"menu_order":0,"comment_status":"closed","ping_status":"closed","template":"","meta":{"_acf_changed":false,"inline_featured_image":false,"footnotes":""},"class_list":["post-18","page","type-page","status-publish","hentry"],"acf":[],"_links":{"self":[{"href":"https:\/\/sisu.ut.ee\/zoterojuhend\/wp-json\/wp\/v2\/pages\/18","targetHints":{"allow":["GET"]}}],"collection":[{"href":"https:\/\/sisu.ut.ee\/zoterojuhend\/wp-json\/wp\/v2\/pages"}],"about":[{"href":"https:\/\/sisu.ut.ee\/zoterojuhend\/wp-json\/wp\/v2\/types\/page"}],"author":[{"embeddable":true,"href":"https:\/\/sisu.ut.ee\/zoterojuhend\/wp-json\/wp\/v2\/users\/5"}],"replies":[{"embeddable":true,"href":"https:\/\/sisu.ut.ee\/zoterojuhend\/wp-json\/wp\/v2\/comments?post=18"}],"version-history":[{"count":3,"href":"https:\/\/sisu.ut.ee\/zoterojuhend\/wp-json\/wp\/v2\/pages\/18\/revisions"}],"predecessor-version":[{"id":314,"href":"https:\/\/sisu.ut.ee\/zoterojuhend\/wp-json\/wp\/v2\/pages\/18\/revisions\/314"}],"wp:attachment":[{"href":"https:\/\/sisu.ut.ee\/zoterojuhend\/wp-json\/wp\/v2\/media?parent=18"}],"curies":[{"name":"wp","href":"https:\/\/api.w.org\/{rel}","templated":true}]}}