{"id":17,"date":"2024-04-03T23:08:45","date_gmt":"2024-04-03T20:08:45","guid":{"rendered":"https:\/\/sisu.ut.ee\/zoterojuhend\/failide-lisamine-mendeleysse\/"},"modified":"2026-02-18T19:41:03","modified_gmt":"2026-02-18T17:41:03","slug":"failide-lisamine-mendeleysse","status":"publish","type":"page","link":"https:\/\/sisu.ut.ee\/zoterojuhend\/failide-lisamine-mendeleysse\/","title":{"rendered":"Failide lisamine Mendeleysse"},"content":{"rendered":"<p><\/p>\n\n\n\n<h5 class=\"wp-block-heading\">Oma arvutist dokumentide lisamine Mendeley Desktop\u2019i<\/h5>\n\n\n\n<figure class=\"wp-block-image\"><img loading=\"lazy\" decoding=\"async\" width=\"749\" height=\"426\" src=\"https:\/\/sisu.ut.ee\/wp-content\/uploads\/sites\/15\/mendeley55.png\" alt=\"55\" class=\"wp-image-80\" title=\"mendeley55.png\" srcset=\"https:\/\/sisu.ut.ee\/wp-content\/uploads\/sites\/15\/mendeley55.png 749w, https:\/\/sisu.ut.ee\/wp-content\/uploads\/sites\/15\/mendeley55-300x171.png 300w\" sizes=\"auto, (max-width: 749px) 100vw, 749px\"><\/figure>\n\n\n\n<p><em>Failide lisamine Mendeley Desktop\u2019i.<\/em><\/p>\n\n\n\n<h5 class=\"wp-block-heading\">Failide lisamine Mendeley Reference Manager\u2019i<\/h5>\n\n\n\n<p>Avage Mendeley t\u00f6\u00f6laud ning selles kaust, kuhu tahate faile lisada.<br>Avage arvutis kaust, kust tahate faile \u00fcle kanda v\u00f5i tooge failid v\u00f5i failikaustad oma arvuti t\u00f6\u00f6lauale.<br>Lohistage hiirega failid v\u00f5i kaustad Mendeley t\u00f6\u00f6laua keskmisse aknasse.<br><\/p>\n\n\n\n<p>Teine v\u00f5imalus on kl\u00f5psata Mendeley vasakus tulbas <strong>Add references<\/strong> \u2013 Import file(s).<\/p>\n\n\n\n<figure class=\"wp-block-image size-full\"><img loading=\"lazy\" decoding=\"async\" width=\"782\" height=\"617\" src=\"https:\/\/sisu.ut.ee\/wp-content\/uploads\/sites\/15\/Screenshot-2026-02-18-121442.png\" alt=\"\" class=\"wp-image-310\" srcset=\"https:\/\/sisu.ut.ee\/wp-content\/uploads\/sites\/15\/Screenshot-2026-02-18-121442.png 782w, https:\/\/sisu.ut.ee\/wp-content\/uploads\/sites\/15\/Screenshot-2026-02-18-121442-300x237.png 300w, https:\/\/sisu.ut.ee\/wp-content\/uploads\/sites\/15\/Screenshot-2026-02-18-121442-768x606.png 768w\" sizes=\"auto, (max-width: 782px) 100vw, 782px\"><\/figure>\n\n\n\n<p><em>Failide lisamine Mendeley Reference Manageri<\/em><\/p>\n\n\n\n<p>Andmebaasidest t\u00f5mmatud artiklite pdf failide kohta leiab Mendeley \u00fcles vajalikud andmed ning moodustab nende p\u00f5hjal kirje Mendeley raamatukokku. Paremal aknas on kogu viitamiseks vajalik info: pealkiri, autor(id), ilmumisandmed, ajakirjaartiklil aasta, number, k\u00f6ide, lehek\u00fcljenumbrid.\u00a0Muude tekstide importimisel see kahjuks nii h\u00e4sti ei \u00f5nnestu.<\/p>\n\n\n\n<p>Mendeley v\u00f5imaldab\u00a0 Mendeley raamatukokku lisatud <strong>pdf failidega<\/strong> t\u00f6\u00f6tada: m\u00e4rgistada teksti erinevate v\u00e4rvidega, lisada m\u00e4rkmeid ja kommentaare, annoteerida.<\/p>\n\n\n\n<p>Kui kirjele on lisatud pdf fail, on <strong>Mendeley Desktop<\/strong>i raamatukogus vasakul kirje juures v\u00e4ike pdf ikoon.\u00a0Kl\u00f5psates sellel v\u00f5i viite pealkirjal avaneb Mendeley PDF luger.<\/p>\n\n\n\n<p>Mendeley <strong>Reference Manager<\/strong>\u2019is on selle asemel <strong>Notebook.\u00a0<\/strong>\u00a0Avage Mendeley raamatukogus artikli kirje, millega soovite t\u00f6\u00f6tada ja kl\u00f5sake pdf-il. Avaneb tekst Notebookis.<\/p>\n\n\n\n<p><\/p>\n","protected":false},"excerpt":{"rendered":"<p>Oma arvutist dokumentide lisamine Mendeley Desktop\u2019i Failide lisamine Mendeley Desktop\u2019i. Failide lisamine Mendeley Reference Manager\u2019i Avage Mendeley t\u00f6\u00f6laud ning selles kaust, kuhu tahate faile lisada.Avage arvutis kaust, kust tahate faile \u00fcle kanda v\u00f5i tooge failid v\u00f5i failikaustad oma arvuti t\u00f6\u00f6lauale.Lohistage &#8230;<\/p>\n","protected":false},"author":5,"featured_media":0,"parent":0,"menu_order":0,"comment_status":"closed","ping_status":"closed","template":"","meta":{"_acf_changed":false,"inline_featured_image":false,"footnotes":""},"class_list":["post-17","page","type-page","status-publish","hentry"],"acf":[],"_links":{"self":[{"href":"https:\/\/sisu.ut.ee\/zoterojuhend\/wp-json\/wp\/v2\/pages\/17","targetHints":{"allow":["GET"]}}],"collection":[{"href":"https:\/\/sisu.ut.ee\/zoterojuhend\/wp-json\/wp\/v2\/pages"}],"about":[{"href":"https:\/\/sisu.ut.ee\/zoterojuhend\/wp-json\/wp\/v2\/types\/page"}],"author":[{"embeddable":true,"href":"https:\/\/sisu.ut.ee\/zoterojuhend\/wp-json\/wp\/v2\/users\/5"}],"replies":[{"embeddable":true,"href":"https:\/\/sisu.ut.ee\/zoterojuhend\/wp-json\/wp\/v2\/comments?post=17"}],"version-history":[{"count":19,"href":"https:\/\/sisu.ut.ee\/zoterojuhend\/wp-json\/wp\/v2\/pages\/17\/revisions"}],"predecessor-version":[{"id":322,"href":"https:\/\/sisu.ut.ee\/zoterojuhend\/wp-json\/wp\/v2\/pages\/17\/revisions\/322"}],"wp:attachment":[{"href":"https:\/\/sisu.ut.ee\/zoterojuhend\/wp-json\/wp\/v2\/media?parent=17"}],"curies":[{"name":"wp","href":"https:\/\/api.w.org\/{rel}","templated":true}]}}