{"id":14,"date":"2024-04-03T23:08:45","date_gmt":"2024-04-03T20:08:45","guid":{"rendered":"https:\/\/sisu.ut.ee\/zoterojuhend\/vabavaralised-viidete-haldurid-zotero-ja-mendeley\/"},"modified":"2025-12-08T10:38:05","modified_gmt":"2025-12-08T08:38:05","slug":"vabavaralised-viidete-haldurid-zotero-ja-mendeley","status":"publish","type":"page","link":"https:\/\/sisu.ut.ee\/zoterojuhend\/vabavaralised-viidete-haldurid-zotero-ja-mendeley\/","title":{"rendered":"Vabavaralised viidete haldurid Zotero ja Mendeley"},"content":{"rendered":"<p>Zotero ja Mendeley on viidete haldurid ja sotsiaalv\u00f5rgustikud, mis aitavad\u00a0andmebaasidest ja internetist materjale koguda, hallata ning teha koost\u00f6\u00f6d kolleegidega kogu maailmast.<\/p>\n<h3>Viidete haldurid<\/h3>\n<ol>\n<li>V\u00f5imaldavad luua kogutud kirjetest s\u00fcstematiseeritud raamatukogu;<\/li>\n<li>oskavad otsida infot raamatukogu piires, kaasa arvatud t\u00e4istekstid;<\/li>\n<li>lisavad kirjele veebilehe ekraanipildi, veebiaadressi ning artikli pdf-i manusena;<\/li>\n<li>v\u00f5imaldavad oma arvutist haldurisse lisada faile, v\u00f5imalusel tuvastavad nende metaandmed ning loovad nende p\u00f5hjal kirje;<\/li>\n<li>v\u00f5imaldavad k\u00e4sitsi lisada kirjeid, mida internetist ei leia;<\/li>\n<li>v\u00f5imaldavad luua gruppe ning t\u00f6\u00f6tada materjalidega \u00fchiselt;<\/li>\n<li>genereerivad automaatselt viiteid Wordi jt tekstit\u00f6\u00f6tlusprogrammidesse;<\/li>\n<li>t\u00f6\u00f6tavad nii <em>online<\/em> kui <em>offline<\/em>.<\/li>\n<\/ol>\n<p><strong>Zotero<\/strong>\u00a0<a href=\"http:\/\/www.zotero.org\">www.zotero.org<\/a>\u00a0on\u00a0vahend, mis v\u00f5imaldab \u00fche hiirekl\u00f5psuga lisada ajakirjade, raamatute, ajalehtede, blogipostituste, arhiivide jne kirjeid oma isiklikku raamatukokku. Zotero t\u00f6\u00f6tab Windowsi, Linuxi ja Maciga. Internetist kirjete kogumiseks m\u00f5eldud Zotero laiendus\u00a0t\u00f6\u00f6tab Mozilla Firefoxi, Google Chrome\u2019i, Microsoft Edge\u2019i ja Safariga.<\/p>\n<p><strong>Mendeley<\/strong>\u00a0<a href=\"https:\/\/www.mendeley.com\">https:\/\/www.mendeley.com<\/a>\/ on Elsevieri kirjastuse viidete haldur, mis t\u00f6\u00f6tab Windowsi, Linuxi ja Maciga ning k\u00f5igi veebilehitsejatega.<\/p>\n<p>K\u00e4esolev juhend on koostatud Microsoft Windows ja Microsoft Office konfiguratsioonidele.<\/p>\n","protected":false},"excerpt":{"rendered":"<p>Zotero ja Mendeley on viidete haldurid ja sotsiaalv\u00f5rgustikud, mis aitavad\u00a0andmebaasidest ja internetist materjale koguda, hallata ning teha koost\u00f6\u00f6d kolleegidega kogu maailmast. Viidete haldurid V\u00f5imaldavad luua kogutud kirjetest s\u00fcstematiseeritud raamatukogu; oskavad otsida infot raamatukogu piires, kaasa arvatud t\u00e4istekstid; lisavad kirjele veebilehe &#8230;<\/p>\n","protected":false},"author":5,"featured_media":0,"parent":0,"menu_order":0,"comment_status":"closed","ping_status":"closed","template":"","meta":{"_acf_changed":false,"inline_featured_image":false,"footnotes":""},"class_list":["post-14","page","type-page","status-publish","hentry"],"acf":[],"_links":{"self":[{"href":"https:\/\/sisu.ut.ee\/zoterojuhend\/wp-json\/wp\/v2\/pages\/14","targetHints":{"allow":["GET"]}}],"collection":[{"href":"https:\/\/sisu.ut.ee\/zoterojuhend\/wp-json\/wp\/v2\/pages"}],"about":[{"href":"https:\/\/sisu.ut.ee\/zoterojuhend\/wp-json\/wp\/v2\/types\/page"}],"author":[{"embeddable":true,"href":"https:\/\/sisu.ut.ee\/zoterojuhend\/wp-json\/wp\/v2\/users\/5"}],"replies":[{"embeddable":true,"href":"https:\/\/sisu.ut.ee\/zoterojuhend\/wp-json\/wp\/v2\/comments?post=14"}],"version-history":[{"count":5,"href":"https:\/\/sisu.ut.ee\/zoterojuhend\/wp-json\/wp\/v2\/pages\/14\/revisions"}],"predecessor-version":[{"id":280,"href":"https:\/\/sisu.ut.ee\/zoterojuhend\/wp-json\/wp\/v2\/pages\/14\/revisions\/280"}],"wp:attachment":[{"href":"https:\/\/sisu.ut.ee\/zoterojuhend\/wp-json\/wp\/v2\/media?parent=14"}],"curies":[{"name":"wp","href":"https:\/\/api.w.org\/{rel}","templated":true}]}}