{"id":13,"date":"2024-04-03T23:08:45","date_gmt":"2024-04-03T20:08:45","guid":{"rendered":"https:\/\/sisu.ut.ee\/zoterojuhend\/viitamine-ja-kasutatud-kirjanduse-nimekiri-mendeley-reference-manager\/"},"modified":"2025-02-12T20:57:08","modified_gmt":"2025-02-12T18:57:08","slug":"viitamine-ja-kasutatud-kirjanduse-nimekiri-mendeley-reference-manager","status":"publish","type":"page","link":"https:\/\/sisu.ut.ee\/zoterojuhend\/viitamine-ja-kasutatud-kirjanduse-nimekiri-mendeley-reference-manager\/","title":{"rendered":"Viitamine ja kasutatud kirjanduse nimekiri (Mendeley Reference Manager)"},"content":{"rendered":"<h4>Viite lisamine<\/h4>\n<table class=\"table table-hover\" cellspacing=\"1\" cellpadding=\"1\">\n<tbody>\n<tr>\n<td>\n<ul>\n<li>Avage sakk Viited\/References ning kl\u00f5psake t\u00f6\u00f6riistariba paremal \u00e4\u00e4res nupul\u00a0<em>Mendeley Cite.<\/em><\/li>\n<li><em>Kl\u00f5psake Get started\u00a0<\/em>ning logige sisse oma kasutajatunnustega.<\/li>\n<li>Kui olete sisse loginud, kuvatakse teie viited paremal <em>Mendeley\u00a0Cite<\/em> paneelis.<\/li>\n<li>Viige kursor dokumendis kohta, kuhu soovite viite lisada.<\/li>\n<li><em>Mendeley Cite<\/em>\u00a0 paneelis\u00a0<em>References<\/em> saki all leidke viide, mida soovite kasutada.<\/li>\n<li>Kl\u00f5psake sinisel <em>Insert Citation<\/em> nupul paneeli allosas.<\/li>\n<\/ul>\n<\/td>\n<td><img loading=\"lazy\" decoding=\"async\" width=\"87\" height=\"77\" class=\"alignnone wp-image-62\" title=\"2023-02-20_11_44_32-window.png\" src=\"https:\/\/sisu.ut.ee\/wp-content\/uploads\/sites\/15\/2023-02-20_11_44_32-window.png\" alt=\"h\"><\/td>\n<\/tr>\n<\/tbody>\n<\/table>\n<p><img loading=\"lazy\" decoding=\"async\" class=\"alignnone size-full wp-image-266\" src=\"https:\/\/sisu.ut.ee\/wp-content\/uploads\/sites\/15\/Screenshot-2025-02-12-204301.png\" alt=\"\" width=\"321\" height=\"335\" srcset=\"https:\/\/sisu.ut.ee\/wp-content\/uploads\/sites\/15\/Screenshot-2025-02-12-204301.png 321w, https:\/\/sisu.ut.ee\/wp-content\/uploads\/sites\/15\/Screenshot-2025-02-12-204301-287x300.png 287w\" sizes=\"auto, (max-width: 321px) 100vw, 321px\"><\/p>\n<h4>\nViite stiili valimine ja muutmine<\/h4>\n<ul>\n<li>Kl\u00f5psake <em>Mendeley Cite<\/em> paneelis <em>Citation Settings<\/em>\u00a0sakil.<\/li>\n<li>N\u00e4ete installeeritud stiile. Kui vajalikku stiili nimekirjas ei ole, saate valida ja lisada, kl\u00f5psates <em>Change citation style<\/em>.<\/li>\n<\/ul>\n<h4>Bibliograafia lisamine<\/h4>\n<table class=\"table table-hover\" cellspacing=\"1\" cellpadding=\"1\">\n<tbody>\n<tr>\n<td>Viige kursor kohale, kuhu soovite bibliograafia lisada.<br>\n<em>Mendeley Cite<\/em> paneelis kl\u00f5psake kolme punktiga nupul ning valige <em>Insert Bibliography<\/em>. Tekib kasutatud viidete nimekiri. Uute viidete lisamisel lisanduvad need automaatselt ka bibliograafiasse.<\/td>\n<td><\/td>\n<\/tr>\n<\/tbody>\n<\/table>\n","protected":false},"excerpt":{"rendered":"<p>Viite lisamine Avage sakk Viited\/References ning kl\u00f5psake t\u00f6\u00f6riistariba paremal \u00e4\u00e4res nupul\u00a0Mendeley Cite. Kl\u00f5psake Get started\u00a0ning logige sisse oma kasutajatunnustega. Kui olete sisse loginud, kuvatakse teie viited paremal Mendeley\u00a0Cite paneelis. Viige kursor dokumendis kohta, kuhu soovite viite lisada. Mendeley Cite\u00a0 paneelis\u00a0References &#8230;<\/p>\n","protected":false},"author":5,"featured_media":0,"parent":0,"menu_order":0,"comment_status":"closed","ping_status":"closed","template":"","meta":{"_acf_changed":false,"inline_featured_image":false,"footnotes":""},"class_list":["post-13","page","type-page","status-publish","hentry"],"acf":[],"_links":{"self":[{"href":"https:\/\/sisu.ut.ee\/zoterojuhend\/wp-json\/wp\/v2\/pages\/13","targetHints":{"allow":["GET"]}}],"collection":[{"href":"https:\/\/sisu.ut.ee\/zoterojuhend\/wp-json\/wp\/v2\/pages"}],"about":[{"href":"https:\/\/sisu.ut.ee\/zoterojuhend\/wp-json\/wp\/v2\/types\/page"}],"author":[{"embeddable":true,"href":"https:\/\/sisu.ut.ee\/zoterojuhend\/wp-json\/wp\/v2\/users\/5"}],"replies":[{"embeddable":true,"href":"https:\/\/sisu.ut.ee\/zoterojuhend\/wp-json\/wp\/v2\/comments?post=13"}],"version-history":[{"count":2,"href":"https:\/\/sisu.ut.ee\/zoterojuhend\/wp-json\/wp\/v2\/pages\/13\/revisions"}],"predecessor-version":[{"id":267,"href":"https:\/\/sisu.ut.ee\/zoterojuhend\/wp-json\/wp\/v2\/pages\/13\/revisions\/267"}],"wp:attachment":[{"href":"https:\/\/sisu.ut.ee\/zoterojuhend\/wp-json\/wp\/v2\/media?parent=13"}],"curies":[{"name":"wp","href":"https:\/\/api.w.org\/{rel}","templated":true}]}}