{"id":10,"date":"2024-04-03T23:08:45","date_gmt":"2024-04-03T20:08:45","guid":{"rendered":"https:\/\/sisu.ut.ee\/zoterojuhend\/harjutamiseks\/"},"modified":"2024-09-17T17:38:51","modified_gmt":"2024-09-17T14:38:51","slug":"harjutamiseks","status":"publish","type":"page","link":"https:\/\/sisu.ut.ee\/zoterojuhend\/harjutamiseks\/","title":{"rendered":"Harjutamiseks"},"content":{"rendered":"<p><strong>Eesti andmebaasidest\u00a0<strong>Kirjete salvestamine<\/strong><\/strong><\/p>\n<p><strong><span style=\"color: #993300;\">ESTER<\/span><\/strong>\u00a0<a href=\"http:\/\/www.ester.ee\" target=\"_blank\" rel=\"noopener\">www.ester.ee<\/a><\/p>\n<p>Otsingutulemuste lehel on aadressiribal kollane kaust, mis lubab mitme kirje korraga salvestamist, kuid see ei t\u00f6\u00f6ta. Avage huvipakkuvad kirjad ja salvestage need \u00fckshaaval. ESTERist ei tule t\u00e4istekstide failid automaatselt kaasa. Tuleb avada fail. Faili saamise viis s\u00f5ltub sellest, millises keskkonnas see on arhiveeritud. \u00a0Nt otsing <em>Marko Kairjak<\/em>.<\/p>\n<p><strong><span style=\"color: #993300;\" data-mce-mark=\"1\">ISE<\/span><\/strong>\u00a0<a href=\"http:\/\/ise.elnet.ee\/\" target=\"_blank\" rel=\"noopener\">ise.elnet.ee<\/a><\/p>\n<p>ISEst saab t\u00f5mmata kirjeid ka otsingulehelt nimekirjana. Kui nimekirja on sattunud m\u00f5ni ebastandardne kirje, siis see ei t\u00f6\u00f6ta. Siis tuleb t\u00f5mmata kirjed \u00fckshaaval.\u00a0<strong>NB ajakirja number ja lehek\u00fcljed tuleb lisada k\u00e4sitsi<\/strong>. Ajalehtede puhul tuleb muuta kirje liiki. T\u00e4istekstid automaatselt kaasa ei tule. Nt s\u00f5naotsing <em>isiksuse ps\u00fchholoogia<\/em><\/p>\n<p><strong>V\u00e4lisandmebaasidest kirjete salvestamine<\/strong><\/p>\n<p>Enamasti saab kirjed k\u00f5ikidest andmebaasidest otse tulemuste lehelt salvestada. Kui kirjed on salvestatud andmebaasi sees oma kausta (My EBSCO host, My Hein), tuleb m\u00f5nikord t\u00e4istekstid enne avada ja salvestada v\u00f5i alla laadida.<\/p>\n<p><strong>Kui pdf ei tule kaasa<\/strong>, kl\u00f5psata faili avamiseks, salvestada, lohistada pdf Zoterosse artikli kirje juurde v\u00f5i t\u00f5mmata metaandmed pdf-st. Firefox: tuleb valik Salvesta Zoterosse v\u00f5i kl\u00f5psata noolega allalaadimiste ikoonil \u00fclemisel t\u00f6\u00f6riistaribal. Chrome\u2019is saab salvestatud faili\u00a0lohistada\u00a0veebilehitseja paremast alumisest nurgast.<\/p>\n<p>Kui artikli t\u00e4istekstile juurdep\u00e4\u00e4s puudub, siis pdf kaasa ei tule.<\/p>\n<p><!--break--><\/p><div class=\"accordion mb-3\">\n        <div class=\"accordion-item accordion-item--white\">\n        <h2 class=\"accordion-header\" id=\"accordion-69d5792006d17-heading\">\n            <button class=\"accordion-button collapsed\" type=\"button\" data-bs-toggle=\"collapse\" data-bs-target=\"#accordion-69d5792006d17-collapse\" aria-expanded=\"true\" aria-controls=\"accordion-69d5792006d17-collapse\"><span style=\"line-height: 1.6em;\">Discoveryst t\u00e4istekstide saamise n\u00e4ited<\/span><\/button>\n        <\/h2>\n        <div id=\"accordion-69d5792006d17-collapse\" class=\"accordion-collapse collapse\" aria-labelledby=\"accordion-69d5792006d17-heading\">\n            <div class=\"accordion-body\">\u00a0<span style=\"line-height: 20.7999992370605px;\">\u00a0T\u00e4istekst ei tule kirjega kaasa, see tuleb eraldi lisada (ei linked full text\u2019i ega pdf-i puhul). M\u00f5ne kirje juurest saab pdf-i lohistada, m\u00f5nel juhul tuleb enne salvestada. Kirjet tuleb alati kontrollida.\u00a0<\/span><span style=\"line-height: 1.6em;\">Discovery\u2019s otsing \u201c<span style=\"color: #800000;\">information literacy<\/span>\u201c. \u00a0 <\/span>\n<p><span style=\"line-height: 1.6em;\"><strong>ERIC<\/strong>: artikkel <span style=\"color: #800000;\">Learning information Literacy<\/span>. EBSCOst tuleb kirje kui veebileht, kirje andmed puuduvad. ERIC\u2019us krje salvestamise linki pole. Lohistada pdf Zoterosse, hankida metaandmed, tuleb korralik kirje. <\/span><\/p>\n<p><strong>Science Direct<\/strong>\u00a0 Avada kirje, lohistada pdf Zoterosse. Ka\u00a0artiklite l\u00f5pus olevast bibliograafiast saab pdf-id otse Zoterosse lohistada ja neile Zotero kaudu metaandmed hankida. Ka andmebaasi genereeritud soovituste \u00a0nimekirjast (related, suggested articles) saab pdf-id otse lohistada. Artikkel Tying Television Comedies to Information Literacy: A Mixed-Methods Investigation. 10.1016\/j.acalib.2014.02.004. bibliograafiast v\u00f5ib kopeerida DOI, kleepida Zoterosse ja hankida andmed (vt kirjete salvestmise viise) <\/p><\/div>\n        <\/div>\n        <\/div>\n    <\/div>\n<p>Kirjastuste artiklite andmebaasidest, Jstorist jt \u00a0tuleb reeglina pdf kohe ilma eraldi lohistamiseta kirjega kaasa, kui t\u00e4istekst on \u00a0lubatud.<\/p>\n<p><strong>Raamatute kirjete t\u00f5mbamine veebilehtedelt<\/strong><\/p>\n<p>Amazon\u2019ist saab raamatute kirjed aadressiriba ikooniga, kuid \u00fckshaaval.<\/p>\n<p>Kirjastuste kodulehek\u00fclgedelt raamatute andmete saamiseks tuleb kopeerida raamatu ISBN, valida Zoterost <em>Identifitseerija abil kirje loomine<\/em> ning kleepida number. Saab korraliku kirje. Samamoodi saab kirjeid DOI numbritega.<\/p>\n<p><strong>Kirje t\u00f5mbamine ja faili lisamine \u00a0Eesti digiarhiivide n\u00e4itel<\/strong><\/p>\n<p><span style=\"color: #993300;\"><strong>T\u00dc digiarhiivist DSpace<\/strong> <\/span><a href=\"http:\/\/dspace.utlib.ee\" target=\"_blank\" rel=\"noopener\">dspace.utlib.ee<\/a>\u00a0tulevad alati failid automaatselt kirjega Zoterosse kaasa.<\/p>\n<p><span style=\"color: #993300;\"><strong>Tallinna \u00dclikooli ETERA<\/strong><\/span> <a href=\"https:\/\/www.etera.ee\/page\/main\" target=\"_blank\" rel=\"noopener\">https:\/\/www.etera.ee\/page\/main<\/a> <strong>doktorit\u00f6\u00f6dest<\/strong> saab salvestada veebilehe andmed, <span style=\"line-height: 20.7999992370605px;\">valida<\/span><span style=\"line-height: 20.7999992370605px;\">\u00a0<\/span><span style=\"line-height: 1.6em;\">Zoteros \u00f5ige kirje t\u00fc\u00fcp ning andmed k\u00e4sitsi kirje \u00f5igetele v\u00e4ljadele panna. F<\/span><span style=\"line-height: 1.6em;\">ail automaatselt kirjega kaasa ei tule, \u00a0see tuleb salvestada ja siis\u00a0<\/span><span style=\"line-height: 20.7999992370605px;\">veebilehelt<\/span><span style=\"line-height: 20.7999992370605px;\">\u00a0<\/span><span style=\"line-height: 1.6em;\">Zoterosse kirje peale lohistada, liikudes hiirega kirje peale. Kirje muutub helehalliks. Kui see ei \u00f5nnestu, tuleb fail enne alla laadida ja allalaetud failide nimekirjast Zoterosse lohistada. ESTERist doktorit\u00f6\u00f6de andmeid k\u00e4tte ei saa. \u00a0<strong>\u00dcli\u00f5pilast\u00f6\u00f6d<\/strong> saab e-aidast \u00fche kl\u00f5psuga salvestada, pdf tuleb kaasa. \u00a0<\/span><\/p>\n<p><img loading=\"lazy\" decoding=\"async\" width=\"238\" height=\"98\" class=\"alignnone wp-image-56\" title=\"2015-03-06_14_54_38-zotero.png\" src=\"https:\/\/sisu.ut.ee\/wp-content\/uploads\/sites\/15\/2015-03-06_14_54_38-zotero.png\" alt=\"2015-03-06_14_54_38-zotero.png\"><\/p>\n<p>Faili v\u00f5ib lisada ka kirjete nimekirja. Siis tuleb see lohistada kahe kirje vahele, sinna tekib esialgu l\u00fchike helesinine triip. Zotero oskab paljudele failidele ise metaandmed leida:<\/p>\n<p><img loading=\"lazy\" decoding=\"async\" width=\"362\" height=\"286\" class=\"alignnone wp-image-57\" title=\"metedata1.png\" src=\"https:\/\/sisu.ut.ee\/wp-content\/uploads\/sites\/15\/metedata1.png\" alt=\"metedata1.png\" srcset=\"https:\/\/sisu.ut.ee\/wp-content\/uploads\/sites\/15\/metedata1.png 362w, https:\/\/sisu.ut.ee\/wp-content\/uploads\/sites\/15\/metedata1-300x237.png 300w\" sizes=\"auto, (max-width: 362px) 100vw, 362px\"><\/p>\n<p>Valige <em>PDF\u00a0tarbeks metadata hankimine<\/em>. Kui see ei \u00f5nnestu v\u00f5i kui fail pole pdf, siis j\u00e4rgmine valik lubab k\u00e4sitsi failile \u00fclemkirje moodustada.<\/p>\n<p>V\u00f5ib ka valida Zotero t\u00f6\u00f6riistaribalt kirjaklambriga ikooni ning lisada arvutist salvestatud manus nii nagu tavaliselt.<\/p>\n<p><strong>DIGARis<\/strong><strong>t<\/strong>\u00a0<a href=\"http:\/\/www.digar.ee\" target=\"_blank\" rel=\"noopener\">www.digar.ee<\/a>\u00a0kirjete t\u00f5mbamine on sarnane E-aidaga, kirje tehakse veebilehest, failid tuleb enne Zoterosse lisamist alla laadida. DIGARi puhul on lihtsam leida kirje ESTERist, see Zoterosse salvestada ja fail eraldi juurde t\u00f5mmata.<\/p>\n<p><strong>Tallinna Tehnika\u00fclikooli digikogust<\/strong>\u00a0<a href=\"http:\/\/digi.lib.ttu.ee\/\" target=\"_blank\" rel=\"noopener\">http:\/\/digi.lib.ttu.ee\/<\/a>\u00a0kirjeid eraldi salvestada ei saa, salvestatakse veebileht. Pdf fail tuleb eraldi alla laadida ja \u00a0Zoterosse kanda. Pdf-ist metaandmeid Zotero k\u00e4tte ei saa. Doktorit\u00f6\u00f6de kirjed ei tule ka ESTERist Zoterosse.<\/p>\n<p><strong>Grupikaustad<\/strong><\/p>\n<p>Avalike gruppide kaustadesse faile lisada ei saa. Ka siis, kui enda kaustast fail grupikausta \u00fcle kanda, j\u00e4\u00e4b lisatud fail maha. Teistel juhtudel saab faile lisada ka gruppide kaustadesse. Selleks peab olema Zotero konto ja see eelistusse kirja pandud (hammasrattaga ikoon, <em>Eelistused, S\u00fcnkroniseerimine<\/em>).<\/p>\n<p>Uurimisgrupid saavad enda koostatud dokumente Zoteros hoida ja jagada. Selleks tuleb fail Zoterosse lohistada (Word\u2019i dokument v\u00f5i pdf) ning sellele ise \u00fclemkirje koostada. Edaspidi on grupi liikmetel sealt hea dokumente leida ja viitamiseks andmeid v\u00f5tta. Kui uurimisgrupi kaust \u00a0on piiratud kasutajaskonnaga, mitte k\u00f5ikidele avatud, siis saab seal faile hoida. Kettaruum on piiratud, seda saab juurde osta.<\/p>\n","protected":false},"excerpt":{"rendered":"<p>Eesti andmebaasidest\u00a0Kirjete salvestamine ESTER\u00a0www.ester.ee Otsingutulemuste lehel on aadressiribal kollane kaust, mis lubab mitme kirje korraga salvestamist, kuid see ei t\u00f6\u00f6ta. Avage huvipakkuvad kirjad ja salvestage need \u00fckshaaval. ESTERist ei tule t\u00e4istekstide failid automaatselt kaasa. Tuleb avada fail. Faili saamise viis &#8230;<\/p>\n","protected":false},"author":5,"featured_media":0,"parent":0,"menu_order":0,"comment_status":"closed","ping_status":"closed","template":"","meta":{"_acf_changed":false,"inline_featured_image":false,"footnotes":""},"class_list":["post-10","page","type-page","status-publish","hentry"],"acf":[],"_links":{"self":[{"href":"https:\/\/sisu.ut.ee\/zoterojuhend\/wp-json\/wp\/v2\/pages\/10","targetHints":{"allow":["GET"]}}],"collection":[{"href":"https:\/\/sisu.ut.ee\/zoterojuhend\/wp-json\/wp\/v2\/pages"}],"about":[{"href":"https:\/\/sisu.ut.ee\/zoterojuhend\/wp-json\/wp\/v2\/types\/page"}],"author":[{"embeddable":true,"href":"https:\/\/sisu.ut.ee\/zoterojuhend\/wp-json\/wp\/v2\/users\/5"}],"replies":[{"embeddable":true,"href":"https:\/\/sisu.ut.ee\/zoterojuhend\/wp-json\/wp\/v2\/comments?post=10"}],"version-history":[{"count":4,"href":"https:\/\/sisu.ut.ee\/zoterojuhend\/wp-json\/wp\/v2\/pages\/10\/revisions"}],"predecessor-version":[{"id":254,"href":"https:\/\/sisu.ut.ee\/zoterojuhend\/wp-json\/wp\/v2\/pages\/10\/revisions\/254"}],"wp:attachment":[{"href":"https:\/\/sisu.ut.ee\/zoterojuhend\/wp-json\/wp\/v2\/media?parent=10"}],"curies":[{"name":"wp","href":"https:\/\/api.w.org\/{rel}","templated":true}]}}