{"id":9,"date":"2024-04-04T04:50:46","date_gmt":"2024-04-04T01:50:46","guid":{"rendered":"https:\/\/sisu.ut.ee\/zoteroeng\/avaleht\/"},"modified":"2024-09-03T10:19:42","modified_gmt":"2024-09-03T07:19:42","slug":"avaleht","status":"publish","type":"page","link":"https:\/\/sisu.ut.ee\/zoteroeng\/","title":{"rendered":"Installing Zotero"},"content":{"rendered":"<p>Zotero is a free reference management tool that helps present research references. Zotero allows you to gather and manage diverse types of data, add citations to a text and organise a bibliography in the way needed for a particular paper.<\/p>\n<p>To download Zotero, go to the <a title=\"\" href=\"https:\/\/www.zotero.org\/\" target=\"_blank\" rel=\"noopener\" data-url=\"https:\/\/www.zotero.org\/\">Zotero web page<\/a>, click <strong>Download<\/strong> and download <strong>Zotero 7.0<\/strong>. Zotero automatically detects your computer\u2019s operating system and the browser you are using. After successful installation, the icon<strong> Z<\/strong> appears on your desktop, and you can open the Zotero program\u00a0in a separate window.<\/p>\n<p>Together with Zotero, download the <strong>Zotero Connector<\/strong> from the right side of the same page. This extension of Zotero allows you to import your references from the web into Zotero.\u00a0 After installation, a small icon appears next to the address bar in your browser. You can add references from web pages, databases and library catalogues to your Zotero by clicking on the icon. Just click on the Zotero icon, and Zotero will automatically save the citation. The Zotero program has to be opened in the background. If the icon does not appear after installing the connector, click on the puzzle piece icon next to the address bar and pin it from there.<\/p>\n<p><strong>Create a Zotero account\u00a0<\/strong>on the <a title=\"\" href=\"https:\/\/www.zotero.org\/user\/register\" target=\"_blank\" rel=\"noopener\" data-url=\"https:\/\/www.zotero.org\/user\/register\">Zotero homepage<\/a>; this allows you to use Zotero and see your references on different devices. If you have added references to Zotero using different devices, they will automatically be synchronized and added to your personal database.<\/p>\n<p><strong>To log in<\/strong>, choose <em>Edit \u00a0&gt; Settings &gt; Sync<\/em> on the Zotero toolbar and log in with your Zotero username and password. If you use a Mac OS, click the <strong>Z icon<\/strong> to access <em>Settings<\/em>.<\/p>\n<p><strong><a title=\"\" href=\"https:\/\/ut.cloud.panopto.eu\/Panopto\/Pages\/Viewer.aspx?id=1fd2d051-5b6c-4f9a-ba0c-b1ce007d9a59&amp;start=0\" target=\"_blank\" rel=\"noopener\" data-url=\"https:\/\/panopto.ut.ee\/Panopto\/Pages\/Viewer.aspx?id=260c5f54-efc9-44d7-8ef6-ac6f004f4481\">Zotero video<\/a>\u00a0<\/strong>from UT library.<\/p>\n<p>\u00a0<\/p>\n\n<p><\/p><div class=\"ratio ratio-16x9 mb-3\"><div class=\"video-placeholder-wrapper video-placeholder-wrapper--16x9\">\n\t\t\t    <div class=\"video-placeholder d-flex justify-content-center align-items-center\">\n\t\t\t        <div class=\"overlay text-white p-2 w-100 text-center d-block justify-content-center align-items-center\">\n\t\t\t            <div>Kolmandate osapoolte sisu n\u00e4gemiseks palun n\u00f5ustu k\u00fcpsistega.<\/div>\n\t\t\t            <button class=\"btn btn-secondary btn-sm mt-1 consent-change\">Muuda n\u00f5usolekut<\/button>\n\t\t\t        <\/div>\n\t\t\t    <\/div>\n\t\t\t<\/div>\n<\/div>\n","protected":false},"excerpt":{"rendered":"<p>Zotero is a free reference management tool that helps present research references. Zotero allows you to gather and manage diverse types of data, add citations to a text and organise a bibliography in the way needed for a particular paper. &#8230;<\/p>\n","protected":false},"author":5,"featured_media":0,"parent":0,"menu_order":0,"comment_status":"closed","ping_status":"closed","template":"","meta":{"_acf_changed":false,"inline_featured_image":false,"footnotes":""},"class_list":["post-9","page","type-page","status-publish","hentry"],"acf":[],"_links":{"self":[{"href":"https:\/\/sisu.ut.ee\/zoteroeng\/wp-json\/wp\/v2\/pages\/9","targetHints":{"allow":["GET"]}}],"collection":[{"href":"https:\/\/sisu.ut.ee\/zoteroeng\/wp-json\/wp\/v2\/pages"}],"about":[{"href":"https:\/\/sisu.ut.ee\/zoteroeng\/wp-json\/wp\/v2\/types\/page"}],"author":[{"embeddable":true,"href":"https:\/\/sisu.ut.ee\/zoteroeng\/wp-json\/wp\/v2\/users\/5"}],"replies":[{"embeddable":true,"href":"https:\/\/sisu.ut.ee\/zoteroeng\/wp-json\/wp\/v2\/comments?post=9"}],"version-history":[{"count":4,"href":"https:\/\/sisu.ut.ee\/zoteroeng\/wp-json\/wp\/v2\/pages\/9\/revisions"}],"predecessor-version":[{"id":103,"href":"https:\/\/sisu.ut.ee\/zoteroeng\/wp-json\/wp\/v2\/pages\/9\/revisions\/103"}],"wp:attachment":[{"href":"https:\/\/sisu.ut.ee\/zoteroeng\/wp-json\/wp\/v2\/media?parent=9"}],"curies":[{"name":"wp","href":"https:\/\/api.w.org\/{rel}","templated":true}]}}