{"id":99,"date":"2024-04-04T02:55:56","date_gmt":"2024-04-03T23:55:56","guid":{"rendered":"https:\/\/sisu.ut.ee\/zooloogiaring\/jarvselja-oppeekskursioon-12-14-04-2013\/"},"modified":"2024-04-04T02:58:07","modified_gmt":"2024-04-03T23:58:07","slug":"jarvselja-oppeekskursioon-12-14-04-2013","status":"publish","type":"page","link":"https:\/\/sisu.ut.ee\/zooloogiaring\/jarvselja-oppeekskursioon-12-14-04-2013\/","title":{"rendered":"J\u00e4rvselja 12.-14. aprill 2013"},"content":{"rendered":"<p>\n\t<span style=\"font-size:16px\"><span style=\"font-family:Verdana,Geneva,sans-serif\"><strong><a data-url=\"https:\/\/sisu.ut.ee\/zrpildid\/jarvselja-12-14-04-2013\" href=\"https:\/\/sisu.ut.ee\/zrpildid\/jarvselja-12-14-04-2013\" target=\"_blank\" title=\"\" rel=\"noopener\">pildid &gt;&gt;<\/a><\/strong><\/span><\/span>\n<\/p>\n<p>\n\t<br><span style=\"font-size:16px\"><span style=\"font-family:Verdana,Geneva,sans-serif\">J\u00e4rvseljale sattusime ajal, kui kevad hakkas just v\u00f5imust v\u00f5tma ja ilm oli \u201cpisut\u201d vihmane.<\/span><\/span>\n<\/p>\n<p>\n\t<span style=\"font-size:16px\"><span style=\"font-family:Verdana,Geneva,sans-serif\"><img decoding=\"async\" alt=\"\" src=\"https:\/\/sisu.ut.ee\/wp-content\/uploads\/sites\/427\/jarvse_34_13.jpg\" style=\"width: 1000px;height: 667px\"><\/span><\/span>\n<\/p>\n<p>\n\t<span style=\"font-size:16px\"><span style=\"font-family:Verdana,Geneva,sans-serif\">K\u00e4isime \u00f5ppek\u00e4ikudel ja m\u00e4rkisime olulise \u00fcles.<\/span><\/span>\n<\/p>\n<p>\n\t<span style=\"font-size:16px\"><span style=\"font-family:Verdana,Geneva,sans-serif\"><img decoding=\"async\" alt=\"\" src=\"https:\/\/sisu.ut.ee\/wp-content\/uploads\/sites\/427\/jarvse_34_10.jpg\" style=\"width: 1000px;height: 667px\"><\/span><\/span>\n<\/p>\n<p>\n\t<span style=\"font-size:14px\"><span style=\"font-family:Verdana,Geneva,sans-serif\"><img decoding=\"async\" alt=\"\" src=\"https:\/\/sisu.ut.ee\/wp-content\/uploads\/sites\/427\/jarvse_34_11.jpg\" style=\"width: 1000px;height: 667px\"><br>Kuningam\u00e4nni juures<\/span><\/span>\n<\/p>\n<p>\n\t<span style=\"font-size:16px\"><span style=\"font-family:Verdana,Geneva,sans-serif\"><img decoding=\"async\" alt=\"\" src=\"https:\/\/sisu.ut.ee\/wp-content\/uploads\/sites\/427\/jarvse_34_16.jpg\" style=\"width: 1000px;height: 667px\"><\/span><\/span><br><span style=\"font-size:14px\"><span style=\"font-family:Verdana,Geneva,sans-serif\">Aega j\u00e4i ka m\u00e4ngudeks<\/span><\/span>\n<\/p>\n<p>\n\t<span style=\"font-size:16px\"><span style=\"font-family:Verdana,Geneva,sans-serif\"><img decoding=\"async\" alt=\"\" src=\"https:\/\/sisu.ut.ee\/wp-content\/uploads\/sites\/427\/jarvse_34_20.jpg\" style=\"width: 1000px;height: 667px\"><\/span><\/span>\n<\/p>\n<p>\n\t<span style=\"font-size:16px\"><span style=\"font-family:Verdana,Geneva,sans-serif\">Viimasel p\u00e4eval koostasime n\u00e4htud ja tegevusj\u00e4lgede j\u00e4rgi kindlaks tehtud loomade nimestiku.<\/span><\/span>\n<\/p>\n<p>\n\t<span style=\"font-size:16px\"><span style=\"font-family:Verdana,Geneva,sans-serif\"><a data-url=\"https:\/\/sisu.ut.ee\/wp-content\/uploads\/sites\/178\/loomade_nimestik_12.-14._aprill_2013_jarvselja.pdf\" href=\"https:\/\/sisu.ut.ee\/wp-content\/uploads\/sites\/178\/loomade_nimestik_12.-14._aprill_2013_jarvselja.pdf\" target=\"_blank\" title=\"\" rel=\"noopener\">Loomade nimestik &gt;&gt;<\/a><\/span><\/span><br>\u00a0\n<\/p>\n<p>\n\t<span style=\"font-size:16px\"><span style=\"font-family:Verdana,Geneva,sans-serif\"><strong><a data-url=\"https:\/\/sisu.ut.ee\/zrpildid\/jarvselja-12-14-04-2013\" href=\"https:\/\/sisu.ut.ee\/zrpildid\/jarvselja-12-14-04-2013\" target=\"_blank\" title=\"\" rel=\"noopener\">pildid &gt;&gt;<\/a><\/strong><\/span><\/span>\n<\/p>\n<p>\n\t\u00a0\n<\/p>\n<p>\n\t<span style=\"font-size:16px\"><span style=\"font-family:Verdana,Geneva,sans-serif\">\u00f5ppeekskursioonide l\u00e4biviimist toetas\u00a0<a href=\"http:\/\/www.kik.ee\/\" target=\"_blank\" rel=\"noopener\">KIK<\/a><\/span><\/span>\n<\/p>\n<p>\n\t<span style=\"font-size:16px\"><span style=\"font-family:Verdana,Geneva,sans-serif\"><a data-url=\"https:\/\/www.kik.ee\/et\" href=\"https:\/\/www.kik.ee\/et\" target=\"_blank\" title=\"\" rel=\"noopener\"><img decoding=\"async\" alt=\"\" src=\"https:\/\/sisu.ut.ee\/wp-content\/uploads\/sites\/178\/kik_logo_rgb_0.jpg\" style=\"width: 496px;height: 539px\"><\/a><\/span><\/span>\n<\/p>\n<p>\n\t\u00a0<\/p>\n","protected":false},"excerpt":{"rendered":"<p>pildid &gt;&gt; J\u00e4rvseljale sattusime ajal, kui kevad hakkas just v\u00f5imust v\u00f5tma ja ilm oli \u201cpisut\u201d vihmane. K\u00e4isime \u00f5ppek\u00e4ikudel ja m\u00e4rkisime olulise \u00fcles. Kuningam\u00e4nni juures Aega j\u00e4i ka m\u00e4ngudeks Viimasel p\u00e4eval koostasime n\u00e4htud ja tegevusj\u00e4lgede j\u00e4rgi kindlaks tehtud loomade nimestiku. Loomade &#8230;<\/p>\n","protected":false},"author":88,"featured_media":0,"parent":0,"menu_order":0,"comment_status":"closed","ping_status":"closed","template":"","meta":{"_acf_changed":false,"inline_featured_image":false,"footnotes":""},"class_list":["post-99","page","type-page","status-publish","hentry"],"acf":[],"_links":{"self":[{"href":"https:\/\/sisu.ut.ee\/zooloogiaring\/wp-json\/wp\/v2\/pages\/99","targetHints":{"allow":["GET"]}}],"collection":[{"href":"https:\/\/sisu.ut.ee\/zooloogiaring\/wp-json\/wp\/v2\/pages"}],"about":[{"href":"https:\/\/sisu.ut.ee\/zooloogiaring\/wp-json\/wp\/v2\/types\/page"}],"author":[{"embeddable":true,"href":"https:\/\/sisu.ut.ee\/zooloogiaring\/wp-json\/wp\/v2\/users\/88"}],"replies":[{"embeddable":true,"href":"https:\/\/sisu.ut.ee\/zooloogiaring\/wp-json\/wp\/v2\/comments?post=99"}],"version-history":[{"count":1,"href":"https:\/\/sisu.ut.ee\/zooloogiaring\/wp-json\/wp\/v2\/pages\/99\/revisions"}],"predecessor-version":[{"id":722,"href":"https:\/\/sisu.ut.ee\/zooloogiaring\/wp-json\/wp\/v2\/pages\/99\/revisions\/722"}],"wp:attachment":[{"href":"https:\/\/sisu.ut.ee\/zooloogiaring\/wp-json\/wp\/v2\/media?parent=99"}],"curies":[{"name":"wp","href":"https:\/\/api.w.org\/{rel}","templated":true}]}}