{"id":97,"date":"2024-04-04T02:55:56","date_gmt":"2024-04-03T23:55:56","guid":{"rendered":"https:\/\/sisu.ut.ee\/zooloogiaring\/palupohja-oppeekskursioon-8-10-03-2013\/"},"modified":"2024-04-04T02:58:07","modified_gmt":"2024-04-03T23:58:07","slug":"palupohja-oppeekskursioon-8-10-03-2013","status":"publish","type":"page","link":"https:\/\/sisu.ut.ee\/zooloogiaring\/palupohja-oppeekskursioon-8-10-03-2013\/","title":{"rendered":"Palup\u00f5hja 8.-10. m\u00e4rts 2013"},"content":{"rendered":"<p>\n\t<span style=\"font-size:16px\"><span style=\"font-family:Verdana,Geneva,sans-serif\"><strong><a data-url=\"https:\/\/sisu.ut.ee\/zrpildid\/palupohja-8-10-03-2013\" href=\"https:\/\/sisu.ut.ee\/zrpildid\/palupohja-8-10-03-2013\" target=\"_blank\" title=\"\" rel=\"noopener\">pildid &gt;&gt;<\/a><\/strong><\/span><\/span>\n<\/p>\n<p>\n\t<br><span style=\"font-size:16px\"><span style=\"font-family:Verdana,Geneva,sans-serif\"><img decoding=\"async\" alt=\"\" src=\"https:\/\/sisu.ut.ee\/wp-content\/uploads\/sites\/427\/papo_83_02.jpg\" style=\"width: 1000px;height: 667px\"><\/span><\/span>\n<\/p>\n<p>\n\t<span style=\"font-size:16px\"><span style=\"font-family:Verdana,Geneva,sans-serif\"><img decoding=\"async\" alt=\"\" src=\"https:\/\/sisu.ut.ee\/wp-content\/uploads\/sites\/427\/papo_83_14.jpg\" style=\"width: 1000px;height: 667px\"><\/span><\/span>\n<\/p>\n<p>\n\t<span style=\"font-size:16px\"><span style=\"font-family:Verdana,Geneva,sans-serif\">Ilm oli ilus ja k\u00e4isime palju v\u00e4ljas loomade tegevusj\u00e4lgi uurimas<\/span><\/span>\n<\/p>\n<p>\n\t<span style=\"font-size:16px\"><span style=\"font-family:Verdana,Geneva,sans-serif\"><img decoding=\"async\" alt=\"\" src=\"https:\/\/sisu.ut.ee\/wp-content\/uploads\/sites\/427\/papo_83_08.jpg\" style=\"width: 1000px;height: 667px\"><\/span><\/span>\n<\/p>\n<p>\n\t<span style=\"font-size:16px\"><span style=\"font-family:Verdana,Geneva,sans-serif\">Robert Oetjen n\u00e4itas, kuidas saab esivanemate kombel metsas tuld teha \u2013 tikkudeta.<\/span><\/span>\n<\/p>\n<p>\n\t<span style=\"font-size:16px\"><span style=\"font-family:Verdana,Geneva,sans-serif\">Kes tahtis, sai omale samasuguse abivahendi meisteradada.<\/span><\/span>\n<\/p>\n<p>\n\t<span style=\"font-size:16px\"><span style=\"font-family:Verdana,Geneva,sans-serif\"><img decoding=\"async\" alt=\"\" src=\"https:\/\/sisu.ut.ee\/wp-content\/uploads\/sites\/427\/papo_83_12.jpg\"><\/span><\/span>\n<\/p>\n<p>\n\t<span style=\"font-size:16px\"><span style=\"font-family:Verdana,Geneva,sans-serif\"><img decoding=\"async\" alt=\"\" src=\"https:\/\/sisu.ut.ee\/wp-content\/uploads\/sites\/427\/papo_83_18.jpg\" style=\"width: 1000px;height: 667px\"><\/span><\/span>\n<\/p>\n<p>\n\t<span style=\"font-size:16px\"><span style=\"font-family:Verdana,Geneva,sans-serif\">T\u00e4itsime t\u00f6\u00f6lehti ja koostasime n\u00e4htud v\u00f5i tegevusj\u00e4lgede j\u00e4rgi kindlaks tehtud loomade nimestiku<\/span><\/span>\n<\/p>\n<p>\n\t<span style=\"font-size:16px\"><span style=\"font-family:Verdana,Geneva,sans-serif\"><a data-url=\"https:\/\/sisu.ut.ee\/wp-content\/uploads\/sites\/178\/loomade_nimestik_8.-10._marts_2013_palupohja.pdf\" href=\"https:\/\/sisu.ut.ee\/wp-content\/uploads\/sites\/178\/loomade_nimestik_8.-10._marts_2013_palupohja.pdf\" target=\"_blank\" title=\"\" rel=\"noopener\">Loomade nimestik &gt;&gt;<\/a><\/span><\/span>\n<\/p>\n<p>\n\t\u00a0\n<\/p>\n<p>\n\t<span style=\"font-size:16px\"><span style=\"font-family:Verdana,Geneva,sans-serif\"><strong><a data-url=\"https:\/\/sisu.ut.ee\/zrpildid\/palupohja-8-10-03-2013\" href=\"https:\/\/sisu.ut.ee\/zrpildid\/palupohja-8-10-03-2013\" target=\"_blank\" title=\"\" rel=\"noopener\">pildid &gt;&gt;<\/a><\/strong><\/span><\/span>\n<\/p>\n<p>\n\t\u00a0\n<\/p>\n<p>\n\t<span style=\"font-size:16px\"><span style=\"font-family:Verdana,Geneva,sans-serif\">\u00f5ppeekskursioonide l\u00e4biviimist toetas\u00a0<a href=\"http:\/\/www.kik.ee\/\" target=\"_blank\" rel=\"noopener\">KIK<\/a><\/span><\/span>\n<\/p>\n<p>\n\t<span style=\"font-size:16px\"><span style=\"font-family:Verdana,Geneva,sans-serif\"><a data-url=\"https:\/\/www.kik.ee\/et\" href=\"https:\/\/www.kik.ee\/et\" target=\"_blank\" title=\"\" rel=\"noopener\"><img decoding=\"async\" alt=\"\" src=\"https:\/\/sisu.ut.ee\/wp-content\/uploads\/sites\/178\/kik_logo_rgb_0.jpg\" style=\"width: 496px;height: 539px\"><\/a><\/span><\/span><br>\u00a0\n<\/p>\n<p>\n\t\u00a0<\/p>\n","protected":false},"excerpt":{"rendered":"<p>pildid &gt;&gt; Ilm oli ilus ja k\u00e4isime palju v\u00e4ljas loomade tegevusj\u00e4lgi uurimas Robert Oetjen n\u00e4itas, kuidas saab esivanemate kombel metsas tuld teha \u2013 tikkudeta. Kes tahtis, sai omale samasuguse abivahendi meisteradada. T\u00e4itsime t\u00f6\u00f6lehti ja koostasime n\u00e4htud v\u00f5i tegevusj\u00e4lgede j\u00e4rgi kindlaks &#8230;<\/p>\n","protected":false},"author":88,"featured_media":0,"parent":0,"menu_order":0,"comment_status":"closed","ping_status":"closed","template":"","meta":{"_acf_changed":false,"inline_featured_image":false,"footnotes":""},"class_list":["post-97","page","type-page","status-publish","hentry"],"acf":[],"_links":{"self":[{"href":"https:\/\/sisu.ut.ee\/zooloogiaring\/wp-json\/wp\/v2\/pages\/97","targetHints":{"allow":["GET"]}}],"collection":[{"href":"https:\/\/sisu.ut.ee\/zooloogiaring\/wp-json\/wp\/v2\/pages"}],"about":[{"href":"https:\/\/sisu.ut.ee\/zooloogiaring\/wp-json\/wp\/v2\/types\/page"}],"author":[{"embeddable":true,"href":"https:\/\/sisu.ut.ee\/zooloogiaring\/wp-json\/wp\/v2\/users\/88"}],"replies":[{"embeddable":true,"href":"https:\/\/sisu.ut.ee\/zooloogiaring\/wp-json\/wp\/v2\/comments?post=97"}],"version-history":[{"count":1,"href":"https:\/\/sisu.ut.ee\/zooloogiaring\/wp-json\/wp\/v2\/pages\/97\/revisions"}],"predecessor-version":[{"id":724,"href":"https:\/\/sisu.ut.ee\/zooloogiaring\/wp-json\/wp\/v2\/pages\/97\/revisions\/724"}],"wp:attachment":[{"href":"https:\/\/sisu.ut.ee\/zooloogiaring\/wp-json\/wp\/v2\/media?parent=97"}],"curies":[{"name":"wp","href":"https:\/\/api.w.org\/{rel}","templated":true}]}}