{"id":96,"date":"2024-04-04T02:55:56","date_gmt":"2024-04-03T23:55:56","guid":{"rendered":"https:\/\/sisu.ut.ee\/zooloogiaring\/kik-2013-1\/"},"modified":"2024-04-19T20:39:44","modified_gmt":"2024-04-19T17:39:44","slug":"kik-2013-1","status":"publish","type":"page","link":"https:\/\/sisu.ut.ee\/zooloogiaring\/kik-2013-1\/","title":{"rendered":"zooloogiaringi \u00f5ppeekskursioonid 2013. aasta talvel ja kevadel"},"content":{"rendered":"<p><span style=\"font-size: 16px;\"><span style=\"font-family: Verdana,Geneva,sans-serif;\">vaatamiseks kliki pealkirjal v\u00f5i pildil<\/span><\/span><\/p>\n\n\n\n<p><br><span style=\"font-size: 26px;\"><span style=\"font-family: Verdana,Geneva,sans-serif;\"><a href=\"https:\/\/sisu.ut.ee\/zooloogiaring\/palupohja-oppeekskursioon-8-10-03-2013\/\" data-type=\"link\" data-id=\"https:\/\/sisu.ut.ee\/zooloogiaring\/palupohja-oppeekskursioon-8-10-03-2013\/\">Palup\u00f5hja 8.-10. m\u00e4rts 2013<\/a><\/span><\/span><\/p>\n\n\n\n<figure class=\"wp-block-image\"><a href=\"https:\/\/sisu.ut.ee\/zooloogiaring\/palupohja-oppeekskursioon-8-10-03-2013\/\"><img decoding=\"async\" src=\"https:\/\/sisu.ut.ee\/wp-content\/uploads\/sites\/427\/papo_83_08.jpg\" alt=\"\"><\/a><\/figure>\n\n\n\n<hr class=\"wp-block-separator has-alpha-channel-opacity\">\n\n\n\n<p><br><span style=\"font-size: 26px;\"><span style=\"font-family: Verdana,Geneva,sans-serif;\"><a href=\"https:\/\/sisu.ut.ee\/zooloogiaring\/palupohja-oppeekskursioon-22-24-03-2013\/\" data-type=\"link\" data-id=\"https:\/\/sisu.ut.ee\/zooloogiaring\/palupohja-oppeekskursioon-22-24-03-2013\/\">Palup\u00f5hja 22.-24. m\u00e4rts 2013<\/a><\/span><\/span><\/p>\n\n\n\n<figure class=\"wp-block-image\"><a href=\"https:\/\/sisu.ut.ee\/zooloogiaring\/palupohja-oppeekskursioon-22-24-03-2013\/\"><img decoding=\"async\" src=\"https:\/\/sisu.ut.ee\/wp-content\/uploads\/sites\/427\/papo_223_09.jpg\" alt=\"\"><\/a><\/figure>\n\n\n\n<hr class=\"wp-block-separator has-alpha-channel-opacity\">\n\n\n\n<p><br><span style=\"font-size: 26px;\"><span style=\"font-family: Verdana,Geneva,sans-serif;\"><a href=\"https:\/\/sisu.ut.ee\/zooloogiaring\/jarvselja-oppeekskursioon-12-14-04-2013\/\" data-type=\"link\" data-id=\"https:\/\/sisu.ut.ee\/zooloogiaring\/jarvselja-oppeekskursioon-12-14-04-2013\/\">J\u00e4rvselja 12.-14. aprill 2013<\/a><\/span><\/span><\/p>\n\n\n\n<figure class=\"wp-block-image\"><a href=\"https:\/\/sisu.ut.ee\/zooloogiaring\/jarvselja-oppeekskursioon-12-14-04-2013\/\"><img decoding=\"async\" src=\"https:\/\/sisu.ut.ee\/wp-content\/uploads\/sites\/427\/jarvse_34_10.jpg\" alt=\"\"><\/a><\/figure>\n\n\n\n<hr class=\"wp-block-separator has-alpha-channel-opacity\">\n\n\n\n<p><br><span style=\"font-size: 26px;\"><span style=\"font-family: Verdana,Geneva,sans-serif;\"><a href=\"https:\/\/sisu.ut.ee\/zooloogiaring\/jarvselja-18-25-05-17-06-2013\/\" data-type=\"link\" data-id=\"https:\/\/sisu.ut.ee\/zooloogiaring\/jarvselja-18-25-05-17-06-2013\/\">J\u00e4rvselja 18. ja 25. mai ja 17. juuni<\/a><\/span><\/span><\/p>\n\n\n\n<figure class=\"wp-block-image\"><a href=\"https:\/\/sisu.ut.ee\/zooloogiaring\/jarvselja-18-25-05-17-06-2013\/\"><img decoding=\"async\" src=\"https:\/\/sisu.ut.ee\/wp-content\/uploads\/sites\/427\/jarvse_13051_07.jpg\" alt=\"\"><\/a><\/figure>\n\n\n\n<p><br><br><span style=\"font-size: 16px;\"><span style=\"font-family: Verdana,Geneva,sans-serif;\">\u00f5ppeekskursioonide l\u00e4biviimist toetas\u00a0<a href=\"http:\/\/www.kik.ee\/\" target=\"_blank\" rel=\"noopener\">KIK<\/a><\/span><\/span><\/p>\n\n\n\n<figure class=\"wp-block-image size-full\"><img loading=\"lazy\" decoding=\"async\" width=\"496\" height=\"539\" src=\"https:\/\/sisu.ut.ee\/wp-content\/uploads\/sites\/178\/kik_logo_rgb-1.jpg\" alt=\"\" class=\"wp-image-274\" srcset=\"https:\/\/sisu.ut.ee\/wp-content\/uploads\/sites\/178\/kik_logo_rgb-1.jpg 496w, https:\/\/sisu.ut.ee\/wp-content\/uploads\/sites\/178\/kik_logo_rgb-1-276x300.jpg 276w\" sizes=\"auto, (max-width: 496px) 100vw, 496px\"><\/figure>\n\n\n\n<p><span style=\"font-size: 16px;\"><span style=\"font-family: Verdana,Geneva,sans-serif;\"><\/span><\/span><\/p>\n","protected":false},"excerpt":{"rendered":"<p>vaatamiseks kliki pealkirjal v\u00f5i pildil Palup\u00f5hja 8.-10. m\u00e4rts 2013 Palup\u00f5hja 22.-24. m\u00e4rts 2013 J\u00e4rvselja 12.-14. aprill 2013 J\u00e4rvselja 18. ja 25. mai ja 17. juuni \u00f5ppeekskursioonide l\u00e4biviimist toetas\u00a0KIK<\/p>\n","protected":false},"author":88,"featured_media":0,"parent":0,"menu_order":0,"comment_status":"closed","ping_status":"closed","template":"","meta":{"_acf_changed":false,"inline_featured_image":false,"footnotes":""},"class_list":["post-96","page","type-page","status-publish","hentry"],"acf":[],"_links":{"self":[{"href":"https:\/\/sisu.ut.ee\/zooloogiaring\/wp-json\/wp\/v2\/pages\/96","targetHints":{"allow":["GET"]}}],"collection":[{"href":"https:\/\/sisu.ut.ee\/zooloogiaring\/wp-json\/wp\/v2\/pages"}],"about":[{"href":"https:\/\/sisu.ut.ee\/zooloogiaring\/wp-json\/wp\/v2\/types\/page"}],"author":[{"embeddable":true,"href":"https:\/\/sisu.ut.ee\/zooloogiaring\/wp-json\/wp\/v2\/users\/88"}],"replies":[{"embeddable":true,"href":"https:\/\/sisu.ut.ee\/zooloogiaring\/wp-json\/wp\/v2\/comments?post=96"}],"version-history":[{"count":8,"href":"https:\/\/sisu.ut.ee\/zooloogiaring\/wp-json\/wp\/v2\/pages\/96\/revisions"}],"predecessor-version":[{"id":1416,"href":"https:\/\/sisu.ut.ee\/zooloogiaring\/wp-json\/wp\/v2\/pages\/96\/revisions\/1416"}],"wp:attachment":[{"href":"https:\/\/sisu.ut.ee\/zooloogiaring\/wp-json\/wp\/v2\/media?parent=96"}],"curies":[{"name":"wp","href":"https:\/\/api.w.org\/{rel}","templated":true}]}}