{"id":92,"date":"2024-04-04T02:55:55","date_gmt":"2024-04-03T23:55:55","guid":{"rendered":"https:\/\/sisu.ut.ee\/zooloogiaring\/silma-oppeekskursioonid-21-23-09-2012\/"},"modified":"2024-04-04T02:58:07","modified_gmt":"2024-04-03T23:58:07","slug":"silma-oppeekskursioonid-21-23-09-2012","status":"publish","type":"page","link":"https:\/\/sisu.ut.ee\/zooloogiaring\/silma-oppeekskursioonid-21-23-09-2012\/","title":{"rendered":"Silma \u00f5pikoda 21.-23. september 2012"},"content":{"rendered":"<p>\n\t<span style=\"font-size:16px\"><a data-url=\"https:\/\/www.silmalk.ee\/\" href=\"https:\/\/www.silmalk.ee\/\" target=\"_blank\" title=\"\" rel=\"noopener\">https:\/\/www.silmalk.ee\/<\/a><\/span><br>\u00a0\n<\/p>\n<p>\n\t<span style=\"font-size:16px\"><span style=\"font-family:Verdana,Geneva,sans-serif\"><strong><a data-url=\"https:\/\/sisu.ut.ee\/zrpildid\/silma-21-23-09-2012\" href=\"https:\/\/sisu.ut.ee\/zrpildid\/silma-21-23-09-2012\" target=\"_blank\" title=\"\" rel=\"noopener\">pildid &gt;&gt;<\/a><\/strong><\/span><\/span>\n<\/p>\n<p>\n\t<br><span style=\"font-size:16px\"><span style=\"font-family:Verdana,Geneva,sans-serif\">Kui olime ennast majutushoones sisse seadnud, vaatasime Arne Aderi multimeediaprogrammi \u201eTiivad vete kohal\u201c.\u00a0Peamiseks juhendajaks ja saatjaks nendel p\u00e4evadel oli Marko Valker.\u00a0P\u00e4rast l\u00f5unat uurisime vees elavaid selgrootuid loom.\u00a0Veeloomade uurimise l\u00f5petas t\u00e4ringum\u00e4ng ja Urmas Tartese programm \u201eMutukaelu vees\u201c.<\/span><\/span>\n<\/p>\n<p>\n\t<span style=\"font-size:14px\"><span style=\"font-family:Verdana,Geneva,sans-serif\"><img decoding=\"async\" alt=\"\" src=\"https:\/\/sisu.ut.ee\/wp-content\/uploads\/sites\/427\/silma-09-01.jpg\" style=\"width: 1000px;height: 667px\">Vee-selgrootuid p\u00fc\u00fcdmas ja uurimas<\/span><\/span>\n<\/p>\n<p>\n\t<span style=\"font-size:16px\"><span style=\"font-family:Verdana,Geneva,sans-serif\">\u00d5htune retk Saunja lahe \u00e4\u00e4res olevasse vaatetorni oli t\u00f5eline katsumus, mis kohati meenutas ekstreemmatka.<br>S\u00fcgisesed vihmad olid ranna\u00e4\u00e4rsed karjamaad kohati m\u00fclkaks muutnud ja liikumisel ei aidanud kummisaapad, vaid targalt valitud liikumisviis. Linnutornist j\u00e4lgisime Saunja lahel peatuvaid veelinde ja sookurgede \u00f6\u00f6bimislendu.\u00a0\u00d5htul vaatasime Matsalu loodusfilmifestivali filmi \u201eK\u00f5rrep\u00f5llu saladus\u201c.<\/span><\/span>\n<\/p>\n<p>\n\t<span style=\"font-size:16px\"><span style=\"font-family:Verdana,Geneva,sans-serif\"><img decoding=\"async\" alt=\"\" src=\"https:\/\/sisu.ut.ee\/wp-content\/uploads\/sites\/427\/silma-09-09.jpg\" style=\"width: 1000px;height: 667px\"><\/span><\/span>\n<\/p>\n<p>\n\t<span style=\"font-size:16px\"><span style=\"font-family:Verdana,Geneva,sans-serif\"><img decoding=\"async\" alt=\"\" src=\"https:\/\/sisu.ut.ee\/wp-content\/uploads\/sites\/427\/silma-09-10.jpg\" style=\"width: 1000px;height: 667px\"><\/span><\/span>\n<\/p>\n<p>\n\t<span style=\"font-size:16px\"><span style=\"font-family:Verdana,Geneva,sans-serif\">Teise p\u00e4eva hommikul uurisime pilliroogu ja roostikku. Edasi s\u00f5itsime pikemale bussiekskursioonile Loode-Eestisse.\u00a0K\u00fclastasime Noarootsi poolsaart (Saare matkarada, Tahu linnutorn), vaatlesime arktilisi veelinde P\u00f5\u00f5saspea neemel.<\/span><\/span>\n<\/p>\n<p>\n\t<span style=\"font-size:16px\"><span style=\"font-family:Verdana,Geneva,sans-serif\"><img decoding=\"async\" alt=\"\" src=\"https:\/\/sisu.ut.ee\/wp-content\/uploads\/sites\/427\/silma-09-21.jpg\" style=\"width: 1000px;height: 667px\"><\/span><\/span><br><span style=\"font-size:14px\"><span style=\"font-family:Verdana,Geneva,sans-serif\">P\u00f5\u00f5saspea neemel linde vaatlemas<\/span><\/span>\n<\/p>\n<p>\n\t<span style=\"font-size:16px\"><span style=\"font-family:Verdana,Geneva,sans-serif\">\u00d5htul pidi iga r\u00fchm koostama ja esitlema \u00fche toitumisahela siinsest loodusest.\u00a0L\u00f5puks j\u00e4i m\u00f5ni tund ka m\u00e4ngimiseks.<\/span><\/span>\n<\/p>\n<p>\n\t<span style=\"font-size:16px\"><span style=\"font-family:Verdana,Geneva,sans-serif\"><img decoding=\"async\" alt=\"\" src=\"https:\/\/sisu.ut.ee\/wp-content\/uploads\/sites\/427\/silma-09-26.jpg\" style=\"width: 1000px;height: 667px\"><\/span><\/span>\n<\/p>\n<p>\n\t<span style=\"font-size:16px\"><span style=\"font-family:Verdana,Geneva,sans-serif\">Viimasel (kolmandal) p\u00e4eval panime peale hommikus\u00f6\u00f6ki asjad kokku ja lahkusime \u00f5pikojast.\u00a0S\u00f5itsime Matsalu lahe p\u00f5hjakaldale.<\/span><\/span>\n<\/p>\n<p>\n\t<span style=\"font-size:14px\"><span style=\"font-family:Verdana,Geneva,sans-serif\"><img decoding=\"async\" alt=\"\" src=\"https:\/\/sisu.ut.ee\/wp-content\/uploads\/sites\/427\/silma-09-32.jpg\" style=\"width: 1000px;height: 667px\">Haeska linnutornis<\/span><\/span>\n<\/p>\n<p>\n\t<br><span style=\"font-size:16px\"><span style=\"font-family:Verdana,Geneva,sans-serif\"><strong><a data-url=\"https:\/\/sisu.ut.ee\/zrpildid\/silma-21-23-09-2012\" href=\"https:\/\/sisu.ut.ee\/zrpildid\/silma-21-23-09-2012\" target=\"_blank\" title=\"\" rel=\"noopener\">pildid &gt;&gt;<\/a><\/strong><\/span><\/span>\n<\/p>\n<p>\n\t\u00a0\n<\/p>\n<p>\n\t<span style=\"font-size:16px\"><span style=\"font-family:Verdana,Geneva,sans-serif\">\u00f5ppeekskursioonide l\u00e4biviimist toetas\u00a0<a href=\"http:\/\/www.kik.ee\/\" target=\"_blank\" rel=\"noopener\">KIK<\/a><\/span><\/span>\n<\/p>\n<p>\n\t<span style=\"font-size:16px\"><span style=\"font-family:Verdana,Geneva,sans-serif\"><a data-url=\"https:\/\/www.kik.ee\/et\" href=\"https:\/\/www.kik.ee\/et\" target=\"_blank\" title=\"\" rel=\"noopener\"><img decoding=\"async\" alt=\"\" src=\"https:\/\/sisu.ut.ee\/wp-content\/uploads\/sites\/178\/kik_logo_rgb_0.jpg\" style=\"width: 496px;height: 539px\"><\/a><\/span><\/span><br>\u00a0\n<\/p>\n<p>\n\t\u00a0\n<\/p>\n<p>\n\t\u00a0<\/p>\n","protected":false},"excerpt":{"rendered":"<p>https:\/\/www.silmalk.ee\/\u00a0 pildid &gt;&gt; Kui olime ennast majutushoones sisse seadnud, vaatasime Arne Aderi multimeediaprogrammi \u201eTiivad vete kohal\u201c.\u00a0Peamiseks juhendajaks ja saatjaks nendel p\u00e4evadel oli Marko Valker.\u00a0P\u00e4rast l\u00f5unat uurisime vees elavaid selgrootuid loom.\u00a0Veeloomade uurimise l\u00f5petas t\u00e4ringum\u00e4ng ja Urmas Tartese programm \u201eMutukaelu vees\u201c. Vee-selgrootuid &#8230;<\/p>\n","protected":false},"author":88,"featured_media":0,"parent":0,"menu_order":0,"comment_status":"closed","ping_status":"closed","template":"","meta":{"_acf_changed":false,"inline_featured_image":false,"footnotes":""},"class_list":["post-92","page","type-page","status-publish","hentry"],"acf":[],"_links":{"self":[{"href":"https:\/\/sisu.ut.ee\/zooloogiaring\/wp-json\/wp\/v2\/pages\/92","targetHints":{"allow":["GET"]}}],"collection":[{"href":"https:\/\/sisu.ut.ee\/zooloogiaring\/wp-json\/wp\/v2\/pages"}],"about":[{"href":"https:\/\/sisu.ut.ee\/zooloogiaring\/wp-json\/wp\/v2\/types\/page"}],"author":[{"embeddable":true,"href":"https:\/\/sisu.ut.ee\/zooloogiaring\/wp-json\/wp\/v2\/users\/88"}],"replies":[{"embeddable":true,"href":"https:\/\/sisu.ut.ee\/zooloogiaring\/wp-json\/wp\/v2\/comments?post=92"}],"version-history":[{"count":1,"href":"https:\/\/sisu.ut.ee\/zooloogiaring\/wp-json\/wp\/v2\/pages\/92\/revisions"}],"predecessor-version":[{"id":729,"href":"https:\/\/sisu.ut.ee\/zooloogiaring\/wp-json\/wp\/v2\/pages\/92\/revisions\/729"}],"wp:attachment":[{"href":"https:\/\/sisu.ut.ee\/zooloogiaring\/wp-json\/wp\/v2\/media?parent=92"}],"curies":[{"name":"wp","href":"https:\/\/api.w.org\/{rel}","templated":true}]}}