{"id":91,"date":"2024-04-04T02:55:55","date_gmt":"2024-04-03T23:55:55","guid":{"rendered":"https:\/\/sisu.ut.ee\/zooloogiaring\/kirna-palupohja-21-25-08-2012\/"},"modified":"2024-04-04T02:58:07","modified_gmt":"2024-04-03T23:58:07","slug":"kirna-palupohja-21-25-08-2012","status":"publish","type":"page","link":"https:\/\/sisu.ut.ee\/zooloogiaring\/kirna-palupohja-21-25-08-2012\/","title":{"rendered":"Kirna ja Palup\u00f5hja 21.-25. august 2012"},"content":{"rendered":"<p>\n\t<span style=\"font-size:16px\"><span style=\"font-family:Verdana,Geneva,sans-serif\"><strong><a data-url=\"https:\/\/sisu.ut.ee\/zrpildid\/kirna-palupohja-21-25-08-2012\" href=\"https:\/\/sisu.ut.ee\/zrpildid\/kirna-palupohja-21-25-08-2012\" target=\"_blank\" title=\"\" rel=\"noopener\">pildid &gt;&gt;<\/a><\/strong><\/span><\/span>\n<\/p>\n<p>\n\t<br><span style=\"font-size:16px\"><span style=\"font-family:Verdana,Geneva,sans-serif\">Hommikul s\u00f5itsime bussiga Kirnale. K\u00fclastasime looduskeskust, k\u00e4isime matkarajal ja uurisime loodust.\u00a0\u00d5htul s\u00f5itsime Palup\u00f5hja.<\/span><\/span>\n<\/p>\n<p>\n\t<span style=\"font-size:16px\"><span style=\"font-family:Verdana,Geneva,sans-serif\"><img decoding=\"async\" alt=\"\" src=\"https:\/\/sisu.ut.ee\/wp-content\/uploads\/sites\/427\/papo_08_01.jpg\" style=\"width: 1000px;height: 667px\"><\/span><\/span>\n<\/p>\n<p>\n\t<span style=\"font-size:16px\"><span style=\"font-family:Verdana,Geneva,sans-serif\">J\u00e4rgmisel p\u00e4eval tegime l\u00fchikesed retked Palup\u00f5hja \u00fcmbruses.\u00a0Uurisime taimedel esinevaid pahkasid ja nende tekitajaid.<\/span><\/span>\n<\/p>\n<p>\n\t<span style=\"font-size:16px\"><span style=\"font-family:Verdana,Geneva,sans-serif\"><img decoding=\"async\" alt=\"\" src=\"https:\/\/sisu.ut.ee\/wp-content\/uploads\/sites\/427\/papo_08_09_0.jpg\" style=\"width: 1000px;height: 667px\"><\/span><\/span>\n<\/p>\n<p>\n\t<span style=\"font-size:16px\"><span style=\"font-family:Verdana,Geneva,sans-serif\">Kolmandal p\u00e4eval uurisime veeloomi \u2013 kahvadega p\u00fc\u00fcdsime selgrootuid loomi ja \u00f5ngedega kalu.<\/span><\/span>\n<\/p>\n<p>\n\t<span style=\"font-size:16px\"><span style=\"font-family:Verdana,Geneva,sans-serif\"><img decoding=\"async\" alt=\"\" src=\"https:\/\/sisu.ut.ee\/wp-content\/uploads\/sites\/427\/papo_08_12_0.jpg\" style=\"width: 1000px;height: 667px\"><\/span><\/span>\n<\/p>\n<p>\n\t<span style=\"font-size:16px\"><span style=\"font-family:Verdana,Geneva,sans-serif\"><img decoding=\"async\" alt=\"\" src=\"https:\/\/sisu.ut.ee\/wp-content\/uploads\/sites\/427\/papo_08_17_0.jpg\" style=\"width: 1000px;height: 667px\"><\/span><\/span>\n<\/p>\n<p>\n\t<span style=\"font-size:16px\"><span style=\"font-family:Verdana,Geneva,sans-serif\">P\u00fc\u00fctud veeloomade nimestikud:<br><a data-url=\"https:\/\/sisu.ut.ee\/wp-content\/uploads\/sites\/178\/palupohja_veeloomad_kokku_palupohja_23.08.2012.pdf\" href=\"https:\/\/sisu.ut.ee\/wp-content\/uploads\/sites\/178\/palupohja_veeloomad_kokku_palupohja_23.08.2012.pdf\" target=\"_blank\" title=\"\" rel=\"noopener\">1. \u00fcldnimestik<\/a><br><a data-url=\"https:\/\/sisu.ut.ee\/wp-content\/uploads\/sites\/178\/palupohja_veeloomad_ryhmad_palupohja_23.08.2012.pdf\" href=\"https:\/\/sisu.ut.ee\/wp-content\/uploads\/sites\/178\/palupohja_veeloomad_ryhmad_palupohja_23.08.2012.pdf\" target=\"_blank\" title=\"\" rel=\"noopener\">2. nimestik p\u00fc\u00fcdjate r\u00fchmade j\u00e4rgi<\/a><\/span><\/span>\n<\/p>\n<p>\n\t<span style=\"font-size:16px\"><span style=\"font-family:Verdana,Geneva,sans-serif\">Kristiina r\u00e4\u00e4kis meile oma uurimust\u00f6\u00f6st Tartu \u00dclikoolis. Tema uurib koibikuid.\u00a0Kristiina n\u00e4itas meile esitlust ning uurisime mikroskoobiga kaasav\u00f5etud prepareeritud loomi.\u00a0\u00dcks p\u00fc\u00fcnis koibikutele pandi ka \u00fcles.<\/span><\/span>\n<\/p>\n<p>\n\t<span style=\"font-size:16px\"><span style=\"font-family:Verdana,Geneva,sans-serif\"><img decoding=\"async\" alt=\"\" src=\"https:\/\/sisu.ut.ee\/wp-content\/uploads\/sites\/427\/papo_08_21_0.jpg\" style=\"width: 1000px;height: 667px\"><\/span><\/span><br><span style=\"font-size:14px\"><span style=\"font-family:Verdana,Geneva,sans-serif\">Kristiina n\u00e4itab, kuidas koibikuid p\u00fc\u00fctakse<\/span><\/span>\n<\/p>\n<p>\n\t<span style=\"font-size:16px\"><span style=\"font-family:Verdana,Geneva,sans-serif\">Viimasel p\u00e4eval r\u00e4\u00e4kis Erik keskkonnakaitsest ja kolloid- ja keskkonnakeemiast.\u00a0Selgus, et see on v\u00e4ga p\u00f5nev ja tulevikku suunatud teema.<\/span><\/span>\n<\/p>\n<p>\n\t<span style=\"font-size:16px\"><span style=\"font-family:Verdana,Geneva,sans-serif\"><img decoding=\"async\" alt=\"\" src=\"https:\/\/sisu.ut.ee\/wp-content\/uploads\/sites\/427\/papo_08_25_1.jpg\" style=\"width: 1000px;height: 667px\"><\/span><\/span><br><span style=\"font-size:14px\"><span style=\"font-family:Verdana,Geneva,sans-serif\">Erik loengut pidamas<\/span><\/span>\n<\/p>\n<p>\n\t<br><span style=\"font-size:16px\"><span style=\"font-family:Verdana,Geneva,sans-serif\"><strong><a data-url=\"https:\/\/sisu.ut.ee\/zrpildid\/kirna-palupohja-21-25-08-2012\" href=\"https:\/\/sisu.ut.ee\/zrpildid\/kirna-palupohja-21-25-08-2012\" target=\"_blank\" title=\"\" rel=\"noopener\">pildid &gt;&gt;<\/a><\/strong><\/span><\/span>\n<\/p>\n<p>\n\t<br><span style=\"font-size:16px\"><span style=\"font-family:Verdana,Geneva,sans-serif\">\u00f5ppeekskursioonide l\u00e4biviimist toetas\u00a0<a href=\"http:\/\/www.kik.ee\/\" target=\"_blank\" rel=\"noopener\">KIK<\/a><\/span><\/span>\n<\/p>\n<p>\n\t<span style=\"font-size:16px\"><span style=\"font-family:Verdana,Geneva,sans-serif\"><a data-url=\"https:\/\/www.kik.ee\/et\" href=\"https:\/\/www.kik.ee\/et\" target=\"_blank\" title=\"\" rel=\"noopener\"><img decoding=\"async\" alt=\"\" src=\"https:\/\/sisu.ut.ee\/wp-content\/uploads\/sites\/178\/kik_logo_rgb_0.jpg\" style=\"width: 496px;height: 539px\"><\/a><\/span><\/span><br>\u00a0\n<\/p>\n<p>\n\t\u00a0\n<\/p>\n<p>\n\t\u00a0<\/p>\n","protected":false},"excerpt":{"rendered":"<p>pildid &gt;&gt; Hommikul s\u00f5itsime bussiga Kirnale. K\u00fclastasime looduskeskust, k\u00e4isime matkarajal ja uurisime loodust.\u00a0\u00d5htul s\u00f5itsime Palup\u00f5hja. J\u00e4rgmisel p\u00e4eval tegime l\u00fchikesed retked Palup\u00f5hja \u00fcmbruses.\u00a0Uurisime taimedel esinevaid pahkasid ja nende tekitajaid. Kolmandal p\u00e4eval uurisime veeloomi \u2013 kahvadega p\u00fc\u00fcdsime selgrootuid loomi ja \u00f5ngedega kalu. &#8230;<\/p>\n","protected":false},"author":88,"featured_media":0,"parent":0,"menu_order":0,"comment_status":"closed","ping_status":"closed","template":"","meta":{"_acf_changed":false,"inline_featured_image":false,"footnotes":""},"class_list":["post-91","page","type-page","status-publish","hentry"],"acf":[],"_links":{"self":[{"href":"https:\/\/sisu.ut.ee\/zooloogiaring\/wp-json\/wp\/v2\/pages\/91","targetHints":{"allow":["GET"]}}],"collection":[{"href":"https:\/\/sisu.ut.ee\/zooloogiaring\/wp-json\/wp\/v2\/pages"}],"about":[{"href":"https:\/\/sisu.ut.ee\/zooloogiaring\/wp-json\/wp\/v2\/types\/page"}],"author":[{"embeddable":true,"href":"https:\/\/sisu.ut.ee\/zooloogiaring\/wp-json\/wp\/v2\/users\/88"}],"replies":[{"embeddable":true,"href":"https:\/\/sisu.ut.ee\/zooloogiaring\/wp-json\/wp\/v2\/comments?post=91"}],"version-history":[{"count":1,"href":"https:\/\/sisu.ut.ee\/zooloogiaring\/wp-json\/wp\/v2\/pages\/91\/revisions"}],"predecessor-version":[{"id":730,"href":"https:\/\/sisu.ut.ee\/zooloogiaring\/wp-json\/wp\/v2\/pages\/91\/revisions\/730"}],"wp:attachment":[{"href":"https:\/\/sisu.ut.ee\/zooloogiaring\/wp-json\/wp\/v2\/media?parent=91"}],"curies":[{"name":"wp","href":"https:\/\/api.w.org\/{rel}","templated":true}]}}