{"id":90,"date":"2024-04-04T02:55:55","date_gmt":"2024-04-03T23:55:55","guid":{"rendered":"https:\/\/sisu.ut.ee\/zooloogiaring\/luua-oppeekskursioon-24-28-07-2012\/"},"modified":"2024-04-04T02:58:07","modified_gmt":"2024-04-03T23:58:07","slug":"luua-oppeekskursioon-24-28-07-2012","status":"publish","type":"page","link":"https:\/\/sisu.ut.ee\/zooloogiaring\/luua-oppeekskursioon-24-28-07-2012\/","title":{"rendered":"Luua 24.-28 juuli 2012"},"content":{"rendered":"<p>\n\t<span style=\"font-size:16px\"><span style=\"font-family:Verdana,Geneva,sans-serif\"><strong><a data-url=\"https:\/\/sisu.ut.ee\/zrpildid\/luua-24-28-07-2012\" href=\"https:\/\/sisu.ut.ee\/zrpildid\/luua-24-28-07-2012\" target=\"_blank\" title=\"\" rel=\"noopener\">pildid &gt;&gt;<\/a><\/strong><\/span><\/span>\n<\/p>\n<p>\n\t<br><span style=\"font-size:16px\"><span style=\"font-family:Verdana,Geneva,sans-serif\">Kui olime s\u00f6\u00f6nud ja ennast mugavalt Luua Metsanduskooli \u00fchiselamus sisse seadnud,\u00a0tegime tutvust metsanduskooliga. Evelin Saarva tegi meile pika ja p\u00f5hjaliku ekskursiooni.\u00a0Hiljem matkasime Prossa j\u00e4rve \u00e4\u00e4rde, kus suplesime ja ujusime.\u00a0\u00d6isesse nahkhiireteemasse elasime sisse nahkhiire m\u00e4ngu m\u00e4ngides.\u00a0H\u00e4\u00e4lte kuulamiseks ja liikide m\u00e4\u00e4ramiseks kasutasime nahkhiiredetektorit.\u00a0Nahkhiiri tutvustas Vello Keppart.<\/span><\/span>\n<\/p>\n<p>\n\t<span style=\"font-size:16px\"><span style=\"font-family:Verdana,Geneva,sans-serif\"><img decoding=\"async\" alt=\"\" class=\"\" src=\"https:\/\/sisu.ut.ee\/wp-content\/uploads\/sites\/427\/luu_8_02.jpg\" style=\"width: 1000px;height: 667px\"><\/span><\/span><span style=\"font-size:14px\"><span style=\"font-family:Verdana,Geneva,sans-serif\">Nahkhiirem\u00e4ng<\/span><\/span>\n<\/p>\n<p>\n\t<span style=\"font-size:16px\"><span style=\"font-family:Verdana,Geneva,sans-serif\">J\u00e4rgmisel p\u00e4eval tutvusime taimede v\u00e4rvilise maailamaga.\u00a0Kel soovi sai endale taimedega kaunistatud k\u00e4ev\u00f5ru valmistada.\u00a0Teejuhiks oli taimetark Evelin Saarva.<\/span><\/span>\n<\/p>\n<p>\n\t<span style=\"font-size:16px\"><span style=\"font-family:Verdana,Geneva,sans-serif\"><img decoding=\"async\" alt=\"\" src=\"https:\/\/sisu.ut.ee\/wp-content\/uploads\/sites\/427\/luu_8_04.jpg\" style=\"width: 1000px;height: 667px\"><\/span><\/span>\n<\/p>\n<p>\n\t<span style=\"font-size:16px\"><span style=\"font-family:Verdana,Geneva,sans-serif\">Teistel p\u00e4evadel uurisime T\u00f5nisega metsaelustikku ja Aivoga veeloomi ning putukaid.<\/span><\/span>\n<\/p>\n<p>\n\t<span style=\"font-size:16px\"><span style=\"font-family:Verdana,Geneva,sans-serif\"><img decoding=\"async\" alt=\"\" src=\"https:\/\/sisu.ut.ee\/wp-content\/uploads\/sites\/427\/luu_8_15.jpg\" style=\"width: 1000px;height: 667px\"><\/span><\/span>\n<\/p>\n<p>\n\t<span style=\"font-size:16px\"><span style=\"font-family:Verdana,Geneva,sans-serif\">Eelviimane p\u00e4ev oli matkap\u00e4ev. S\u00f5itsime bussiga Vooremaal.<br>K\u00e4isime Saare j\u00e4rve \u00e4\u00e4res, k\u00fclastasime J\u00e4\u00e4ajakeskust ja Elistvere Loomaparki.<\/span><\/span>\n<\/p>\n<p>\n\t<span style=\"font-size:16px\"><span style=\"font-family:Verdana,Geneva,sans-serif\"><img decoding=\"async\" alt=\"\" src=\"https:\/\/sisu.ut.ee\/wp-content\/uploads\/sites\/427\/luu_8_18.jpg\" style=\"width: 1000px;height: 667px\"><\/span><\/span><span style=\"font-size:14px\"><span style=\"font-family:Verdana,Geneva,sans-serif\">J\u00e4\u00e4ajakeskus<\/span><\/span>\n<\/p>\n<p>\n\t<span style=\"font-size:16px\"><span style=\"font-family:Verdana,Geneva,sans-serif\"><a data-url=\"https:\/\/sisu.ut.ee\/wp-content\/uploads\/sites\/178\/luua_saare_jarve_loomade_nimestikud_24.-28.07.2012.pdf\" href=\"https:\/\/sisu.ut.ee\/wp-content\/uploads\/sites\/178\/luua_saare_jarve_loomade_nimestikud_24.-28.07.2012.pdf\" target=\"_blank\" title=\"\" rel=\"noopener\">Luual ja Saare j\u00e4rve juures kohatud, kuuldud v\u00f5i tegevusj\u00e4lgede j\u00e4rgi kindlaks tehtud loomade nimestik &gt;&gt;<\/a><\/span><\/span>\n<\/p>\n<p>\n\t<br><span style=\"font-size:16px\"><span style=\"font-family:Verdana,Geneva,sans-serif\"><strong><a data-url=\"https:\/\/sisu.ut.ee\/zrpildid\/luua-24-28-07-2012\" href=\"https:\/\/sisu.ut.ee\/zrpildid\/luua-24-28-07-2012\" target=\"_blank\" title=\"\" rel=\"noopener\">pildid &gt;&gt;<\/a><\/strong><\/span><\/span>\n<\/p>\n<p>\n\t\u00a0\n<\/p>\n<p>\n\t<span style=\"font-size:16px\"><span style=\"font-family:Verdana,Geneva,sans-serif\">\u00f5ppeekskursioonide l\u00e4biviimist toetas\u00a0<a href=\"http:\/\/www.kik.ee\/\" target=\"_blank\" rel=\"noopener\">KIK<\/a><\/span><\/span>\n<\/p>\n<p>\n\t<span style=\"font-size:16px\"><span style=\"font-family:Verdana,Geneva,sans-serif\"><a data-url=\"https:\/\/www.kik.ee\/et\" href=\"https:\/\/www.kik.ee\/et\" target=\"_blank\" title=\"\" rel=\"noopener\"><img decoding=\"async\" alt=\"\" src=\"https:\/\/sisu.ut.ee\/wp-content\/uploads\/sites\/178\/kik_logo_rgb_0.jpg\" style=\"width: 496px;height: 539px\"><\/a><\/span><\/span><br>\u00a0\n<\/p>\n<p>\n\t\u00a0<\/p>\n","protected":false},"excerpt":{"rendered":"<p>pildid &gt;&gt; Kui olime s\u00f6\u00f6nud ja ennast mugavalt Luua Metsanduskooli \u00fchiselamus sisse seadnud,\u00a0tegime tutvust metsanduskooliga. Evelin Saarva tegi meile pika ja p\u00f5hjaliku ekskursiooni.\u00a0Hiljem matkasime Prossa j\u00e4rve \u00e4\u00e4rde, kus suplesime ja ujusime.\u00a0\u00d6isesse nahkhiireteemasse elasime sisse nahkhiire m\u00e4ngu m\u00e4ngides.\u00a0H\u00e4\u00e4lte kuulamiseks ja liikide &#8230;<\/p>\n","protected":false},"author":88,"featured_media":0,"parent":0,"menu_order":0,"comment_status":"closed","ping_status":"closed","template":"","meta":{"_acf_changed":false,"inline_featured_image":false,"footnotes":""},"class_list":["post-90","page","type-page","status-publish","hentry"],"acf":[],"_links":{"self":[{"href":"https:\/\/sisu.ut.ee\/zooloogiaring\/wp-json\/wp\/v2\/pages\/90","targetHints":{"allow":["GET"]}}],"collection":[{"href":"https:\/\/sisu.ut.ee\/zooloogiaring\/wp-json\/wp\/v2\/pages"}],"about":[{"href":"https:\/\/sisu.ut.ee\/zooloogiaring\/wp-json\/wp\/v2\/types\/page"}],"author":[{"embeddable":true,"href":"https:\/\/sisu.ut.ee\/zooloogiaring\/wp-json\/wp\/v2\/users\/88"}],"replies":[{"embeddable":true,"href":"https:\/\/sisu.ut.ee\/zooloogiaring\/wp-json\/wp\/v2\/comments?post=90"}],"version-history":[{"count":1,"href":"https:\/\/sisu.ut.ee\/zooloogiaring\/wp-json\/wp\/v2\/pages\/90\/revisions"}],"predecessor-version":[{"id":731,"href":"https:\/\/sisu.ut.ee\/zooloogiaring\/wp-json\/wp\/v2\/pages\/90\/revisions\/731"}],"wp:attachment":[{"href":"https:\/\/sisu.ut.ee\/zooloogiaring\/wp-json\/wp\/v2\/media?parent=90"}],"curies":[{"name":"wp","href":"https:\/\/api.w.org\/{rel}","templated":true}]}}