{"id":89,"date":"2024-04-04T02:55:55","date_gmt":"2024-04-03T23:55:55","guid":{"rendered":"https:\/\/sisu.ut.ee\/zooloogiaring\/kik-2023\/"},"modified":"2024-04-19T01:45:49","modified_gmt":"2024-04-18T22:45:49","slug":"kik-2023","status":"publish","type":"page","link":"https:\/\/sisu.ut.ee\/zooloogiaring\/kik-2023\/","title":{"rendered":"zooloogiaringi v\u00e4lipraktikumid 2023"},"content":{"rendered":"<p><strong><span style=\"font-size: 26px;\"><span style=\"font-family: Verdana,Geneva,sans-serif;\">Endla 17.-19.02.2023<\/span><\/span><\/strong><\/p>\n\n\n\n<p><span style=\"font-size: 16px;\"><span style=\"font-family: Verdana,Geneva,sans-serif;\">Endla looduskeskuses v\u00f5ttis meid lahkelt vastu Elo Raspel.<\/span><\/span><\/p>\n\n\n\n<p><span style=\"font-size: 16px;\"><span style=\"font-family: Verdana,Geneva,sans-serif;\">Alguses tutvusime Endla looduskeskuse n\u00e4itusega. Kirjutasime\u00a0 \u00fcles paar asja, mida me n\u00e4itust vaadates uut teada saime ja mida me juba varem teadsime ning paar k\u00fcsimust, mis meil n\u00e4itust vaadates tekkisid, aga millele vastuseid me n\u00e4ituselt ei saanud. Hiljem arutasime teedad labi Eloga.<\/span><\/span><\/p>\n\n\n\n<p><span style=\"font-size: 16px;\"><span style=\"font-family: Verdana,Geneva,sans-serif;\">\u00d5htul uurisime esitlust vaadates, milliseid jalaj\u00e4lgi meie imetajad lumele ja maapinnale j\u00e4tavad. Kasutasime j\u00e4ljem\u00e4\u00e4rajaid ja kipsj\u00e4ljendeid loomade j\u00e4lgedest.\u00a0P\u00e4rast k\u00e4isime \u00f6\u00f6pimeduses taskulampidega loodust vaatlemas.<\/span><\/span><\/p>\n\n\n\n<p><span style=\"font-size: 16px;\"><span style=\"font-family: Verdana,Geneva,sans-serif;\"><img decoding=\"async\" style=\"width: 1000px; height: 667px;\" src=\"https:\/\/sisu.ut.ee\/wp-content\/uploads\/sites\/427\/endla_231_05.jpg\" alt=\"\"><\/span><\/span><br><span style=\"font-size: 14px;\"><span style=\"font-family: Verdana,Geneva,sans-serif;\">Elo viib neid rappa r\u00e4\u00e4tsaretkele<\/span><\/span><\/p>\n\n\n\n<p><span style=\"font-size: 16px;\"><span style=\"font-family: Verdana,Geneva,sans-serif;\">Laup\u00e4eva hommikul jagunesime kaheks. Elo viis\u00a0l\u00e4bi\u00a0\u00f5ppeprogrammi \u201cR\u00e4\u00e4tsamatk talvises rabas\u201d nig teised k\u00e4isid Aivoga loomade talviseid j\u00e4lgi uurimas. Et tegevus p\u00f5hjalkum ja huvitavam oleks, v\u00f5tsime kaasa kiletatud fotod loomuliku suurusega j\u00e4lgedest. Neid tuli m\u00e4\u00e4rajaga tuvastada. J\u00e4rgmisel p\u00e4eval r\u00fchmad vahetusid.<\/span><\/span><\/p>\n\n\n\n<p><span style=\"font-size: 16px;\"><span style=\"font-family: Verdana,Geneva,sans-serif;\"><img decoding=\"async\" style=\"width: 1000px; height: 667px;\" src=\"https:\/\/sisu.ut.ee\/wp-content\/uploads\/sites\/427\/endla_231_03.jpg\" alt=\"\"><\/span><\/span><br><span style=\"font-size: 14px;\"><span style=\"font-family: Verdana,Geneva,sans-serif;\">Loomade j\u00e4lgi uurimas<\/span><\/span><\/p>\n\n\n\n<figure class=\"wp-block-image\"><img decoding=\"async\" src=\"https:\/\/sisu.ut.ee\/wp-content\/uploads\/sites\/427\/endla_231_07.jpg\" alt=\"\"><\/figure>\n\n\n\n<p><span style=\"font-size: 16px;\"><span style=\"font-family: Verdana,Geneva,sans-serif;\"><\/span><\/span><\/p>\n\n\n\n<p><span style=\"font-size: 14px;\"><span style=\"font-family: Verdana,Geneva,sans-serif;\"><img decoding=\"async\" style=\"width: 1000px; height: 667px;\" src=\"https:\/\/sisu.ut.ee\/wp-content\/uploads\/sites\/427\/endla_231_14.jpg\" alt=\"\"><br>J\u00e4lgi m\u00e4\u00e4ramas<\/span><\/span><\/p>\n\n\n\n<p><span style=\"font-size: 16px;\"><span style=\"font-family: Verdana,Geneva,sans-serif;\"><img decoding=\"async\" style=\"width: 1000px; height: 667px;\" src=\"https:\/\/sisu.ut.ee\/wp-content\/uploads\/sites\/427\/endla_231_16.jpg\" alt=\"\"><\/span><\/span><br><span style=\"font-size: 14px;\"><span style=\"font-family: Verdana,Geneva,sans-serif;\">Metssea j\u00e4ljed \u201clumel\u201d<\/span><\/span><\/p>\n\n\n\n<p><span style=\"font-size: 16px;\"><span style=\"font-family: Verdana,Geneva,sans-serif;\">Laup\u00e4eva \u00f5htul toimus viktoriinilaadne tegevus, kus m\u00e4\u00e4rasime loomade j\u00e4lgi kipsj\u00e4ljendite j\u00e4rgi. Kipsj\u00e4ljendid oli v\u00f5etud loomade p\u00e4ris j\u00e4lgedest maapinnalt.<\/span><\/span><\/p>\n\n\n\n<p><span style=\"font-size: 16px;\"><span style=\"font-family: Verdana,Geneva,sans-serif;\"><img decoding=\"async\" style=\"width: 1000px; height: 667px;\" src=\"https:\/\/sisu.ut.ee\/wp-content\/uploads\/sites\/427\/endla_231_23.jpg\" alt=\"\"><\/span><\/span><br><span style=\"font-size: 14px;\"><span style=\"font-family: Verdana,Geneva,sans-serif;\">J\u00e4lgede m\u00e4\u00e4ramine kipsj\u00e4ljendite j\u00e4rgi<\/span><\/span><\/p>\n\n\n\n<p><span style=\"font-size: 16px;\"><span style=\"font-family: Verdana,Geneva,sans-serif;\"><img decoding=\"async\" style=\"width: 1000px; height: 667px;\" src=\"https:\/\/sisu.ut.ee\/wp-content\/uploads\/sites\/427\/endla_231_12.jpg\" alt=\"\"><\/span><\/span><br><span style=\"font-size: 14px;\"><span style=\"font-family: Verdana,Geneva,sans-serif;\">Vaatasime kui palju vett saab\u00a0klaasit\u00e4iest lumest<\/span><\/span><\/p>\n\n\n\n<p><span style=\"font-size: 16px;\"><span style=\"font-family: Verdana,Geneva,sans-serif;\">Aega j\u00e4i ka m\u00e4ngudeks ja lumes\u00f5jaks.<\/span><\/span><\/p>\n\n\n\n<figure class=\"wp-block-image\"><img decoding=\"async\" src=\"https:\/\/sisu.ut.ee\/wp-content\/uploads\/sites\/427\/endla_231_20.jpg\" alt=\"\"><\/figure>\n\n\n\n<p><span style=\"font-size: 16px;\"><span style=\"font-family: Verdana,Geneva,sans-serif;\"><\/span><\/span><\/p>\n\n\n\n<figure class=\"wp-block-image\"><img decoding=\"async\" src=\"https:\/\/sisu.ut.ee\/wp-content\/uploads\/sites\/427\/endla_231_27.jpg\" alt=\"\"><\/figure>\n\n\n\n<p><span style=\"font-size: 16px;\"><span style=\"font-family: Verdana,Geneva,sans-serif;\"><\/span><\/span><\/p>\n\n\n\n<p><span style=\"font-size: 14px;\"><span style=\"font-family: Verdana,Geneva,sans-serif;\"><a title=\"\" href=\"https:\/\/sisu.ut.ee\/zrpildid\/endla-17-19-veebruar-2023\" target=\"_blank\" rel=\"noopener\" data-url=\"https:\/\/sisu.ut.ee\/zrpildid\/endla-17-19-veebruar-2023\">pildid &gt;&gt;<\/a><\/span><\/span><\/p>\n\n\n\n<hr class=\"wp-block-separator has-alpha-channel-opacity\">\n\n\n\n<p><br><strong><span style=\"font-size: 26px;\"><span style=\"font-family: Verdana,Geneva,sans-serif;\">Endla 10.-12.03.2023<\/span><\/span><\/strong><\/p>\n\n\n\n<p><span style=\"font-size: 16px;\"><span style=\"font-family: Verdana,Geneva,sans-serif;\">Teises praktikumis osalesid veidi nooremad zooloogiaringi \u00f5pilased.<\/span><\/span><\/p>\n\n\n\n<p><span style=\"font-size: 16px;\"><span style=\"font-family: Verdana,Geneva,sans-serif;\">Kuna paljud ei olnud varem Endlas k\u00e4inud, tegi Elo ekskursiooni looduskeskuse n\u00e4itusel.<\/span><\/span><\/p>\n\n\n\n<figure class=\"wp-block-image\"><img decoding=\"async\" src=\"https:\/\/sisu.ut.ee\/wp-content\/uploads\/sites\/427\/endla_232_19.jpg\" alt=\"\"><\/figure>\n\n\n\n<p><span style=\"font-size: 16px;\"><span style=\"font-family: Verdana,Geneva,sans-serif;\"><\/span><\/span><\/p>\n\n\n\n<p><span style=\"font-size: 16px;\"><span style=\"font-family: Verdana,Geneva,sans-serif;\">\u00d5htul vaatasime ja uurisime loomade talviseid jalaj\u00e4lgi esitluse ja m\u00e4\u00e4rajate abil.<\/span><\/span><\/p>\n\n\n\n<p><span style=\"font-size: 16px;\"><span style=\"font-family: Verdana,Geneva,sans-serif;\">J\u00e4rgmisel p\u00e4eval viisid Elo ja T\u00f5nis pooled \u00f5pilased rappa r\u00e4\u00e4tsamatkale. Teistega k\u00e4is Aivo looduses loomade j\u00e4lgi uurimas.<\/span><\/span><\/p>\n\n\n\n<p><span style=\"font-size: 16px;\"><span style=\"font-family: Verdana,Geneva,sans-serif;\"><img decoding=\"async\" style=\"width: 1000px; height: 667px;\" src=\"https:\/\/sisu.ut.ee\/wp-content\/uploads\/sites\/427\/endla_232_03.jpg\" alt=\"\"><\/span><\/span><br><span style=\"font-size: 14px;\"><span style=\"font-family: Verdana,Geneva,sans-serif;\">Parem oli juba alguses vaadata, et r\u00e4\u00e4tsad jalga sobivad<\/span><\/span><\/p>\n\n\n\n<p><span style=\"font-size: 16px;\"><span style=\"font-family: Verdana,Geneva,sans-serif;\"><img decoding=\"async\" style=\"width: 1001px; height: 667px;\" src=\"https:\/\/sisu.ut.ee\/wp-content\/uploads\/sites\/427\/endla_232_13.jpg\" alt=\"\"><br><img decoding=\"async\" style=\"width: 1000px; height: 667px;\" src=\"https:\/\/sisu.ut.ee\/wp-content\/uploads\/sites\/427\/endla_232_09.jpg\" alt=\"\"><\/span><\/span><br><span style=\"font-size: 14px;\"><span style=\"font-family: Verdana,Geneva,sans-serif;\">\u201cj\u00e4ljed\u201d lumel<\/span><\/span><\/p>\n\n\n\n<p><span style=\"font-size: 16px;\"><span style=\"font-family: Verdana,Geneva,sans-serif;\">\u00d5htul toimus j\u00e4lgede m\u00e4\u00e4ramise viktoriin<\/span><\/span><\/p>\n\n\n\n<p><span style=\"font-size: 16px;\"><span style=\"font-family: Verdana,Geneva,sans-serif;\"><img decoding=\"async\" style=\"width: 1000px; height: 450px;\" src=\"https:\/\/sisu.ut.ee\/wp-content\/uploads\/sites\/427\/endla_232_30.jpg\" alt=\"\"><\/span><\/span><br><span style=\"font-size: 14px;\"><span style=\"font-family: Verdana,Geneva,sans-serif;\">J\u00e4lgede m\u00e4\u00e4ramine kipsj\u00e4ljendite abil<\/span><\/span><\/p>\n\n\n\n<p><img decoding=\"async\" style=\"width: 1000px; height: 450px;\" src=\"https:\/\/sisu.ut.ee\/wp-content\/uploads\/sites\/427\/endla_232_23.jpg\" alt=\"\"><br><span style=\"font-size: 14px;\"><span style=\"font-family: Verdana,Geneva,sans-serif;\">\u00d5htused m\u00e4ngud<\/span><\/span><\/p>\n\n\n\n<p><span style=\"font-size: 14px;\"><span style=\"font-family: Verdana,Geneva,sans-serif;\"><a title=\"\" href=\"https:\/\/sisu.ut.ee\/zrpildid\/endla-10-12-m%C3%A4rts-2023\" target=\"_blank\" rel=\"noopener\" data-url=\"https:\/\/sisu.ut.ee\/zrpildid\/endla-10-12-m%C3%A4rts-2023\">pildid &gt;&gt;<\/a><\/span><\/span><\/p>\n\n\n\n<hr class=\"wp-block-separator has-alpha-channel-opacity\">\n\n\n\n<p><br><strong><span style=\"font-size: 26px;\"><span style=\"font-family: Verdana,Geneva,sans-serif;\">Saarej\u00e4rve 26.-28. mai 2023<\/span><\/span><\/strong><\/p>\n\n\n\n<p><span style=\"font-size: 16px;\"><span style=\"font-family: Verdana,Geneva,sans-serif;\">V\u00e4lipraktikumis keskendusime linnulaulu \u00f5ppimisele.<br>Seep\u00e4rast toimusid ka hommikused linnuretked kahel p\u00e4eval.<\/span><\/span><\/p>\n\n\n\n<p><span style=\"font-size: 16px;\"><span style=\"font-family: Verdana,Geneva,sans-serif;\">Tegime linnulaulu kuulamise treeningu esitluse ja heliklippide abil.<\/span><\/span><\/p>\n\n\n\n<p><img decoding=\"async\" style=\"width: 1000px; height: 450px;\" src=\"https:\/\/sisu.ut.ee\/wp-content\/uploads\/sites\/178\/saarjarve_13.jpg\" alt=\"\"><br><span style=\"font-size: 14px;\"><span style=\"font-family: Verdana,Geneva,sans-serif;\">Linnulaulu kuulamine arvutist<\/span><\/span><\/p>\n\n\n\n<p><span style=\"font-size: 16px;\"><span style=\"font-family: Verdana,Geneva,sans-serif;\">Uurisime linde, loomade tegevusj\u00e4lgi ja putukaid<\/span><\/span><\/p>\n\n\n\n<figure class=\"wp-block-image\"><img decoding=\"async\" src=\"https:\/\/sisu.ut.ee\/wp-content\/uploads\/sites\/427\/saarjarve_12.jpg\" alt=\"\"><\/figure>\n\n\n\n<p><span style=\"font-size: 16px;\"><span style=\"font-family: Verdana,Geneva,sans-serif;\"><\/span><\/span><\/p>\n\n\n\n<figure class=\"wp-block-image\"><img decoding=\"async\" src=\"https:\/\/sisu.ut.ee\/wp-content\/uploads\/sites\/427\/saarjarve_03.jpg\" alt=\"\"><\/figure>\n\n\n\n<p><span style=\"font-size: 16px;\"><span style=\"font-family: Verdana,Geneva,sans-serif;\"><\/span><\/span><\/p>\n\n\n\n<p><span style=\"font-size: 14px;\"><span style=\"font-family: Verdana,Geneva,sans-serif;\"><img decoding=\"async\" style=\"width: 1001px; height: 751px;\" src=\"https:\/\/sisu.ut.ee\/wp-content\/uploads\/sites\/178\/saarjarve_14.jpg\" alt=\"\"><br>Paari v\u00f5i kolmekaupa tegime A3 lehtedele posteresitlused metsalindudest<\/span><\/span><\/p>\n\n\n\n<p><span style=\"font-size: 16px;\"><span style=\"font-family: Verdana,Geneva,sans-serif;\">\u00d5htusel retkel kuulsime v\u00e4ga selgelt \u00f6\u00f6sorri laulu<\/span><\/span><\/p>\n\n\n\n<p><span style=\"font-size: 16px;\"><span style=\"font-family: Verdana,Geneva,sans-serif;\">\u00dcks p\u00f5nevamaid elamusi oli villimardikaga kohtumine<\/span><\/span><\/p>\n\n\n\n<p><span style=\"font-size: 14px;\"><span style=\"font-family: Verdana,Geneva,sans-serif;\"><img decoding=\"async\" style=\"width: 1000px; height: 667px;\" src=\"https:\/\/sisu.ut.ee\/wp-content\/uploads\/sites\/427\/villimardikas_img_3033.jpg\" alt=\"\"><br>villimardikas<\/span><\/span><\/p>\n\n\n\n<p><span style=\"font-size: 14px;\"><span style=\"font-family: Verdana,Geneva,sans-serif;\"><a title=\"\" href=\"https:\/\/sisu.ut.ee\/zrpildid\/saarej%C3%A4rve-26-28-mai-2023\" target=\"_blank\" rel=\"noopener\" data-url=\"https:\/\/sisu.ut.ee\/zrpildid\/saarej%C3%A4rve-26-28-mai-2023\">pildid &gt;&gt;<\/a><\/span><\/span><\/p>\n\n\n\n<hr class=\"wp-block-separator has-alpha-channel-opacity\">\n\n\n\n<p><br><strong><span style=\"font-size: 26px;\"><span style=\"font-family: Verdana,Geneva,sans-serif;\">Kauksi 1.-3. august 2023<\/span><\/span><\/strong><\/p>\n\n\n\n<p><strong><span style=\"font-size: 26px;\"><span style=\"font-family: Verdana,Geneva,sans-serif;\">Kauksi 8.-10. august 2023<\/span><\/span><\/strong><\/p>\n\n\n\n<p><strong><span style=\"font-size: 16px;\"><span style=\"font-family: Verdana,Geneva,sans-serif;\">Alutaguse rahvuspargi k\u00fclastuskeskus<\/span><\/span><\/strong><\/p>\n\n\n\n<p><span style=\"font-size: 16px;\"><span style=\"font-family: Verdana,Geneva,sans-serif;\">Esimeses praktikumis osalesid nooremad \u00f5pilased. Tegevused olid sarnased.<\/span><\/span><\/p>\n\n\n\n<p><span style=\"font-size: 16px;\"><span style=\"font-family: Verdana,Geneva,sans-serif;\">Tutvusime \u00fcmbruskonna loomadega. Vaatlesime, uurisime tegevusj\u00e4lgi, p\u00fc\u00fcdsime putukaid ning veeloomi Peipsi j\u00e4rvest ja Kauksi ojast<\/span><\/span><\/p>\n\n\n\n<figure class=\"wp-block-image\"><img decoding=\"async\" src=\"https:\/\/sisu.ut.ee\/wp-content\/uploads\/sites\/427\/kauksi_1-01.png\" alt=\"\"><\/figure>\n\n\n\n<p><span style=\"font-size: 16px;\"><span style=\"font-family: Verdana,Geneva,sans-serif;\"><\/span><\/span><\/p>\n\n\n\n<figure class=\"wp-block-image\"><img decoding=\"async\" src=\"https:\/\/sisu.ut.ee\/wp-content\/uploads\/sites\/427\/kauksi_1-03.png\" alt=\"\"><\/figure>\n\n\n\n<p><span style=\"font-size: 16px;\"><span style=\"font-family: Verdana,Geneva,sans-serif;\"><\/span><\/span><\/p>\n\n\n\n<figure class=\"wp-block-image\"><img decoding=\"async\" src=\"https:\/\/sisu.ut.ee\/wp-content\/uploads\/sites\/427\/kauksi_2-04.png\" alt=\"\"><\/figure>\n\n\n\n<figure class=\"wp-block-image\"><img decoding=\"async\" src=\"https:\/\/sisu.ut.ee\/wp-content\/uploads\/sites\/427\/kauksi_1-09.png\" alt=\"\"><\/figure>\n\n\n\n<figure class=\"wp-block-image\"><img decoding=\"async\" src=\"https:\/\/sisu.ut.ee\/wp-content\/uploads\/sites\/427\/kauksi_2-22.png\" alt=\"\"><\/figure>\n\n\n\n<p><span style=\"font-size: 16px;\"><span style=\"font-family: Verdana,Geneva,sans-serif;\">K\u00fclastasime keskuse n\u00e4itusi ja vaatasime audiovisuaalse etendust \u201eAlutaguse rahvuspargi aarded\u201c<\/span><\/span><\/p>\n\n\n\n<p><span style=\"font-size: 16px;\"><span style=\"font-family: Verdana,Geneva,sans-serif;\">\u00d5htul vaatlesime nahkhiiri ja kuulasime nende h\u00e4\u00e4litsusi detektori abil<\/span><\/span><\/p>\n\n\n\n<figure class=\"wp-block-image\"><img decoding=\"async\" src=\"https:\/\/sisu.ut.ee\/wp-content\/uploads\/sites\/427\/kauksi_2-12.png\" alt=\"\"><\/figure>\n\n\n\n<p><span style=\"font-size: 16px;\"><span style=\"font-family: Verdana,Geneva,sans-serif;\"><\/span><\/span><\/p>\n\n\n\n<p><span style=\"font-size: 16px;\"><span style=\"font-family: Verdana,Geneva,sans-serif;\">Toimus \u00f5ppeprogramm Eesti imetajate koljudest<br>Alguses \u00f5ppisime tundam ja m\u00e4\u00e4rama imetajate koljusid, teisel p\u00f6eval toimus viktoriin koljude tundmisest m\u00e4\u00e4raja abil<\/span><\/span><\/p>\n\n\n\n<figure class=\"wp-block-image\"><img decoding=\"async\" src=\"https:\/\/sisu.ut.ee\/wp-content\/uploads\/sites\/427\/kauksi_1-17.png\" alt=\"\"><\/figure>\n\n\n\n<figure class=\"wp-block-image\"><img decoding=\"async\" src=\"https:\/\/sisu.ut.ee\/wp-content\/uploads\/sites\/427\/kauksi_2-10.png\" alt=\"\"><\/figure>\n\n\n\n<p><span style=\"font-size: 16px;\"><span style=\"font-family: Verdana,Geneva,sans-serif;\"><\/span><\/span><\/p>\n\n\n\n<figure class=\"wp-block-image\"><img decoding=\"async\" src=\"https:\/\/sisu.ut.ee\/wp-content\/uploads\/sites\/427\/kauksi_1-12.png\" alt=\"\"><\/figure>\n\n\n\n<p><span style=\"font-size: 16px;\"><span style=\"font-family: Verdana,Geneva,sans-serif;\">Viimasel p\u00e4eval K\u00e4isime \u00f5pperetkel Luite matkarajal<\/span><\/span><\/p>\n\n\n\n<figure class=\"wp-block-image\"><img decoding=\"async\" src=\"https:\/\/sisu.ut.ee\/wp-content\/uploads\/sites\/427\/kauksi_1-23.png\" alt=\"\"><\/figure>\n\n\n\n<figure class=\"wp-block-image\"><img decoding=\"async\" src=\"https:\/\/sisu.ut.ee\/wp-content\/uploads\/sites\/427\/kauksi_2-28.png\" alt=\"\"><\/figure>\n\n\n\n<p><img decoding=\"async\" style=\"width: 1000px; height: 667px;\" src=\"https:\/\/sisu.ut.ee\/wp-content\/uploads\/sites\/427\/vesineitsik_vastne.png\" alt=\"\"><br><span style=\"font-size: 14px;\"><span style=\"font-family: Verdana,Geneva,sans-serif;\">vesineitsiku vastne<\/span><\/span><\/p>\n\n\n\n<p><br><span style=\"font-size: 14px;\"><span style=\"font-family: Verdana,Geneva,sans-serif;\">Kauksi 1.-3. august 2023<br>nooremad \u00f5pilased<br><a title=\"\" href=\"https:\/\/sisu.ut.ee\/zrpildid\/kauksi-1-3-august-2023\" target=\"_blank\" rel=\"noopener\" data-url=\"https:\/\/sisu.ut.ee\/zrpildid\/kauksi-1-3-august-2023\">pildid &gt;&gt;<\/a><\/span><\/span><\/p>\n\n\n\n<p><span style=\"font-size: 14px;\"><span style=\"font-family: Verdana,Geneva,sans-serif;\">Kauksi 8.-10. august 2023<br>vanemad \u00f5pilased<br><a title=\"\" href=\"https:\/\/sisu.ut.ee\/zrpildid\/kauksi-8-10-august-2023\" target=\"_blank\" rel=\"noopener\" data-url=\"https:\/\/sisu.ut.ee\/zrpildid\/kauksi-8-10-august-2023\">pildid &gt;&gt;<\/a><\/span><\/span><\/p>\n\n\n\n<p><br><a href=\"https:\/\/kik.ee\/et\" target=\"_blank\" rel=\"noreferrer noopener\"><img loading=\"lazy\" decoding=\"async\" width=\"800\" height=\"869\" class=\"wp-image-274\" style=\"width: 800px;\" src=\"https:\/\/sisu.ut.ee\/wp-content\/uploads\/sites\/178\/kik_logo_rgb-1.jpg\" alt=\"\" srcset=\"https:\/\/sisu.ut.ee\/wp-content\/uploads\/sites\/178\/kik_logo_rgb-1.jpg 496w, https:\/\/sisu.ut.ee\/wp-content\/uploads\/sites\/178\/kik_logo_rgb-1-276x300.jpg 276w\" sizes=\"auto, (max-width: 800px) 100vw, 800px\"><\/a><\/p>\n\n\n\n<p><\/p>\n\n\n\n<p><\/p>\n\n\n\n<p><\/p>\n","protected":false},"excerpt":{"rendered":"<p>Endla 17.-19.02.2023 Endla looduskeskuses v\u00f5ttis meid lahkelt vastu Elo Raspel. Alguses tutvusime Endla looduskeskuse n\u00e4itusega. Kirjutasime\u00a0 \u00fcles paar asja, mida me n\u00e4itust vaadates uut teada saime ja mida me juba varem teadsime ning paar k\u00fcsimust, mis meil n\u00e4itust vaadates tekkisid, &#8230;<\/p>\n","protected":false},"author":88,"featured_media":0,"parent":0,"menu_order":0,"comment_status":"closed","ping_status":"closed","template":"","meta":{"_acf_changed":false,"inline_featured_image":false,"footnotes":""},"class_list":["post-89","page","type-page","status-publish","hentry"],"acf":[],"_links":{"self":[{"href":"https:\/\/sisu.ut.ee\/zooloogiaring\/wp-json\/wp\/v2\/pages\/89","targetHints":{"allow":["GET"]}}],"collection":[{"href":"https:\/\/sisu.ut.ee\/zooloogiaring\/wp-json\/wp\/v2\/pages"}],"about":[{"href":"https:\/\/sisu.ut.ee\/zooloogiaring\/wp-json\/wp\/v2\/types\/page"}],"author":[{"embeddable":true,"href":"https:\/\/sisu.ut.ee\/zooloogiaring\/wp-json\/wp\/v2\/users\/88"}],"replies":[{"embeddable":true,"href":"https:\/\/sisu.ut.ee\/zooloogiaring\/wp-json\/wp\/v2\/comments?post=89"}],"version-history":[{"count":3,"href":"https:\/\/sisu.ut.ee\/zooloogiaring\/wp-json\/wp\/v2\/pages\/89\/revisions"}],"predecessor-version":[{"id":994,"href":"https:\/\/sisu.ut.ee\/zooloogiaring\/wp-json\/wp\/v2\/pages\/89\/revisions\/994"}],"wp:attachment":[{"href":"https:\/\/sisu.ut.ee\/zooloogiaring\/wp-json\/wp\/v2\/media?parent=89"}],"curies":[{"name":"wp","href":"https:\/\/api.w.org\/{rel}","templated":true}]}}