{"id":88,"date":"2024-04-04T02:55:55","date_gmt":"2024-04-03T23:55:55","guid":{"rendered":"https:\/\/sisu.ut.ee\/zooloogiaring\/kirna-oppeekskursioon-19-20-03-2012\/"},"modified":"2024-04-04T02:58:07","modified_gmt":"2024-04-03T23:58:07","slug":"kirna-oppeekskursioon-19-20-03-2012","status":"publish","type":"page","link":"https:\/\/sisu.ut.ee\/zooloogiaring\/kirna-oppeekskursioon-19-20-03-2012\/","title":{"rendered":"Kirna 19.-20. m\u00e4rts 2012"},"content":{"rendered":"<p>\n\t<span style=\"font-family:Verdana,Geneva,sans-serif\"><span style=\"font-size:16px\"><strong><a data-url=\"https:\/\/sisu.ut.ee\/zrpildid\/kirna-19-20-03-2012\" href=\"https:\/\/sisu.ut.ee\/zrpildid\/kirna-19-20-03-2012\" target=\"_blank\" title=\"\" rel=\"noopener\">pildid &gt;&gt;<\/a><\/strong><\/span><\/span>\n<\/p>\n<p>\n\t<br><span style=\"font-family:Verdana,Geneva,sans-serif\"><span style=\"font-size:16px\">P\u00e4rast tutvumism\u00e4ngu ja l\u00f5unas\u00f6\u00f6ki k\u00fclastasime looduskeskust.\u00a0Piret Valge r\u00e4\u00e4kis meile Alam-Pedja Looduskaitsealast.\u00a0M\u00e4ngisime vahvat p\u00f5raandam\u00e4ngu ja vaatasime l\u00fchikesi videofilme.<\/span><\/span>\n<\/p>\n<p>\n\t<span style=\"font-family:Verdana,Geneva,sans-serif\"><span style=\"font-size:16px\"><img decoding=\"async\" alt=\"\" src=\"https:\/\/sisu.ut.ee\/wp-content\/uploads\/sites\/427\/kina13_03_03.jpg\" style=\"width: 1000px;height: 667px\"><\/span><\/span>\n<\/p>\n<p>\n\t<span style=\"font-family:Verdana,Geneva,sans-serif\"><span style=\"font-size:16px\"><img decoding=\"async\" alt=\"\" src=\"https:\/\/sisu.ut.ee\/wp-content\/uploads\/sites\/427\/kina13_03_06.jpg\" style=\"width: 1000px;height: 667px\"><\/span><\/span>\n<\/p>\n<p>\n\t<span style=\"font-family:Verdana,Geneva,sans-serif\"><span style=\"font-size:16px\">\u00d5htuses \u00f5ppetunnis sai selgeks teraviljad kaer, oder, rukkis ja nisu ning mis neist valmistatake.<\/span><\/span>\n<\/p>\n<p>\n\t<span style=\"font-family:Verdana,Geneva,sans-serif\"><span style=\"font-size:16px\"><img decoding=\"async\" alt=\"\" src=\"https:\/\/sisu.ut.ee\/wp-content\/uploads\/sites\/427\/kina13_03_09.jpg\" style=\"width: 1000px;height: 667px\"><\/span><\/span>\n<\/p>\n<p>\n\t<span style=\"font-family:Verdana,Geneva,sans-serif\"><span style=\"font-size:16px\">Loodusretkel k\u00e4isime tese p\u00e4eva hommikul.<\/span><\/span>\n<\/p>\n<p>\n\t<span style=\"font-family:Verdana,Geneva,sans-serif\"><span style=\"font-size:16px\"><img decoding=\"async\" alt=\"\" src=\"https:\/\/sisu.ut.ee\/wp-content\/uploads\/sites\/427\/kina13_03_13.jpg\" style=\"width: 1000px;height: 667px\"><\/span><\/span>\n<\/p>\n<p>\n\t<br><span style=\"font-family:Verdana,Geneva,sans-serif\"><span style=\"font-size:16px\"><strong><a data-url=\"https:\/\/sisu.ut.ee\/zrpildid\/kirna-19-20-03-2012\" href=\"https:\/\/sisu.ut.ee\/zrpildid\/kirna-19-20-03-2012\" target=\"_blank\" title=\"\" rel=\"noopener\">pildid &gt;&gt;<\/a><\/strong><\/span><\/span>\n<\/p>\n<p>\n\t<br><span style=\"font-family:Verdana,Geneva,sans-serif\"><span style=\"font-size:16px\">\u00f5ppeekskursioonide l\u00e4biviimist toetas\u00a0<a href=\"http:\/\/www.kik.ee\/\" target=\"_blank\" rel=\"noopener\">KIK<\/a><\/span><\/span>\n<\/p>\n<p>\n\t<span style=\"font-family:Verdana,Geneva,sans-serif\"><span style=\"font-size:16px\"><a data-url=\"https:\/\/www.kik.ee\/et\" href=\"https:\/\/www.kik.ee\/et\" target=\"_blank\" title=\"\" rel=\"noopener\"><img decoding=\"async\" alt=\"\" src=\"https:\/\/sisu.ut.ee\/wp-content\/uploads\/sites\/178\/kik_logo_rgb_0.jpg\" style=\"width: 496px;height: 539px\"><\/a><\/span><\/span><br>\u00a0<\/p>\n","protected":false},"excerpt":{"rendered":"<p>pildid &gt;&gt; P\u00e4rast tutvumism\u00e4ngu ja l\u00f5unas\u00f6\u00f6ki k\u00fclastasime looduskeskust.\u00a0Piret Valge r\u00e4\u00e4kis meile Alam-Pedja Looduskaitsealast.\u00a0M\u00e4ngisime vahvat p\u00f5raandam\u00e4ngu ja vaatasime l\u00fchikesi videofilme. \u00d5htuses \u00f5ppetunnis sai selgeks teraviljad kaer, oder, rukkis ja nisu ning mis neist valmistatake. Loodusretkel k\u00e4isime tese p\u00e4eva hommikul. pildid &gt;&gt; &#8230;<\/p>\n","protected":false},"author":88,"featured_media":0,"parent":0,"menu_order":0,"comment_status":"closed","ping_status":"closed","template":"","meta":{"_acf_changed":false,"inline_featured_image":false,"footnotes":""},"class_list":["post-88","page","type-page","status-publish","hentry"],"acf":[],"_links":{"self":[{"href":"https:\/\/sisu.ut.ee\/zooloogiaring\/wp-json\/wp\/v2\/pages\/88","targetHints":{"allow":["GET"]}}],"collection":[{"href":"https:\/\/sisu.ut.ee\/zooloogiaring\/wp-json\/wp\/v2\/pages"}],"about":[{"href":"https:\/\/sisu.ut.ee\/zooloogiaring\/wp-json\/wp\/v2\/types\/page"}],"author":[{"embeddable":true,"href":"https:\/\/sisu.ut.ee\/zooloogiaring\/wp-json\/wp\/v2\/users\/88"}],"replies":[{"embeddable":true,"href":"https:\/\/sisu.ut.ee\/zooloogiaring\/wp-json\/wp\/v2\/comments?post=88"}],"version-history":[{"count":1,"href":"https:\/\/sisu.ut.ee\/zooloogiaring\/wp-json\/wp\/v2\/pages\/88\/revisions"}],"predecessor-version":[{"id":733,"href":"https:\/\/sisu.ut.ee\/zooloogiaring\/wp-json\/wp\/v2\/pages\/88\/revisions\/733"}],"wp:attachment":[{"href":"https:\/\/sisu.ut.ee\/zooloogiaring\/wp-json\/wp\/v2\/media?parent=88"}],"curies":[{"name":"wp","href":"https:\/\/api.w.org\/{rel}","templated":true}]}}