{"id":87,"date":"2024-04-04T02:55:55","date_gmt":"2024-04-03T23:55:55","guid":{"rendered":"https:\/\/sisu.ut.ee\/zooloogiaring\/2023-2024\/"},"modified":"2024-05-25T13:22:41","modified_gmt":"2024-05-25T10:22:41","slug":"2023-2024","status":"publish","type":"page","link":"https:\/\/sisu.ut.ee\/zooloogiaring\/2023-2024\/","title":{"rendered":"2023-2024"},"content":{"rendered":"<p>2022-2023 \u00f5ppeaasta teemad<\/p>\n<ol>\n<li>skungid<\/li>\n<li>atlandi-polaarhai<\/li>\n<li>punak\u00f5ht-vesilikud<\/li>\n<li>albatrossid<\/li>\n<li>l\u00f5gismaod<\/li>\n<li>saarmas<\/li>\n<li>s\u00fcvamerekalad<\/li>\n<li>meie kodused lemmikloomad<\/li>\n<li>dodo ja\u00a0rodriguese dront<\/li>\n<li>nokkloom, sipelgasiil, nokissiilid<\/li>\n<li>nahkkilpkonn<\/li>\n<li>ilves<\/li>\n<li>lumekits<\/li>\n<li>vesipapp<\/li>\n<li>tenrek<\/li>\n<li>aafrikar\u00e4stikud<\/li>\n<li>narval<\/li>\n<li>gepard<\/li>\n<li>noolem\u00fcrgikonnad (puukonlased)<\/li>\n<li>moad<\/li>\n<li>matamata<\/li>\n<li>taapirid<\/li>\n<li>kondorid<\/li>\n<li>harjasgeko<\/li>\n<li>ehmestiivalised<\/li>\n<li>saiga<\/li>\n<li>r\u00e4ndtuvi<\/li>\n<li>klaaskonnad<\/li>\n<li>tuhatjalgsed<\/li>\n<li>laisikud<\/li>\n<li>\u00f5uetunnid<\/li>\n<\/ol>\n","protected":false},"excerpt":{"rendered":"<p>2022-2023 \u00f5ppeaasta teemad skungid atlandi-polaarhai punak\u00f5ht-vesilikud albatrossid l\u00f5gismaod saarmas s\u00fcvamerekalad meie kodused lemmikloomad dodo ja\u00a0rodriguese dront nokkloom, sipelgasiil, nokissiilid nahkkilpkonn ilves lumekits vesipapp tenrek aafrikar\u00e4stikud narval gepard noolem\u00fcrgikonnad (puukonlased) moad matamata taapirid kondorid harjasgeko ehmestiivalised saiga r\u00e4ndtuvi klaaskonnad tuhatjalgsed laisikud &#8230;<\/p>\n","protected":false},"author":88,"featured_media":0,"parent":0,"menu_order":0,"comment_status":"closed","ping_status":"closed","template":"","meta":{"_acf_changed":false,"inline_featured_image":false,"footnotes":""},"class_list":["post-87","page","type-page","status-publish","hentry"],"acf":[],"_links":{"self":[{"href":"https:\/\/sisu.ut.ee\/zooloogiaring\/wp-json\/wp\/v2\/pages\/87","targetHints":{"allow":["GET"]}}],"collection":[{"href":"https:\/\/sisu.ut.ee\/zooloogiaring\/wp-json\/wp\/v2\/pages"}],"about":[{"href":"https:\/\/sisu.ut.ee\/zooloogiaring\/wp-json\/wp\/v2\/types\/page"}],"author":[{"embeddable":true,"href":"https:\/\/sisu.ut.ee\/zooloogiaring\/wp-json\/wp\/v2\/users\/88"}],"replies":[{"embeddable":true,"href":"https:\/\/sisu.ut.ee\/zooloogiaring\/wp-json\/wp\/v2\/comments?post=87"}],"version-history":[{"count":4,"href":"https:\/\/sisu.ut.ee\/zooloogiaring\/wp-json\/wp\/v2\/pages\/87\/revisions"}],"predecessor-version":[{"id":1438,"href":"https:\/\/sisu.ut.ee\/zooloogiaring\/wp-json\/wp\/v2\/pages\/87\/revisions\/1438"}],"wp:attachment":[{"href":"https:\/\/sisu.ut.ee\/zooloogiaring\/wp-json\/wp\/v2\/media?parent=87"}],"curies":[{"name":"wp","href":"https:\/\/api.w.org\/{rel}","templated":true}]}}