{"id":82,"date":"2024-04-04T02:55:55","date_gmt":"2024-04-03T23:55:55","guid":{"rendered":"https:\/\/sisu.ut.ee\/zooloogiaring\/zooloogiaringist_2014\/"},"modified":"2024-04-04T02:58:07","modified_gmt":"2024-04-03T23:58:07","slug":"zooloogiaringist_2014","status":"publish","type":"page","link":"https:\/\/sisu.ut.ee\/zooloogiaring\/zooloogiaringist_2014\/","title":{"rendered":"Zooloogiaringist 2014"},"content":{"rendered":"<p>\n\t<span style=\"font-size:14px\"><span style=\"font-family:Verdana,Geneva,sans-serif\">2014. aasta s\u00fcgisel, kui zooloogiaring sai 20 aastaseks, meenutasid ringi vilistlased ringis oldud aega\u2026<\/span><\/span>\n<\/p>\n<hr>\n<p>\n\t\u00a0\n<\/p>\n<p>\n\t<span style=\"font-size:14px\"><span style=\"font-family:Verdana,Geneva,sans-serif\">Zooloogiaringist olen saanud s\u00f5pru, kellega suhtlen ka praegu. Lisaks sellele on veel meeles mitmeid ringis omandatud teadmisi kodumaa loodusest (karbikodadest rannal loomaj\u00e4lgedeni metsas). Punktide eest sai \u201costetud\u201d loodusraamatuid. Zooloogiaringist m\u00e4letan eelk\u00f5ige \u00f5ppek\u00e4ike ja -laagreid, kuid ka episoode m\u00f5nest ringitunnist (millegip\u00e4rast on mul meeles n\u00e4iteks eesti karpide m\u00e4\u00e4ramine) ja katkeid niisama-jutust p\u00e4rast ringitundi. Ja veel palju-palju muud, kui ma n\u00fc\u00fcd m\u00f5tlema hakkan.<\/span><\/span>\n<\/p>\n<p>\n\t<span style=\"font-size:14px\"><span style=\"font-family:Verdana,Geneva,sans-serif\">Mark<\/span><\/span>\n<\/p>\n<hr>\n<p>\n\t\u00a0\n<\/p>\n<p>\n\t<span style=\"font-size:14px\"><span style=\"font-family:Verdana,Geneva,sans-serif\">Meelde on j\u00e4\u00e4nud p\u00f5hiliselt mitmed matkad Palup\u00f5hjas, L\u00f5una-Eestis ja ka Tartu \u00fcmbruses. Kasulikkuse koha pealt olen saanud palju tutvusi, matkaisu ja ka teadmised p\u00e4ris maha ei jooksnud.<\/span><\/span>\n<\/p>\n<p>\n\t<span style=\"font-size:14px\"><span style=\"font-family:Verdana,Geneva,sans-serif\">Uku<\/span><\/span>\n<\/p>\n<hr>\n<p>\n\t\u00a0\n<\/p>\n<p>\n\t<span style=\"font-size:14px\"><span style=\"font-family:Verdana,Geneva,sans-serif\">Zooloogiaringist on j\u00e4\u00e4nud ainult head m\u00e4lestused. Tunnid olid huvitavad ning iga kord sai uuritud uut looma. Spetsiifiliselt j\u00e4i meelde prussaka lahang, naljakad loodusfilmid ja ka k\u00f5ik loomad, mis zooloogiamuuseumis elutsesid. Kui sellele veel lisada hea seltskond, m\u00f5nus atmosf\u00e4\u00e4r ning v\u00e4ljas\u00f5idud loodusesse, siis v\u00f5ib \u00f6elda, et zooloogiaringist tasub alati l\u00e4bi astuda, et vaadata, mida huvitavat seal n\u00fc\u00fcd toimub.<\/span><\/span>\n<\/p>\n<p>\n\t<span style=\"font-size:14px\"><span style=\"font-family:Verdana,Geneva,sans-serif\">Silver K\u00e4ppa<\/span><\/span>\n<\/p>\n<hr>\n<p>\n\t\u00a0\n<\/p>\n<p>\n\t<span style=\"font-size:14px\"><span style=\"font-family:Verdana,Geneva,sans-serif\">\u201cMida head ma zooloogiaringist saanud olen\u201d<br>ehk miks ma enam kevadel haugi ei p\u00fc\u00fca ja kuidas minust arstitudeng sai.<\/span><\/span>\n<\/p>\n<p>\n\t<span style=\"font-size:14px\"><span style=\"font-family:Verdana,Geneva,sans-serif\">Zooloogiaring on \u00f5petanud mulle palju t\u00e4htsat ja huvitavat nii minu enda kui mind eluaeg \u00fcmbritsenu kohta.<br>Tulin ringi p\u00f5hikoolis kui ma veel oma tulevikust \u00f5ieti midagi ei teadnud. Ringi matkadel, \u00f5ppek\u00e4ikudel ja tundides osalemine s\u00fcvendas minus veendumust, et tahan tulevikus ka t\u00f6\u00f6alaselt tegeleda millegi elava ja hingavaga. G\u00fcmnaasiumis arenes sellest veendumusest teadmine, et tahan saada arstiks.<br>Aga miks ma siis enam kevadel haugi ei p\u00fc\u00fca?<br>Loomulikult sellep\u00e4rast et haugil on kevadel kudemisaeg. Loomade eluviisi l\u00e4hem tundma\u00f5ppimine t\u00f5i noorele kalamehele arusaamise, et mida rohkem teiste elukatega arvestada, seda parem.<\/span><\/span>\n<\/p>\n<p>\n\t<span style=\"font-size:14px\"><span style=\"font-family:Verdana,Geneva,sans-serif\">T\u00f5nis<br>Zooloogiaringis 8 aastat<\/span><\/span>\n<\/p>\n<hr>\n<p>\n\t\u00a0\n<\/p>\n<p>\n\t<span style=\"font-size:14px\"><span style=\"font-family:Verdana,Geneva,sans-serif\">Zooloogiaringist<\/span><\/span><\/p>\n<p>Zooloogiaring pole kindlasti lihtsalt grupp inimesi, kes koos k\u00f5iksugu loomaasju \u00f5pivad. Lisaks zooloogilistele teadmistele leidsin sealt pikaajalisi s\u00f5pru, kasulikke kontakte (nende t\u00e4htsus selgub tavaliselt natukene vanemaks saades) ning palju toredaid m\u00e4lestusi. Ilma zooloogiaringita poleks ma kunagi\u2026<br>\u2026nii paljudel lindudel, putukatel ja loomaj\u00e4lgedel vahet tegema \u00f5ppinud<br>\u2026zooloogiamuuseumis tasside kaupa teed joonud<br>\u2026\u00fchelgi rattamatkal k\u00e4inud, eriti Otep\u00e4\u00e4 k\u00f5rgustikul<br>\u2026viitsinud talvel matkama minna ja seet\u00f5ttu paanikas p\u00f5drapere ja \u00f5nnelikult r\u00f6hkiva metsseapere n\u00e4gemisest ilma j\u00e4\u00e4nud<br>\u2026nii palju loodusdokumentaale vaadanud<br>\u2026zooloogiamuuseumis salaja k\u00f5iki suurimetajate topiseid n\u00e4puga katsunud<br>\u2026piljardit m\u00e4ngima \u00f5ppinud (v\u00e4hemalt mitte nii vara)<br>\u2026Marki nii nappides v\u00f5i kummalistes riietusesemetes n\u00e4inud<br>\u2026 nii palju T\u00e4htvere kandis ringi uidanud<br>\u2026Vilsandil jooksmas k\u00e4inud ning p\u00e4rast T\u00f5nise hiiglasliku telgi vestib\u00fc\u00fclis maganud, kuna minu oma otsustas basseini kehastada<br>\u2026zooloogiamuuseumi madusid ja kallist lahkunud k\u00fc\u00fclikut katsuda saanud<br>\u2026sellistesse olukordadesse sattunud, mille tagaj\u00e4rjel oleks mu arvutisse tekkinud pildid Margi k\u00f5hust meie aiak\u00e4rus v\u00f5i Uku loendamatutest atleetlikest poosidest v\u00f5i nende erinevatest katsetest kodutut kehastada<br>\u2026Eveli ja Lauri pulmas k\u00e4inud, sest nad poleks ilma meie Saaremaa matkata kohtunud<br>\u2026k\u00f5iki meie toredaid liikmeid tundma \u00f5ppinud!\n<\/p>\n<p>\n\t<span style=\"font-size:14px\"><span style=\"font-family:Verdana,Geneva,sans-serif\">Kristiina Tomasson<\/span><\/span>\n<\/p>\n<hr>\n<p>\n\t\u00a0\n<\/p>\n<p>\n\t<span style=\"font-size:14px\"><span style=\"font-family:Verdana,Geneva,sans-serif\">Zooloogiaring<\/span><\/span>\n<\/p>\n<p>\n\t<span style=\"font-size:14px\"><span style=\"font-family:Verdana,Geneva,sans-serif\">Tulin zooloogiaringi 2000. aasta septembris. Sel ajal ei olnud muuseumile veel remonti tegema hakatud ja meie ring oli v\u00e4ikestes ruumides, kuhu p\u00e4\u00e4ses m\u00f6\u00f6da \u00fcht v\u00e4ga j\u00e4rsku ja pimedat treppi. Selline p\u00f5nev ja keeruline rada punkrisse, kuhu pahaaimamatud muuseumik\u00fclastajad kogemata eksida ei saanud, lisas t\u00f5siselt salap\u00e4rase h\u00f5ngu, mis k\u00f5netas v\u00e4ga tugevalt \u00fcht 7. klassi poiss. Ringi ruumi seinu katsid riiulid ja kapid, mis oli pilgeni t\u00e4is putukakogu kaste, raamatuid ning palju muud, mis j\u00e4ttis \u00fclekuhjatud mulje, kuid samas tekitas 19. sajandilikult teaduslikku h\u00f5ngu.<\/span><\/span>\n<\/p>\n<p>\n\t<span style=\"font-size:14px\"><span style=\"font-family:Verdana,Geneva,sans-serif\">Zooloogiaringis \u00f5ppisime nii Eesti kui ka muu maailma loomadest. Kel huvi oli, sai Aivo juhendamisel s\u00fcvitsi minna ja m\u00f5ne loomagrupi kohta n\u00e4iteks m\u00e4\u00e4raja koostada, mis olid p\u00f5hikooli \u00f5pilase seisukohalt \u00fclimalt teaduslikud. Aktiivsus ja vaeva n\u00e4gemine ei p\u00e4\u00e4dinud ainult tegemisr\u00f5\u00f5muga, teadmiste n\u00e4itamise ja aktiivsuse eest sai punkte, mis sai hiljem millegi suurema vastu v\u00e4lja vahetatud, n\u00e4iteks raamatute v\u00f5i putuka kollektsiooniks vajalike karpide.<br>Tol ajal k\u00e4is zooloogiaringis palju inimesi, kes moel v\u00f5i teisel tegelesid putukatega ja nii hakkasin ka mina putukate (eelk\u00f5ige mardikate ja kiilide) kogumisega pihta. Kui ilm lubas, siis k\u00e4isime me Emaj\u00f5e \u00e4\u00e4res v\u00f5i T\u00e4htvere metsas l\u00fchikestel ekspeditsioonidel, kus tegime t\u00e4helepanekuid linnasisese ja -l\u00e4hedase looduse kohta. Muidugi sai ka oma putukakollektsiooni t\u00e4iendatud. Suviti, kuid vahel ka talvel, sai ette v\u00f5etud ka suuremaid matku. Alguses olid need rongi ja ratastega ning \u00f6\u00f6bimine oli telkides ja kogu varustus, mida kasutada sai, tuli rattakotti \u00e4ra mahutada. Hiljem, kui tekkis v\u00f5imalus k\u00e4ia sellistes kohtades nagu P\u00e4hni, Palup\u00f5hja ja isegi Viidum\u00e4e, kus olid igasugused mugavused, s.h. binokulaarid, muutus elu peaaegu luksuslikuks. Sellegipoolest andsid ka algusaastate natuke karmimad retked palju m\u00e4lestusi ja matkal k\u00e4imise oskusi hilisemaks. Kuigi akadeemilise hariduse koha pealt ei saanud alati nii palju l\u00e4bi viia, siis seikluse m\u00f5ttes olid need seda intensiivsemad ja mida elult muud tahta.<br>Peab \u00fctlema, et zooloogiaring oli v\u00e4ga oodatud ja meeldiv koolij\u00e4rgne tegevus kogu p\u00f5hikooli ja ka keskkooli ajal, kus sai palju p\u00f5nevat teada, mida kooli tavalistes bioloogia tundides ei r\u00e4\u00e4gitud. Samuti \u00fchendas see palju sarnaste huvidega inimesi, kellega praegugi suhtlen ning kellega koos saab aeg-ajalt matkadel k\u00e4ia.<\/span><\/span>\n<\/p>\n<p>\n\t<span style=\"font-size:14px\"><span style=\"font-family:Verdana,Geneva,sans-serif\">Martin Sauk (zooloogiaringis aastatel 2000 \u2013 ~2010 )<\/span><\/span>\n<\/p>\n<hr>\n<p>\n\t<br><span style=\"font-size:14px\"><span style=\"font-family:Verdana,Geneva,sans-serif\">Omajagu on muutunud sellest ajast, kui mina rohkem kui k\u00fcmne aasta eest zooloogiaringi tulin, kuid siiani on niiv\u00f5rd elavalt meeles vana v\u00e4ike \u00f5ppeklass endise zooloogiamuuseumi teisel korrusel, kuhu viis kitsas ja natuke vildakas trepp ning kus sai algusaastatel veedetud palju \u00f5htuseid tunde. Need tunnid koos lugematu arvu matkade ja looduslaagritega andsid oskuse vaadata meid \u00fcmbritsevat keskkonda natuke rohkem avatud silmadega ning \u00f5petasid, et looduses ringi liikudes v\u00f5ib k\u00e4ia sama rada k\u00fcmneid kordi ja kui osata vaadata, leida iga kord midagi uut ja erilist.<br>Kuigi armastus looduse vastu oli mul kahtlemata t\u00e4rganud juba varem, pakkus zooloogiaringi \u00f5hustik v\u00f5rratu viisi selle arendamiseks inimestega, kellega oli alati niiv\u00f5rd lihtne leida midagi \u00fchist. M\u00f5eldes sellele, kui palju oma vabast ajast veedan ma siiani v\u00f5imaluse korral looduses, on raske alahinnata zooloogiaringi ja meie v\u00e4simatu juhendaja Aivo rolli taolise huvi kujunemises.<br>Zooloogiaringiga veedetud aastatest on m\u00e4llu s\u00fc\u00fcbinud palju kustumatuid elamusi, kuid mis k\u00f5ige olulisem, kujunenud t\u00f5elised s\u00f5prussuhted kogu eluks. Ait\u00e4h, ning j\u00f5udu ja motivatsiooni edaspidiseks!<\/span><\/span>\n<\/p>\n<p>\n\t<span style=\"font-size:14px\"><span style=\"font-family:Verdana,Geneva,sans-serif\">Rudolf<\/span><\/span>\n<\/p>\n<hr>\n<p>\n\t\u00a0\n<\/p>\n<p>\n\t<span style=\"font-size:14px\"><span style=\"font-family:Verdana,Geneva,sans-serif\">M\u00f5tted zooloogiaringist<\/span><\/span>\n<\/p>\n<p>\n\t<span style=\"font-size:14px\"><span style=\"font-family:Verdana,Geneva,sans-serif\">Jutte zooloogiaringist olin kuulnud Tartu Loodusmajas teistelt zooloogiaringi \u00f5pilastelt, kes r\u00e4\u00e4kisid, et Aivo Tamm on jube lahe \u00f5petaja ja ta korraldab v\u00e4ga palju toredaid laagreid. Kuna minu arvates on laagrites k\u00e4ik h\u00e4sti \u00f5petlik ja p\u00f5nev tegevus, siis m\u00f5tlesin samuti minna zooloogiaringi ning ma ei pidanud pettuma. K\u00e4isin zooloogiaringis \u00fche aasta ning v\u00f5in \u00f6elda, et sain uskumatuid teadmisi erinevatest loomadest, millest ma polnud algselt kuulnudki nagu fregattlindudest, kandlastest, tuukanitest ja numbatitest. Tema tunnid olid alati v\u00e4ga h\u00e4sti ettevalmistatud, v\u00f5ib isegi \u00f6elda, et viimse detailini l\u00e4bi m\u00f5eldud. Tema \u00f5ppemeetod on uskumatult geniaalne, et tekitab tuhinat zooloogiaringi minna. Tal oli eriline punktis\u00fcsteem, kus erinevate \u00fclesannete eest oli v\u00f5imalik koguda punkte ja nende punktide eest oli l\u00f5puks v\u00f5imalik endale soetada m\u00f5ni \u00f5petlik loodusraamat, kalakaardid v\u00f5i DVD jms. Punkte sai selle eest, kui tulid tundi kohale, siis selle eest kui m\u00e4\u00e4rasid erinevaid putukaid nagu siklaseid, laagrites k\u00e4imise eest ja vahest sai ka \u00fcllatuspunkte ning m\u00e4letan, et tekkis vahepeal ka v\u00e4ike v\u00f5itlus \u00f5pilaste vahel et, kes on rohkem punkte kogunud. Ennem tundi oli v\u00f5imalus ka puslesid kokku panna, mille eest sai omakorda lisapunkte teenida, ja Aivol ei onud mitte ainult tavalisi puslesid vaid 3D puslesid, mis olid erinevate loomade kujudega, need n\u00f5udsid rohkem loogilist m\u00f5tlemist ja pusimist. Minu meelest on k\u00f5ik Aivo tunnid v\u00e4ga erilised, kuid meenutades m\u00f5nda erakordsemat tundi, siis meenub esimene tund, kui l\u00e4ksime loomatuppa uurima madusid ja tarantleid. Arvasin, et vaatame neid lihtsalt, kuid Aivo v\u00f5ttis mao terraariumist v\u00e4lja ja hakkas rahumeelselt pakkuma et, kes tahab teda s\u00fclle v\u00f5tta ja muidugi esimest korda tekitab see aukartust ja paljud pugesid eemale, kuid l\u00f5puks saime k\u00f5ik hirmust jagu ja julgesime mao k\u00e4tte v\u00f5tta ja p\u00e4rast ei olnud ka probleemi tarantleid peos hoida, kuna Aivo on ju v\u00e4ga hea eeskuju, samal ajal seletab, et need karvakesed on natuke m\u00fcrgised selle tarantlil ja hoiab ise teda k\u00e4es, siis tekitab tahtmist ikkagi ka proovida teda k\u00e4tte v\u00f5tta. Avastasin zooloogiaringi oma g\u00fcmnaasiumi l\u00f5puaastal, see on Tartu Loodusmaja \u00f5pilastel viimane osalemisaasta ringidest vanusepiirangu t\u00f5ttu, kuid Aivo lubab vilistlastel heas\u00fcdamlikult ka edaspidi ringitundidest osa v\u00f5tta ning kui aus olla, siis seal oleks avastamisr\u00f5\u00f5mu ka k\u00f5ige suurematel huvilistel, aga minul endal on \u00fclikooli k\u00f5rvalt natuke raske, seda aega leida, kuid zooloogiaring ei unune mul iial, seal sain kokku alati oma kallite hullude looduses\u00f5pradega, kellel ei olnud probleemi Madagaskari sisiprussakaid paitada ja oma k\u00e4ed teo limaga kokku teha.<\/span><\/span>\n<\/p>\n<p>\n\t<span style=\"font-size:14px\"><span style=\"font-family:Verdana,Geneva,sans-serif\">Mirjam Grosberg<\/span><\/span>\n<\/p>\n<p>\n\t\u00a0<\/p>\n","protected":false},"excerpt":{"rendered":"<p>2014. aasta s\u00fcgisel, kui zooloogiaring sai 20 aastaseks, meenutasid ringi vilistlased ringis oldud aega\u2026 \u00a0 Zooloogiaringist olen saanud s\u00f5pru, kellega suhtlen ka praegu. Lisaks sellele on veel meeles mitmeid ringis omandatud teadmisi kodumaa loodusest (karbikodadest rannal loomaj\u00e4lgedeni metsas). Punktide eest &#8230;<\/p>\n","protected":false},"author":88,"featured_media":0,"parent":0,"menu_order":0,"comment_status":"closed","ping_status":"closed","template":"","meta":{"_acf_changed":false,"inline_featured_image":false,"footnotes":""},"class_list":["post-82","page","type-page","status-publish","hentry"],"acf":[],"_links":{"self":[{"href":"https:\/\/sisu.ut.ee\/zooloogiaring\/wp-json\/wp\/v2\/pages\/82","targetHints":{"allow":["GET"]}}],"collection":[{"href":"https:\/\/sisu.ut.ee\/zooloogiaring\/wp-json\/wp\/v2\/pages"}],"about":[{"href":"https:\/\/sisu.ut.ee\/zooloogiaring\/wp-json\/wp\/v2\/types\/page"}],"author":[{"embeddable":true,"href":"https:\/\/sisu.ut.ee\/zooloogiaring\/wp-json\/wp\/v2\/users\/88"}],"replies":[{"embeddable":true,"href":"https:\/\/sisu.ut.ee\/zooloogiaring\/wp-json\/wp\/v2\/comments?post=82"}],"version-history":[{"count":1,"href":"https:\/\/sisu.ut.ee\/zooloogiaring\/wp-json\/wp\/v2\/pages\/82\/revisions"}],"predecessor-version":[{"id":739,"href":"https:\/\/sisu.ut.ee\/zooloogiaring\/wp-json\/wp\/v2\/pages\/82\/revisions\/739"}],"wp:attachment":[{"href":"https:\/\/sisu.ut.ee\/zooloogiaring\/wp-json\/wp\/v2\/media?parent=82"}],"curies":[{"name":"wp","href":"https:\/\/api.w.org\/{rel}","templated":true}]}}