{"id":81,"date":"2024-04-04T02:55:55","date_gmt":"2024-04-03T23:55:55","guid":{"rendered":"https:\/\/sisu.ut.ee\/zooloogiaring\/2018-2019\/"},"modified":"2024-04-04T02:58:07","modified_gmt":"2024-04-03T23:58:07","slug":"2018-2019","status":"publish","type":"page","link":"https:\/\/sisu.ut.ee\/zooloogiaring\/2018-2019\/","title":{"rendered":"2018-2019"},"content":{"rendered":"<p>\n\t2018-2019 \u00f5ppeaasta teemad\n<\/p>\n<ol>\n<li>\n\t\t\u00f5unam\u00e4hkur ja \u00f5unakoi\n\t<\/li>\n<li>\n\t\tdugong ja lamantiinid\n\t<\/li>\n<li>\n\t\taafrika hiidtigu\n\t<\/li>\n<li>\n\t\tkuukala\n\t<\/li>\n<li>\n\t\tskorpionid\n\t<\/li>\n<li>\n\t\taarad\n\t<\/li>\n<li>\n\t\todasaba\n\t<\/li>\n<li>\n\t\tt\u00e4hnikvesilik ja harivesilik\n\t<\/li>\n<li>\n\t\televandid\n\t<\/li>\n<li>\n\t\tflamingod\n\t<\/li>\n<li>\n\t\tlendorav\n\t<\/li>\n<li>\n\t\tkiilassilmad\n\t<\/li>\n<li>\n\t\tt\u00e4ringmeduusid\n\t<\/li>\n<li>\n\t\tsiidisaba, urvalind, talik\u00fclalised\n\t<\/li>\n<li>\n\t\tv\u00e4ri\u00e4mblik\n\t<\/li>\n<li>\n\t\tmutt\n\t<\/li>\n<li>\n\t\tkivisisalik ja arusisalik\n\t<\/li>\n<li>\n\t\tmerihobukesed\n\t<\/li>\n<li>\n\t\tjaanimardikas\n\t<\/li>\n<li>\n\t\tmesilasen\u00e4pid\n\t<\/li>\n<li>\n\t\tlondikud ehk torukoonud\n\t<\/li>\n<li>\n\t\tbrotopsid\n\t<\/li>\n<li>\n\t\tpoilased\n\t<\/li>\n<li>\n\t\t\u00f6\u00f6sorr\n\t<\/li>\n<li>\n\t\tvihmaussid\n\t<\/li>\n<li>\n\t\t\u00f5uetunnid\n\t<\/li>\n<\/ol>\n","protected":false},"excerpt":{"rendered":"<p>2018-2019 \u00f5ppeaasta teemad \u00f5unam\u00e4hkur ja \u00f5unakoi dugong ja lamantiinid aafrika hiidtigu kuukala skorpionid aarad odasaba t\u00e4hnikvesilik ja harivesilik elevandid flamingod lendorav kiilassilmad t\u00e4ringmeduusid siidisaba, urvalind, talik\u00fclalised v\u00e4ri\u00e4mblik mutt kivisisalik ja arusisalik merihobukesed jaanimardikas mesilasen\u00e4pid londikud ehk torukoonud brotopsid poilased \u00f6\u00f6sorr &#8230;<\/p>\n","protected":false},"author":88,"featured_media":0,"parent":0,"menu_order":0,"comment_status":"closed","ping_status":"closed","template":"","meta":{"_acf_changed":false,"inline_featured_image":false,"footnotes":""},"class_list":["post-81","page","type-page","status-publish","hentry"],"acf":[],"_links":{"self":[{"href":"https:\/\/sisu.ut.ee\/zooloogiaring\/wp-json\/wp\/v2\/pages\/81","targetHints":{"allow":["GET"]}}],"collection":[{"href":"https:\/\/sisu.ut.ee\/zooloogiaring\/wp-json\/wp\/v2\/pages"}],"about":[{"href":"https:\/\/sisu.ut.ee\/zooloogiaring\/wp-json\/wp\/v2\/types\/page"}],"author":[{"embeddable":true,"href":"https:\/\/sisu.ut.ee\/zooloogiaring\/wp-json\/wp\/v2\/users\/88"}],"replies":[{"embeddable":true,"href":"https:\/\/sisu.ut.ee\/zooloogiaring\/wp-json\/wp\/v2\/comments?post=81"}],"version-history":[{"count":1,"href":"https:\/\/sisu.ut.ee\/zooloogiaring\/wp-json\/wp\/v2\/pages\/81\/revisions"}],"predecessor-version":[{"id":740,"href":"https:\/\/sisu.ut.ee\/zooloogiaring\/wp-json\/wp\/v2\/pages\/81\/revisions\/740"}],"wp:attachment":[{"href":"https:\/\/sisu.ut.ee\/zooloogiaring\/wp-json\/wp\/v2\/media?parent=81"}],"curies":[{"name":"wp","href":"https:\/\/api.w.org\/{rel}","templated":true}]}}