{"id":79,"date":"2024-04-04T02:55:54","date_gmt":"2024-04-03T23:55:54","guid":{"rendered":"https:\/\/sisu.ut.ee\/zooloogiaring\/nuutsaku-valipraktikum-2-2019\/"},"modified":"2024-04-04T02:58:07","modified_gmt":"2024-04-03T23:58:07","slug":"nuutsaku-valipraktikum-2-2019","status":"publish","type":"page","link":"https:\/\/sisu.ut.ee\/zooloogiaring\/nuutsaku-valipraktikum-2-2019\/","title":{"rendered":"Nuutsaku v\u00e4lipraktikum 23.-25.07.2019"},"content":{"rendered":"<p>\n\t<span style=\"font-size:16px\"><span style=\"font-family:Verdana,Geneva,sans-serif\"><strong><a data-url=\"https:\/\/sisu.ut.ee\/zrpildid\/nuutsaku-23-25-07-2019\" href=\"https:\/\/sisu.ut.ee\/zrpildid\/nuutsaku-23-25-07-2019\" target=\"_blank\" title=\"\" rel=\"noopener\">pildid &gt;&gt;<\/a><\/strong><\/span><\/span>\n<\/p>\n<p>\n\t\u00a0\n<\/p>\n<p>\n\t<span style=\"font-size:16px\"><span style=\"font-family:Verdana,Geneva,sans-serif\">V\u00e4lipraktikumis osalesid zooloogiaringi keskmise vanuseastme \u00f5pilased 4.-7. klassist.<\/span><\/span>\n<\/p>\n<p>\n\t<span style=\"font-size:16px\"><span style=\"font-family:Verdana,Geneva,sans-serif\"><img decoding=\"async\" alt=\"\" src=\"https:\/\/sisu.ut.ee\/wp-content\/uploads\/sites\/427\/nu_19_202.jpg\" style=\"width: 1000px;height: 667px\"><\/span><\/span>\n<\/p>\n<p>\n\t<span style=\"font-size:16px\"><span style=\"font-family:Verdana,Geneva,sans-serif\">T\u00f6\u00f6 toimus kahes r\u00fchmas ja nelja grupis. Iga grupp pidas p\u00e4evikut, kirjutas \u00fcles n\u00e4htud, kuuldud v\u00f5i tegevusj\u00e4lgede j\u00e4rgi tuvastatud loomade nimed. Hiljem koostasime selle alusel \u00fchise nimekirja. Iga grupp sai kasutada fotokaamerat, et huvitavamad leiud ja s\u00fcndmused j\u00e4\u00e4dvustada. Fotode j\u00e4rgi sai hiljem leitud loomi m\u00e4\u00e4rata.<\/span><\/span>\n<\/p>\n<p>\n\t<span style=\"font-size:16px\"><span style=\"font-family:Verdana,Geneva,sans-serif\"><img decoding=\"async\" alt=\"\" src=\"https:\/\/sisu.ut.ee\/wp-content\/uploads\/sites\/427\/nu_19_201.jpg\" style=\"width: 1000px;height: 667px\"><br><img decoding=\"async\" alt=\"\" src=\"https:\/\/sisu.ut.ee\/wp-content\/uploads\/sites\/427\/nu_19_206.jpg\" style=\"width: 1000px;height: 667px\"><\/span><\/span>\n<\/p>\n<p>\n\t<span style=\"font-size:16px\"><span style=\"font-family:Verdana,Geneva,sans-serif\">Teine juhendaja oli Mari Paberit, kelle juhendamisel uurisime Nuutsaku j\u00e4rve elustikku. Kahvadega p\u00fc\u00fcti loomi ning sorteeriti veevannides. Mari k\u00e4is aastaid ise zooloogiaringis ja on paljudes praktikumides osalenud. Aivoga k\u00e4isime metsa- ja niiduelustiku uurimas. P\u00fc\u00fcdsime ja uurisime l\u00fclijalgseid (putukaid, \u00e4mblikke, hulkjalgseid ja kakandeid). M\u00f5ned loomad v\u00f5tsime kaasa ning Mari ja Aivo n\u00e4itasid, kuidas putukaid prepareeritakse ja liblikaid sirutatakse. Kes soovis, v\u00f5is seda ise teha.<\/span><\/span>\n<\/p>\n<p>\n\t<span style=\"font-size:16px\"><span style=\"font-family:Verdana,Geneva,sans-serif\">\u00d5htul panime \u00fcles valge lina ja v\u00f5imsa valgusti ning uurisime putukaid, kes sinna lendasid.\u00a0\u00d6\u00f6retkel kuulasime detektori abil nahkhiirte h\u00e4\u00e4li.<\/span><\/span>\n<\/p>\n<p>\n\t<span style=\"font-size:16px\"><span style=\"font-family:Verdana,Geneva,sans-serif\">Kasutades kirjandust ja internetti, tegid gruppide \u00f5pilased kokkuv\u00f5tted omavalitud looma v\u00f5i loomar\u00fchma kohta, keda praktikumis kohati. Kokkuv\u00f5te tuli vormistada A4 lehel ning hiljem teistele esitleda.<\/span><\/span>\n<\/p>\n<p>\n\t<span style=\"font-size:16px\"><span style=\"font-family:Verdana,Geneva,sans-serif\"><img decoding=\"async\" alt=\"\" src=\"https:\/\/sisu.ut.ee\/wp-content\/uploads\/sites\/427\/nu_19_213.jpg\" style=\"width: 1000px;height: 667px\"><\/span><\/span>\n<\/p>\n<p>\n\t<span style=\"font-size:16px\"><span style=\"font-family:Verdana,Geneva,sans-serif\">R\u00fchmat\u00f6\u00f6na tuli fotode ja piltm\u00e4\u00e4rajate abil putukaid m\u00e4\u00e4rata.\u00a0Fotod tuli lauale panna ja nimetustega lipikud juurde panna.<\/span><\/span>\n<\/p>\n<p>\n\t<span style=\"font-size:16px\"><span style=\"font-family:Verdana,Geneva,sans-serif\"><img decoding=\"async\" alt=\"\" src=\"https:\/\/sisu.ut.ee\/wp-content\/uploads\/sites\/427\/nu_19_217.jpg\" style=\"width: 1000px;height: 667px\"><\/span><\/span>\n<\/p>\n<p>\n\t<span style=\"font-size:16px\"><span style=\"font-family:Verdana,Geneva,sans-serif\"><img decoding=\"async\" alt=\"\" src=\"https:\/\/sisu.ut.ee\/wp-content\/uploads\/sites\/427\/nu_19_218.jpg\" style=\"width: 1000px;height: 667px\"><\/span><\/span>\n<\/p>\n<p>\n\t<span style=\"font-size:16px\"><span style=\"font-family:Verdana,Geneva,sans-serif\">L\u00f5puks tegime \u00fchise \u00f5pperetke, kus sai \u00f5pitut korrata ja v\u00f5is uusi loomi kohata.<\/span><\/span>\n<\/p>\n<p>\n\t<span style=\"font-size:16px\"><span style=\"font-family:Verdana,Geneva,sans-serif\"><img decoding=\"async\" alt=\"\" src=\"https:\/\/sisu.ut.ee\/wp-content\/uploads\/sites\/427\/nu_19_221.jpg\" style=\"width: 1000px;height: 667px\"><\/span><\/span>\n<\/p>\n<p>\n\t<span style=\"font-size:16px\"><span style=\"font-family:Verdana,Geneva,sans-serif\">Huvitavamad leiud olid meie rahvusliblikas p\u00e4\u00e4susaba ja r\u00e4stik.<\/span><\/span>\n<\/p>\n<p>\n\t<span style=\"font-size:16px\"><span style=\"font-family:Verdana,Geneva,sans-serif\"><a data-url=\"\/zooloogiaring\/\" href=\"\/zooloogiaring\/\" target=\"_blank\" title=\"https:\/\/sisu.ut.ee\/wp-content\/uploads\/sites\/178\/nuutsaku_23.-25.07.2019_loomade_nimestik.pdf\" rel=\"noopener\">LOOMADE NIMESTIK &gt;&gt;<\/a><\/span><\/span>\n<\/p>\n<p>\n\t<span style=\"font-size:16px\"><span style=\"font-family:Verdana,Geneva,sans-serif\"><strong><a data-url=\"https:\/\/sisu.ut.ee\/zrpildid\/nuutsaku-23-25-07-2019\" href=\"https:\/\/sisu.ut.ee\/zrpildid\/nuutsaku-23-25-07-2019\" target=\"_blank\" title=\"\" rel=\"noopener\">pildid &gt;&gt;<\/a><\/strong><\/span><\/span><br>\u00a0\n<\/p>\n<p>\n\t<span style=\"font-size:16px\"><span style=\"font-family:Verdana,Geneva,sans-serif\">V\u00e4lipraktikumide\u00a0l\u00e4biviimist toetas\u00a0<a href=\"http:\/\/www.kik.ee\/\" target=\"_blank\" rel=\"noopener\">KIK<\/a><\/span><\/span>\n<\/p>\n<p>\n\t<span style=\"font-size:16px\"><span style=\"font-family:Verdana,Geneva,sans-serif\"><img decoding=\"async\" alt=\"\" src=\"http:\/\/zooloogiaring.ee\/wp-content\/uploads\/sites\/178\/kik_logo_rgb_0.jpg\" style=\"width: 496px;height: 539px\"><\/span><\/span><a data-url=\"https:\/\/www.kik.ee\/et\" href=\"https:\/\/www.kik.ee\/et\" target=\"_blank\" title=\"\" rel=\"noopener\"><img decoding=\"async\" alt=\"\" src=\"http:\/\/zooloogiaring.ee\/wp-content\/uploads\/sites\/178\/kik_logo_rgb_0.jpg\" style=\"width: 496px;height: 539px\"><img decoding=\"async\" alt=\"\" src=\"https:\/\/sisu.ut.ee\/wp-content\/uploads\/sites\/178\/kik_logo_rgb_0.jpg\" style=\"width: 496px;height: 539px\">\u200b\u200b\u200b\u200b\u200b\u200b\u200b<\/a><\/p>\n","protected":false},"excerpt":{"rendered":"<p>pildid &gt;&gt; \u00a0 V\u00e4lipraktikumis osalesid zooloogiaringi keskmise vanuseastme \u00f5pilased 4.-7. klassist. T\u00f6\u00f6 toimus kahes r\u00fchmas ja nelja grupis. Iga grupp pidas p\u00e4evikut, kirjutas \u00fcles n\u00e4htud, kuuldud v\u00f5i tegevusj\u00e4lgede j\u00e4rgi tuvastatud loomade nimed. Hiljem koostasime selle alusel \u00fchise nimekirja. Iga grupp &#8230;<\/p>\n","protected":false},"author":88,"featured_media":0,"parent":0,"menu_order":0,"comment_status":"closed","ping_status":"closed","template":"","meta":{"_acf_changed":false,"inline_featured_image":false,"footnotes":""},"class_list":["post-79","page","type-page","status-publish","hentry"],"acf":[],"_links":{"self":[{"href":"https:\/\/sisu.ut.ee\/zooloogiaring\/wp-json\/wp\/v2\/pages\/79","targetHints":{"allow":["GET"]}}],"collection":[{"href":"https:\/\/sisu.ut.ee\/zooloogiaring\/wp-json\/wp\/v2\/pages"}],"about":[{"href":"https:\/\/sisu.ut.ee\/zooloogiaring\/wp-json\/wp\/v2\/types\/page"}],"author":[{"embeddable":true,"href":"https:\/\/sisu.ut.ee\/zooloogiaring\/wp-json\/wp\/v2\/users\/88"}],"replies":[{"embeddable":true,"href":"https:\/\/sisu.ut.ee\/zooloogiaring\/wp-json\/wp\/v2\/comments?post=79"}],"version-history":[{"count":1,"href":"https:\/\/sisu.ut.ee\/zooloogiaring\/wp-json\/wp\/v2\/pages\/79\/revisions"}],"predecessor-version":[{"id":742,"href":"https:\/\/sisu.ut.ee\/zooloogiaring\/wp-json\/wp\/v2\/pages\/79\/revisions\/742"}],"wp:attachment":[{"href":"https:\/\/sisu.ut.ee\/zooloogiaring\/wp-json\/wp\/v2\/media?parent=79"}],"curies":[{"name":"wp","href":"https:\/\/api.w.org\/{rel}","templated":true}]}}