{"id":78,"date":"2024-04-04T02:55:54","date_gmt":"2024-04-03T23:55:54","guid":{"rendered":"https:\/\/sisu.ut.ee\/zooloogiaring\/palupohja-valipraktikum-1-2019\/"},"modified":"2024-04-04T02:58:07","modified_gmt":"2024-04-03T23:58:07","slug":"palupohja-valipraktikum-1-2019","status":"publish","type":"page","link":"https:\/\/sisu.ut.ee\/zooloogiaring\/palupohja-valipraktikum-1-2019\/","title":{"rendered":"Palup\u00f5hja v\u00e4lipraktikum 8.-10.02.2019"},"content":{"rendered":"<p>\n\t<span style=\"font-size:16px\"><span style=\"font-family:Verdana,Geneva,sans-serif\"><strong><a data-url=\"https:\/\/sisu.ut.ee\/zrpildid\/palupohja-8-10-02-2019\" href=\"https:\/\/sisu.ut.ee\/zrpildid\/palupohja-8-10-02-2019\" target=\"_blank\" title=\"\" rel=\"noopener\">pildid &gt;&gt;<\/a><\/strong><\/span><\/span>\n<\/p>\n<p>\n\t\u00a0\n<\/p>\n<p>\n\t<span style=\"font-size:16px\"><span style=\"font-family:Verdana,Geneva,sans-serif\">V\u00e4lipraktikumis osalesid zooloogiaringi vanema vanuseastme \u00f5pilased 7.-12. klassist.<\/span><\/span>\n<\/p>\n<p>\n\t<span style=\"font-size:16px\"><span style=\"font-family:Verdana,Geneva,sans-serif\"><img decoding=\"async\" alt=\"\" src=\"https:\/\/sisu.ut.ee\/wp-content\/uploads\/sites\/427\/papo_19_117.jpg\" style=\"width: 1000px;height: 667px\"><\/span><\/span>\n<\/p>\n<p>\n\t<span style=\"font-size:16px\"><span style=\"font-family:Verdana,Geneva,sans-serif\">T\u00f6\u00f6 toimus kahes r\u00fchmas. Igas r\u00fchmas oli kaks gruppi. Kokku neli gruppi. Iga grupp pidas p\u00e4evikut, kirjutas \u00fcles n\u00e4htud, kuuldud v\u00f5i tegevusj\u00e4lgede j\u00e4rgi tuvastatud loomade nimed. Hiljem koostasime selle alusel \u00fchise nimekirja.<\/span><\/span>\n<\/p>\n<p>\n\t<span style=\"font-size:16px\"><span style=\"font-family:Verdana,Geneva,sans-serif\"><img decoding=\"async\" alt=\"\" src=\"https:\/\/sisu.ut.ee\/wp-content\/uploads\/sites\/427\/papo_19_103.jpg\" style=\"width: 1000px;height: 667px\"><\/span><\/span>\n<\/p>\n<p>\n\t<span style=\"font-size:16px\"><span style=\"font-family:Verdana,Geneva,sans-serif\">Toimus mitu \u00f5ppek\u00e4iku. \u00dcks r\u00fchm k\u00e4is koos Aivoga uurimisretkel. Teine r\u00fchm tegi iseseisvat uurimist\u00f6\u00f6d. Nad pidid uurima metsas \u00fchte kindlat ala. M\u00e4rkima \u00fcles n\u00e4htud loomade j\u00e4ljed, rajad jm tegevusj\u00e4ljed. P\u00e4rastl\u00f5unal r\u00fchmad vahetusid. Viimasel p\u00e4eval tuli oma t\u00f6id teistele esitleda.<\/span><\/span>\n<\/p>\n<p>\n\t<span style=\"font-size:16px\"><span style=\"font-family:Verdana,Geneva,sans-serif\">Uurisime loomade tegevusj\u00e4lgede n\u00e4idiseid: n\u00e4ritud puuoksad ja puukoor, toksitud ja n\u00e4ritud k\u00e4bid ning p\u00e4hklid, loomade ekskremendid. Fotodel olid lisaks loomade rajad ja j\u00e4ljed ning lamamisasemed. Nende p\u00f5hjal koostas iga grupp v\u00e4ikese v\u00e4ljapaneku.<\/span><\/span>\n<\/p>\n<p>\n\t<span style=\"font-size:16px\"><span style=\"font-family:Verdana,Geneva,sans-serif\"><img decoding=\"async\" alt=\"\" src=\"https:\/\/sisu.ut.ee\/wp-content\/uploads\/sites\/427\/papo_19_110.jpg\" style=\"width: 1000px;height: 667px\"><\/span><\/span>\n<\/p>\n<p>\n\t<span style=\"font-size:16px\"><span style=\"font-family:Verdana,Geneva,sans-serif\"><img decoding=\"async\" alt=\"\" src=\"https:\/\/sisu.ut.ee\/wp-content\/uploads\/sites\/427\/papo_19_113.jpg\" style=\"width: 1000px;height: 667px\"><\/span><\/span>\n<\/p>\n<p>\n\t<span style=\"font-size:16px\"><span style=\"font-family:Verdana,Geneva,sans-serif\">Viimasel p\u00e4eval toimus \u00fchine \u00f5ppek\u00e4ik, kus sai varem\u00f5pitut korrata ja teistele esitada.<\/span><\/span>\n<\/p>\n<p>\n\t<span style=\"font-size:16px\"><span style=\"font-family:Verdana,Geneva,sans-serif\"><img decoding=\"async\" alt=\"\" src=\"https:\/\/sisu.ut.ee\/wp-content\/uploads\/sites\/427\/papo_19_116.jpg\" style=\"width: 1000px;height: 667px\"><\/span><\/span>\n<\/p>\n<p>\n\t<span style=\"font-size:16px\"><span style=\"font-family:Verdana,Geneva,sans-serif\">Allpool on pildid vormistatud uurimust\u00f6\u00f6dest<\/span><\/span>\n<\/p>\n<p>\n\t<span style=\"font-size:16px\"><span style=\"font-family:Verdana,Geneva,sans-serif\"><a data-url=\"https:\/\/sisu.ut.ee\/wp-content\/uploads\/sites\/178\/palupohja_2019_1a.jpg\" href=\"https:\/\/sisu.ut.ee\/wp-content\/uploads\/sites\/178\/palupohja_2019_1a.jpg\" target=\"_blank\" title=\"\" rel=\"noopener\"><img decoding=\"async\" alt=\"\" src=\"https:\/\/sisu.ut.ee\/wp-content\/uploads\/sites\/178\/palupohja_2019_1a.jpg\" style=\"width: 800px;height: 1135px\"><\/a><\/span><\/span>\n<\/p>\n<hr>\n<p>\n\t<span style=\"font-size:16px\"><span style=\"font-family:Verdana,Geneva,sans-serif\"><a data-url=\"https:\/\/sisu.ut.ee\/wp-content\/uploads\/sites\/178\/palupohja_2019_4b.jpg\" href=\"https:\/\/sisu.ut.ee\/wp-content\/uploads\/sites\/178\/palupohja_2019_4b.jpg\" target=\"_blank\" title=\"\" rel=\"noopener\"><img decoding=\"async\" alt=\"\" src=\"https:\/\/sisu.ut.ee\/wp-content\/uploads\/sites\/178\/palupohja_2019_4b.jpg\" style=\"width: 800px;height: 1101px\"><\/a><\/span><\/span>\n<\/p>\n<hr>\n<p>\n\t<span style=\"font-size:16px\"><span style=\"font-family:Verdana,Geneva,sans-serif\"><a data-url=\"https:\/\/sisu.ut.ee\/wp-content\/uploads\/sites\/178\/palupohja_2019_2a.jpg\" href=\"https:\/\/sisu.ut.ee\/wp-content\/uploads\/sites\/178\/palupohja_2019_2a.jpg\" target=\"_blank\" title=\"\" rel=\"noopener\"><img decoding=\"async\" alt=\"\" src=\"https:\/\/sisu.ut.ee\/wp-content\/uploads\/sites\/178\/palupohja_2019_2a.jpg\" style=\"width: 800px;height: 581px\"><\/a><\/span><\/span>\n<\/p>\n<hr>\n<p>\n\t<span style=\"font-size:16px\"><span style=\"font-family:Verdana,Geneva,sans-serif\"><a data-url=\"https:\/\/sisu.ut.ee\/wp-content\/uploads\/sites\/178\/palupohja_2019_3a.jpg\" href=\"https:\/\/sisu.ut.ee\/wp-content\/uploads\/sites\/178\/palupohja_2019_3a.jpg\" target=\"_blank\" title=\"\" rel=\"noopener\"><img decoding=\"async\" alt=\"\" src=\"https:\/\/sisu.ut.ee\/wp-content\/uploads\/sites\/178\/palupohja_2019_3a.jpg\" style=\"width: 800px;height: 581px\"><\/a><\/span><\/span>\n<\/p>\n<p>\n\t<span style=\"font-size:16px\"><span style=\"font-family:Verdana,Geneva,sans-serif\"><a data-url=\"https:\/\/sisu.ut.ee\/wp-content\/uploads\/sites\/178\/palupohja_2019_3b.jpg\" href=\"https:\/\/sisu.ut.ee\/wp-content\/uploads\/sites\/178\/palupohja_2019_3b.jpg\" target=\"_blank\" title=\"\" rel=\"noopener\"><img decoding=\"async\" alt=\"\" src=\"https:\/\/sisu.ut.ee\/wp-content\/uploads\/sites\/178\/palupohja_2019_3b.jpg\" style=\"width: 800px;height: 581px\"><\/a><\/span><\/span>\n<\/p>\n<hr>\n<p>\n\t<br><span style=\"font-size:16px\"><span style=\"font-family:Verdana,Geneva,sans-serif\"><a data-url=\"https:\/\/sisu.ut.ee\/wp-content\/uploads\/sites\/178\/palupohja_8.-10.02.2019_loomade_nimestik.pdf\" href=\"https:\/\/sisu.ut.ee\/wp-content\/uploads\/sites\/178\/palupohja_8.-10.02.2019_loomade_nimestik.pdf\" target=\"_blank\" title=\"\" rel=\"noopener\">LOOMADE NIMESTIK &gt;&gt;<\/a><\/span><\/span>\n<\/p>\n<p>\n\t<strong><span style=\"font-size:16px\"><span style=\"font-family:Verdana,Geneva,sans-serif\"><a data-url=\"https:\/\/sisu.ut.ee\/zrpildid\/palupohja-8-10-02-2019\" href=\"https:\/\/sisu.ut.ee\/zrpildid\/palupohja-8-10-02-2019\" target=\"_blank\" title=\"\" rel=\"noopener\">pildid &gt;&gt;<\/a><\/span><\/span><\/strong><br>\u00a0\n<\/p>\n<p>\n\t<span style=\"font-size:16px\"><span style=\"font-family:Verdana,Geneva,sans-serif\">V\u00e4lipraktikumide\u00a0l\u00e4biviimist toetas\u00a0<a href=\"http:\/\/www.kik.ee\/\" target=\"_blank\" rel=\"noopener\">KIK<\/a><\/span><\/span>\n<\/p>\n<p>\n\t<span style=\"font-size:16px\"><span style=\"font-family:Verdana,Geneva,sans-serif\"><img decoding=\"async\" alt=\"\" src=\"http:\/\/zooloogiaring.ee\/wp-content\/uploads\/sites\/178\/kik_logo_rgb_0.jpg\" style=\"width: 496px;height: 539px\"><\/span><\/span><a data-url=\"https:\/\/www.kik.ee\/et\" href=\"https:\/\/www.kik.ee\/et\" target=\"_blank\" title=\"\" rel=\"noopener\"><img decoding=\"async\" alt=\"\" src=\"http:\/\/zooloogiaring.ee\/wp-content\/uploads\/sites\/178\/kik_logo_rgb_0.jpg\" style=\"width: 496px;height: 539px\"><img decoding=\"async\" alt=\"\" src=\"https:\/\/sisu.ut.ee\/wp-content\/uploads\/sites\/178\/kik_logo_rgb_0.jpg\" style=\"width: 496px;height: 539px\"><\/a><\/p>\n","protected":false},"excerpt":{"rendered":"<p>pildid &gt;&gt; \u00a0 V\u00e4lipraktikumis osalesid zooloogiaringi vanema vanuseastme \u00f5pilased 7.-12. klassist. T\u00f6\u00f6 toimus kahes r\u00fchmas. Igas r\u00fchmas oli kaks gruppi. Kokku neli gruppi. Iga grupp pidas p\u00e4evikut, kirjutas \u00fcles n\u00e4htud, kuuldud v\u00f5i tegevusj\u00e4lgede j\u00e4rgi tuvastatud loomade nimed. Hiljem koostasime selle &#8230;<\/p>\n","protected":false},"author":88,"featured_media":0,"parent":0,"menu_order":0,"comment_status":"closed","ping_status":"closed","template":"","meta":{"_acf_changed":false,"inline_featured_image":false,"footnotes":""},"class_list":["post-78","page","type-page","status-publish","hentry"],"acf":[],"_links":{"self":[{"href":"https:\/\/sisu.ut.ee\/zooloogiaring\/wp-json\/wp\/v2\/pages\/78","targetHints":{"allow":["GET"]}}],"collection":[{"href":"https:\/\/sisu.ut.ee\/zooloogiaring\/wp-json\/wp\/v2\/pages"}],"about":[{"href":"https:\/\/sisu.ut.ee\/zooloogiaring\/wp-json\/wp\/v2\/types\/page"}],"author":[{"embeddable":true,"href":"https:\/\/sisu.ut.ee\/zooloogiaring\/wp-json\/wp\/v2\/users\/88"}],"replies":[{"embeddable":true,"href":"https:\/\/sisu.ut.ee\/zooloogiaring\/wp-json\/wp\/v2\/comments?post=78"}],"version-history":[{"count":1,"href":"https:\/\/sisu.ut.ee\/zooloogiaring\/wp-json\/wp\/v2\/pages\/78\/revisions"}],"predecessor-version":[{"id":743,"href":"https:\/\/sisu.ut.ee\/zooloogiaring\/wp-json\/wp\/v2\/pages\/78\/revisions\/743"}],"wp:attachment":[{"href":"https:\/\/sisu.ut.ee\/zooloogiaring\/wp-json\/wp\/v2\/media?parent=78"}],"curies":[{"name":"wp","href":"https:\/\/api.w.org\/{rel}","templated":true}]}}