{"id":73,"date":"2024-04-04T02:55:54","date_gmt":"2024-04-03T23:55:54","guid":{"rendered":"https:\/\/sisu.ut.ee\/zooloogiaring\/palupohja-14-16082018-0\/"},"modified":"2024-04-04T02:58:07","modified_gmt":"2024-04-03T23:58:07","slug":"palupohja-14-16082018-0","status":"publish","type":"page","link":"https:\/\/sisu.ut.ee\/zooloogiaring\/palupohja-14-16082018-0\/","title":{"rendered":"Palup\u00f5hja 14.-16.08.2018"},"content":{"rendered":"<p>\r\n\t<span style=\"font-size:16px\"><span style=\"font-family:Verdana,Geneva,sans-serif\"><a data-url=\"https:\/\/sisu.ut.ee\/zrpildid\/palupohja-14-16-08-2018\" href=\"https:\/\/sisu.ut.ee\/zrpildid\/palupohja-14-16-08-2018\" target=\"_blank\" title=\"\" rel=\"noopener\">pildid &gt;&gt;<\/a><\/span><\/span>\r\n<\/p>\r\n\r\n<p>\r\n\t<span style=\"font-size:16px\"><span style=\"font-family:Verdana,Geneva,sans-serif\">Praktikum algas \u00fchise tutvumisretkega \u00fcmbruskonnas.\u00a0Edasi jagunesime kaheks r\u00fchmaks.\u00a0<br>\u00dcks r\u00fchm k\u00e4is Aivoga Emaj\u00f5e \u00e4\u00e4res veeloomi uurimas ja teine uuris Merliniga maismaaloomi.<\/span><\/span>\r\n<\/p>\r\n\r\n<p>\r\n\t<span style=\"font-size:16px\"><span style=\"font-family:Verdana,Geneva,sans-serif\"><img decoding=\"async\" alt=\"\" src=\"https:\/\/sisu.ut.ee\/wp-content\/uploads\/sites\/427\/papo-4-01.jpg\" style=\"width: 1000px;height: 667px\"><\/span><\/span>\r\n<\/p>\r\n\r\n<p>\r\n\t<span style=\"font-size:16px\"><span style=\"font-family:Verdana,Geneva,sans-serif\"><img decoding=\"async\" alt=\"\" src=\"https:\/\/sisu.ut.ee\/wp-content\/uploads\/sites\/427\/papo-4-20.jpg\" style=\"width: 1000px;height: 667px\"><\/span><\/span>\r\n<\/p>\r\n\r\n<p>\r\n\t<span style=\"font-size:16px\"><span style=\"font-family:Verdana,Geneva,sans-serif\"><img decoding=\"async\" alt=\"\" src=\"https:\/\/sisu.ut.ee\/wp-content\/uploads\/sites\/427\/papo-4-24.jpg\" style=\"width: 1000px;height: 667px\"><\/span><\/span>\r\n<\/p>\r\n\r\n<p>\r\n\t<span style=\"font-size:16px\"><span style=\"font-family:Verdana,Geneva,sans-serif\"><span data-mce-mark=\"1\">Vahepeal r\u00e4\u00e4kis Juhani P\u00fcttsepp oma suhetest huntide ja Palup\u00f5hjaga.<\/span><\/span><\/span>\r\n<\/p>\r\n\r\n<p>\r\n\t<span style=\"font-size:16px\"><span style=\"font-family:Verdana,Geneva,sans-serif\"><img loading=\"lazy\" decoding=\"async\" width=\"1000\" height=\"667\" class=\"alignnone wp-image-212\" src=\"https:\/\/sisu.ut.ee\/wp-content\/uploads\/sites\/178\/papo-4-04.jpg\" title=\"papo-4-04.jpg\" alt=\"r1\" srcset=\"https:\/\/sisu.ut.ee\/wp-content\/uploads\/sites\/178\/papo-4-04.jpg 1000w, https:\/\/sisu.ut.ee\/wp-content\/uploads\/sites\/178\/papo-4-04-300x200.jpg 300w, https:\/\/sisu.ut.ee\/wp-content\/uploads\/sites\/178\/papo-4-04-768x512.jpg 768w\" sizes=\"auto, (max-width: 1000px) 100vw, 1000px\"><\/span><\/span>\r\n<\/p>\r\n\r\n<p>\r\n\t<span style=\"font-size:16px\"><span style=\"font-family:Verdana,Geneva,sans-serif\">Vihmasajud sundisid meid majja ja me sisustasime aega vahak\u00fc\u00fcnlaid valmistades.<\/span><\/span>\r\n<\/p>\r\n\r\n<p>\r\n\t<span style=\"font-size:16px\"><span style=\"font-family:Verdana,Geneva,sans-serif\"><img decoding=\"async\" alt=\"\" src=\"https:\/\/sisu.ut.ee\/wp-content\/uploads\/sites\/427\/papo-4-09.jpg\" style=\"width: 1000px;height: 697px\"><\/span><\/span>\r\n<\/p>\r\n\r\n<p>\r\n\t<span style=\"font-size:16px\"><span style=\"font-family:Verdana,Geneva,sans-serif\"><span data-mce-mark=\"1\">Huvilised said Robert Oetjeni juhendamisel kanuuretkele minna.<\/span><\/span><\/span>\r\n<\/p>\r\n\r\n<p>\r\n\t<span style=\"font-size:16px\"><span style=\"font-family:Verdana,Geneva,sans-serif\"><img decoding=\"async\" alt=\"\" src=\"https:\/\/sisu.ut.ee\/wp-content\/uploads\/sites\/427\/papo-4-13a.jpg\" style=\"width: 1000px;height: 667px\"><\/span><\/span>\r\n<\/p>\r\n\r\n<p>\r\n\t<span style=\"font-size:16px\"><span style=\"font-family:Verdana,Geneva,sans-serif\"><span data-mce-mark=\"1\">Kes soovis, sai kala p\u00fc\u00fcda<\/span><\/span><\/span>\r\n<\/p>\r\n\r\n<p>\r\n\t<span style=\"font-size:16px\"><span style=\"font-family:Verdana,Geneva,sans-serif\"><img decoding=\"async\" alt=\"\" src=\"https:\/\/sisu.ut.ee\/wp-content\/uploads\/sites\/427\/papo-4-19.jpg\" style=\"width: 1000px;height: 667px\"><\/span><\/span>\r\n<\/p>\r\n\r\n<p>\r\n\t<span style=\"font-size:16px\"><span style=\"font-family:Verdana,Geneva,sans-serif\"><span data-mce-mark=\"1\">L\u00f5puks koostasime n\u00e4htud, kuuldud ja tegevusj\u00e4lgede j\u00e4rgi kindlaks tehtud loomade nimestiku<\/span><\/span><\/span>\r\n<\/p>\r\n\r\n<p>\r\n\t<span style=\"font-size:16px\"><span style=\"font-family:Verdana,Geneva,sans-serif\"><a href=\"\/wp-content\/uploads\/sites\/178\/loomade_nimestik_palupohja_14.-16.08.2018.pdf\" target=\"_blank\" rel=\"noopener\"><span data-mce-mark=\"1\">Loomade nimestik &gt;&gt;<\/span><\/a><\/span><\/span>\r\n<\/p>\r\n\r\n<p>\r\n\t<span style=\"font-size:16px\"><span style=\"font-family:Verdana,Geneva,sans-serif\"><a data-url=\"https:\/\/sisu.ut.ee\/zrpildid\/palupohja-14-16-08-2018\" href=\"https:\/\/sisu.ut.ee\/zrpildid\/palupohja-14-16-08-2018\" target=\"_blank\" title=\"\" rel=\"noopener\">pildid &gt;&gt;<\/a><\/span><\/span><br>\u00a0\r\n<\/p>\r\n\r\n<p>\r\n\t<span style=\"font-size:16px\"><span style=\"font-family:Verdana,Geneva,sans-serif\"><span data-mce-mark=\"1\">V\u00e4lipraktikumide l\u00e4biviimist toetas\u00a0<a href=\"http:\/\/www.kik.ee\/\" target=\"_blank\" rel=\"noopener\">KIK<\/a><\/span><\/span><\/span>\r\n<\/p>\r\n\r\n<p>\r\n\t<span style=\"font-size:16px\"><span style=\"font-family:Verdana,Geneva,sans-serif\"><a href=\"http:\/\/www.kik.ee\/\" target=\"_blank\" rel=\"noopener\"><span data-mce-mark=\"1\"><img loading=\"lazy\" decoding=\"async\" height=\"539\" src=\"\/wp-content\/uploads\/sites\/178\/kik_logo_rgb.jpg\" width=\"496\"><\/span><\/a><\/span><\/span>\r\n<\/p>\r\n\r\n<p>\r\n\t\u00a0\r\n<\/p>\r\n<br><div class=\"wp-block-group attached-files-group is-layout-constrained wp-block-group-is-layout-constrained\"><div class=\"wp-block-file\"><a href=\"https:\/\/sisu.ut.ee\/wp-content\/uploads\/sites\/178\/loomade_nimestik_palupohja_14.-16.08.2018.pdf\" target=\"_blank\" rel=\"noreferrer noopener\">loomade_nimestik_palupohja_14.-16.08.2018.pdf<\/a><\/div><\/div>","protected":false},"excerpt":{"rendered":"<p>pildid &gt;&gt; Praktikum algas \u00fchise tutvumisretkega \u00fcmbruskonnas.\u00a0Edasi jagunesime kaheks r\u00fchmaks.\u00a0\u00dcks r\u00fchm k\u00e4is Aivoga Emaj\u00f5e \u00e4\u00e4res veeloomi uurimas ja teine uuris Merliniga maismaaloomi. Vahepeal r\u00e4\u00e4kis Juhani P\u00fcttsepp oma suhetest huntide ja Palup\u00f5hjaga. Vihmasajud sundisid meid majja ja me sisustasime aega vahak\u00fc\u00fcnlaid &#8230;<\/p>\n","protected":false},"author":88,"featured_media":0,"parent":0,"menu_order":0,"comment_status":"closed","ping_status":"closed","template":"","meta":{"_acf_changed":false,"inline_featured_image":false,"footnotes":""},"class_list":["post-73","page","type-page","status-publish","hentry"],"acf":[],"_links":{"self":[{"href":"https:\/\/sisu.ut.ee\/zooloogiaring\/wp-json\/wp\/v2\/pages\/73","targetHints":{"allow":["GET"]}}],"collection":[{"href":"https:\/\/sisu.ut.ee\/zooloogiaring\/wp-json\/wp\/v2\/pages"}],"about":[{"href":"https:\/\/sisu.ut.ee\/zooloogiaring\/wp-json\/wp\/v2\/types\/page"}],"author":[{"embeddable":true,"href":"https:\/\/sisu.ut.ee\/zooloogiaring\/wp-json\/wp\/v2\/users\/88"}],"replies":[{"embeddable":true,"href":"https:\/\/sisu.ut.ee\/zooloogiaring\/wp-json\/wp\/v2\/comments?post=73"}],"version-history":[{"count":2,"href":"https:\/\/sisu.ut.ee\/zooloogiaring\/wp-json\/wp\/v2\/pages\/73\/revisions"}],"predecessor-version":[{"id":820,"href":"https:\/\/sisu.ut.ee\/zooloogiaring\/wp-json\/wp\/v2\/pages\/73\/revisions\/820"}],"wp:attachment":[{"href":"https:\/\/sisu.ut.ee\/zooloogiaring\/wp-json\/wp\/v2\/media?parent=73"}],"curies":[{"name":"wp","href":"https:\/\/api.w.org\/{rel}","templated":true}]}}