{"id":72,"date":"2024-04-04T02:55:54","date_gmt":"2024-04-03T23:55:54","guid":{"rendered":"https:\/\/sisu.ut.ee\/zooloogiaring\/palupohja-7-9082018-0\/"},"modified":"2024-04-04T02:58:07","modified_gmt":"2024-04-03T23:58:07","slug":"palupohja-7-9082018-0","status":"publish","type":"page","link":"https:\/\/sisu.ut.ee\/zooloogiaring\/palupohja-7-9082018-0\/","title":{"rendered":"Palup\u00f5hja 7.-9.08.2018"},"content":{"rendered":"<p>\r\n\t<span style=\"font-size:16px\"><span style=\"font-family:Verdana,Geneva,sans-serif\"><a data-url=\"https:\/\/sisu.ut.ee\/zrpildid\/palupohja-7-9-08-2018\" href=\"https:\/\/sisu.ut.ee\/zrpildid\/palupohja-7-9-08-2018\" target=\"_blank\" title=\"\" rel=\"noopener\">pildid &gt;&gt;<\/a><\/span><\/span>\r\n<\/p>\r\n\r\n<p>\r\n\t<span style=\"font-size:16px\"><span style=\"font-family:Verdana,Geneva,sans-serif\"><span data-mce-mark=\"1\">P\u00e4ev algas \u00fchise \u00f5ppek\u00e4iguga l\u00e4hi\u00fcmbrusesse.<\/span><\/span><\/span>\r\n<\/p>\r\n\r\n<p>\r\n\t<span style=\"font-size:16px\"><span style=\"font-family:Verdana,Geneva,sans-serif\"><img decoding=\"async\" alt=\"\" src=\"https:\/\/sisu.ut.ee\/wp-content\/uploads\/sites\/427\/papo-3-03.jpg\" style=\"width: 1000px;height: 667px\"><\/span><\/span>\r\n<\/p>\r\n\r\n<p>\r\n\t<span style=\"font-size:16px\"><span style=\"font-family:Verdana,Geneva,sans-serif\"><span data-mce-mark=\"1\">Edasi jaguneti kaheks. \u00dchel r\u00fchmal oli iseseisev \u00fclesanne \u00fcmbruskonna loomi uurida,\u00a0<\/span><br><span data-mce-mark=\"1\">teine r\u00fchm k\u00e4is koos Aivoga Emaj\u00f5est v\u00e4ikeseid loomi p\u00fc\u00fcdmas ja uurimas. Hiljem r\u00fchmade t\u00f6\u00f6 vahetus.<\/span><\/span><\/span>\r\n<\/p>\r\n\r\n<p>\r\n\t<span style=\"font-size:16px\"><span style=\"font-family:Verdana,Geneva,sans-serif\"><img decoding=\"async\" alt=\"\" src=\"https:\/\/sisu.ut.ee\/wp-content\/uploads\/sites\/427\/papo-3-06.jpg\" style=\"width: 1000px;height: 667px\"><\/span><\/span>\r\n<\/p>\r\n\r\n<p>\r\n\t<span style=\"font-size:16px\"><span style=\"font-family:Verdana,Geneva,sans-serif\"><span data-mce-mark=\"1\">V\u00e4iksemad r\u00fchmad valisid endale vaatluse ja uurimise teema, vatavalt sellele tehti vaatlusi ning l\u00f5puks esitleti tulemust teistele.<\/span><\/span><\/span>\r\n<\/p>\r\n\r\n<p>\r\n\t<span style=\"font-size:16px\"><span style=\"font-family:Verdana,Geneva,sans-serif\"><img decoding=\"async\" alt=\"\" src=\"https:\/\/sisu.ut.ee\/wp-content\/uploads\/sites\/427\/papo-3-16.jpg\" style=\"width: 1000px;height: 667px\"><\/span><\/span>\r\n<\/p>\r\n\r\n<p>\r\n\t<span style=\"font-size:16px\"><span style=\"font-family:Verdana,Geneva,sans-serif\"><span data-mce-mark=\"1\">Mari \u00f5petas, kuidas vanapaberit taaskasutada.<\/span><\/span><\/span>\r\n<\/p>\r\n\r\n<p>\r\n\t<span style=\"font-size:16px\"><span style=\"font-family:Verdana,Geneva,sans-serif\"><img decoding=\"async\" alt=\"\" src=\"https:\/\/sisu.ut.ee\/wp-content\/uploads\/sites\/427\/papo-3-25.jpg\" style=\"width: 1000px;height: 667px\"><\/span><\/span>\r\n<\/p>\r\n\r\n<p>\r\n\t<span style=\"font-size:16px\"><span style=\"font-family:Verdana,Geneva,sans-serif\"><span data-mce-mark=\"1\">Kel huvi, sai proovida liblikaid sirutada ja putukaid prapareetida.<\/span><\/span><\/span>\r\n<\/p>\r\n\r\n<p>\r\n\t<span style=\"font-size:16px\"><span style=\"font-family:Verdana,Geneva,sans-serif\"><img decoding=\"async\" alt=\"\" src=\"https:\/\/sisu.ut.ee\/wp-content\/uploads\/sites\/427\/papo-3-28.jpg\" style=\"width: 1000px;height: 667px\"><\/span><\/span>\r\n<\/p>\r\n\r\n<p>\r\n\t<span style=\"font-size:16px\"><span style=\"font-family:Verdana,Geneva,sans-serif\"><span data-mce-mark=\"1\">L\u00f5puks koostati n\u00e4htud, kuuldud ja tegevusj\u00e4lgede j\u00e4rgi tuvastatud loomade nimestik.<\/span><\/span><\/span>\r\n<\/p>\r\n\r\n<p>\r\n\t<span style=\"font-size:16px\"><span style=\"font-family:Verdana,Geneva,sans-serif\"><a href=\"\/wp-content\/uploads\/sites\/178\/loomade_nimestik_palupohja_7.08-9.08.2018.pdf\" target=\"_blank\" rel=\"noopener\">Loomade nimestik &gt;&gt;<\/a><\/span><\/span>\r\n<\/p>\r\n\r\n<p>\r\n\t<span style=\"font-size:16px\"><span style=\"font-family:Verdana,Geneva,sans-serif\"><a data-url=\"https:\/\/sisu.ut.ee\/zrpildid\/palupohja-7-9-08-2018\" href=\"https:\/\/sisu.ut.ee\/zrpildid\/palupohja-7-9-08-2018\" target=\"_blank\" title=\"\" rel=\"noopener\">pildid &gt;&gt;<\/a><\/span><\/span>\r\n<\/p>\r\n\r\n<p>\r\n\t<span style=\"font-size:16px\"><span style=\"font-family:Verdana,Geneva,sans-serif\">V\u00e4lipraktikumide l\u00e4biviimist toetas\u00a0<a href=\"http:\/\/www.kik.ee\/\" target=\"_blank\" rel=\"noopener\">KIK<\/a><\/span><\/span>\r\n<\/p>\r\n\r\n<p>\r\n\t<span style=\"font-size:16px\"><span style=\"font-family:Verdana,Geneva,sans-serif\"><a href=\"http:\/\/www.kik.ee\/\" target=\"_blank\" rel=\"noopener\"><img loading=\"lazy\" decoding=\"async\" height=\"539\" src=\"\/wp-content\/uploads\/sites\/178\/kik_logo_rgb.jpg\" width=\"496\"><\/a><\/span><\/span>\r\n<\/p>\r\n<br><div class=\"wp-block-group attached-files-group is-layout-constrained wp-block-group-is-layout-constrained\"><div class=\"wp-block-file\"><a href=\"https:\/\/sisu.ut.ee\/wp-content\/uploads\/sites\/178\/loomade_nimestik_palupohja_7.08-9.08.2018.pdf\" target=\"_blank\" rel=\"noreferrer noopener\">loomade_nimestik_palupohja_7.08-9.08.2018.pdf<\/a><\/div><\/div>","protected":false},"excerpt":{"rendered":"<p>pildid &gt;&gt; P\u00e4ev algas \u00fchise \u00f5ppek\u00e4iguga l\u00e4hi\u00fcmbrusesse. Edasi jaguneti kaheks. \u00dchel r\u00fchmal oli iseseisev \u00fclesanne \u00fcmbruskonna loomi uurida,\u00a0teine r\u00fchm k\u00e4is koos Aivoga Emaj\u00f5est v\u00e4ikeseid loomi p\u00fc\u00fcdmas ja uurimas. Hiljem r\u00fchmade t\u00f6\u00f6 vahetus. V\u00e4iksemad r\u00fchmad valisid endale vaatluse ja uurimise teema, &#8230;<\/p>\n","protected":false},"author":88,"featured_media":0,"parent":0,"menu_order":0,"comment_status":"closed","ping_status":"closed","template":"","meta":{"_acf_changed":false,"inline_featured_image":false,"footnotes":""},"class_list":["post-72","page","type-page","status-publish","hentry"],"acf":[],"_links":{"self":[{"href":"https:\/\/sisu.ut.ee\/zooloogiaring\/wp-json\/wp\/v2\/pages\/72","targetHints":{"allow":["GET"]}}],"collection":[{"href":"https:\/\/sisu.ut.ee\/zooloogiaring\/wp-json\/wp\/v2\/pages"}],"about":[{"href":"https:\/\/sisu.ut.ee\/zooloogiaring\/wp-json\/wp\/v2\/types\/page"}],"author":[{"embeddable":true,"href":"https:\/\/sisu.ut.ee\/zooloogiaring\/wp-json\/wp\/v2\/users\/88"}],"replies":[{"embeddable":true,"href":"https:\/\/sisu.ut.ee\/zooloogiaring\/wp-json\/wp\/v2\/comments?post=72"}],"version-history":[{"count":2,"href":"https:\/\/sisu.ut.ee\/zooloogiaring\/wp-json\/wp\/v2\/pages\/72\/revisions"}],"predecessor-version":[{"id":821,"href":"https:\/\/sisu.ut.ee\/zooloogiaring\/wp-json\/wp\/v2\/pages\/72\/revisions\/821"}],"wp:attachment":[{"href":"https:\/\/sisu.ut.ee\/zooloogiaring\/wp-json\/wp\/v2\/media?parent=72"}],"curies":[{"name":"wp","href":"https:\/\/api.w.org\/{rel}","templated":true}]}}