{"id":70,"date":"2024-04-04T02:55:54","date_gmt":"2024-04-03T23:55:54","guid":{"rendered":"https:\/\/sisu.ut.ee\/zooloogiaring\/palupohja-20-21012018-0\/"},"modified":"2024-04-04T02:58:08","modified_gmt":"2024-04-03T23:58:08","slug":"palupohja-20-21012018-0","status":"publish","type":"page","link":"https:\/\/sisu.ut.ee\/zooloogiaring\/palupohja-20-21012018-0\/","title":{"rendered":"Palup\u00f5hja 20.-21.01.2018"},"content":{"rendered":"<p>\n\t<strong><span style=\"font-size:16px\"><span style=\"font-family:Verdana,Geneva,sans-serif\"><a data-url=\"https:\/\/sisu.ut.ee\/zrpildid\/palupohja-20-21-01-2018\" href=\"https:\/\/sisu.ut.ee\/zrpildid\/palupohja-20-21-01-2018\" target=\"_blank\" title=\"\" rel=\"noopener\">pildid &gt;&gt;<\/a><\/span><\/span><\/strong>\n<\/p>\n<p>\n\t<span style=\"font-size:16px\"><span style=\"font-family:Verdana,Geneva,sans-serif\"><span data-mce-mark=\"1\">Tuntud suurimetajate uurija, teadlane J\u00fcri T\u00f5nisson k\u00e4is meiega metsaretkel\u00a0ja juhendas praktikumi<\/span><\/span><\/span>\n<\/p>\n<p>\n\t<span style=\"font-size:16px\"><span style=\"font-family:Verdana,Geneva,sans-serif\"><img decoding=\"async\" alt=\"\" src=\"https:\/\/sisu.ut.ee\/wp-content\/uploads\/sites\/427\/papo18-1-2.jpg\" style=\"width: 1000px;height: 667px\"><\/span><\/span>\n<\/p>\n<p>\n\t<span style=\"font-size:16px\"><span style=\"font-family:Verdana,Geneva,sans-serif\"><span data-mce-mark=\"1\">Vaatasime videofilme Eesti s\u00f5ralistest: metskitsest, p\u00f5drast, hirvest ning metsseast<\/span><\/span><\/span>\n<\/p>\n<p>\n\t<span style=\"font-size:16px\"><span style=\"font-family:Verdana,Geneva,sans-serif\"><img decoding=\"async\" alt=\"\" src=\"https:\/\/sisu.ut.ee\/wp-content\/uploads\/sites\/427\/papo18-1-7.jpg\" style=\"width: 1000px;height: 667px\"><\/span><\/span>\n<\/p>\n<p>\n\t<span style=\"font-size:16px\"><span style=\"font-family:Verdana,Geneva,sans-serif\"><span data-mce-mark=\"1\">Kuidas hammaste j\u00e4rgi p\u00f5dra vanust m\u00e4\u00e4rata?<\/span><\/span><\/span>\n<\/p>\n<p>\n\t<span style=\"font-size:16px\"><span style=\"font-family:Verdana,Geneva,sans-serif\"><img decoding=\"async\" alt=\"\" src=\"https:\/\/sisu.ut.ee\/wp-content\/uploads\/sites\/427\/papo18-1-9.jpg\" style=\"width: 1000px;height: 667px\"><\/span><\/span>\n<\/p>\n<p>\n\t<span style=\"font-size:16px\"><span style=\"font-family:Verdana,Geneva,sans-serif\"><span data-mce-mark=\"1\">Teisel p\u00e4eval k\u00e4isime veidi pikemal metsaretkel<\/span><\/span><\/span>\n<\/p>\n<p>\n\t<span style=\"font-size:16px\"><span style=\"font-family:Verdana,Geneva,sans-serif\"><img decoding=\"async\" alt=\"\" src=\"https:\/\/sisu.ut.ee\/wp-content\/uploads\/sites\/427\/papo18-1-15.jpg\" style=\"width: 1000px;height: 667px\"><\/span><\/span>\n<\/p>\n<p>\n\t<span style=\"font-size:16px\"><span style=\"font-family:Verdana,Geneva,sans-serif\"><span data-mce-mark=\"1\">Iga\u00fcks valis endale teema \u00fche looma tegevusj\u00e4ljest ja esitles seda teistele<\/span><\/span><\/span>\n<\/p>\n<p>\n\t<span style=\"font-size:16px\"><span style=\"font-family:Verdana,Geneva,sans-serif\"><img decoding=\"async\" alt=\"\" src=\"https:\/\/sisu.ut.ee\/wp-content\/uploads\/sites\/427\/papo18-1-21.jpg\" style=\"width: 1000px;height: 688px\"><\/span><\/span>\n<\/p>\n<p>\n\t<span style=\"font-size:16px\"><span style=\"font-family:Verdana,Geneva,sans-serif\"><span data-mce-mark=\"1\">L\u00f5puks koostasime praktikumi ajal n\u00e4htud, kuuldud ja tegevusj\u00e4lgede j\u00e4rgi kindlaks tehtud loomade nimestiku:<\/span><\/span><\/span>\n<\/p>\n<p style=\"padding-left: 30px\">\n\t<span style=\"font-size:14px\"><span style=\"font-family:Verdana,Geneva,sans-serif\">1. Hallj\u00e4nese jalaj\u00e4ljed<br>2. Hiire jalaj\u00e4ljed<br>3. Hundi jalaj\u00e4ljed<br>4. J\u00e4nese koore s\u00f6\u00f6mine<br>5. Karihiire jalaj\u00e4ljed<br>6. K\u00e4hriku jalaj\u00e4ljed<br>7. Laanep\u00fc\u00fc jalaj\u00e4ljed<br>8. Metskitse jalaj\u00e4ljed<br>9. Metskitse toitumisj\u00e4ljed<br>10. Nugise jalaj\u00e4ljed<br>11. Orava jalaj\u00e4ljed<br>12. P\u00f5dra koore s\u00f6\u00f6mine<br>13. Rasvatihaste parv<br>14. Rebase jalaj\u00e4ljed<br>15. Saarma j\u00e4ljed ja silmaga n\u00e4gemine<\/span><\/span>\n<\/p>\n<p>\n\t<strong><span style=\"font-size:16px\"><span style=\"font-family:Verdana,Geneva,sans-serif\"><a data-url=\"https:\/\/sisu.ut.ee\/zrpildid\/palupohja-20-21-01-2018\" href=\"https:\/\/sisu.ut.ee\/zrpildid\/palupohja-20-21-01-2018\" target=\"_blank\" title=\"\" rel=\"noopener\">pildid &gt;&gt;<\/a><\/span><\/span><\/strong><br>\u00a0\n<\/p>\n<p>\n\t<span style=\"font-size:16px\"><span style=\"font-family:Verdana,Geneva,sans-serif\">V\u00e4lipraktikumide\u00a0l\u00e4biviimist toetas\u00a0<a href=\"http:\/\/www.kik.ee\/\" target=\"_blank\" rel=\"noopener\">KIK<\/a><\/span><\/span>\n<\/p>\n<p>\n\t<span style=\"font-size:16px\"><span style=\"font-family:Verdana,Geneva,sans-serif\"><a href=\"http:\/\/www.kik.ee\/\" target=\"_blank\" rel=\"noopener\"><img loading=\"lazy\" decoding=\"async\" height=\"539\" src=\"\/wp-content\/uploads\/sites\/178\/kik_logo_rgb_0.jpg\" width=\"496\"><\/a><\/span><\/span><\/p>\n","protected":false},"excerpt":{"rendered":"<p>pildid &gt;&gt; Tuntud suurimetajate uurija, teadlane J\u00fcri T\u00f5nisson k\u00e4is meiega metsaretkel\u00a0ja juhendas praktikumi Vaatasime videofilme Eesti s\u00f5ralistest: metskitsest, p\u00f5drast, hirvest ning metsseast Kuidas hammaste j\u00e4rgi p\u00f5dra vanust m\u00e4\u00e4rata? Teisel p\u00e4eval k\u00e4isime veidi pikemal metsaretkel Iga\u00fcks valis endale teema \u00fche looma &#8230;<\/p>\n","protected":false},"author":88,"featured_media":0,"parent":0,"menu_order":0,"comment_status":"closed","ping_status":"closed","template":"","meta":{"_acf_changed":false,"inline_featured_image":false,"footnotes":""},"class_list":["post-70","page","type-page","status-publish","hentry"],"acf":[],"_links":{"self":[{"href":"https:\/\/sisu.ut.ee\/zooloogiaring\/wp-json\/wp\/v2\/pages\/70","targetHints":{"allow":["GET"]}}],"collection":[{"href":"https:\/\/sisu.ut.ee\/zooloogiaring\/wp-json\/wp\/v2\/pages"}],"about":[{"href":"https:\/\/sisu.ut.ee\/zooloogiaring\/wp-json\/wp\/v2\/types\/page"}],"author":[{"embeddable":true,"href":"https:\/\/sisu.ut.ee\/zooloogiaring\/wp-json\/wp\/v2\/users\/88"}],"replies":[{"embeddable":true,"href":"https:\/\/sisu.ut.ee\/zooloogiaring\/wp-json\/wp\/v2\/comments?post=70"}],"version-history":[{"count":1,"href":"https:\/\/sisu.ut.ee\/zooloogiaring\/wp-json\/wp\/v2\/pages\/70\/revisions"}],"predecessor-version":[{"id":751,"href":"https:\/\/sisu.ut.ee\/zooloogiaring\/wp-json\/wp\/v2\/pages\/70\/revisions\/751"}],"wp:attachment":[{"href":"https:\/\/sisu.ut.ee\/zooloogiaring\/wp-json\/wp\/v2\/media?parent=70"}],"curies":[{"name":"wp","href":"https:\/\/api.w.org\/{rel}","templated":true}]}}