{"id":7,"date":"2024-04-04T02:55:49","date_gmt":"2024-04-03T23:55:49","guid":{"rendered":"https:\/\/sisu.ut.ee\/zooloogiaring\/tunniplaan\/"},"modified":"2024-08-27T12:40:09","modified_gmt":"2024-08-27T09:40:09","slug":"tunniplaan","status":"publish","type":"page","link":"https:\/\/sisu.ut.ee\/zooloogiaring\/tunniplaan\/","title":{"rendered":"Tunniplaan"},"content":{"rendered":"<figure class=\"wp-block-table\"><table class=\"table table-hover\"><tbody><tr><td class=\"has-text-align-center\" data-align=\"center\">Kellaaeg<\/td><td class=\"has-text-align-center\" data-align=\"center\">Esmasp\u00e4ev<\/td><td class=\"has-text-align-center\" data-align=\"center\">Teisip\u00e4ev<\/td><td class=\"has-text-align-center\" data-align=\"center\">Kolmap\u00e4ev<\/td><td class=\"has-text-align-center\" data-align=\"center\">Neljap\u00e4ev<\/td><\/tr><tr><td class=\"has-text-align-center\" data-align=\"center\">9.30-11.30<\/td><td class=\"has-text-align-center\" data-align=\"center\"><strong>9. r\u00fchm<\/strong><br>(MHG 2. klass)<\/td><td class=\"has-text-align-center\" data-align=\"center\"><\/td><td class=\"has-text-align-center\" data-align=\"center\"><\/td><td class=\"has-text-align-center\" data-align=\"center\"><\/td><\/tr><tr><td class=\"has-text-align-center\" data-align=\"center\">11.30-13.00<\/td><td class=\"has-text-align-center\" data-align=\"center\"><strong>10. r\u00fchm<\/strong><br>(MHG 1. klass)<\/td><td class=\"has-text-align-center\" data-align=\"center\"><\/td><td class=\"has-text-align-center\" data-align=\"center\"><\/td><td class=\"has-text-align-center\" data-align=\"center\"><\/td><\/tr><tr><td class=\"has-text-align-center\" data-align=\"center\">14.30*-16.30<\/td><td class=\"has-text-align-center\" data-align=\"center\"><strong>5. r\u00fchm<\/strong><br>(1.-4. klass)<\/td><td class=\"has-text-align-center\" data-align=\"center\"><strong>6. r\u00fchm<\/strong><br>(1.-4. klass)<\/td><td class=\"has-text-align-center\" data-align=\"center\"><strong>7. r\u00fchm<\/strong><br>(1.-4. klass)<\/td><td class=\"has-text-align-center\" data-align=\"center\"><strong>8. r\u00fchm<\/strong><br>(1.-4. klass)<\/td><\/tr><tr><td class=\"has-text-align-center\" data-align=\"center\">16.30*-18.30<\/td><td class=\"has-text-align-center\" data-align=\"center\"><strong>1. r\u00fchm<\/strong><br>(7.-12. klass)<\/td><td class=\"has-text-align-center\" data-align=\"center\"><strong>2. r\u00fchm<\/strong><br>(7.-12. klass)<\/td><td class=\"has-text-align-center\" data-align=\"center\"><strong>3. r\u00fchm<\/strong><br>(4.-7. klass)<\/td><td class=\"has-text-align-center\" data-align=\"center\"><strong>4. r\u00fchm<\/strong><br>(4.-7. klass)<\/td><\/tr><\/tbody><\/table><\/figure>\n\n\n\n<p>* \u00d5htupoolsete r\u00fchmade p\u00f5hitegevused algavad t\u00e4istunnil (vastavalt kl 15 ja 17). <br>Nii saavad osaleda ka need \u00f5pilased, kes tunniplaanis m\u00e4rgitud ajaks ei saa tulla, n\u00e4iteks kui koolitunnid l\u00f5ppevad hiljem.<\/p>\n","protected":false},"excerpt":{"rendered":"<p>Kellaaeg Esmasp\u00e4ev Teisip\u00e4ev Kolmap\u00e4ev Neljap\u00e4ev 9.30-11.30 9. r\u00fchm(MHG 2. klass) 11.30-13.00 10. r\u00fchm(MHG 1. klass) 14.30*-16.30 5. r\u00fchm(1.-4. klass) 6. r\u00fchm(1.-4. klass) 7. r\u00fchm(1.-4. klass) 8. r\u00fchm(1.-4. klass) 16.30*-18.30 1. r\u00fchm(7.-12. klass) 2. r\u00fchm(7.-12. klass) 3. r\u00fchm(4.-7. klass) 4. r\u00fchm(4.-7. &#8230;<\/p>\n","protected":false},"author":88,"featured_media":0,"parent":0,"menu_order":0,"comment_status":"closed","ping_status":"closed","template":"","meta":{"_acf_changed":false,"inline_featured_image":false,"footnotes":""},"class_list":["post-7","page","type-page","status-publish","hentry"],"acf":[],"_links":{"self":[{"href":"https:\/\/sisu.ut.ee\/zooloogiaring\/wp-json\/wp\/v2\/pages\/7","targetHints":{"allow":["GET"]}}],"collection":[{"href":"https:\/\/sisu.ut.ee\/zooloogiaring\/wp-json\/wp\/v2\/pages"}],"about":[{"href":"https:\/\/sisu.ut.ee\/zooloogiaring\/wp-json\/wp\/v2\/types\/page"}],"author":[{"embeddable":true,"href":"https:\/\/sisu.ut.ee\/zooloogiaring\/wp-json\/wp\/v2\/users\/88"}],"replies":[{"embeddable":true,"href":"https:\/\/sisu.ut.ee\/zooloogiaring\/wp-json\/wp\/v2\/comments?post=7"}],"version-history":[{"count":11,"href":"https:\/\/sisu.ut.ee\/zooloogiaring\/wp-json\/wp\/v2\/pages\/7\/revisions"}],"predecessor-version":[{"id":1481,"href":"https:\/\/sisu.ut.ee\/zooloogiaring\/wp-json\/wp\/v2\/pages\/7\/revisions\/1481"}],"wp:attachment":[{"href":"https:\/\/sisu.ut.ee\/zooloogiaring\/wp-json\/wp\/v2\/media?parent=7"}],"curies":[{"name":"wp","href":"https:\/\/api.w.org\/{rel}","templated":true}]}}