{"id":69,"date":"2024-04-04T02:55:54","date_gmt":"2024-04-03T23:55:54","guid":{"rendered":"https:\/\/sisu.ut.ee\/zooloogiaring\/kik-2018\/"},"modified":"2024-04-19T20:33:14","modified_gmt":"2024-04-19T17:33:14","slug":"kik-2018","status":"publish","type":"page","link":"https:\/\/sisu.ut.ee\/zooloogiaring\/kik-2018\/","title":{"rendered":"zooloogiaringi v\u00e4lipraktikumid 2018"},"content":{"rendered":"<p><span style=\"font-size: 14px;\"><span style=\"font-family: Verdana,Geneva,sans-serif;\">vaatamiseks kliki pildil v\u00f5i pealkirjal<\/span><\/span><br>\u00a0<\/p>\n\n\n\n<p><a href=\"https:\/\/sisu.ut.ee\/zooloogiaring\/palupohja-20-21012018-0\/\" target=\"_parent\" rel=\"noopener\"><span style=\"font-size: x-large;\">Palup\u00f5hja 20.-21. jaanuar 2018<\/span><\/a><\/p>\n\n\n\n<figure class=\"wp-block-image\"><a href=\"https:\/\/sisu.ut.ee\/zooloogiaring\/palupohja-20-21012018-0\/\"><img decoding=\"async\" src=\"https:\/\/sisu.ut.ee\/wp-content\/uploads\/sites\/427\/papo18-1-6.jpg\" alt=\"\"><\/a><\/figure>\n\n\n\n<hr class=\"wp-block-separator has-alpha-channel-opacity\">\n\n\n\n<p><br><a href=\"https:\/\/sisu.ut.ee\/zooloogiaring\/palupohja-17-18022018-0\/\"><span style=\"font-size: x-large;\">Palup\u00f5hja 17.-18. veebruar 2018<\/span><\/a><\/p>\n\n\n\n<figure class=\"wp-block-image\"><a href=\"https:\/\/sisu.ut.ee\/zooloogiaring\/palupohja-17-18022018-0\/\"><img decoding=\"async\" src=\"https:\/\/sisu.ut.ee\/wp-content\/uploads\/sites\/427\/papo-18-2-08.jpg\" alt=\"\"><\/a><\/figure>\n\n\n\n<hr class=\"wp-block-separator has-alpha-channel-opacity\">\n\n\n\n<p><br><a href=\"https:\/\/sisu.ut.ee\/zooloogiaring\/palupohja-7-9082018-0\/\"><span style=\"font-size: x-large;\">Palup\u00f5hja 7.-9. august 2018<\/span><\/a><\/p>\n\n\n\n<figure class=\"wp-block-image\"><a href=\"https:\/\/sisu.ut.ee\/zooloogiaring\/palupohja-7-9082018-0\/\"><img decoding=\"async\" src=\"https:\/\/sisu.ut.ee\/wp-content\/uploads\/sites\/427\/papo-3-02.jpg\" alt=\"\"><\/a><\/figure>\n\n\n\n<hr class=\"wp-block-separator has-alpha-channel-opacity\">\n\n\n\n<p><br><a href=\"https:\/\/sisu.ut.ee\/zooloogiaring\/palupohja-14-16082018-0\/\"><span style=\"font-size: x-large;\">Palup\u00f5hja 14.-16. august 2018<\/span><\/a><\/p>\n\n\n\n<figure class=\"wp-block-image\"><a href=\"https:\/\/sisu.ut.ee\/zooloogiaring\/palupohja-14-16082018-0\/\"><img decoding=\"async\" src=\"https:\/\/sisu.ut.ee\/wp-content\/uploads\/sites\/427\/papo-4-27.jpg\" alt=\"\"><\/a><\/figure>\n\n\n\n<p><br><span style=\"font-size: medium;\">laagrite l\u00e4biviimist toetas\u00a0<a href=\"http:\/\/www.kik.ee\/\" target=\"_blank\" rel=\"noopener\">KIK<\/a><\/span><\/p>\n\n\n\n<figure class=\"wp-block-image size-full\"><img loading=\"lazy\" decoding=\"async\" width=\"496\" height=\"539\" src=\"https:\/\/sisu.ut.ee\/wp-content\/uploads\/sites\/178\/kik_logo_rgb-1.jpg\" alt=\"\" class=\"wp-image-274\" srcset=\"https:\/\/sisu.ut.ee\/wp-content\/uploads\/sites\/178\/kik_logo_rgb-1.jpg 496w, https:\/\/sisu.ut.ee\/wp-content\/uploads\/sites\/178\/kik_logo_rgb-1-276x300.jpg 276w\" sizes=\"auto, (max-width: 496px) 100vw, 496px\"><\/figure>\n\n\n\n<p><a href=\"http:\/\/www.kik.ee\/\" target=\"_blank\" rel=\"noopener\"><span style=\"font-size: medium;\"><\/span><\/a><\/p>\n","protected":false},"excerpt":{"rendered":"<p>vaatamiseks kliki pildil v\u00f5i pealkirjal\u00a0 Palup\u00f5hja 20.-21. jaanuar 2018 Palup\u00f5hja 17.-18. veebruar 2018 Palup\u00f5hja 7.-9. august 2018 Palup\u00f5hja 14.-16. august 2018 laagrite l\u00e4biviimist toetas\u00a0KIK<\/p>\n","protected":false},"author":88,"featured_media":0,"parent":0,"menu_order":0,"comment_status":"closed","ping_status":"closed","template":"","meta":{"_acf_changed":false,"inline_featured_image":false,"footnotes":""},"class_list":["post-69","page","type-page","status-publish","hentry"],"acf":[],"_links":{"self":[{"href":"https:\/\/sisu.ut.ee\/zooloogiaring\/wp-json\/wp\/v2\/pages\/69","targetHints":{"allow":["GET"]}}],"collection":[{"href":"https:\/\/sisu.ut.ee\/zooloogiaring\/wp-json\/wp\/v2\/pages"}],"about":[{"href":"https:\/\/sisu.ut.ee\/zooloogiaring\/wp-json\/wp\/v2\/types\/page"}],"author":[{"embeddable":true,"href":"https:\/\/sisu.ut.ee\/zooloogiaring\/wp-json\/wp\/v2\/users\/88"}],"replies":[{"embeddable":true,"href":"https:\/\/sisu.ut.ee\/zooloogiaring\/wp-json\/wp\/v2\/comments?post=69"}],"version-history":[{"count":4,"href":"https:\/\/sisu.ut.ee\/zooloogiaring\/wp-json\/wp\/v2\/pages\/69\/revisions"}],"predecessor-version":[{"id":1410,"href":"https:\/\/sisu.ut.ee\/zooloogiaring\/wp-json\/wp\/v2\/pages\/69\/revisions\/1410"}],"wp:attachment":[{"href":"https:\/\/sisu.ut.ee\/zooloogiaring\/wp-json\/wp\/v2\/media?parent=69"}],"curies":[{"name":"wp","href":"https:\/\/api.w.org\/{rel}","templated":true}]}}