{"id":65,"date":"2024-04-04T02:55:53","date_gmt":"2024-04-03T23:55:53","guid":{"rendered":"https:\/\/sisu.ut.ee\/zooloogiaring\/2019-2020\/"},"modified":"2024-04-04T02:58:08","modified_gmt":"2024-04-03T23:58:08","slug":"2019-2020","status":"publish","type":"page","link":"https:\/\/sisu.ut.ee\/zooloogiaring\/2019-2020\/","title":{"rendered":"2019-2020"},"content":{"rendered":"<p>\n\t2019-2020 \u00f5ppeaasta teemad\n<\/p>\n<ol>\n<li>\n\t\tpesukarud\n\t<\/li>\n<li>\n\t\tsitikad\n\t<\/li>\n<li>\n\t\tmaja\u00e4mblik\n\t<\/li>\n<li>\n\t\tkaeluspapagoid\n\t<\/li>\n<li>\n\t\traagritsikad\n\t<\/li>\n<li>\n\t\thiidsalamandrid\n\t<\/li>\n<li>\n\t\ttuukanid\n\t<\/li>\n<li>\n\t\tvereimejalased \u2013 vampiirnahkhiired\n\t<\/li>\n<li>\n\t\tharilik siil ja kaelussiil\n\t<\/li>\n<li>\n\t\tkoopaolm, prooteused, sireenid\n\t<\/li>\n<li>\n\t\tkopskalad\n\t<\/li>\n<li>\n\t\tkrokodillilised\n\t<\/li>\n<li>\n\t\tp\u00f5hjap\u00f5der\n\t<\/li>\n<li>\n\t\tp\u00e4\u00e4susaba\n\t<\/li>\n<li>\n\t\tpringel\n\t<\/li>\n<li>\n\t\tpuugid\n\t<\/li>\n<li>\n\t\tbinturong\n\t<\/li>\n<li>\n\t\tkoduvarblane ja p\u00f5ldvarblane\n\t<\/li>\n<li>\n\t\tvaarikamardikas\n\t<\/li>\n<li>\n\t\tr\u00e4ndrott ja kodurott\n\t<\/li>\n<li>\n\t\tkeeruk\u00e4rsakad\n\t<\/li>\n<li>\n\t\thiidoravad\n\t<\/li>\n<li>\n\t\tahvikotkas\n\t<\/li>\n<li>\n\t\tkevadised liblikad\n\t<\/li>\n<li>\n\t\th\u00fc\u00e4\u00e4nid\n\t<\/li>\n<li>\n\t\ttuttp\u00fctt\n\t<\/li>\n<li>\n\t\ttokee geko\n\t<\/li>\n<li>\n\t\tkukkurhunt\n\t<\/li>\n<li>\n\t\tmerisiga\n\t<\/li>\n<li>\n\t\trebashaid\n\t<\/li>\n<li>\n\t\tkarihiired ja vesimutt\n\t<\/li>\n<\/ol>\n","protected":false},"excerpt":{"rendered":"<p>2019-2020 \u00f5ppeaasta teemad pesukarud sitikad maja\u00e4mblik kaeluspapagoid raagritsikad hiidsalamandrid tuukanid vereimejalased \u2013 vampiirnahkhiired harilik siil ja kaelussiil koopaolm, prooteused, sireenid kopskalad krokodillilised p\u00f5hjap\u00f5der p\u00e4\u00e4susaba pringel puugid binturong koduvarblane ja p\u00f5ldvarblane vaarikamardikas r\u00e4ndrott ja kodurott keeruk\u00e4rsakad hiidoravad ahvikotkas kevadised liblikad h\u00fc\u00e4\u00e4nid &#8230;<\/p>\n","protected":false},"author":88,"featured_media":0,"parent":0,"menu_order":0,"comment_status":"closed","ping_status":"closed","template":"","meta":{"_acf_changed":false,"inline_featured_image":false,"footnotes":""},"class_list":["post-65","page","type-page","status-publish","hentry"],"acf":[],"_links":{"self":[{"href":"https:\/\/sisu.ut.ee\/zooloogiaring\/wp-json\/wp\/v2\/pages\/65","targetHints":{"allow":["GET"]}}],"collection":[{"href":"https:\/\/sisu.ut.ee\/zooloogiaring\/wp-json\/wp\/v2\/pages"}],"about":[{"href":"https:\/\/sisu.ut.ee\/zooloogiaring\/wp-json\/wp\/v2\/types\/page"}],"author":[{"embeddable":true,"href":"https:\/\/sisu.ut.ee\/zooloogiaring\/wp-json\/wp\/v2\/users\/88"}],"replies":[{"embeddable":true,"href":"https:\/\/sisu.ut.ee\/zooloogiaring\/wp-json\/wp\/v2\/comments?post=65"}],"version-history":[{"count":1,"href":"https:\/\/sisu.ut.ee\/zooloogiaring\/wp-json\/wp\/v2\/pages\/65\/revisions"}],"predecessor-version":[{"id":756,"href":"https:\/\/sisu.ut.ee\/zooloogiaring\/wp-json\/wp\/v2\/pages\/65\/revisions\/756"}],"wp:attachment":[{"href":"https:\/\/sisu.ut.ee\/zooloogiaring\/wp-json\/wp\/v2\/media?parent=65"}],"curies":[{"name":"wp","href":"https:\/\/api.w.org\/{rel}","templated":true}]}}