{"id":62,"date":"2024-04-04T02:55:53","date_gmt":"2024-04-03T23:55:53","guid":{"rendered":"https:\/\/sisu.ut.ee\/zooloogiaring\/kabli-oppeeksursioon_24-26-02-2010\/"},"modified":"2024-04-04T02:58:08","modified_gmt":"2024-04-03T23:58:08","slug":"kabli-oppeeksursioon_24-26-02-2010","status":"publish","type":"page","link":"https:\/\/sisu.ut.ee\/zooloogiaring\/kabli-oppeeksursioon_24-26-02-2010\/","title":{"rendered":"Kabli 24.-26. september 2010"},"content":{"rendered":"<p>\n\t<span style=\"font-size:16px\"><span style=\"font-family:Verdana,Geneva,sans-serif\"><strong><a data-url=\"https:\/\/sisu.ut.ee\/zrpildid\/kabli-24-26-09-2010\" href=\"https:\/\/sisu.ut.ee\/zrpildid\/kabli-24-26-09-2010\" target=\"_blank\" title=\"\" rel=\"noopener\">pildid &gt;&gt;<\/a><\/strong><\/span><\/span><br>\u00a0\n<\/p>\n<p>\n\t<span style=\"font-size:16px\"><span style=\"font-family:Verdana,Geneva,sans-serif\">Kablis on hea v\u00f5imalus vaadata, kuidas lindude r\u00e4nnet uuritakse \u2013\u00a0kuidas linde p\u00fc\u00fctakse ja r\u00f5ngastatakse.<\/span><\/span>\n<\/p>\n<p>\n\t<span style=\"font-size:16px\"><span style=\"font-family:Verdana,Geneva,sans-serif\"><img decoding=\"async\" alt=\"\" src=\"https:\/\/sisu.ut.ee\/wp-content\/uploads\/sites\/427\/kabli9_02.jpg\" style=\"width: 1000px;height: 667px\"><\/span><\/span><br><span style=\"font-size:14px\"><span style=\"font-family:Verdana,Geneva,sans-serif\">Vaade Kabli Linnujaamale. Ees on k\u00f5retiigid<\/span><\/span>\n<\/p>\n<p>\n\t<span style=\"font-size:16px\"><span style=\"font-family:Verdana,Geneva,sans-serif\"><img decoding=\"async\" alt=\"\" src=\"https:\/\/sisu.ut.ee\/wp-content\/uploads\/sites\/427\/kabli9_11.jpg\" style=\"width: 1000px;height: 667px\"><\/span><\/span><br><span style=\"font-size:14px\"><span style=\"font-family:Verdana,Geneva,sans-serif\">Lindudest r\u00e4\u00e4kis ornitoloog Aivo Klein<\/span><\/span>\n<\/p>\n<p>\n\t<span style=\"font-size:16px\"><span style=\"font-family:Verdana,Geneva,sans-serif\"><img decoding=\"async\" alt=\"\" src=\"https:\/\/sisu.ut.ee\/wp-content\/uploads\/sites\/427\/kabli9_14.jpg\" style=\"width: 1000px;height: 667px\"><\/span><\/span><br><span style=\"font-size:14px\"><span style=\"font-family:Verdana,Geneva,sans-serif\">P\u00f6ialpoiss<\/span><\/span>\n<\/p>\n<p>\n\t<span style=\"font-size:16px\"><span style=\"font-family:Verdana,Geneva,sans-serif\"><img decoding=\"async\" alt=\"\" src=\"https:\/\/sisu.ut.ee\/wp-content\/uploads\/sites\/427\/kabli9_17.jpg\" style=\"width: 1000px;height: 667px\"><\/span><\/span><span style=\"font-size:14px\"><span style=\"font-family:Verdana,Geneva,sans-serif\">Rannas uurisime merekarpe<\/span><\/span>\n<\/p>\n<p>\n\t<span style=\"font-size:16px\"><span style=\"font-family:Verdana,Geneva,sans-serif\"><img decoding=\"async\" alt=\"\" src=\"https:\/\/sisu.ut.ee\/wp-content\/uploads\/sites\/427\/kabli9_21.jpg\" style=\"width: 1000px;height: 667px\"><\/span><\/span><span style=\"font-size:14px\"><span style=\"font-family:Verdana,Geneva,sans-serif\">Leiud Kabli rannast<\/span><\/span>\n<\/p>\n<p>\n\t<span style=\"font-size:16px\"><span style=\"font-family:Verdana,Geneva,sans-serif\"><img decoding=\"async\" alt=\"\" src=\"https:\/\/sisu.ut.ee\/wp-content\/uploads\/sites\/427\/kabli9_19.jpg\" style=\"width: 1000px;height: 667px\"><\/span><\/span><span style=\"font-size:14px\"><span style=\"font-family:Verdana,Geneva,sans-serif\">Nahkhiirem\u00e4ng<\/span><\/span>\n<\/p>\n<p>\n\t<span style=\"font-size:16px\"><span style=\"font-family:Verdana,Geneva,sans-serif\"><img decoding=\"async\" alt=\"\" src=\"https:\/\/sisu.ut.ee\/wp-content\/uploads\/sites\/427\/kabli9_20.jpg\" style=\"width: 1000px;height: 667px\"><\/span><\/span><span style=\"font-size:14px\"><span style=\"font-family:Verdana,Geneva,sans-serif\">Pildid on hindamiseks valmis pandud, p\u00f5hit\u00e4helepanu on praegu televiisoril<\/span><\/span>\n<\/p>\n<p>\n\t<span style=\"font-size:16px\"><span style=\"font-family:Verdana,Geneva,sans-serif\"><img decoding=\"async\" alt=\"\" src=\"https:\/\/sisu.ut.ee\/wp-content\/uploads\/sites\/427\/kabli9_23.jpg\" style=\"width: 1000px;height: 667px\"><\/span><\/span><span style=\"font-size:14px\"><span style=\"font-family:Verdana,Geneva,sans-serif\">Tagasiteel k\u00fclastasime P\u00e4rnu Minizood<\/span><\/span>\n<\/p>\n<p>\n\t<span style=\"font-size:16px\"><span style=\"font-family:Verdana,Geneva,sans-serif\"><strong><a data-url=\"https:\/\/sisu.ut.ee\/zrpildid\/kabli-24-26-09-2010\" href=\"https:\/\/sisu.ut.ee\/zrpildid\/kabli-24-26-09-2010\" target=\"_blank\" title=\"\" rel=\"noopener\">pildid &gt;<\/a><\/strong><\/span><\/span><br>\u00a0\n<\/p>\n<p>\n\t<span style=\"font-size:16px\"><span style=\"font-family:Verdana,Geneva,sans-serif\">\u00f5ppeekskursioone toetas\u00a0<a href=\"http:\/\/www.kik.ee\/\" target=\"_blank\" rel=\"noopener\">KIK<\/a><\/span><\/span>\n<\/p>\n<p>\n\t<span style=\"font-size:16px\"><span style=\"font-family:Verdana,Geneva,sans-serif\"><a data-url=\"https:\/\/www.kik.ee\/et\" href=\"https:\/\/www.kik.ee\/et\" target=\"_blank\" title=\"\" rel=\"noopener\"><img decoding=\"async\" alt=\"\" src=\"https:\/\/sisu.ut.ee\/wp-content\/uploads\/sites\/178\/kik_logo_rgb_0.jpg\" style=\"width: 496px;height: 539px\">\u200b\u200b\u200b\u200b\u200b\u200b\u200b<\/a><\/span><\/span><br>\u00a0\n<\/p>\n<p>\n\t\u00a0\n<\/p>\n<p>\n\t\u00a0\n<\/p>\n<p>\n\t\u00a0\n<\/p>\n<p>\n\t\u00a0\n<\/p>\n<p>\n\t\u00a0\n<\/p>\n<p>\n\t<span style=\"font-size:16px\"><span style=\"font-family:Verdana,Geneva,sans-serif\"><strong><a data-url=\"https:\/\/sisu.ut.ee\/zrpildid\/kabli-24-26-09-2010\" href=\"https:\/\/sisu.ut.ee\/zrpildid\/kabli-24-26-09-2010\" target=\"_blank\" title=\"\" rel=\"noopener\">pildid &gt;&gt;<\/a><\/strong><\/span><\/span><\/p>\n","protected":false},"excerpt":{"rendered":"<p>pildid &gt;&gt;\u00a0 Kablis on hea v\u00f5imalus vaadata, kuidas lindude r\u00e4nnet uuritakse \u2013\u00a0kuidas linde p\u00fc\u00fctakse ja r\u00f5ngastatakse. Vaade Kabli Linnujaamale. Ees on k\u00f5retiigid Lindudest r\u00e4\u00e4kis ornitoloog Aivo Klein P\u00f6ialpoiss Rannas uurisime merekarpe Leiud Kabli rannast Nahkhiirem\u00e4ng Pildid on hindamiseks valmis pandud, &#8230;<\/p>\n","protected":false},"author":88,"featured_media":0,"parent":0,"menu_order":0,"comment_status":"closed","ping_status":"closed","template":"","meta":{"_acf_changed":false,"inline_featured_image":false,"footnotes":""},"class_list":["post-62","page","type-page","status-publish","hentry"],"acf":[],"_links":{"self":[{"href":"https:\/\/sisu.ut.ee\/zooloogiaring\/wp-json\/wp\/v2\/pages\/62","targetHints":{"allow":["GET"]}}],"collection":[{"href":"https:\/\/sisu.ut.ee\/zooloogiaring\/wp-json\/wp\/v2\/pages"}],"about":[{"href":"https:\/\/sisu.ut.ee\/zooloogiaring\/wp-json\/wp\/v2\/types\/page"}],"author":[{"embeddable":true,"href":"https:\/\/sisu.ut.ee\/zooloogiaring\/wp-json\/wp\/v2\/users\/88"}],"replies":[{"embeddable":true,"href":"https:\/\/sisu.ut.ee\/zooloogiaring\/wp-json\/wp\/v2\/comments?post=62"}],"version-history":[{"count":1,"href":"https:\/\/sisu.ut.ee\/zooloogiaring\/wp-json\/wp\/v2\/pages\/62\/revisions"}],"predecessor-version":[{"id":759,"href":"https:\/\/sisu.ut.ee\/zooloogiaring\/wp-json\/wp\/v2\/pages\/62\/revisions\/759"}],"wp:attachment":[{"href":"https:\/\/sisu.ut.ee\/zooloogiaring\/wp-json\/wp\/v2\/media?parent=62"}],"curies":[{"name":"wp","href":"https:\/\/api.w.org\/{rel}","templated":true}]}}