{"id":60,"date":"2024-04-04T02:55:53","date_gmt":"2024-04-03T23:55:53","guid":{"rendered":"https:\/\/sisu.ut.ee\/zooloogiaring\/rattamatk-oppeekskursioon-1-6-08-2010\/"},"modified":"2024-04-04T02:58:08","modified_gmt":"2024-04-03T23:58:08","slug":"rattamatk-oppeekskursioon-1-6-08-2010","status":"publish","type":"page","link":"https:\/\/sisu.ut.ee\/zooloogiaring\/rattamatk-oppeekskursioon-1-6-08-2010\/","title":{"rendered":"Alatskivi &#8211; Ninak\u00fcla &#8211; Saare j\u00e4rv &#8211; Elistvere Loomapark &#8211; Saadj\u00e4rv 1.-6. august 2010"},"content":{"rendered":"<p>\n\t<strong><span style=\"font-size:16px\"><span style=\"font-family:Verdana,Geneva,sans-serif\"><a data-url=\"https:\/\/sisu.ut.ee\/zrpildid\/rattamatk-1-6-08-2010\" href=\"https:\/\/sisu.ut.ee\/zrpildid\/rattamatk-1-6-08-2010\" target=\"_blank\" title=\"\" rel=\"noopener\">Pildid &gt;&gt;<\/a><\/span><\/span><\/strong><br>\u00a0\n<\/p>\n<p>\n\t<span style=\"font-size:16px\"><span style=\"font-family:Verdana,Geneva,sans-serif\">Zooloogiaringi \u00f5ppeekskursioonid s\u00fcgis 2010<\/span><\/span>\n<\/p>\n<p>\n\t<span style=\"font-size:16px\"><span style=\"font-family:Verdana,Geneva,sans-serif\">Kogu teekonna s\u00f5itsime ratastega<\/span><\/span>\n<\/p>\n<p>\n\t<span style=\"font-size:16px\"><span style=\"font-family:Verdana,Geneva,sans-serif\"><img decoding=\"async\" alt=\"\" src=\"https:\/\/sisu.ut.ee\/wp-content\/uploads\/sites\/178\/tartu_alatkivi_plaan_01.jpg\" style=\"width: 912px;height: 650px\"><\/span><\/span><br><span style=\"font-size:14px\"><span style=\"font-family:Verdana,Geneva,sans-serif\">Plaan, mille koostasime n\u00e4dal enne reisi<\/span><\/span>\n<\/p>\n<p>\n\t<span style=\"font-size:16px\"><span style=\"font-family:Verdana,Geneva,sans-serif\">Esimesed p\u00e4evad olime Alatskivi Looduskeskuses.<br>K\u00e4isime Alatskivi matkarajal, s\u00f5itsime Ninal\u00fclla ja Lahepera j\u00e4rve \u00e4\u00e4rde.<\/span><\/span>\n<\/p>\n<p>\n\t<span style=\"font-size:16px\"><span style=\"font-family:Verdana,Geneva,sans-serif\"><a data-url=\"https:\/\/sisu.ut.ee\/wp-content\/uploads\/sites\/178\/tartu_alatskivi_01.jpg\" href=\"https:\/\/sisu.ut.ee\/wp-content\/uploads\/sites\/178\/tartu_alatskivi_01.jpg\" title=\"\">Teekond Tartust Alatskivile &gt;&gt;<\/a><\/span><\/span>\n<\/p>\n<p>\n\t<span style=\"font-size:16px\"><span style=\"font-family:Verdana,Geneva,sans-serif\"><img decoding=\"async\" alt=\"\" src=\"https:\/\/sisu.ut.ee\/wp-content\/uploads\/sites\/427\/vo10-10.jpg\" style=\"width: 1000px;height: 667px\"><\/span><\/span><span style=\"font-size:14px\"><span style=\"font-family:Verdana,Geneva,sans-serif\">Alatskivi j\u00e4rv oli tammi rikke t\u00f5ttu v\u00e4ga madal<\/span><\/span>\n<\/p>\n<p>\n\t<span style=\"font-size:16px\"><span style=\"font-family:Verdana,Geneva,sans-serif\"><img decoding=\"async\" alt=\"\" src=\"https:\/\/sisu.ut.ee\/wp-content\/uploads\/sites\/427\/vo10-12.jpg\" style=\"width: 1000px;height: 667px\"><\/span><\/span><span style=\"font-size:14px\"><span style=\"font-family:Verdana,Geneva,sans-serif\">Punane allikas Alatskivi j\u00e4rve \u00e4\u00e4res<\/span><\/span>\n<\/p>\n<p>\n\t<span style=\"font-size:16px\"><span style=\"font-family:Verdana,Geneva,sans-serif\"><a data-url=\"https:\/\/sisu.ut.ee\/wp-content\/uploads\/sites\/178\/alatskivi_matkarada_010810_01.jpg\" href=\"https:\/\/sisu.ut.ee\/wp-content\/uploads\/sites\/178\/alatskivi_matkarada_010810_01.jpg\" title=\"\"><img decoding=\"async\" alt=\"\" src=\"https:\/\/sisu.ut.ee\/wp-content\/uploads\/sites\/178\/alatskivi_matkarada_010810_01.jpg\" style=\"width: 800px;height: 432px\"><\/a><\/span><\/span><br><span style=\"font-size:14px\"><span style=\"font-family:Verdana,Geneva,sans-serif\">Teekond Alatskivi matkarajal. Alatskivi j\u00e4rve kuiva lagendiku serval tegutses r\u00e4ndtirts<\/span><\/span>\n<\/p>\n<p>\n\t<span style=\"font-size:16px\"><span style=\"font-family:Verdana,Geneva,sans-serif\"><a data-url=\"https:\/\/sisu.ut.ee\/wp-content\/uploads\/sites\/178\/alatskivi_ninakyla_020810_01.jpg\" href=\"https:\/\/sisu.ut.ee\/wp-content\/uploads\/sites\/178\/alatskivi_ninakyla_020810_01.jpg\" title=\"\"><img decoding=\"async\" alt=\"\" src=\"https:\/\/sisu.ut.ee\/wp-content\/uploads\/sites\/178\/alatskivi_ninakyla_020810_01.jpg\" style=\"width: 800px;height: 593px\"><\/a><\/span><\/span><br><span style=\"font-size:14px\"><span style=\"font-family:Verdana,Geneva,sans-serif\">Teekond Alatskivilt Ninak\u00fclla ja Lahepera j\u00e4rve \u00e4\u00e4rde<\/span><\/span>\n<\/p>\n<p>\n\t<span style=\"font-size:16px\"><span style=\"font-family:Verdana,Geneva,sans-serif\">Lahepera j\u00e4rve \u00e4\u00e4res ukerdas madalas porilombis hiljuti nukust v\u00e4ljunud laiujur.<\/span><\/span>\n<\/p>\n<p>\n\t<span style=\"font-size:16px\"><span style=\"font-family:Verdana,Geneva,sans-serif\"><img decoding=\"async\" alt=\"\" src=\"https:\/\/sisu.ut.ee\/wp-content\/uploads\/sites\/427\/vo10-18.jpg\" style=\"width: 1000px;height: 667px\"><\/span><\/span><span style=\"font-size:14px\"><span style=\"font-family:Verdana,Geneva,sans-serif\">Ninak\u00fcla tuletorni juures<\/span><\/span>\n<\/p>\n<p>\n\t<span style=\"font-size:16px\"><span style=\"font-family:Verdana,Geneva,sans-serif\">Kolmanda p\u00e4eva hommikul s\u00f5itsime Alatskivilt Saare j\u00e4rve \u00e4\u00e4rde.<\/span><\/span>\n<\/p>\n<p>\n\t<span style=\"font-size:16px\"><span style=\"font-family:Verdana,Geneva,sans-serif\">Teekonnad Alatskivilt Saare j\u00e4rve \u00e4\u00e4rde:<br><a data-url=\"https:\/\/sisu.ut.ee\/wp-content\/uploads\/sites\/178\/alatskivi_saarjarve_030810_01.jpg\" href=\"https:\/\/sisu.ut.ee\/wp-content\/uploads\/sites\/178\/alatskivi_saarjarve_030810_01.jpg\" title=\"\">Kogu teekond &gt;&gt;<\/a><br><a data-url=\"https:\/\/sisu.ut.ee\/wp-content\/uploads\/sites\/178\/alatskivi_saarjarve_030810_kuningvere_jv_01.jpg\" href=\"https:\/\/sisu.ut.ee\/wp-content\/uploads\/sites\/178\/alatskivi_saarjarve_030810_kuningvere_jv_01.jpg\" title=\"\">Kuningvere j\u00e4rve piirkond &gt;&gt;<\/a><br><a data-url=\"https:\/\/sisu.ut.ee\/wp-content\/uploads\/sites\/178\/alatskivi_saarjarve_030810_sargjarv_01.jpg\" href=\"https:\/\/sisu.ut.ee\/wp-content\/uploads\/sites\/178\/alatskivi_saarjarve_030810_sargjarv_01.jpg\" title=\"\">S\u00e4rgj\u00e4rve piirkond &gt;&gt;<\/a><\/span><\/span>\n<\/p>\n<p>\n\t<span style=\"font-size:16px\"><span style=\"font-family:Verdana,Geneva,sans-serif\"><img decoding=\"async\" alt=\"\" src=\"https:\/\/sisu.ut.ee\/wp-content\/uploads\/sites\/427\/vo10-21.jpg\" style=\"width: 1000px;height: 667px\"><\/span><\/span><span style=\"font-size:14px\"><span style=\"font-family:Verdana,Geneva,sans-serif\">Laagripaik Saare j\u00e4rve \u00e4\u00e4res<\/span><\/span>\n<\/p>\n<p>\n\t<span style=\"font-size:16px\"><span style=\"font-family:Verdana,Geneva,sans-serif\">Neljandal p\u00e4eval \u00f5petas Evelin Saarva Luua Metsanduskoolist meile taimi ja taimekooslusi.<br>Tegime Saare j\u00e4rvele ringi peale ja k\u00e4isime eemal n\u00f5mmemetsas.<\/span><\/span>\n<\/p>\n<p>\n\t<span style=\"font-size:16px\"><span style=\"font-family:Verdana,Geneva,sans-serif\"><img decoding=\"async\" alt=\"\" src=\"https:\/\/sisu.ut.ee\/wp-content\/uploads\/sites\/427\/vo10-28.jpg\" style=\"width: 1000px;height: 667px\"><\/span><\/span><span style=\"font-size:14px\"><span style=\"font-family:Verdana,Geneva,sans-serif\">Evelin Saarva \u00f5petab taimekooslusi<\/span><\/span>\n<\/p>\n<p>\n\t<span style=\"font-size:16px\"><span style=\"font-family:Verdana,Geneva,sans-serif\"><img decoding=\"async\" alt=\"\" src=\"https:\/\/sisu.ut.ee\/wp-content\/uploads\/sites\/178\/saare_jarv_040810_01.jpg\" style=\"width: 920px;height: 654px\"><\/span><\/span><span style=\"font-size:14px\"><span style=\"font-family:Verdana,Geneva,sans-serif\">\u00d5ppeekskursiooni teekond Saare j\u00e4rve matkarajal<\/span><\/span>\n<\/p>\n<p>\n\t<span style=\"font-size:16px\"><span style=\"font-family:Verdana,Geneva,sans-serif\">Viienda p\u00e4eva hommik oli kurjakuulutav \u2013 ilmatede lubas vihma. Hakkasime juba varakult Elistvere poole v\u00e4ntama. \u00d5nneks j\u00f5udsime enne suuremat sadu Elistvere loomapargi uude peamajja.<\/span><\/span>\n<\/p>\n<p>\n\t<span style=\"font-size:16px\"><span style=\"font-family:Verdana,Geneva,sans-serif\"><a data-url=\"https:\/\/sisu.ut.ee\/wp-content\/uploads\/sites\/178\/saarejarv_elistvere_01.jpg\" href=\"https:\/\/sisu.ut.ee\/wp-content\/uploads\/sites\/178\/saarejarv_elistvere_01.jpg\" title=\"\">Teekond Saare j\u00e4rve \u00e4\u00e4rest Elistvere Loomaparki &gt;&gt;<\/a><\/span><\/span>\n<\/p>\n<p>\n\t<span style=\"font-size:16px\"><span style=\"font-family:Verdana,Geneva,sans-serif\"><img decoding=\"async\" alt=\"\" src=\"https:\/\/sisu.ut.ee\/wp-content\/uploads\/sites\/427\/vo10-34.jpg\" style=\"width: 1000px;height: 667px\"><\/span><\/span><span style=\"font-size:14px\"><span style=\"font-family:Verdana,Geneva,sans-serif\">Elistvere j\u00e4rve \u00e4\u00e4res<\/span><\/span>\n<\/p>\n<p>\n\t<span style=\"font-size:16px\"><span style=\"font-family:Verdana,Geneva,sans-serif\">P\u00e4rast l\u00f5unat s\u00f5itsime Elistverest Saadj\u00e4rve \u00e4\u00e4rde. Telkisime Saadj\u00e4rve jahtklubi territooriumil.<\/span><\/span>\n<\/p>\n<p>\n\t<span style=\"font-size:16px\"><span style=\"font-family:Verdana,Geneva,sans-serif\"><a data-url=\"https:\/\/sisu.ut.ee\/wp-content\/uploads\/sites\/178\/elistvere-saadjarve_050810_01.jpg\" href=\"https:\/\/sisu.ut.ee\/wp-content\/uploads\/sites\/178\/elistvere-saadjarve_050810_01.jpg\" title=\"\">Teekond Elistverest Saadj\u00e4rve \u00e4\u00e4rde &gt;&gt;<\/a><\/span><\/span>\n<\/p>\n<p>\n\t<span style=\"font-size:16px\"><span style=\"font-family:Verdana,Geneva,sans-serif\"><img decoding=\"async\" alt=\"\" src=\"https:\/\/sisu.ut.ee\/wp-content\/uploads\/sites\/427\/vo10-36.jpg\" style=\"width: 1000px;height: 667px\"><\/span><\/span><span style=\"font-size:14px\"><span style=\"font-family:Verdana,Geneva,sans-serif\">\u00d5htune vaade jahtklubi juurest Saadj\u00e4rvele<\/span><\/span>\n<\/p>\n<p>\n\t<span style=\"font-size:16px\"><span style=\"font-family:Verdana,Geneva,sans-serif\"><img decoding=\"async\" alt=\"\" src=\"https:\/\/sisu.ut.ee\/wp-content\/uploads\/sites\/427\/vo10-39.jpg\" style=\"width: 1000px;height: 667px\"><\/span><\/span><span style=\"font-size:14px\"><span style=\"font-family:Verdana,Geneva,sans-serif\">Meie telgid Saadj\u00e4rve jahtklubi juures<\/span><\/span>\n<\/p>\n<p>\n\t<span style=\"font-size:16px\"><span style=\"font-family:Verdana,Geneva,sans-serif\">Viimasel p\u00e4eva hommikul \u00f5petas Vahur Sepp meile puid ja p\u00f5\u00f5said<br>ning imetajaid loomi ning nende tegevusj\u00e4lgi.<\/span><\/span>\n<\/p>\n<p>\n\t<span style=\"font-size:16px\"><span style=\"font-family:Verdana,Geneva,sans-serif\"><img decoding=\"async\" alt=\"\" src=\"https:\/\/sisu.ut.ee\/wp-content\/uploads\/sites\/427\/vo10-45.jpg\" style=\"width: 1000px;height: 667px\"><\/span><\/span><span style=\"font-size:14px\"><span style=\"font-family:Verdana,Geneva,sans-serif\">Vahur Sepp n\u00e4itab hundi koljut<\/span><\/span>\n<\/p>\n<p>\n\t<span style=\"font-size:16px\"><span style=\"font-family:Verdana,Geneva,sans-serif\"><img decoding=\"async\" alt=\"\" src=\"https:\/\/sisu.ut.ee\/wp-content\/uploads\/sites\/427\/vo10-51.jpg\" style=\"width: 1000px;height: 667px\"><\/span><\/span><span style=\"font-size:14px\"><span style=\"font-family:Verdana,Geneva,sans-serif\">P\u00e4rastl\u00f5unal k\u00e4isime praamiga Saadj\u00e4rvel<\/span><\/span>\n<\/p>\n<p>\n\t<span style=\"font-size:16px\"><span style=\"font-family:Verdana,Geneva,sans-serif\"><img decoding=\"async\" alt=\"\" src=\"https:\/\/sisu.ut.ee\/wp-content\/uploads\/sites\/178\/saadjarve_060810_01.jpg\" style=\"width: 800px;height: 569px\"><\/span><\/span><br><span style=\"font-size:14px\"><span style=\"font-family:Verdana,Geneva,sans-serif\">Praami teekond Saadj\u00e4rvel<\/span><\/span>\n<\/p>\n<p>\n\t<span style=\"font-size:16px\"><span style=\"font-family:Verdana,Geneva,sans-serif\"><img decoding=\"async\" alt=\"\" src=\"https:\/\/sisu.ut.ee\/wp-content\/uploads\/sites\/427\/vo10-52.jpg\" style=\"width: 1000px;height: 667px\"><\/span><\/span><span style=\"font-size:14px\"><span style=\"font-family:Verdana,Geneva,sans-serif\">Vaade Kukulinna m\u00f5isale<\/span><\/span>\n<\/p>\n<p>\n\t<span style=\"font-size:16px\"><span style=\"font-family:Verdana,Geneva,sans-serif\"><a data-url=\"https:\/\/sisu.ut.ee\/wp-content\/uploads\/sites\/178\/saadjarve-tartu_060810_01.jpg\" href=\"https:\/\/sisu.ut.ee\/wp-content\/uploads\/sites\/178\/saadjarve-tartu_060810_01.jpg\" title=\"\">Teekond Saadj\u00e4rve \u00e4\u00e4rest Tartusse &gt;&gt;<\/a><\/span><\/span>\n<\/p>\n<p>\n\t<strong><span style=\"font-size:16px\"><span style=\"font-family:Verdana,Geneva,sans-serif\"><a data-url=\"https:\/\/sisu.ut.ee\/zrpildid\/rattamatk-1-6-08-2010\" href=\"https:\/\/sisu.ut.ee\/zrpildid\/rattamatk-1-6-08-2010\" target=\"_blank\" title=\"\" rel=\"noopener\">Pildid &gt;&gt;<\/a><\/span><\/span><\/strong>\n<\/p>\n<p>\n\t<br><span style=\"font-size:16px\"><span style=\"font-family:Verdana,Geneva,sans-serif\">\u00f5ppeekskursioone toetas\u00a0<a href=\"http:\/\/www.kik.ee\/\" target=\"_blank\" rel=\"noopener\">KIK<\/a><\/span><\/span>\n<\/p>\n<p>\n\t<span style=\"font-size:16px\"><span style=\"font-family:Verdana,Geneva,sans-serif\"><a data-url=\"https:\/\/www.kik.ee\/et\" href=\"https:\/\/www.kik.ee\/et\" target=\"_blank\" title=\"\" rel=\"noopener\"><img decoding=\"async\" alt=\"\" src=\"https:\/\/sisu.ut.ee\/wp-content\/uploads\/sites\/178\/kik_logo_rgb_0.jpg\" style=\"width: 496px;height: 539px\"><\/a><\/span><\/span><br>\u00a0\n<\/p>\n<p>\n\t\u00a0<\/p>\n","protected":false},"excerpt":{"rendered":"<p>Pildid &gt;&gt;\u00a0 Zooloogiaringi \u00f5ppeekskursioonid s\u00fcgis 2010 Kogu teekonna s\u00f5itsime ratastega Plaan, mille koostasime n\u00e4dal enne reisi Esimesed p\u00e4evad olime Alatskivi Looduskeskuses.K\u00e4isime Alatskivi matkarajal, s\u00f5itsime Ninal\u00fclla ja Lahepera j\u00e4rve \u00e4\u00e4rde. Teekond Tartust Alatskivile &gt;&gt; Alatskivi j\u00e4rv oli tammi rikke t\u00f5ttu v\u00e4ga &#8230;<\/p>\n","protected":false},"author":88,"featured_media":0,"parent":0,"menu_order":0,"comment_status":"closed","ping_status":"closed","template":"","meta":{"_acf_changed":false,"inline_featured_image":false,"footnotes":""},"class_list":["post-60","page","type-page","status-publish","hentry"],"acf":[],"_links":{"self":[{"href":"https:\/\/sisu.ut.ee\/zooloogiaring\/wp-json\/wp\/v2\/pages\/60","targetHints":{"allow":["GET"]}}],"collection":[{"href":"https:\/\/sisu.ut.ee\/zooloogiaring\/wp-json\/wp\/v2\/pages"}],"about":[{"href":"https:\/\/sisu.ut.ee\/zooloogiaring\/wp-json\/wp\/v2\/types\/page"}],"author":[{"embeddable":true,"href":"https:\/\/sisu.ut.ee\/zooloogiaring\/wp-json\/wp\/v2\/users\/88"}],"replies":[{"embeddable":true,"href":"https:\/\/sisu.ut.ee\/zooloogiaring\/wp-json\/wp\/v2\/comments?post=60"}],"version-history":[{"count":1,"href":"https:\/\/sisu.ut.ee\/zooloogiaring\/wp-json\/wp\/v2\/pages\/60\/revisions"}],"predecessor-version":[{"id":761,"href":"https:\/\/sisu.ut.ee\/zooloogiaring\/wp-json\/wp\/v2\/pages\/60\/revisions\/761"}],"wp:attachment":[{"href":"https:\/\/sisu.ut.ee\/zooloogiaring\/wp-json\/wp\/v2\/media?parent=60"}],"curies":[{"name":"wp","href":"https:\/\/api.w.org\/{rel}","templated":true}]}}