{"id":58,"date":"2024-04-04T02:55:53","date_gmt":"2024-04-03T23:55:53","guid":{"rendered":"https:\/\/sisu.ut.ee\/zooloogiaring\/ahjarve-oppeekskursioon-25-29-07-2011\/"},"modified":"2024-04-04T02:58:08","modified_gmt":"2024-04-03T23:58:08","slug":"ahjarve-oppeekskursioon-25-29-07-2011","status":"publish","type":"page","link":"https:\/\/sisu.ut.ee\/zooloogiaring\/ahjarve-oppeekskursioon-25-29-07-2011\/","title":{"rendered":"\u00c4hj\u00e4rve, Karula Rahvuspargi k\u00fclastuskeskus 25.-29. juuli 2011"},"content":{"rendered":"<p>\n\t<span style=\"font-size:16px\"><span style=\"font-family:Verdana,Geneva,sans-serif\"><strong><a data-url=\"https:\/\/sisu.ut.ee\/zrpildid\/ahijarve-25-29-07-2011\" href=\"https:\/\/sisu.ut.ee\/zrpildid\/ahijarve-25-29-07-2011\" target=\"_blank\" title=\"\" rel=\"noopener\">pildid &gt;&gt;<\/a><\/strong><\/span><\/span>\n<\/p>\n<p>\n\t<br><span style=\"font-size:16px\"><span style=\"font-family:Verdana,Geneva,sans-serif\">Esimese p\u00e4eva \u00f5htupoole k\u00e4isime V\u00e4rtem\u00e4e talus,\u00a0kus Mati Urbanik r\u00e4\u00e4kis meile mesilastest ja mesindusest.<\/span><\/span>\n<\/p>\n<p>\n\t<span style=\"font-size:16px\"><span style=\"font-family:Verdana,Geneva,sans-serif\"><img decoding=\"async\" alt=\"\" src=\"https:\/\/sisu.ut.ee\/wp-content\/uploads\/sites\/427\/karul11-05.jpg\" style=\"width: 1000px;height: 667px\"><\/span><\/span><br><span style=\"font-size:14px\"><span style=\"font-family:Verdana,Geneva,sans-serif\">Mati n\u00e4itab meile n\u00e4idistaru, mille k\u00fclgedel on klaasid<\/span><\/span>\n<\/p>\n<p>\n\t<span style=\"font-size:16px\"><span style=\"font-family:Verdana,Geneva,sans-serif\">\u00d5htuti panime \u00fcles n\u00e4riliste elusp\u00fc\u00fcgil\u00f5ksud. Hiiri ei saanud.\u00a0Ei teagai, kas oli hiiri v\u00e4he v\u00f5i ei osanud meie l\u00f5kse \u00f5igetesse kohtadesse panna.<\/span><\/span>\n<\/p>\n<p>\n\t<span style=\"font-size:16px\"><span style=\"font-family:Verdana,Geneva,sans-serif\">Teise p\u00e4eva hommikupoole k\u00fclastasime Karula Rahvuspargi keskust.\u00a0Vaatasime n\u00e4itust ning filmi Karula Rahvuspargist.\u00a0iga\u00fcks pidi n\u00e4itusel \u00fcles m\u00e4rkima midagi, mis ta juba teadis ja mida sai n\u00fc\u00fcd teada.<\/span><\/span>\n<\/p>\n<p>\n\t<span style=\"font-size:16px\"><span style=\"font-family:Verdana,Geneva,sans-serif\"><img decoding=\"async\" alt=\"\" src=\"https:\/\/sisu.ut.ee\/wp-content\/uploads\/sites\/427\/karul11-09.jpg\"><\/span><\/span><br><span style=\"font-size:14px\"><span style=\"font-family:Verdana,Geneva,sans-serif\">N\u00e4itus Karula Rahvuspargist<\/span><\/span>\n<\/p>\n<p>\n\t<span style=\"font-size:16px\"><span style=\"font-family:Verdana,Geneva,sans-serif\">\u00dcks r\u00fchm T\u00f5nisega \u00c4hij\u00e4rve matkarajal ja teine r\u00fchm Aivoga veeloomi uurimas, j\u00e4rgmisel p\u00e4eval tegime vahetust.\u00a0T\u00f5nis tegi esitluse Eesti suurimetajatest ja Aivo vees elavatest selgrootutest ning Eesti hiirelaadsetest n\u00e4rilistest.\u00a0\u00d5htuti tegime \u00f6\u00f6p\u00fc\u00fcki ja vaatlesime \u00f6\u00f6putukaid.<\/span><\/span>\n<\/p>\n<p>\n\t<span style=\"font-size:16px\"><span style=\"font-family:Verdana,Geneva,sans-serif\"><img decoding=\"async\" alt=\"\" src=\"https:\/\/sisu.ut.ee\/wp-content\/uploads\/sites\/427\/karul11-13.jpg\"><\/span><\/span><br><span style=\"font-size:14px\"><span style=\"font-family:Verdana,Geneva,sans-serif\">Veeloomi uurimas<\/span><\/span>\n<\/p>\n<p>\n\t<span style=\"font-size:16px\"><span style=\"font-family:Verdana,Geneva,sans-serif\"><img decoding=\"async\" alt=\"\" src=\"https:\/\/sisu.ut.ee\/wp-content\/uploads\/sites\/427\/karul11-21.jpg\"><\/span><\/span><br><span style=\"font-size:14px\"><span style=\"font-family:Verdana,Geneva,sans-serif\">\u00d6\u00f6p\u00fc\u00fck<\/span><\/span>\n<\/p>\n<p>\n\t<span style=\"font-size:16px\"><span style=\"font-family:Verdana,Geneva,sans-serif\">Vihma ja \u00e4ikese ootuses valmistas iga\u00fcks laualehe m\u00f5nest loomast v\u00f5i loomar\u00fchmast ning esitles seda.<\/span><\/span>\n<\/p>\n<p>\n\t<span style=\"font-size:14px\"><span style=\"font-family:Verdana,Geneva,sans-serif\"><img decoding=\"async\" alt=\"\" src=\"https:\/\/sisu.ut.ee\/wp-content\/uploads\/sites\/427\/karul11-41.jpg\" style=\"width: 1000px;height: 667px\"><br>Laualehtede esitlus<\/span><\/span>\n<\/p>\n<p>\n\t<span style=\"font-size:16px\"><span style=\"font-family:Verdana,Geneva,sans-serif\">Vaba aja sisustas ujumine, kiikumine ja hundim\u00e4ng.<\/span><\/span>\n<\/p>\n<p>\n\t<span style=\"font-size:16px\"><span style=\"font-family:Verdana,Geneva,sans-serif\"><img decoding=\"async\" alt=\"\" src=\"https:\/\/sisu.ut.ee\/wp-content\/uploads\/sites\/427\/karul11-16.jpg\"><\/span><\/span><br><span style=\"font-size:14px\"><span style=\"font-family:Verdana,Geneva,sans-serif\">\u00c4hij\u00e4rv<\/span><\/span>\n<\/p>\n<p>\n\t<span style=\"font-size:16px\"><span style=\"font-family:Verdana,Geneva,sans-serif\">Viimasel p\u00e4eval k\u00fclastasime kaanikoda, kus saime teadmisi kaanide elust ja rahvameditsiinist.<\/span><\/span>\n<\/p>\n<p>\n\t<span style=\"font-size:16px\"><span style=\"font-family:Verdana,Geneva,sans-serif\"><img decoding=\"async\" alt=\"\" src=\"https:\/\/sisu.ut.ee\/wp-content\/uploads\/sites\/427\/karul11-44.jpg\"><\/span><\/span><br><span style=\"font-size:14px\"><span style=\"font-family:Verdana,Geneva,sans-serif\">Kaanikoda Saarj\u00e4rve \u00e4\u00e4res. Meiega vestleb Elmar Susi<\/span><\/span>\n<\/p>\n<p>\n\t<span style=\"font-size:16px\"><span style=\"font-family:Verdana,Geneva,sans-serif\"><a data-url=\"https:\/\/sisu.ut.ee\/wp-content\/uploads\/sites\/178\/ahijarve_veeloomad1.pdf\" href=\"https:\/\/sisu.ut.ee\/wp-content\/uploads\/sites\/178\/ahijarve_veeloomad1.pdf\" target=\"_blank\" title=\"\" rel=\"noopener\">veeloomade nimestik 1. r\u00fchm &gt;&gt;<\/a><\/span><\/span>\n<\/p>\n<p>\n\t<span style=\"font-size:16px\"><span style=\"font-family:Verdana,Geneva,sans-serif\"><a data-url=\"https:\/\/sisu.ut.ee\/wp-content\/uploads\/sites\/178\/ahijarve_veeloomad2.pdf\" href=\"https:\/\/sisu.ut.ee\/wp-content\/uploads\/sites\/178\/ahijarve_veeloomad2.pdf\" target=\"_blank\" title=\"\" rel=\"noopener\">veeloomade nimestik 2. r\u00fchm &gt;&gt;<\/a><\/span><\/span>\n<\/p>\n<p>\n\t<br><span style=\"font-size:16px\"><span style=\"font-family:Verdana,Geneva,sans-serif\"><strong><a data-url=\"https:\/\/sisu.ut.ee\/zrpildid\/ahijarve-25-29-07-2011\" href=\"https:\/\/sisu.ut.ee\/zrpildid\/ahijarve-25-29-07-2011\" target=\"_blank\" title=\"\" rel=\"noopener\">pildid &gt;&gt;<\/a><\/strong><\/span><\/span><br>\u00a0\n<\/p>\n<p>\n\t<span style=\"font-size:16px\"><span style=\"font-family:Verdana,Geneva,sans-serif\">\u00f5ppeekskursioonide l\u00e4biviimist toetas\u00a0<a href=\"http:\/\/www.kik.ee\/\" target=\"_blank\" rel=\"noopener\">KIK<\/a><\/span><\/span>\n<\/p>\n<p>\n\t<span style=\"font-size:16px\"><span style=\"font-family:Verdana,Geneva,sans-serif\"><a data-url=\"https:\/\/www.kik.ee\/et\" href=\"https:\/\/www.kik.ee\/et\" target=\"_blank\" title=\"\" rel=\"noopener\"><img decoding=\"async\" alt=\"\" src=\"https:\/\/sisu.ut.ee\/wp-content\/uploads\/sites\/178\/kik_logo_rgb_0.jpg\" style=\"width: 496px;height: 539px\"><\/a><\/span><\/span><br>\u00a0\n<\/p>\n<p>\n\t\u00a0\n<\/p>\n<p>\n\t\u00a0\n<\/p>\n<p>\n\t\u00a0\n<\/p>\n<p>\n\t\u00a0\n<\/p>\n<p>\n\t\u00a0\n<\/p>\n<p>\n\t\u00a0\n<\/p>\n<p>\n\t\u00a0<\/p>\n","protected":false},"excerpt":{"rendered":"<p>pildid &gt;&gt; Esimese p\u00e4eva \u00f5htupoole k\u00e4isime V\u00e4rtem\u00e4e talus,\u00a0kus Mati Urbanik r\u00e4\u00e4kis meile mesilastest ja mesindusest. Mati n\u00e4itab meile n\u00e4idistaru, mille k\u00fclgedel on klaasid \u00d5htuti panime \u00fcles n\u00e4riliste elusp\u00fc\u00fcgil\u00f5ksud. Hiiri ei saanud.\u00a0Ei teagai, kas oli hiiri v\u00e4he v\u00f5i ei osanud meie &#8230;<\/p>\n","protected":false},"author":88,"featured_media":0,"parent":0,"menu_order":0,"comment_status":"closed","ping_status":"closed","template":"","meta":{"_acf_changed":false,"inline_featured_image":false,"footnotes":""},"class_list":["post-58","page","type-page","status-publish","hentry"],"acf":[],"_links":{"self":[{"href":"https:\/\/sisu.ut.ee\/zooloogiaring\/wp-json\/wp\/v2\/pages\/58","targetHints":{"allow":["GET"]}}],"collection":[{"href":"https:\/\/sisu.ut.ee\/zooloogiaring\/wp-json\/wp\/v2\/pages"}],"about":[{"href":"https:\/\/sisu.ut.ee\/zooloogiaring\/wp-json\/wp\/v2\/types\/page"}],"author":[{"embeddable":true,"href":"https:\/\/sisu.ut.ee\/zooloogiaring\/wp-json\/wp\/v2\/users\/88"}],"replies":[{"embeddable":true,"href":"https:\/\/sisu.ut.ee\/zooloogiaring\/wp-json\/wp\/v2\/comments?post=58"}],"version-history":[{"count":1,"href":"https:\/\/sisu.ut.ee\/zooloogiaring\/wp-json\/wp\/v2\/pages\/58\/revisions"}],"predecessor-version":[{"id":763,"href":"https:\/\/sisu.ut.ee\/zooloogiaring\/wp-json\/wp\/v2\/pages\/58\/revisions\/763"}],"wp:attachment":[{"href":"https:\/\/sisu.ut.ee\/zooloogiaring\/wp-json\/wp\/v2\/media?parent=58"}],"curies":[{"name":"wp","href":"https:\/\/api.w.org\/{rel}","templated":true}]}}