{"id":55,"date":"2024-04-04T02:55:53","date_gmt":"2024-04-03T23:55:53","guid":{"rendered":"https:\/\/sisu.ut.ee\/zooloogiaring\/vee-elustiku-uurimine\/"},"modified":"2024-04-04T02:58:08","modified_gmt":"2024-04-03T23:58:08","slug":"vee-elustiku-uurimine","status":"publish","type":"page","link":"https:\/\/sisu.ut.ee\/zooloogiaring\/vee-elustiku-uurimine\/","title":{"rendered":"Veeloomade uurimine"},"content":{"rendered":"<p>\n\t<strong><span style=\"font-size:16px\"><span style=\"font-family:Verdana,Geneva,sans-serif\"><span style=\"color:#000080\">Testi oma teadmisi:\u00a0Mitut looma veekausis n\u00e4ed, kes nad on?<\/span><\/span><\/span><\/strong>\n<\/p>\n<p>\n\t<strong><span style=\"font-size:16px\"><span style=\"font-family:Verdana,Geneva,sans-serif\"><span style=\"color:#000080\">Lehek\u00fclje all on \u00fclesanded, millele saad kohe vastata.<\/span><\/span><\/span><\/strong>\n<\/p>\n<p>\n\t<a data-url=\"https:\/\/sisu.ut.ee\/wp-content\/uploads\/sites\/178\/img_0958-2.jpg\" href=\"https:\/\/sisu.ut.ee\/wp-content\/uploads\/sites\/178\/img_0958-2.jpg\" target=\"_blank\" title=\"\" rel=\"noopener\"><img decoding=\"async\" alt=\"\" src=\"https:\/\/sisu.ut.ee\/wp-content\/uploads\/sites\/178\/img_0958.jpg\" style=\"width: 1000px;height: 784px\"><\/a><br><span style=\"font-size:14px\"><span style=\"font-family:Verdana,Geneva,sans-serif\">Suurema pildi vaatamiseks kliki pildil<\/span><\/span>\n<\/p>\n<p>\n\t<span style=\"font-size:16px\"><span style=\"font-family:Verdana,Geneva,sans-serif\">Istu keskendunult veekogu kaldal v\u00f5i purdel ja j\u00e4lgi veepinnal ja vees toimuvat.\u00a0Veepinnal liiguvad liuskurid ja kukrikud. Ujurid, s\u00f5udurid ja selgs\u00f5udurid ujuvad vees ja tulevad pinnale hingama. L\u00e4bipaistva vee puhul v\u00f5ib n\u00e4ha taimedel ja veekogu p\u00f5hjas elavaid loomi. Nendeks on n\u00e4iteks kiilide, \u00fchep\u00e4evikuliste ja ehmestiivaliste vastsed, vesihark, kaanid ning karbid ja teod.\u00a0Nii on v\u00f5imalik j\u00e4lgida loomade tegevust nendele omases keskkonnas.<\/span><\/span>\n<\/p>\n<p>\n\t<img decoding=\"async\" alt=\"\" src=\"https:\/\/sisu.ut.ee\/wp-content\/uploads\/sites\/178\/k_dsc05005.jpg\" style=\"width: 1000px;height: 667px\"><br>K<span style=\"font-size:14px\"><span style=\"font-family:Verdana,Geneva,sans-serif\">ukrikud veepinnal<\/span><\/span>\n<\/p>\n<p>\n\t<span style=\"font-size:16px\"><span style=\"font-family:Verdana,Geneva,sans-serif\">Paljud loomad j\u00e4\u00e4vad meile m\u00e4rkamatuks, sest on peidus taimede vahel v\u00f5i p\u00f5hjasetetes. Seegi on nende loomulik viis ennast kaitsta v\u00f5i saaki varitseda. Lisaks on osa loomi imev\u00e4ikesed.\u00a0Kui soovime teda saada, kes vees elab, peaksime nad korraks kinni p\u00fc\u00fcdma ning l\u00e4hemalt uurima.<\/span><\/span>\n<\/p>\n<p>\n\t<span style=\"font-size:16px\"><span style=\"font-family:Verdana,Geneva,sans-serif\">Veep\u00fc\u00fcgiks vajalikud vahendid:<\/span><\/span>\n<\/p>\n<ul>\n<li>\n\t\t<span style=\"font-size:16px\"><span style=\"font-family:Verdana,Geneva,sans-serif\">Veekahv veeloomade p\u00fc\u00fcdmiseks<\/span><\/span>\n\t<\/li>\n<li>\n\t\t<span style=\"font-size:16px\"><span style=\"font-family:Verdana,Geneva,sans-serif\">Madalad kausid veeloomade sorteerimiseks<\/span><\/span>\n\t<\/li>\n<li>\n\t\t<span style=\"font-size:16px\"><span style=\"font-family:Verdana,Geneva,sans-serif\">Lusikad materjali \u00fcmbert\u00f5stmiseks ja vaatlemiseks<\/span><\/span>\n\t<\/li>\n<li>\n\t\t<span style=\"font-size:16px\"><span style=\"font-family:Verdana,Geneva,sans-serif\">Luubid (suurema ja v\u00e4iksema suurendusega, n\u00e4iteks 7x ja 4x)<\/span><\/span>\n\t<\/li>\n<li>\n\t\t<span style=\"font-size:16px\"><span style=\"font-family:Verdana,Geneva,sans-serif\">M\u00e4\u00e4ramislehed (hea oleks kiletatult v\u00f5i kiletaskus)<\/span><\/span>\n\t<\/li>\n<li>\n\t\t<span style=\"font-size:16px\"><span style=\"font-family:Verdana,Geneva,sans-serif\">M\u00e4rkmik ja harilik pliiats<\/span><\/span>\n\t<\/li>\n<li>\n\t\t<span style=\"font-size:16px\"><span style=\"font-family:Verdana,Geneva,sans-serif\">Fotoaparaat v\u00f5i nutiseade (p\u00fc\u00fctud loomadest v\u00f5ib pildi teha)<\/span><\/span>\n\t<\/li>\n<\/ul>\n<p>\n\t<span style=\"font-size:14px\"><span style=\"font-family:Verdana,Geneva,sans-serif\"><img decoding=\"async\" alt=\"\" src=\"https:\/\/sisu.ut.ee\/wp-content\/uploads\/sites\/427\/kirn1_03.jpg\" style=\"width: 1000px;height: 667px\"><br>Kahvap\u00fc\u00fck zooloogiaringi praktikumis<\/span><\/span>\n<\/p>\n<p>\n\t<span style=\"font-size:16px\"><span style=\"font-family:Verdana,Geneva,sans-serif\"><strong>Kahv<\/strong> on raami k\u00fclge kinnitatud kott, millel on pikem vars. Valmistatud peaks see olema vett h\u00e4sti l\u00e4bilaskvast riidest v\u00f5i tihedast v\u00f5rgust. Sobivad ka akvaariumikahvad, mida saab lemmikloomapoodidest. Parem on veidi suurem ja pikema varrega kahv. Seda saab kasutada k\u00f5rgema kalda v\u00f5i raskesti ligip\u00e4\u00e4setava veekogu korral. Oluline on j\u00e4lgida kahva v\u00f5rgu tihedust. Tihedamast v\u00f5rgust valmistatud kahvaga saab p\u00fc\u00fcda ka v\u00e4iksemaid loomi.<\/span><\/span>\n<\/p>\n<p>\n\t<span style=\"font-size:16px\"><span style=\"font-family:Verdana,Geneva,sans-serif\"><strong>Kausid ja lusikad<\/strong> v\u00f5iksid olla heleda pinnaga, siis on loomi paremini n\u00e4ha.\u00a0<\/span><\/span><span style=\"font-size:16px\"><span style=\"font-family:Verdana,Geneva,sans-serif\">Luubiga saab loomi otse kausist vaadelda. Lusikas olevat looma saab suurema suurendusega uurida.<\/span><\/span>\n<\/p>\n<p>\n\t<span style=\"font-size:14px\"><span style=\"font-family:Verdana,Geneva,sans-serif\"><img decoding=\"async\" alt=\"\" src=\"https:\/\/sisu.ut.ee\/wp-content\/uploads\/sites\/178\/pa40-2.jpg\" style=\"width: 548px;height: 558px\"><br>Luubiga uurimine<\/span><\/span>\n<\/p>\n<p>\n\t<span style=\"font-size:16px\"><span style=\"font-family:Verdana,Geneva,sans-serif\"><strong>Soovitav on k\u00f5ik oluline \u00fcles m\u00e4rkida<\/strong> \u2013 looma nimetus, liikumisviis, iseloomulikud tunnused jms.<\/span><\/span>\n<\/p>\n<p>\n\t<span style=\"font-size:16px\"><span style=\"font-family:Verdana,Geneva,sans-serif\">P\u00fc\u00fcda v\u00f5ib mingit kindlat looma, mida oled m\u00e4rganud, kuid \u00fcldiselt ei pea kohe vaatama, mis kahva sattus. Sest nagu \u00f6eldud on paljud loomad taimede vahel peidus.\u00a0Kasulik on teha kahvaga t\u00f5mbeid veetaimede vahel. Kahva sisse v\u00f5iks korjata ka m\u00f5ned veetaimed. Samas tuleb j\u00e4lgida, et kahva ei satuks liiga palju taimi, lehti, muda ja liiva, sest siis on pea v\u00f5imatu loomi m\u00e4rgata. Seet\u00f5ttu tuleb kahva sisu hoolikalt loputada, et h\u00f5ljuv muda v\u00e4lja saada.<\/span><\/span>\n<\/p>\n<p>\n\t<span style=\"font-size:16px\"><span style=\"font-family:Verdana,Geneva,sans-serif\">Loomade sorteerimiseks on soovitav kasutada kahte kaussi, milles on veidi vett. Kahva sisu tuleb \u00fchte kaussi panna. N\u00fc\u00fcd tuleb loomad lusikaga teise kaussi panna. Sinna j\u00e4\u00e4vad loomad edasiseks vaatlemiseks ja m\u00e4\u00e4ramiseks. Kaussi, kuhu panime\u00a0 kahva sisu, tuleb aegajalt t\u00fchjendada ja kindlasti vette.<\/span><\/span>\n<\/p>\n<p>\n\t<span style=\"font-size:16px\"><span style=\"font-family:Verdana,Geneva,sans-serif\">Veest v\u00e4ljav\u00f5etud taimed ja muud osised tuleb vette tagasi panna (mitte j\u00e4tta kaldale), sest ka selle sees v\u00f5ivad elada loomad. P\u00fc\u00fctud veeloomad tuleb samuti p\u00e4rast vaatlust vette tagasi lasta. Kindlasti ei sobi nad akvaariumiloomadeks.<\/span><\/span>\n<\/p>\n<p>\n\t<span style=\"font-size:16px\"><span style=\"font-family:Verdana,Geneva,sans-serif\"><img decoding=\"async\" alt=\"\" src=\"https:\/\/sisu.ut.ee\/wp-content\/uploads\/sites\/427\/papo-4-24.jpg\" style=\"width: 1000px;height: 667px\"><\/span><\/span><br><span style=\"font-size:14px\"><span style=\"font-family:Verdana,Geneva,sans-serif\">Veeloomade sorteerimine\u00a0zooloogiaringi praktikumis<\/span><\/span>\n<\/p>\n<p>\n\t<span style=\"font-size:14px\"><span style=\"font-family:Verdana,Geneva,sans-serif\"><img decoding=\"async\" alt=\"\" src=\"https:\/\/sisu.ut.ee\/wp-content\/uploads\/sites\/427\/jarvs1_09_0.jpg\" style=\"width: 1000px;height: 667px\">Veeloomade sorteerimine ja m\u00e4\u00e4ramine zooloogiaringi praktikumis<\/span><\/span>\n<\/p>\n<p>\n\t<span style=\"font-size:14px\"><span style=\"font-family:Verdana,Geneva,sans-serif\"><img decoding=\"async\" alt=\"\" src=\"https:\/\/sisu.ut.ee\/wp-content\/uploads\/sites\/178\/kirn1_05-2.jpg\" style=\"width: 1000px;height: 667px\"><br>Veeloomade m\u00e4\u00e4ramine ja nimestiku koostamine zooloogiaringi praktikumis<\/span><\/span>\n<\/p>\n<p>\n\t<span style=\"font-size:16px\"><span style=\"font-family:Verdana,Geneva,sans-serif\"><a data-url=\"https:\/\/sisu.ut.ee\/wp-content\/uploads\/sites\/178\/maaraja1.pdf\" href=\"https:\/\/sisu.ut.ee\/wp-content\/uploads\/sites\/178\/maaraja1.pdf\" target=\"_blank\" title=\"\" rel=\"noopener\">Piltm\u00e4\u00e4raja, mis on soovitav printida ja vee \u00e4\u00e4rde kaasa v\u00f5tta &gt;&gt;<\/a><\/span><\/span>\n<\/p>\n<p>\n\t<span style=\"font-size:16px\"><span style=\"font-family:Verdana,Geneva,sans-serif\"><a data-url=\"https:\/\/www.natmuseum.ut.ee\/sites\/loodusmuuseum\/files\/pildid\/Vee-elustiku%20mapp.pdf\" href=\"https:\/\/www.natmuseum.ut.ee\/sites\/loodusmuuseum\/files\/pildid\/Vee-elustiku%20mapp.pdf\" target=\"_blank\" title=\"\" rel=\"noopener\">Lisamaterjali veeloomade vaatluseks saab siit &gt;&gt;<\/a><\/span><\/span>\n<\/p>\n<p>\n\t<br><span><span><strong><span style=\"font-size:16px\"><span style=\"font-family:Verdana,Geneva,sans-serif\">\u00dchep\u00e4evikulise vastne<\/span><\/span><\/strong><\/span><\/span><br><span style=\"font-size:14px\"><span style=\"font-family:Verdana,Geneva,sans-serif\"><img decoding=\"async\" alt=\"\" src=\"https:\/\/sisu.ut.ee\/wp-content\/uploads\/sites\/178\/j_kyljelt_2.jpg\" style=\"width:400px;height:186px\"><br>Tagakeha tipul kolm l\u00fclilist sabaj\u00e4tket<br>Tagakehal l\u00f5pusj\u00e4tked (vaata fotot)<br>Pikkus kuni 34 mm (enamasti 10\u201320 mm)<\/span><\/span>\n<\/p>\n<p>\n\t<span style=\"font-size:16px\"><span style=\"font-family:Verdana,Geneva,sans-serif\"><strong>Liidriklase t\u00fc\u00fcpi vastne<br><img decoding=\"async\" alt=\"\" src=\"https:\/\/sisu.ut.ee\/wp-content\/uploads\/sites\/178\/l-kyljelt_2.jpg\" style=\"width: 400px;height: 224px\"><\/strong><\/span><\/span><br><span style=\"font-size:14px\"><span style=\"font-family:Verdana,Geneva,sans-serif\">Tagakeha tipul kolm lehetaolist sabaj\u00e4tket<br>L\u00f5pusj\u00e4tked tagakeha peal v\u00f5i k\u00fclgedel puuduvad (vaata fotot)<br>Pikkus kuni 32 mm<\/span><\/span>\n<\/p>\n<p>\n\t<br>\u00a0\n<\/p>\n<p>\n\t<span style=\"color:#000080\"><strong><span style=\"font-size:16px\"><span style=\"font-family:Verdana,Geneva,sans-serif\">\u00dcLESANNE: Veeloomade m\u00e4\u00e4ramine<\/span><\/span><\/strong><\/span>\n<\/p>\n<p>\n\t<span style=\"font-size:16px\"><span style=\"font-family:Verdana,Geneva,sans-serif\">Vaata pilte ja vali looma nimetus. Kasuta allolevat pitm\u00e4\u00e4rajat!<br>Zooloogiaringi liige saab iga \u00f5ige vastuse eest 40 punkti.<br><strong>Saad mitu korda vastata, kuni k\u00f5ik on \u00f5iged!<\/strong><\/span><\/span>\n<\/p>\n<p>\n\t<span style=\"font-size:16px\"><span style=\"font-family:Verdana,Geneva,sans-serif\">VASTAN:\u00a0<a data-url=\"https:\/\/docs.google.com\/forms\/d\/e\/1FAIpQLSe4GmPAsRLexNxH5PgDma78p7Hg9gPVv4wonsWharD_cjGFpg\/viewform?usp=pp_url\" href=\"https:\/\/docs.google.com\/forms\/d\/e\/1FAIpQLSe4GmPAsRLexNxH5PgDma78p7Hg9gPVv4wonsWharD_cjGFpg\/viewform?usp=pp_url\" target=\"_blank\" title=\"\" rel=\"noopener\">Lihtsam variant &gt;&gt;<\/a><\/span><\/span>\n<\/p>\n<p>\n\t<span style=\"font-size:16px\"><span style=\"font-family:Verdana,Geneva,sans-serif\">VASTAN: <a data-url=\"https:\/\/docs.google.com\/forms\/d\/e\/1FAIpQLScGCqhXS8SrEYbGnJplCQ_drTNR33KwFMsIldRBLnkhBQlxAg\/viewform?usp=pp_url\" href=\"https:\/\/docs.google.com\/forms\/d\/e\/1FAIpQLScGCqhXS8SrEYbGnJplCQ_drTNR33KwFMsIldRBLnkhBQlxAg\/viewform?usp=pp_url\" target=\"_blank\" title=\"\" rel=\"noopener\">Keerulisem variant &gt;&gt;<\/a><\/span><\/span>\n<\/p>\n<p>\n\t<span style=\"font-size:16px\"><span style=\"font-family:Verdana,Geneva,sans-serif\"><strong>Piltm\u00e4\u00e4raja:<\/strong><\/span><\/span><a data-url=\"https:\/\/sisu.ut.ee\/wp-content\/uploads\/sites\/178\/maaraja1.pdf\" href=\"https:\/\/sisu.ut.ee\/wp-content\/uploads\/sites\/178\/maaraja1.pdf\" target=\"_blank\" title=\"\" rel=\"noopener\"><img decoding=\"async\" alt=\"\" src=\"https:\/\/sisu.ut.ee\/wp-content\/uploads\/sites\/178\/maaraja1.png\" style=\"width: 1092px;height: 764px\"><\/a>\n<\/p>\n<p>\n\t\u00a0\n<\/p>\n<p>\n\t<span style=\"font-size:14px\"><span style=\"font-family:Verdana,Geneva,sans-serif\">Joonistused: Veljo Runnel<br>Fotod: Aivo Tamm<\/span><\/span>\n<\/p>\n<p>\n\t\u00a0<\/p>\n","protected":false},"excerpt":{"rendered":"<p>Testi oma teadmisi:\u00a0Mitut looma veekausis n\u00e4ed, kes nad on? Lehek\u00fclje all on \u00fclesanded, millele saad kohe vastata. Suurema pildi vaatamiseks kliki pildil Istu keskendunult veekogu kaldal v\u00f5i purdel ja j\u00e4lgi veepinnal ja vees toimuvat.\u00a0Veepinnal liiguvad liuskurid ja kukrikud. Ujurid, s\u00f5udurid &#8230;<\/p>\n","protected":false},"author":88,"featured_media":0,"parent":0,"menu_order":0,"comment_status":"closed","ping_status":"closed","template":"","meta":{"_acf_changed":false,"inline_featured_image":false,"footnotes":""},"class_list":["post-55","page","type-page","status-publish","hentry"],"acf":[],"_links":{"self":[{"href":"https:\/\/sisu.ut.ee\/zooloogiaring\/wp-json\/wp\/v2\/pages\/55","targetHints":{"allow":["GET"]}}],"collection":[{"href":"https:\/\/sisu.ut.ee\/zooloogiaring\/wp-json\/wp\/v2\/pages"}],"about":[{"href":"https:\/\/sisu.ut.ee\/zooloogiaring\/wp-json\/wp\/v2\/types\/page"}],"author":[{"embeddable":true,"href":"https:\/\/sisu.ut.ee\/zooloogiaring\/wp-json\/wp\/v2\/users\/88"}],"replies":[{"embeddable":true,"href":"https:\/\/sisu.ut.ee\/zooloogiaring\/wp-json\/wp\/v2\/comments?post=55"}],"version-history":[{"count":1,"href":"https:\/\/sisu.ut.ee\/zooloogiaring\/wp-json\/wp\/v2\/pages\/55\/revisions"}],"predecessor-version":[{"id":766,"href":"https:\/\/sisu.ut.ee\/zooloogiaring\/wp-json\/wp\/v2\/pages\/55\/revisions\/766"}],"wp:attachment":[{"href":"https:\/\/sisu.ut.ee\/zooloogiaring\/wp-json\/wp\/v2\/media?parent=55"}],"curies":[{"name":"wp","href":"https:\/\/api.w.org\/{rel}","templated":true}]}}