{"id":54,"date":"2024-04-04T02:55:53","date_gmt":"2024-04-03T23:55:53","guid":{"rendered":"https:\/\/sisu.ut.ee\/zooloogiaring\/kirna-oppeekskursioon-18-19-02-2011\/"},"modified":"2024-04-04T02:58:08","modified_gmt":"2024-04-03T23:58:08","slug":"kirna-oppeekskursioon-18-19-02-2011","status":"publish","type":"page","link":"https:\/\/sisu.ut.ee\/zooloogiaring\/kirna-oppeekskursioon-18-19-02-2011\/","title":{"rendered":"Kirna 18.-19. veebruar 2011"},"content":{"rendered":"<p>\n\t<span style=\"font-size:16px\"><span style=\"font-family:Verdana,Geneva,sans-serif\"><strong><a data-url=\"https:\/\/sisu.ut.ee\/zrpildid\/kirna-18-19-02-2011\" href=\"https:\/\/sisu.ut.ee\/zrpildid\/kirna-18-19-02-2011\" target=\"_blank\" title=\"\" rel=\"noopener\">pildid &gt;&gt;<\/a><\/strong><\/span><\/span>\n<\/p>\n<p>\n\t\u00a0\n<\/p>\n<p>\n\t<span style=\"font-size:16px\"><span style=\"font-family:Verdana,Geneva,sans-serif\">Ilm oli v\u00e4ga k\u00fclm ja seet\u00f5ttu saime \u00f5ues olla vaid l\u00fchikest aega.<br>Meid \u00f5petas ja juhendas Vahur Sepp.<\/span><\/span>\n<\/p>\n<p>\n\t<span style=\"font-size:16px\"><span style=\"font-family:Verdana,Geneva,sans-serif\"><img decoding=\"async\" alt=\"\" src=\"https:\/\/sisu.ut.ee\/wp-content\/uploads\/sites\/427\/kirn_02-01.jpg\" style=\"width: 1000px;height: 667px\"><\/span><\/span><br><span style=\"font-size:14px\"><span style=\"font-family:Verdana,Geneva,sans-serif\">\u00d5ppek\u00e4ik loodusesse. Juhendab Vahur Sepp.<\/span><\/span>\n<\/p>\n<p>\n\t<span style=\"font-size:16px\"><span style=\"font-family:Verdana,Geneva,sans-serif\">Vahur tegi \u00f5ppek\u00e4igu Kirna \u00f5ppekeskuse \u00fcmbruses. Rebane oli \u00fcbruses luusinud.\u00a0Vahur n\u00e4itas, et see rebane oli \u00fchest jalast vigane. J\u00e4ljeread olid veidi kummalised.\u00a0Ta hoidis ilmselt liikudes vigast jalga \u00fcleval. Hiljem n\u00e4gime seda rebast kompostihunniku\u00a0juures luusimas.<\/span><\/span>\n<\/p>\n<p>\n\t<span style=\"font-size:16px\"><span style=\"font-family:Verdana,Geneva,sans-serif\"><img decoding=\"async\" alt=\"\" src=\"https:\/\/sisu.ut.ee\/wp-content\/uploads\/sites\/178\/kirna_rebane01.jpg\" style=\"width: 700px;height: 525px\"><\/span><\/span><br><span style=\"font-size:14px\"><span style=\"font-family:Verdana,Geneva,sans-serif\">Lonkava rebase j\u00e4ljerida. Rebane hoidis haiget jalga \u00fcleval ja see j\u00e4ttis lumele vaid \u00f5rna j\u00e4lje.<\/span><\/span>\n<\/p>\n<p>\n\t<span style=\"font-size:16px\"><span style=\"font-family:Verdana,Geneva,sans-serif\">Vahur tutvustas meile imetajate nahku ja koljusid ning loomade tegevusj\u00e4lgi okstel ja k\u00e4bidel.<\/span><\/span>\n<\/p>\n<p>\n\t<span style=\"font-size:16px\"><span style=\"font-family:Verdana,Geneva,sans-serif\"><img decoding=\"async\" alt=\"\" src=\"https:\/\/sisu.ut.ee\/wp-content\/uploads\/sites\/427\/kirn_02-03.jpg\" style=\"width: 1000px;height: 667px\"><\/span><\/span><br><span style=\"font-size:14px\"><span style=\"font-family:Verdana,Geneva,sans-serif\">Viktoriini k\u00e4igus saime loomade nahku uurida.<\/span><\/span>\n<\/p>\n<p>\n\t<span style=\"font-size:16px\"><span style=\"font-family:Verdana,Geneva,sans-serif\">\u00d5htul toimus isetegevus ja joonistamine.\u00a0J\u00e4rgmisel p\u00e4eval k\u00fclastasime Alam-Pedja Looduskeskuse muuseumit.<\/span><\/span>\n<\/p>\n<p>\n\t<span style=\"font-size:16px\"><span style=\"font-family:Verdana,Geneva,sans-serif\"><img decoding=\"async\" alt=\"\" src=\"https:\/\/sisu.ut.ee\/wp-content\/uploads\/sites\/427\/kirn_02-12.jpg\" style=\"width: 1000px;height: 667px\"><\/span><\/span><br><span style=\"font-size:14px\"><span style=\"font-family:Verdana,Geneva,sans-serif\">Alam-Pedja Looduskeskuse saalis.<\/span><\/span>\n<\/p>\n<p>\n\t<strong><span style=\"font-size:16px\"><span style=\"font-family:Verdana,Geneva,sans-serif\"><a data-url=\"https:\/\/sisu.ut.ee\/zrpildid\/kirna-18-19-02-2011\" href=\"https:\/\/sisu.ut.ee\/zrpildid\/kirna-18-19-02-2011\" target=\"_blank\" title=\"\" rel=\"noopener\">pildid &gt;&gt;<\/a><\/span><\/span><\/strong>\n<\/p>\n<p>\n\t<br><span style=\"font-size:16px\"><span style=\"font-family:Verdana,Geneva,sans-serif\">\u00f5ppeekskursioonide l\u00e4biviimist toetas\u00a0<a href=\"http:\/\/www.kik.ee\/\" target=\"_blank\" rel=\"noopener\">KIK<\/a><\/span><\/span>\n<\/p>\n<p>\n\t<span style=\"font-size:16px\"><span style=\"font-family:Verdana,Geneva,sans-serif\"><a data-url=\"https:\/\/www.kik.ee\/et\" href=\"https:\/\/www.kik.ee\/et\" target=\"_blank\" title=\"\" rel=\"noopener\"><img decoding=\"async\" alt=\"\" src=\"https:\/\/sisu.ut.ee\/wp-content\/uploads\/sites\/178\/kik_logo_rgb_0.jpg\" style=\"width: 496px;height: 539px\"><\/a><\/span><\/span><br>\u00a0\n<\/p>\n<p>\n\t\u00a0<\/p>\n","protected":false},"excerpt":{"rendered":"<p>pildid &gt;&gt; \u00a0 Ilm oli v\u00e4ga k\u00fclm ja seet\u00f5ttu saime \u00f5ues olla vaid l\u00fchikest aega.Meid \u00f5petas ja juhendas Vahur Sepp. \u00d5ppek\u00e4ik loodusesse. Juhendab Vahur Sepp. Vahur tegi \u00f5ppek\u00e4igu Kirna \u00f5ppekeskuse \u00fcmbruses. Rebane oli \u00fcbruses luusinud.\u00a0Vahur n\u00e4itas, et see rebane oli &#8230;<\/p>\n","protected":false},"author":88,"featured_media":0,"parent":0,"menu_order":0,"comment_status":"closed","ping_status":"closed","template":"","meta":{"_acf_changed":false,"inline_featured_image":false,"footnotes":""},"class_list":["post-54","page","type-page","status-publish","hentry"],"acf":[],"_links":{"self":[{"href":"https:\/\/sisu.ut.ee\/zooloogiaring\/wp-json\/wp\/v2\/pages\/54","targetHints":{"allow":["GET"]}}],"collection":[{"href":"https:\/\/sisu.ut.ee\/zooloogiaring\/wp-json\/wp\/v2\/pages"}],"about":[{"href":"https:\/\/sisu.ut.ee\/zooloogiaring\/wp-json\/wp\/v2\/types\/page"}],"author":[{"embeddable":true,"href":"https:\/\/sisu.ut.ee\/zooloogiaring\/wp-json\/wp\/v2\/users\/88"}],"replies":[{"embeddable":true,"href":"https:\/\/sisu.ut.ee\/zooloogiaring\/wp-json\/wp\/v2\/comments?post=54"}],"version-history":[{"count":1,"href":"https:\/\/sisu.ut.ee\/zooloogiaring\/wp-json\/wp\/v2\/pages\/54\/revisions"}],"predecessor-version":[{"id":767,"href":"https:\/\/sisu.ut.ee\/zooloogiaring\/wp-json\/wp\/v2\/pages\/54\/revisions\/767"}],"wp:attachment":[{"href":"https:\/\/sisu.ut.ee\/zooloogiaring\/wp-json\/wp\/v2\/media?parent=54"}],"curies":[{"name":"wp","href":"https:\/\/api.w.org\/{rel}","templated":true}]}}