{"id":53,"date":"2024-04-04T02:55:53","date_gmt":"2024-04-03T23:55:53","guid":{"rendered":"https:\/\/sisu.ut.ee\/zooloogiaring\/kevad-2020\/"},"modified":"2024-04-19T20:25:40","modified_gmt":"2024-04-19T17:25:40","slug":"kevad-2020","status":"publish","type":"page","link":"https:\/\/sisu.ut.ee\/zooloogiaring\/kevad-2020\/","title":{"rendered":"e-zooloogiaring kevad 2020"},"content":{"rendered":"<p><\/p>\n\n\n\n<p><span style=\"font-size: 16px;\"><span style=\"font-family: Verdana,Geneva,sans-serif;\"><span style=\"color: #800000;\">Zooloogiaring oli kaks ja pool kuud distants\u00f5ppel.<\/span><\/span><\/span><\/p>\n\n\n\n<p><span style=\"font-size: 16px;\"><span style=\"font-family: Verdana,Geneva,sans-serif;\"><span style=\"color: #800000;\">Toimusid virtuaaltunnid ja oli v\u00f5imalus \u00fclesandeid lahendada.<\/span><\/span><\/span><\/p>\n\n\n\n<p><span style=\"font-size: 16px;\"><span style=\"font-family: Verdana,Geneva,sans-serif;\"><a data-url=\"https:\/\/sisu.ut.ee\/zooloogiaring\/joonistame-l%C3%B5vi\" title=\"\" href=\"https:\/\/sisu.ut.ee\/zooloogiaring\/joonistame-l%C3%B5vi\">Joonistame l\u00f5vi!<\/a><\/span><\/span><\/p>\n\n\n\n<p><span style=\"font-size: 16px;\"><span style=\"font-family: Verdana,Geneva,sans-serif;\"><a data-url=\"http:\/\/zooloogiaring.ee\/kevadliblikad\" title=\"\" href=\"http:\/\/zooloogiaring.ee\/kevadliblikad\">Kevadised liblikad<\/a><\/span><\/span><\/p>\n\n\n\n<p><span style=\"font-size: 16px;\"><span style=\"font-family: Verdana,Geneva,sans-serif;\"><a title=\"\" data-url=\"https:\/\/www.eoy.ee\/ET\/16\/29\/veebimangud\/\" href=\"https:\/\/www.eoy.ee\/ET\/16\/29\/veebimangud\/\" target=\"_blank\" rel=\"noopener\">Veebim\u00e4ngud (EO\u00dc)<\/a><\/span><\/span><\/p>\n\n\n\n<p><span style=\"font-size: 16px;\"><span style=\"font-family: Verdana,Geneva,sans-serif;\"><a title=\"\" data-url=\"http:\/\/zooloogiaring.ee\/meie-kyylik\" href=\"http:\/\/zooloogiaring.ee\/meie-kyylik\">K\u00e4bi j<\/a><a href=\"https:\/\/sisu.ut.ee\/zooloogiaring\/meie-kyylik\/\">o<\/a><a title=\"\" data-url=\"http:\/\/zooloogiaring.ee\/meie-kyylik\" href=\"http:\/\/zooloogiaring.ee\/meie-kyylik\">onistamine<\/a><\/span><\/span><\/p>\n\n\n\n<p><span style=\"font-size: 16px;\"><span style=\"font-family: Verdana,Geneva,sans-serif;\"><a title=\"\" data-url=\"http:\/\/loto.era.ee\/linnud\/et\" href=\"http:\/\/loto.era.ee\/linnud\/et\" target=\"_blank\" rel=\"noopener\">Linnulaulum\u00e4ng<\/a><\/span><\/span><\/p>\n\n\n\n<p><span style=\"font-size: 16px;\"><span style=\"font-family: Verdana,Geneva,sans-serif;\"><a title=\"\" data-url=\"https:\/\/www.loodusheli.ee\/ET\/ylesanded\/\" href=\"https:\/\/www.loodusheli.ee\/ET\/ylesanded\/\" target=\"_blank\" rel=\"noopener\">Linnulaulu \u00fclesanne: K\u00f5rv loodusesse<\/a><\/span><\/span><\/p>\n\n\n\n<p><span style=\"font-size: 16px;\"><span style=\"font-family: Verdana,Geneva,sans-serif;\"><a href=\"https:\/\/sisu.ut.ee\/zooloogiaring\/sonamang\/\" data-type=\"link\" data-id=\"https:\/\/sisu.ut.ee\/zooloogiaring\/sonamang\/\">S\u00f5nam\u00e4ng<\/a><\/span><\/span><\/p>\n\n\n\n<p><span style=\"font-size: 16px;\"><span style=\"font-family: Verdana,Geneva,sans-serif;\"><a href=\"https:\/\/sisu.ut.ee\/zooloogiaring\/mardikate-maaramine\/\" data-type=\"link\" data-id=\"https:\/\/sisu.ut.ee\/zooloogiaring\/mardikate-maaramine\/\">Mardikate m\u00e4\u00e4ramine<\/a><\/span><\/span><\/p>\n\n\n\n<p><span style=\"font-size: 16px;\"><span style=\"font-family: Verdana,Geneva,sans-serif;\"><a href=\"https:\/\/sisu.ut.ee\/zooloogiaring\/pildinaitus\/\" data-type=\"link\" data-id=\"https:\/\/sisu.ut.ee\/zooloogiaring\/pildinaitus\/\">PILDIN\u00c4ITUS<\/a><\/span><\/span><\/p>\n","protected":false},"excerpt":{"rendered":"<p>Zooloogiaring oli kaks ja pool kuud distants\u00f5ppel. Toimusid virtuaaltunnid ja oli v\u00f5imalus \u00fclesandeid lahendada. Joonistame l\u00f5vi! Kevadised liblikad Veebim\u00e4ngud (EO\u00dc) K\u00e4bi joonistamine Linnulaulum\u00e4ng Linnulaulu \u00fclesanne: K\u00f5rv loodusesse S\u00f5nam\u00e4ng Mardikate m\u00e4\u00e4ramine PILDIN\u00c4ITUS<\/p>\n","protected":false},"author":88,"featured_media":0,"parent":0,"menu_order":0,"comment_status":"closed","ping_status":"closed","template":"","meta":{"_acf_changed":false,"inline_featured_image":false,"footnotes":""},"class_list":["post-53","page","type-page","status-publish","hentry"],"acf":[],"_links":{"self":[{"href":"https:\/\/sisu.ut.ee\/zooloogiaring\/wp-json\/wp\/v2\/pages\/53","targetHints":{"allow":["GET"]}}],"collection":[{"href":"https:\/\/sisu.ut.ee\/zooloogiaring\/wp-json\/wp\/v2\/pages"}],"about":[{"href":"https:\/\/sisu.ut.ee\/zooloogiaring\/wp-json\/wp\/v2\/types\/page"}],"author":[{"embeddable":true,"href":"https:\/\/sisu.ut.ee\/zooloogiaring\/wp-json\/wp\/v2\/users\/88"}],"replies":[{"embeddable":true,"href":"https:\/\/sisu.ut.ee\/zooloogiaring\/wp-json\/wp\/v2\/comments?post=53"}],"version-history":[{"count":6,"href":"https:\/\/sisu.ut.ee\/zooloogiaring\/wp-json\/wp\/v2\/pages\/53\/revisions"}],"predecessor-version":[{"id":1405,"href":"https:\/\/sisu.ut.ee\/zooloogiaring\/wp-json\/wp\/v2\/pages\/53\/revisions\/1405"}],"wp:attachment":[{"href":"https:\/\/sisu.ut.ee\/zooloogiaring\/wp-json\/wp\/v2\/media?parent=53"}],"curies":[{"name":"wp","href":"https:\/\/api.w.org\/{rel}","templated":true}]}}