{"id":52,"date":"2024-04-04T02:55:53","date_gmt":"2024-04-03T23:55:53","guid":{"rendered":"https:\/\/sisu.ut.ee\/zooloogiaring\/kik-2011\/"},"modified":"2024-04-19T20:42:31","modified_gmt":"2024-04-19T17:42:31","slug":"kik-2011","status":"publish","type":"page","link":"https:\/\/sisu.ut.ee\/zooloogiaring\/kik-2011\/","title":{"rendered":"zooloogiaringi \u00f5ppeekskursioonid 2011. aastal"},"content":{"rendered":"<p><span style=\"font-size: 14px;\"><span style=\"font-family: Verdana,Geneva,sans-serif;\">vaatamiseks kliki pealkirjal v\u00f5i pildil<\/span><\/span><br><br><\/p>\n\n\n\n<p><span style=\"font-size: 26px;\"><span style=\"font-family: Verdana,Geneva,sans-serif;\"><a href=\"https:\/\/sisu.ut.ee\/zooloogiaring\/kirna-oppeekskursioon-18-19-02-2011\/\" data-type=\"link\" data-id=\"https:\/\/sisu.ut.ee\/zooloogiaring\/kirna-oppeekskursioon-18-19-02-2011\/\">Kirna 18.-19. veebruar 2011<\/a><\/span><\/span><\/p>\n\n\n\n<figure class=\"wp-block-image\"><a href=\"https:\/\/sisu.ut.ee\/zooloogiaring\/kirna-oppeekskursioon-18-19-02-2011\/\"><img decoding=\"async\" src=\"https:\/\/sisu.ut.ee\/wp-content\/uploads\/sites\/427\/kirn_02-06.jpg\" alt=\"\"><\/a><\/figure>\n\n\n\n<hr class=\"wp-block-separator has-alpha-channel-opacity\">\n\n\n\n<p><span style=\"font-size: 26px;\"><span style=\"font-family: Verdana,Geneva,sans-serif;\"><\/span><\/span><br><span style=\"font-size: 26px;\"><span style=\"font-family: Verdana,Geneva,sans-serif;\"><a href=\"https:\/\/sisu.ut.ee\/zooloogiaring\/palupohja-oppeekskursioon-11-13-03-2011\/\" data-type=\"link\" data-id=\"https:\/\/sisu.ut.ee\/zooloogiaring\/palupohja-oppeekskursioon-11-13-03-2011\/\">Palup\u00f5hja 11.-13. m\u00e4rts 2011<\/a><\/span><\/span><\/p>\n\n\n\n<figure class=\"wp-block-image\"><a href=\"https:\/\/sisu.ut.ee\/zooloogiaring\/palupohja-oppeekskursioon-11-13-03-2011\/\"><img decoding=\"async\" src=\"https:\/\/sisu.ut.ee\/wp-content\/uploads\/sites\/427\/papo_03_1-06.jpg\" alt=\"\"><\/a><\/figure>\n\n\n\n<hr class=\"wp-block-separator has-alpha-channel-opacity\">\n\n\n\n<p><span style=\"font-size: 26px;\"><span style=\"font-family: Verdana,Geneva,sans-serif;\"><\/span><\/span><br><span style=\"font-size: 26px;\"><span style=\"font-family: Verdana,Geneva,sans-serif;\"><a href=\"https:\/\/sisu.ut.ee\/zooloogiaring\/palupohja-oppeekskursioon-18-20-03-2011\/\" data-type=\"link\" data-id=\"https:\/\/sisu.ut.ee\/zooloogiaring\/palupohja-oppeekskursioon-18-20-03-2011\/\">Palup\u00f5hja 18.-20. m\u00e4rts 2011<\/a><\/span><\/span><\/p>\n\n\n\n<figure class=\"wp-block-image\"><a href=\"https:\/\/sisu.ut.ee\/zooloogiaring\/palupohja-oppeekskursioon-18-20-03-2011\/\"><img decoding=\"async\" src=\"https:\/\/sisu.ut.ee\/wp-content\/uploads\/sites\/427\/palupo_11-12.jpg\" alt=\"\"><\/a><\/figure>\n\n\n\n<hr class=\"wp-block-separator has-alpha-channel-opacity\">\n\n\n\n<p><span style=\"font-size: 26px;\"><span style=\"font-family: Verdana,Geneva,sans-serif;\"><\/span><\/span><br><span style=\"font-size: 26px;\"><span style=\"font-family: Verdana,Geneva,sans-serif;\"><a href=\"https:\/\/sisu.ut.ee\/zooloogiaring\/ahjarve-oppeekskursioon-25-29-07-2011\/\" data-type=\"link\" data-id=\"https:\/\/sisu.ut.ee\/zooloogiaring\/ahjarve-oppeekskursioon-25-29-07-2011\/\">\u00c4hj\u00e4rve, Karula RP k\u00fclastuskeskus 25.-29.juuli 2011<\/a><\/span><\/span><\/p>\n\n\n\n<figure class=\"wp-block-image\"><a href=\"https:\/\/sisu.ut.ee\/zooloogiaring\/ahjarve-oppeekskursioon-25-29-07-2011\/\"><img decoding=\"async\" src=\"https:\/\/sisu.ut.ee\/wp-content\/uploads\/sites\/427\/karul11-31.jpg\" alt=\"\"><\/a><\/figure>\n\n\n\n<p><br><\/p>\n\n\n\n<p><span style=\"font-size: 14px;\"><span style=\"font-family: Verdana,Geneva,sans-serif;\">\u00f5ppeekskursioonide l\u00e4biviimist toetas\u00a0<a href=\"http:\/\/www.kik.ee\/\" target=\"_blank\" rel=\"noopener\">KIK<\/a><\/span><\/span><\/p>\n\n\n\n<figure class=\"wp-block-image size-full\"><img loading=\"lazy\" decoding=\"async\" width=\"496\" height=\"539\" src=\"https:\/\/sisu.ut.ee\/wp-content\/uploads\/sites\/178\/kik_logo_rgb-1.jpg\" alt=\"\" class=\"wp-image-274\" srcset=\"https:\/\/sisu.ut.ee\/wp-content\/uploads\/sites\/178\/kik_logo_rgb-1.jpg 496w, https:\/\/sisu.ut.ee\/wp-content\/uploads\/sites\/178\/kik_logo_rgb-1-276x300.jpg 276w\" sizes=\"auto, (max-width: 496px) 100vw, 496px\"><\/figure>\n","protected":false},"excerpt":{"rendered":"<p>vaatamiseks kliki pealkirjal v\u00f5i pildil Kirna 18.-19. veebruar 2011 Palup\u00f5hja 11.-13. m\u00e4rts 2011 Palup\u00f5hja 18.-20. m\u00e4rts 2011 \u00c4hj\u00e4rve, Karula RP k\u00fclastuskeskus 25.-29.juuli 2011 \u00f5ppeekskursioonide l\u00e4biviimist toetas\u00a0KIK<\/p>\n","protected":false},"author":88,"featured_media":0,"parent":0,"menu_order":0,"comment_status":"closed","ping_status":"closed","template":"","meta":{"_acf_changed":false,"inline_featured_image":false,"footnotes":""},"class_list":["post-52","page","type-page","status-publish","hentry"],"acf":[],"_links":{"self":[{"href":"https:\/\/sisu.ut.ee\/zooloogiaring\/wp-json\/wp\/v2\/pages\/52","targetHints":{"allow":["GET"]}}],"collection":[{"href":"https:\/\/sisu.ut.ee\/zooloogiaring\/wp-json\/wp\/v2\/pages"}],"about":[{"href":"https:\/\/sisu.ut.ee\/zooloogiaring\/wp-json\/wp\/v2\/types\/page"}],"author":[{"embeddable":true,"href":"https:\/\/sisu.ut.ee\/zooloogiaring\/wp-json\/wp\/v2\/users\/88"}],"replies":[{"embeddable":true,"href":"https:\/\/sisu.ut.ee\/zooloogiaring\/wp-json\/wp\/v2\/comments?post=52"}],"version-history":[{"count":5,"href":"https:\/\/sisu.ut.ee\/zooloogiaring\/wp-json\/wp\/v2\/pages\/52\/revisions"}],"predecessor-version":[{"id":1419,"href":"https:\/\/sisu.ut.ee\/zooloogiaring\/wp-json\/wp\/v2\/pages\/52\/revisions\/1419"}],"wp:attachment":[{"href":"https:\/\/sisu.ut.ee\/zooloogiaring\/wp-json\/wp\/v2\/media?parent=52"}],"curies":[{"name":"wp","href":"https:\/\/api.w.org\/{rel}","templated":true}]}}