{"id":51,"date":"2024-04-04T02:55:52","date_gmt":"2024-04-03T23:55:52","guid":{"rendered":"https:\/\/sisu.ut.ee\/zooloogiaring\/2021-2022\/"},"modified":"2024-04-04T02:58:08","modified_gmt":"2024-04-03T23:58:08","slug":"2021-2022","status":"publish","type":"page","link":"https:\/\/sisu.ut.ee\/zooloogiaring\/2021-2022\/","title":{"rendered":"2021-2022"},"content":{"rendered":"<p>\n\t2021-2022 \u00f5ppeaasta teemad\n<\/p>\n<ol>\n<li>\n\t\tkoaati ja ninakarud\n\t<\/li>\n<li>\n\t\tlenddraakonid\n\t<\/li>\n<li>\n\t\televantlinnud\n\t<\/li>\n<li>\n\t\tkarbid Eesti siseveekogudes\n\t<\/li>\n<li>\n\t\ttoakilk\n\t<\/li>\n<li>\n\t\tmeritondid ja merij\u00e4nesed\n\t<\/li>\n<li>\n\t\tjahumadrikad ja jahuussid\n\t<\/li>\n<li>\n\t\tmetsnugis ja kivinugis\n\t<\/li>\n<li>\n\t\t\u017eilatjee jt m\u00fcrkvaraanlased\n\t<\/li>\n<li>\n\t\tkohverkalad\n\t<\/li>\n<li>\n\t\tmeem\u00e4ger\n\t<\/li>\n<li>\n\t\tportselantigulased\n\t<\/li>\n<li>\n\t\tmorfiidid\n\t<\/li>\n<li>\n\t\trabap\u00fc\u00fc\n\t<\/li>\n<li>\n\t\tmeen\u00e4iturid\n\t<\/li>\n<li>\n\t\tparmud\n\t<\/li>\n<li>\n\t\taie\n\t<\/li>\n<li>\n\t\tr\u00f5\u00f5neskarbid\n\t<\/li>\n<li>\n\t\tlemmingud\n\t<\/li>\n<li>\n\t\tveemaod\n\t<\/li>\n<li>\n\t\tharilik orav\n\t<\/li>\n<li>\n\t\tsarvlinnud\n\t<\/li>\n<li>\n\t\tsargassokala (tundelkalalased)\n\t<\/li>\n<li>\n\t\tmadukaelkilpkonnad\n\t<\/li>\n<li>\n\t\t\u00fcmarussid\n\t<\/li>\n<li>\n\t\tkuusud ja kuskused\n\t<\/li>\n<li>\n\t\tpaabulinnud\n\t<\/li>\n<li>\n\t\togarai\n\t<\/li>\n<li>\n\t\tmetskass ja kodukass\n\t<\/li>\n<li>\n\t\tmetskurvits\n\t<\/li>\n<li>\n\t\t\u00f5uetunnid\n\t<\/li>\n<\/ol>\n","protected":false},"excerpt":{"rendered":"<p>2021-2022 \u00f5ppeaasta teemad koaati ja ninakarud lenddraakonid elevantlinnud karbid Eesti siseveekogudes toakilk meritondid ja merij\u00e4nesed jahumadrikad ja jahuussid metsnugis ja kivinugis \u017eilatjee jt m\u00fcrkvaraanlased kohverkalad meem\u00e4ger portselantigulased morfiidid rabap\u00fc\u00fc meen\u00e4iturid parmud aie r\u00f5\u00f5neskarbid lemmingud veemaod harilik orav sarvlinnud sargassokala (tundelkalalased) &#8230;<\/p>\n","protected":false},"author":88,"featured_media":0,"parent":0,"menu_order":0,"comment_status":"closed","ping_status":"closed","template":"","meta":{"_acf_changed":false,"inline_featured_image":false,"footnotes":""},"class_list":["post-51","page","type-page","status-publish","hentry"],"acf":[],"_links":{"self":[{"href":"https:\/\/sisu.ut.ee\/zooloogiaring\/wp-json\/wp\/v2\/pages\/51","targetHints":{"allow":["GET"]}}],"collection":[{"href":"https:\/\/sisu.ut.ee\/zooloogiaring\/wp-json\/wp\/v2\/pages"}],"about":[{"href":"https:\/\/sisu.ut.ee\/zooloogiaring\/wp-json\/wp\/v2\/types\/page"}],"author":[{"embeddable":true,"href":"https:\/\/sisu.ut.ee\/zooloogiaring\/wp-json\/wp\/v2\/users\/88"}],"replies":[{"embeddable":true,"href":"https:\/\/sisu.ut.ee\/zooloogiaring\/wp-json\/wp\/v2\/comments?post=51"}],"version-history":[{"count":1,"href":"https:\/\/sisu.ut.ee\/zooloogiaring\/wp-json\/wp\/v2\/pages\/51\/revisions"}],"predecessor-version":[{"id":770,"href":"https:\/\/sisu.ut.ee\/zooloogiaring\/wp-json\/wp\/v2\/pages\/51\/revisions\/770"}],"wp:attachment":[{"href":"https:\/\/sisu.ut.ee\/zooloogiaring\/wp-json\/wp\/v2\/media?parent=51"}],"curies":[{"name":"wp","href":"https:\/\/api.w.org\/{rel}","templated":true}]}}