{"id":50,"date":"2024-04-04T02:55:52","date_gmt":"2024-04-03T23:55:52","guid":{"rendered":"https:\/\/sisu.ut.ee\/zooloogiaring\/palupohja-oppeekskursioon-15-18-06-2010\/"},"modified":"2024-04-04T02:58:08","modified_gmt":"2024-04-03T23:58:08","slug":"palupohja-oppeekskursioon-15-18-06-2010","status":"publish","type":"page","link":"https:\/\/sisu.ut.ee\/zooloogiaring\/palupohja-oppeekskursioon-15-18-06-2010\/","title":{"rendered":"Palup\u00f5hja \u00f5ppeekskursioon 15.-18. juuni 2010"},"content":{"rendered":"<p>\n\t<strong><span style=\"font-size:16px\"><span style=\"font-family:Verdana,Geneva,sans-serif\"><a data-url=\"https:\/\/sisu.ut.ee\/zrpildid\/palupohja-15-18-06-2010\" href=\"https:\/\/sisu.ut.ee\/zrpildid\/palupohja-15-18-06-2010\" target=\"_blank\" title=\"\" rel=\"noopener\">pildid &gt;&gt;<\/a><\/span><\/span><\/strong>\n<\/p>\n<p>\n\t<span style=\"font-size:16px\"><span style=\"font-family:Verdana,Geneva,sans-serif\">Esimesel p\u00e4eval k\u00e4isime v\u00e4ikesel retkel, et \u00fcmbrusega tutvuda.<\/span><\/span>\n<\/p>\n<p>\n\t<span style=\"font-size:16px\"><span style=\"font-family:Verdana,Geneva,sans-serif\"><img decoding=\"async\" alt=\"\" src=\"https:\/\/sisu.ut.ee\/wp-content\/uploads\/sites\/427\/palupo03-02.jpg\" style=\"width: 1000px;height: 667px\"><\/span><\/span><br><span style=\"font-size:14px\"><span style=\"font-family:Verdana,Geneva,sans-serif\">Huvilised said putukaid koguda v\u00f5i v\u00e4hemalt proovida putukate p\u00fc\u00fcdmist<\/span><\/span>\n<\/p>\n<p>\n\t<span style=\"font-size:16px\"><span style=\"font-family:Verdana,Geneva,sans-serif\"><img decoding=\"async\" alt=\"\" src=\"https:\/\/sisu.ut.ee\/wp-content\/uploads\/sites\/427\/palupo03-10.jpg\" style=\"width: 1000px;height: 667px\"><\/span><\/span><br><span style=\"font-size:14px\"><span style=\"font-family:Verdana,Geneva,sans-serif\">Sai kanuuga s\u00f5ita<\/span><\/span>\n<\/p>\n<p>\n\t<span style=\"font-size:16px\"><span style=\"font-family:Verdana,Geneva,sans-serif\"><img decoding=\"async\" alt=\"\" src=\"https:\/\/sisu.ut.ee\/wp-content\/uploads\/sites\/427\/palupo03-11.jpg\" style=\"width: 1000px;height: 667px\"><\/span><\/span><br><span style=\"font-size:14px\"><span style=\"font-family:Verdana,Geneva,sans-serif\">Jalgpall oli populaarne<\/span><\/span>\n<\/p>\n<p>\n\t<span style=\"font-size:16px\"><span style=\"font-family:Verdana,Geneva,sans-serif\">Teisel p\u00e4eval jagunesime kahte r\u00fchma. Vaheldumisi k\u00e4isid r\u00fchmad Margiga linde vaatlemas ja kuulamas\u00a0ning Aivoga Emaj\u00f5e \u00e4\u00e4res veeloomi uurimas.<\/span><\/span>\n<\/p>\n<p>\n\t<span style=\"font-size:16px\"><span style=\"font-family:Verdana,Geneva,sans-serif\"><img decoding=\"async\" alt=\"\" src=\"https:\/\/sisu.ut.ee\/wp-content\/uploads\/sites\/427\/palupo03-15.jpg\" style=\"width: 1000px;height: 667px\"><\/span><\/span><br><span style=\"font-size:14px\"><span style=\"font-family:Verdana,Geneva,sans-serif\">Veeloomi uurimas<\/span><\/span>\n<\/p>\n<p>\n\t<span style=\"font-size:16px\"><span style=\"font-family:Verdana,Geneva,sans-serif\"><img decoding=\"async\" alt=\"\" src=\"https:\/\/sisu.ut.ee\/wp-content\/uploads\/sites\/427\/palupo03-31.jpg\" style=\"width: 1000px;height: 667px\"><\/span><\/span><br><span style=\"font-size:14px\"><span style=\"font-family:Verdana,Geneva,sans-serif\">Linnuvaatlus, juhendab Mark<\/span><\/span>\n<\/p>\n<p>\n\t<span style=\"font-size:16px\"><span style=\"font-family:Verdana,Geneva,sans-serif\">Kes tahtis, see sai putukakogu teha v\u00f5i liblikate sirutamist harjutada.<\/span><\/span>\n<\/p>\n<p>\n\t<span style=\"font-size:16px\"><span style=\"font-family:Verdana,Geneva,sans-serif\"><img decoding=\"async\" alt=\"\" src=\"https:\/\/sisu.ut.ee\/wp-content\/uploads\/sites\/427\/palupo03-20.jpg\" style=\"width: 1000px;height: 667px\"><\/span><\/span><br><span style=\"font-size:14px\"><span style=\"font-family:Verdana,Geneva,sans-serif\">Liblikate sirutamine<\/span><\/span>\n<\/p>\n<p>\n\t<span style=\"font-size:14px\"><span style=\"font-family:Verdana,Geneva,sans-serif\"><img decoding=\"async\" alt=\"\" src=\"https:\/\/sisu.ut.ee\/wp-content\/uploads\/sites\/427\/palupo03-25.jpg\" style=\"width: 1000px;height: 667px\"><br>\u00d5htus\u00f6\u00f6k p\u00fcstkojas<\/span><\/span>\n<\/p>\n<p>\n\t<span style=\"font-size:16px\"><span style=\"font-family:Verdana,Geneva,sans-serif\"><img decoding=\"async\" alt=\"\" src=\"https:\/\/sisu.ut.ee\/wp-content\/uploads\/sites\/427\/palupo03-12.jpg\" style=\"width: 1000px;height: 667px\"><\/span><\/span><br><span style=\"font-size:14px\"><span style=\"font-family:Verdana,Geneva,sans-serif\">Hundim\u00e4ngu m\u00e4ngimas<\/span><\/span>\n<\/p>\n<p>\n\t<span style=\"font-size:16px\"><span style=\"font-family:Verdana,Geneva,sans-serif\">Kolmandal p\u00e4eval k\u00e4isime jalgsi Palup\u00f5hjalt Seli-Sillaotsa matkarajal.<\/span><\/span>\n<\/p>\n<p>\n\t<span style=\"font-size:16px\"><span style=\"font-family:Verdana,Geneva,sans-serif\"><img decoding=\"async\" alt=\"\" src=\"https:\/\/sisu.ut.ee\/wp-content\/uploads\/sites\/427\/palupo03-32.jpg\" style=\"width: 1000px;height: 667px\"><\/span><\/span><br><span style=\"font-size:14px\"><span style=\"font-family:Verdana,Geneva,sans-serif\">Jalgsimatk Seli-Sillaotsa matkarajale<\/span><\/span>\n<\/p>\n<p>\n\t<span style=\"font-size:16px\"><span style=\"font-family:Verdana,Geneva,sans-serif\"><img decoding=\"async\" alt=\"\" src=\"https:\/\/sisu.ut.ee\/wp-content\/uploads\/sites\/427\/palupo03-33.jpg\" style=\"width: 1000px;height: 667px\"><\/span><\/span><br><span style=\"font-size:14px\"><span style=\"font-family:Verdana,Geneva,sans-serif\">Raba \u2013 Seli-Sillaotsa matkarajal<\/span><\/span>\n<\/p>\n<p>\n\t<span style=\"font-size:16px\"><span style=\"font-family:Verdana,Geneva,sans-serif\"><img decoding=\"async\" alt=\"\" src=\"https:\/\/sisu.ut.ee\/wp-content\/uploads\/sites\/427\/palupo03-39.jpg\" style=\"width: 1000px;height: 667px\"><\/span><\/span><br><span style=\"font-size:14px\"><span style=\"font-family:Verdana,Geneva,sans-serif\">Loomade nimestiku koostamine<\/span><\/span>\n<\/p>\n<p>\n\t<span style=\"font-size:16px\"><span style=\"font-family:Verdana,Geneva,sans-serif\"><img decoding=\"async\" alt=\"\" src=\"https:\/\/sisu.ut.ee\/wp-content\/uploads\/sites\/427\/palupo03-40.jpg\" style=\"width: 1000px;height: 667px\"><\/span><\/span><br><span style=\"font-size:14px\"><span style=\"font-family:Verdana,Geneva,sans-serif\">Teadmiste testimine \u2013 linnu nimetus tuli hoolega kinni katta<\/span><\/span><br>\u00a0\n<\/p>\n<p>\n\t<span style=\"font-size:16px\"><span style=\"font-family:Verdana,Geneva,sans-serif\"><a data-url=\"https:\/\/sisu.ut.ee\/wp-content\/uploads\/sites\/178\/veeloomad_palupohja_1_16.06.2010.pdf\" href=\"https:\/\/sisu.ut.ee\/wp-content\/uploads\/sites\/178\/veeloomad_palupohja_1_16.06.2010.pdf\" target=\"_blank\" title=\"\" rel=\"noopener\">Veeloomade nimestik 1. r\u00fchm &gt;&gt;<\/a><\/span><\/span>\n<\/p>\n<p>\n\t<span style=\"font-size:16px\"><span style=\"font-family:Verdana,Geneva,sans-serif\"><a data-url=\"https:\/\/sisu.ut.ee\/wp-content\/uploads\/sites\/178\/veeloomad_palupohja_2_16.06.2010.pdf\" href=\"https:\/\/sisu.ut.ee\/wp-content\/uploads\/sites\/178\/veeloomad_palupohja_2_16.06.2010.pdf\" target=\"_blank\" title=\"\" rel=\"noopener\">Veeloomade nimestik 2. r\u00fchm &gt;&gt;<\/a><\/span><\/span>\n<\/p>\n<p>\n\t<span style=\"font-size:16px\"><span style=\"font-family:Verdana,Geneva,sans-serif\"><a data-url=\"https:\/\/sisu.ut.ee\/wp-content\/uploads\/sites\/178\/linnud_palupohja_15.06-18.06.2010.pdf\" href=\"https:\/\/sisu.ut.ee\/wp-content\/uploads\/sites\/178\/linnud_palupohja_15.06-18.06.2010.pdf\" target=\"_blank\" title=\"\" rel=\"noopener\">\u00d5pilastega kohatud v\u00f5i kuuldud lindude nimestik &gt;&gt;<\/a><\/span><\/span>\n<\/p>\n<p>\n\t<span style=\"font-size:16px\"><span style=\"font-family:Verdana,Geneva,sans-serif\"><a data-url=\"https:\/\/sisu.ut.ee\/wp-content\/uploads\/sites\/178\/lindude_nimekiri_palupohja_juuni_2010.pdf\" href=\"https:\/\/sisu.ut.ee\/wp-content\/uploads\/sites\/178\/lindude_nimekiri_palupohja_juuni_2010.pdf\" target=\"_blank\" title=\"\" rel=\"noopener\">Lindude \u00fcldnimestik &gt;&gt;<\/a><\/span><\/span>\n<\/p>\n<p>\n\t<span style=\"font-size:16px\"><span style=\"font-family:Verdana,Geneva,sans-serif\"><a data-url=\"https:\/\/sisu.ut.ee\/wp-content\/uploads\/sites\/178\/loomade_nimestik_palupohja-selli-sillaotsa_17.06.2010.pdf\" href=\"https:\/\/sisu.ut.ee\/wp-content\/uploads\/sites\/178\/loomade_nimestik_palupohja-selli-sillaotsa_17.06.2010.pdf\" target=\"_blank\" title=\"\" rel=\"noopener\">Seli-Sillaotsa matkal kohatud loomade nimestik &gt;&gt;<\/a><\/span><\/span>\n<\/p>\n<p>\n\t<br><strong><span style=\"font-size:16px\"><span style=\"font-family:Verdana,Geneva,sans-serif\"><a data-url=\"https:\/\/sisu.ut.ee\/zrpildid\/palupohja-15-18-06-2010\" href=\"https:\/\/sisu.ut.ee\/zrpildid\/palupohja-15-18-06-2010\" target=\"_blank\" title=\"\" rel=\"noopener\">pildid &gt;&gt;<\/a><\/span><\/span><\/strong>\n<\/p>\n<p>\n\t\u00a0\n<\/p>\n<p>\n\t<span style=\"font-size:16px\"><span style=\"font-family:Verdana,Geneva,sans-serif\"><a data-url=\"https:\/\/www.kik.ee\/et\" href=\"https:\/\/www.kik.ee\/et\" target=\"_blank\" title=\"\" rel=\"noopener\"><img decoding=\"async\" alt=\"\" src=\"https:\/\/sisu.ut.ee\/wp-content\/uploads\/sites\/178\/kik_logo_rgb_0.jpg\" style=\"width: 496px;height: 539px\"><\/a><\/span><\/span><br>\u00a0<\/p>\n","protected":false},"excerpt":{"rendered":"<p>pildid &gt;&gt; Esimesel p\u00e4eval k\u00e4isime v\u00e4ikesel retkel, et \u00fcmbrusega tutvuda. Huvilised said putukaid koguda v\u00f5i v\u00e4hemalt proovida putukate p\u00fc\u00fcdmist Sai kanuuga s\u00f5ita Jalgpall oli populaarne Teisel p\u00e4eval jagunesime kahte r\u00fchma. Vaheldumisi k\u00e4isid r\u00fchmad Margiga linde vaatlemas ja kuulamas\u00a0ning Aivoga Emaj\u00f5e &#8230;<\/p>\n","protected":false},"author":88,"featured_media":0,"parent":0,"menu_order":0,"comment_status":"closed","ping_status":"closed","template":"","meta":{"_acf_changed":false,"inline_featured_image":false,"footnotes":""},"class_list":["post-50","page","type-page","status-publish","hentry"],"acf":[],"_links":{"self":[{"href":"https:\/\/sisu.ut.ee\/zooloogiaring\/wp-json\/wp\/v2\/pages\/50","targetHints":{"allow":["GET"]}}],"collection":[{"href":"https:\/\/sisu.ut.ee\/zooloogiaring\/wp-json\/wp\/v2\/pages"}],"about":[{"href":"https:\/\/sisu.ut.ee\/zooloogiaring\/wp-json\/wp\/v2\/types\/page"}],"author":[{"embeddable":true,"href":"https:\/\/sisu.ut.ee\/zooloogiaring\/wp-json\/wp\/v2\/users\/88"}],"replies":[{"embeddable":true,"href":"https:\/\/sisu.ut.ee\/zooloogiaring\/wp-json\/wp\/v2\/comments?post=50"}],"version-history":[{"count":1,"href":"https:\/\/sisu.ut.ee\/zooloogiaring\/wp-json\/wp\/v2\/pages\/50\/revisions"}],"predecessor-version":[{"id":771,"href":"https:\/\/sisu.ut.ee\/zooloogiaring\/wp-json\/wp\/v2\/pages\/50\/revisions\/771"}],"wp:attachment":[{"href":"https:\/\/sisu.ut.ee\/zooloogiaring\/wp-json\/wp\/v2\/media?parent=50"}],"curies":[{"name":"wp","href":"https:\/\/api.w.org\/{rel}","templated":true}]}}