{"id":5,"date":"2024-04-04T02:55:49","date_gmt":"2024-04-03T23:55:49","guid":{"rendered":"https:\/\/sisu.ut.ee\/zooloogiaring\/2016-2017\/"},"modified":"2025-01-29T00:36:39","modified_gmt":"2025-01-28T22:36:39","slug":"2016-2017","status":"publish","type":"page","link":"https:\/\/sisu.ut.ee\/zooloogiaring\/2016-2017\/","title":{"rendered":"2016-2017"},"content":{"rendered":"<p>2016-2017 \u00f5ppeaasta teemad<\/p>\n<ol>\n<li>h\u00fc\u00e4\u00e4nid ja v\u00f6\u00f6th\u00fc\u00e4\u00e4n<\/li>\n<li>kingnokk<\/li>\n<li>hunt\u00e4mblikud<\/li>\n<li>pimemaod<\/li>\n<li>kaguanid<\/li>\n<li>korallmaod<\/li>\n<li>opossumid<\/li>\n<li>kurgkotkas<\/li>\n<li>m\u00f5rtsukhai<\/li>\n<li>kuningmaod<\/li>\n<li>gelaada<\/li>\n<li>Metsanotsu n\u00e4itus loodusmuuseumis<\/li>\n<li>vesi\u00e4mblik<\/li>\n<li>Eesti konnad<\/li>\n<li>sarvikk\u00e4rnkonnad<\/li>\n<li>kaelkirjakud<\/li>\n<li>prussakalised<\/li>\n<li>tokee geko<\/li>\n<li>ahvikotkas<\/li>\n<li>k\u00e4\u00e4bushamstrid<\/li>\n<li>heeringakuningas<\/li>\n<li>laevukesed Nautilus<\/li>\n<li>m\u00e4ger<\/li>\n<li>risti\u00e4mblikud<\/li>\n<li>vesikirbud<\/li>\n<li>lembelinnud<\/li>\n<li>pekaarid<\/li>\n<li>k\u00e4rniguaanid<\/li>\n<li>krabi\u00e4mblikud<\/li>\n<li>m\u00f6iraahvid<\/li>\n<li>selgs\u00f5udur, ujurlutikas, s\u00f5udurid jt<\/li>\n<\/ol>\n","protected":false},"excerpt":{"rendered":"<p>2016-2017 \u00f5ppeaasta teemad h\u00fc\u00e4\u00e4nid ja v\u00f6\u00f6th\u00fc\u00e4\u00e4n kingnokk hunt\u00e4mblikud pimemaod kaguanid korallmaod opossumid kurgkotkas m\u00f5rtsukhai kuningmaod gelaada Metsanotsu n\u00e4itus loodusmuuseumis vesi\u00e4mblik Eesti konnad sarvikk\u00e4rnkonnad kaelkirjakud prussakalised tokee geko ahvikotkas k\u00e4\u00e4bushamstrid heeringakuningas laevukesed Nautilus m\u00e4ger risti\u00e4mblikud vesikirbud lembelinnud pekaarid k\u00e4rniguaanid krabi\u00e4mblikud m\u00f6iraahvid &#8230;<\/p>\n","protected":false},"author":88,"featured_media":0,"parent":0,"menu_order":0,"comment_status":"closed","ping_status":"closed","template":"","meta":{"_acf_changed":false,"inline_featured_image":false,"footnotes":""},"class_list":["post-5","page","type-page","status-publish","hentry"],"acf":[],"_links":{"self":[{"href":"https:\/\/sisu.ut.ee\/zooloogiaring\/wp-json\/wp\/v2\/pages\/5","targetHints":{"allow":["GET"]}}],"collection":[{"href":"https:\/\/sisu.ut.ee\/zooloogiaring\/wp-json\/wp\/v2\/pages"}],"about":[{"href":"https:\/\/sisu.ut.ee\/zooloogiaring\/wp-json\/wp\/v2\/types\/page"}],"author":[{"embeddable":true,"href":"https:\/\/sisu.ut.ee\/zooloogiaring\/wp-json\/wp\/v2\/users\/88"}],"replies":[{"embeddable":true,"href":"https:\/\/sisu.ut.ee\/zooloogiaring\/wp-json\/wp\/v2\/comments?post=5"}],"version-history":[{"count":2,"href":"https:\/\/sisu.ut.ee\/zooloogiaring\/wp-json\/wp\/v2\/pages\/5\/revisions"}],"predecessor-version":[{"id":1564,"href":"https:\/\/sisu.ut.ee\/zooloogiaring\/wp-json\/wp\/v2\/pages\/5\/revisions\/1564"}],"wp:attachment":[{"href":"https:\/\/sisu.ut.ee\/zooloogiaring\/wp-json\/wp\/v2\/media?parent=5"}],"curies":[{"name":"wp","href":"https:\/\/api.w.org\/{rel}","templated":true}]}}