{"id":49,"date":"2024-04-04T02:55:52","date_gmt":"2024-04-03T23:55:52","guid":{"rendered":"https:\/\/sisu.ut.ee\/zooloogiaring\/palupohja-oppeekskursioon-22-mai-2010\/"},"modified":"2024-04-04T02:58:08","modified_gmt":"2024-04-03T23:58:08","slug":"palupohja-oppeekskursioon-22-mai-2010","status":"publish","type":"page","link":"https:\/\/sisu.ut.ee\/zooloogiaring\/palupohja-oppeekskursioon-22-mai-2010\/","title":{"rendered":"Palup\u00f5hja \u00f5ppeekskursioon 22. mai 2010"},"content":{"rendered":"<p>\n\t<span style=\"font-size:16px\"><span style=\"font-family:Verdana,Geneva,sans-serif\"><strong><a data-url=\"https:\/\/sisu.ut.ee\/zrpildid\/palupohja-22-05-2010\" href=\"https:\/\/sisu.ut.ee\/zrpildid\/palupohja-22-05-2010\" target=\"_blank\" title=\"\" rel=\"noopener\">pildid &gt;&gt;<\/a><\/strong><\/span><\/span><br>\u00a0\n<\/p>\n<p>\n\t<span style=\"font-size:16px\"><span style=\"font-family:Verdana,Geneva,sans-serif\">\u00dchep\u00e4evane \u00f5ppeekskursioon noorematele \u00f5pilastele.\u00a0<\/span><\/span><span style=\"font-size:16px\"><span style=\"font-family:Verdana,Geneva,sans-serif\">Tegime v\u00e4ikese retke Seli-Sillaotsa matkarajal.\u00a0S\u00e4\u00e4ski oli kohtuvalt palju.<\/span><\/span>\n<\/p>\n<p>\n\t<span style=\"font-size:16px\"><span style=\"font-family:Verdana,Geneva,sans-serif\"><img decoding=\"async\" alt=\"\" src=\"https:\/\/sisu.ut.ee\/wp-content\/uploads\/sites\/427\/ipapo22-02.jpg\" style=\"width: 1000px;height: 667px\"><\/span><\/span><br><span style=\"font-size:14px\"><span style=\"font-family:Verdana,Geneva,sans-serif\">Seli-Sillaotsa matkarajal<\/span><\/span>\n<\/p>\n<p>\n\t<span style=\"font-size:16px\"><span style=\"font-family:Verdana,Geneva,sans-serif\">Tegevust j\u00e4tkus nii p\u00fcstkotta, \u00f5ue ja looduskooli ruumidesse.\u00a0S\u00e4\u00e4skede p\u00e4rast pidime rohkem varjus olema.<\/span><\/span>\n<\/p>\n<p>\n\t<span style=\"font-size:16px\"><span style=\"font-family:Verdana,Geneva,sans-serif\"><img decoding=\"async\" alt=\"\" src=\"https:\/\/sisu.ut.ee\/wp-content\/uploads\/sites\/427\/ipapo22-11.jpg\" style=\"width: 1000px;height: 667px\"><\/span><\/span><br><span style=\"font-size:14px\"><span style=\"font-family:Verdana,Geneva,sans-serif\">P\u00fcstkoda Palup\u00f5hja looduskooli \u00f5uel<\/span><\/span>\n<\/p>\n<p>\n\t<span style=\"font-size:16px\"><span style=\"font-family:Verdana,Geneva,sans-serif\"><img decoding=\"async\" alt=\"\" src=\"https:\/\/sisu.ut.ee\/wp-content\/uploads\/sites\/427\/ipapo22-06.jpg\" style=\"width: 1000px;height: 667px\"><\/span><\/span><br><span style=\"font-size:14px\"><span style=\"font-family:Verdana,Geneva,sans-serif\">P\u00fcstkojas<\/span><\/span>\n<\/p>\n<p>\n\t<span style=\"font-size:16px\"><span style=\"font-family:Verdana,Geneva,sans-serif\"><img decoding=\"async\" alt=\"\" src=\"https:\/\/sisu.ut.ee\/wp-content\/uploads\/sites\/427\/ipapo22-04.jpg\" style=\"width: 1000px;height: 667px\"><\/span><\/span><br><span style=\"font-size:14px\"><span style=\"font-family:Verdana,Geneva,sans-serif\">Palup\u00f5hja looduskoolis<\/span><\/span><br>\u00a0\n<\/p>\n<p>\n\t<span style=\"font-size:16px\"><strong><a data-url=\"https:\/\/sisu.ut.ee\/zrpildid\/palupohja-22-05-2010\" href=\"https:\/\/sisu.ut.ee\/zrpildid\/palupohja-22-05-2010\" target=\"_blank\" title=\"\" rel=\"noopener\">pildid &gt;&gt;<\/a><\/strong><\/span>\n<\/p>\n<p><span style=\"font-size:16px\"><span style=\"font-family:Verdana,Geneva,sans-serif\"><a data-url=\"https:\/\/www.kik.ee\/et\" href=\"https:\/\/www.kik.ee\/et\" target=\"_blank\" title=\"\" rel=\"noopener\"><img decoding=\"async\" alt=\"\" src=\"https:\/\/sisu.ut.ee\/wp-content\/uploads\/sites\/178\/kik_logo_rgb_0.jpg\" style=\"width: 496px;height: 539px\"><\/a><\/span><\/span><br>\u00a0\n<\/p>\n<p>\n\t\u00a0\n<\/p>\n<p>\n\t\u00a0\n<\/p>\n<p>\n\t\u00a0<\/p>\n","protected":false},"excerpt":{"rendered":"<p>pildid &gt;&gt;\u00a0 \u00dchep\u00e4evane \u00f5ppeekskursioon noorematele \u00f5pilastele.\u00a0Tegime v\u00e4ikese retke Seli-Sillaotsa matkarajal.\u00a0S\u00e4\u00e4ski oli kohtuvalt palju. Seli-Sillaotsa matkarajal Tegevust j\u00e4tkus nii p\u00fcstkotta, \u00f5ue ja looduskooli ruumidesse.\u00a0S\u00e4\u00e4skede p\u00e4rast pidime rohkem varjus olema. P\u00fcstkoda Palup\u00f5hja looduskooli \u00f5uel P\u00fcstkojas Palup\u00f5hja looduskoolis\u00a0 pildid &gt;&gt; \u00a0 \u00a0 \u00a0 &#8230;<\/p>\n","protected":false},"author":88,"featured_media":0,"parent":0,"menu_order":0,"comment_status":"closed","ping_status":"closed","template":"","meta":{"_acf_changed":false,"inline_featured_image":false,"footnotes":""},"class_list":["post-49","page","type-page","status-publish","hentry"],"acf":[],"_links":{"self":[{"href":"https:\/\/sisu.ut.ee\/zooloogiaring\/wp-json\/wp\/v2\/pages\/49","targetHints":{"allow":["GET"]}}],"collection":[{"href":"https:\/\/sisu.ut.ee\/zooloogiaring\/wp-json\/wp\/v2\/pages"}],"about":[{"href":"https:\/\/sisu.ut.ee\/zooloogiaring\/wp-json\/wp\/v2\/types\/page"}],"author":[{"embeddable":true,"href":"https:\/\/sisu.ut.ee\/zooloogiaring\/wp-json\/wp\/v2\/users\/88"}],"replies":[{"embeddable":true,"href":"https:\/\/sisu.ut.ee\/zooloogiaring\/wp-json\/wp\/v2\/comments?post=49"}],"version-history":[{"count":1,"href":"https:\/\/sisu.ut.ee\/zooloogiaring\/wp-json\/wp\/v2\/pages\/49\/revisions"}],"predecessor-version":[{"id":772,"href":"https:\/\/sisu.ut.ee\/zooloogiaring\/wp-json\/wp\/v2\/pages\/49\/revisions\/772"}],"wp:attachment":[{"href":"https:\/\/sisu.ut.ee\/zooloogiaring\/wp-json\/wp\/v2\/media?parent=49"}],"curies":[{"name":"wp","href":"https:\/\/api.w.org\/{rel}","templated":true}]}}