{"id":48,"date":"2024-04-04T02:55:52","date_gmt":"2024-04-03T23:55:52","guid":{"rendered":"https:\/\/sisu.ut.ee\/zooloogiaring\/luua-oppeekskursioon-16-18-04-2010\/"},"modified":"2024-04-04T02:58:08","modified_gmt":"2024-04-03T23:58:08","slug":"luua-oppeekskursioon-16-18-04-2010","status":"publish","type":"page","link":"https:\/\/sisu.ut.ee\/zooloogiaring\/luua-oppeekskursioon-16-18-04-2010\/","title":{"rendered":"Luua \u00f5ppeekskursioon 16.-18. aprill 2010"},"content":{"rendered":"<p>\n\t<strong><span style=\"font-size:16px\"><span style=\"font-family:Verdana,Geneva,sans-serif\"><a data-url=\"https:\/\/sisu.ut.ee\/zrpildid\/luua-16-18-04-2010\" href=\"https:\/\/sisu.ut.ee\/zrpildid\/luua-16-18-04-2010\" target=\"_blank\" title=\"\" rel=\"noopener\">pildid &gt;&gt;<\/a><\/span><\/span><\/strong>\n<\/p>\n<p>\n\t<span style=\"font-size:16px\"><span style=\"font-family:Verdana,Geneva,sans-serif\">Tegelik plaan oli minna Palup\u00f5hjale, kuid veetase oli nii k\u00f5rge, et osa Palup\u00f5hja teest oli vee all ja buss s\u00f5ita ei saanud.\u00a0Tegime kiire otsuse ja l\u00e4ksime Luuale. \u00d6\u00f6bisime ja tegutsesime Luua Metsanduskooli \u00fchiselamus ning k\u00e4isime ekskursioonidel.\u00a0<\/span><\/span><span style=\"font-size:16px\"><span style=\"font-family:Verdana,Geneva,sans-serif\">Kuna Elistvere j\u00e4i nii l\u00e4hedale, k\u00e4isime ka loomapargis \u00e4ra.<\/span><\/span>\n<\/p>\n<p>\n\t<span style=\"font-size:16px\"><span style=\"font-family:Verdana,Geneva,sans-serif\"><img decoding=\"async\" alt=\"\" src=\"https:\/\/sisu.ut.ee\/wp-content\/uploads\/sites\/427\/luua01-02.jpg\" style=\"width: 1000px;height: 667px\"><br><img decoding=\"async\" alt=\"\" src=\"https:\/\/sisu.ut.ee\/wp-content\/uploads\/sites\/427\/luua01-01.jpg\" style=\"width: 1000px;height: 667px\"><\/span><\/span><br><span style=\"font-size:14px\"><span style=\"font-family:Verdana,Geneva,sans-serif\">Elistvere Loomapargis<\/span><\/span>\n<\/p>\n<p>\n\t<span style=\"font-size:16px\"><span style=\"font-family:Verdana,Geneva,sans-serif\">P\u00e4rast l\u00f5unat toimus \u00fchine \u00f5ppeekskursioon Luua parki ja Prossa j\u00e4rve \u00e4\u00e4rde.\u00a0K\u00f5ik n\u00e4htu kirjutatakse \u00fcles. Kumbki r\u00fchm teeb oma nimekirja loomade nimestiku.\u00a0Kas siis n\u00e4htud, kuuldud v\u00f5i tegutsemisj\u00e4lgede j\u00e4rgi kindlaks tehtud.<\/span><\/span>\n<\/p>\n<p>\n\t<span style=\"font-size:16px\"><span style=\"font-family:Verdana,Geneva,sans-serif\"><img decoding=\"async\" alt=\"\" src=\"https:\/\/sisu.ut.ee\/wp-content\/uploads\/sites\/427\/luua01-05.jpg\" style=\"width: 1000px;height: 667px\"><\/span><\/span><br><span style=\"font-size:14px\"><span style=\"font-family:Verdana,Geneva,sans-serif\">Retk Prossa j\u00e4rve \u00e4\u00e4rde<\/span><\/span>\n<\/p>\n<p>\n\t<span style=\"font-size:16px\"><span style=\"font-family:Verdana,Geneva,sans-serif\"><img decoding=\"async\" alt=\"\" src=\"https:\/\/sisu.ut.ee\/wp-content\/uploads\/sites\/427\/luua01-06.jpg\" style=\"width: 1000px;height: 667px\"><\/span><\/span><br><span style=\"font-size:14px\"><span style=\"font-family:Verdana,Geneva,sans-serif\">Prossa j\u00e4rv<\/span><\/span>\n<\/p>\n<p>\n\t<span style=\"font-size:16px\"><span style=\"font-family:Verdana,Geneva,sans-serif\">\u00d5htul sai iga\u00fcks oma asjadega tegeleda, raamatuid uurida v\u00f5i lauam\u00e4nge m\u00e4ngida.\u00a0Hundim\u00e4ng oli j\u00e4lle populaarne.\u00a0<\/span><\/span><span style=\"font-size:16px\"><span style=\"font-family:Verdana,Geneva,sans-serif\">Teisel p\u00e4eval toimus tegevus kahes r\u00fchmas.Enne l\u00f5unat oli \u00fcks r\u00fchm Aivoga pargis,\u00a0teine r\u00fchm l\u00e4ks T\u00f5nisega veidi kaugemale. P\u00e4rast l\u00f5unat jalle vastupidi.<\/span><\/span>\n<\/p>\n<p>\n\t<span style=\"font-size:16px\"><span style=\"font-family:Verdana,Geneva,sans-serif\"><img decoding=\"async\" alt=\"\" src=\"https:\/\/sisu.ut.ee\/wp-content\/uploads\/sites\/427\/luua01-08.jpg\" style=\"width: 1000px;height: 667px\"><\/span><\/span><br><span style=\"font-size:14px\"><span style=\"font-family:Verdana,Geneva,sans-serif\">Luua pargis<\/span><\/span>\n<\/p>\n<p>\n\t<span style=\"font-size:16px\"><span style=\"font-family:Verdana,Geneva,sans-serif\"><img decoding=\"async\" alt=\"\" src=\"https:\/\/sisu.ut.ee\/wp-content\/uploads\/sites\/427\/luua01-17.jpg\" style=\"width: 1000px;height: 667px\"><\/span><\/span><br><span style=\"font-size:14px\"><span style=\"font-family:Verdana,Geneva,sans-serif\">Kaheksateistjalg?<\/span><\/span>\n<\/p>\n<p>\n\t<span style=\"font-size:16px\"><span style=\"font-family:Verdana,Geneva,sans-serif\">\u00d5htul tegime kokkuv\u00f5tteid. Loomad tuli ka kirja panna. Vaatasime pilte.<\/span><\/span>\n<\/p>\n<p>\n\t<span style=\"font-size:16px\"><span style=\"font-family:Verdana,Geneva,sans-serif\"><img decoding=\"async\" alt=\"\" src=\"https:\/\/sisu.ut.ee\/wp-content\/uploads\/sites\/427\/luua01-20.jpg\" style=\"width: 1000px;height: 667px\"><\/span><\/span><br><span style=\"font-size:14px\"><span style=\"font-family:Verdana,Geneva,sans-serif\">Tegevus \u00fchiselamus<\/span><\/span>\n<\/p>\n<p>\n\t<span style=\"font-size:16px\"><span style=\"font-family:Verdana,Geneva,sans-serif\">Kolmanda p\u00e4eva hommikupoole k\u00fclastame Luua Metsanduskooli \u00f5ppehoonet.\u00a0\u00dcks r\u00fchm k\u00fclastab muuseumit ja teine uurib putukaid. P\u00e4rast j\u00e4lle vastupidi.<\/span><\/span>\n<\/p>\n<p>\n\t<span style=\"font-size:16px\"><span style=\"font-family:Verdana,Geneva,sans-serif\"><img decoding=\"async\" alt=\"\" src=\"https:\/\/sisu.ut.ee\/wp-content\/uploads\/sites\/427\/luua01-25.jpg\" style=\"width: 1000px;height: 667px\"><\/span><\/span><br><span style=\"font-size:14px\"><span style=\"font-family:Verdana,Geneva,sans-serif\">Luua Metsanduskooli muuseum<\/span><\/span>\n<\/p>\n<p>\n\t<span style=\"font-size:16px\"><span style=\"font-family:Verdana,Geneva,sans-serif\"><img decoding=\"async\" alt=\"\" src=\"https:\/\/sisu.ut.ee\/wp-content\/uploads\/sites\/427\/luua01-29.jpg\" style=\"width: 1000px;height: 667px\"><br><img decoding=\"async\" alt=\"\" src=\"https:\/\/sisu.ut.ee\/wp-content\/uploads\/sites\/427\/luua01-21.jpg\" style=\"width: 1000px;height: 667px\"><\/span><\/span><br><span style=\"font-size:14px\"><span style=\"font-family:Verdana,Geneva,sans-serif\">Putukate \u00f5ppeprogramm Luua Metsanduskooli bioloogiaklassis<\/span><\/span>\n<\/p>\n<p>\n\t<span style=\"font-size:16px\"><span style=\"font-family:Verdana,Geneva,sans-serif\">P\u00e4rast l\u00f5unas\u00f6\u00f6ki koostasime l\u00f5plikud loomade nimestikud, pakkisime asjad ja s\u00f5itsime \u00e4ra.<\/span><\/span>\n<\/p>\n<p>\n\t<span style=\"font-size:16px\"><span style=\"font-family:Verdana,Geneva,sans-serif\">Luual n\u00e4htud, kuuldud v\u00f5i tagevusj\u00e4lgede j\u00e4rgi kindlaks tehtud loomad:<\/span><\/span>\n<\/p>\n<p>\n\t<span style=\"font-size:16px\"><span style=\"font-family:Verdana,Geneva,sans-serif\"><a data-url=\"https:\/\/sisu.ut.ee\/wp-content\/uploads\/sites\/178\/loomade_nimestik_1-r_luua_16.-18.04.2010.pdf\" href=\"https:\/\/sisu.ut.ee\/wp-content\/uploads\/sites\/178\/loomade_nimestik_1-r_luua_16.-18.04.2010.pdf\" target=\"_blank\" title=\"\" rel=\"noopener\">1. r\u00fchma loomad &gt;&gt;<\/a><\/span><\/span>\n<\/p>\n<p>\n\t<span style=\"font-size:16px\"><span style=\"font-family:Verdana,Geneva,sans-serif\"><a data-url=\"https:\/\/sisu.ut.ee\/wp-content\/uploads\/sites\/178\/loomade_nimestik_2-r_luua_16.-18.04.2010.pdf\" href=\"https:\/\/sisu.ut.ee\/wp-content\/uploads\/sites\/178\/loomade_nimestik_2-r_luua_16.-18.04.2010.pdf\" target=\"_blank\" title=\"\" rel=\"noopener\">2. r\u00fchma loomad &gt;&gt;<\/a><\/span><\/span>\n<\/p>\n<p>\n\t<strong><span style=\"font-size:16px\"><span style=\"font-family:Verdana,Geneva,sans-serif\"><a data-url=\"https:\/\/sisu.ut.ee\/zrpildid\/luua-16-18-04-2010\" href=\"https:\/\/sisu.ut.ee\/zrpildid\/luua-16-18-04-2010\" target=\"_blank\" title=\"\" rel=\"noopener\">Pildid &gt;&gt;<\/a><\/span><\/span><\/strong>\n<\/p>\n<p>\n\t<br><span style=\"font-size:16px\"><span style=\"font-family:Verdana,Geneva,sans-serif\">V\u00e4lipraktikumide\u00a0l\u00e4biviimist toetas\u00a0<a href=\"http:\/\/www.kik.ee\/\" target=\"_blank\" rel=\"noopener\">KIK<\/a><br><a data-url=\"https:\/\/www.kik.ee\/et\" href=\"https:\/\/www.kik.ee\/et\" target=\"_blank\" title=\"\" rel=\"noopener\"><img decoding=\"async\" alt=\"\" src=\"https:\/\/sisu.ut.ee\/wp-content\/uploads\/sites\/178\/kik_logo_rgb_0.jpg\" style=\"width: 496px;height: 539px\"><\/a><\/span><\/span>\n<\/p>\n<p>\n\t\u00a0\n<\/p>\n<p>\n\t\u00a0\n<\/p>\n<p>\n\t\u00a0\n<\/p>\n<p>\n\t\u00a0<\/p>\n","protected":false},"excerpt":{"rendered":"<p>pildid &gt;&gt; Tegelik plaan oli minna Palup\u00f5hjale, kuid veetase oli nii k\u00f5rge, et osa Palup\u00f5hja teest oli vee all ja buss s\u00f5ita ei saanud.\u00a0Tegime kiire otsuse ja l\u00e4ksime Luuale. \u00d6\u00f6bisime ja tegutsesime Luua Metsanduskooli \u00fchiselamus ning k\u00e4isime ekskursioonidel.\u00a0Kuna Elistvere j\u00e4i &#8230;<\/p>\n","protected":false},"author":88,"featured_media":0,"parent":0,"menu_order":0,"comment_status":"closed","ping_status":"closed","template":"","meta":{"_acf_changed":false,"inline_featured_image":false,"footnotes":""},"class_list":["post-48","page","type-page","status-publish","hentry"],"acf":[],"_links":{"self":[{"href":"https:\/\/sisu.ut.ee\/zooloogiaring\/wp-json\/wp\/v2\/pages\/48","targetHints":{"allow":["GET"]}}],"collection":[{"href":"https:\/\/sisu.ut.ee\/zooloogiaring\/wp-json\/wp\/v2\/pages"}],"about":[{"href":"https:\/\/sisu.ut.ee\/zooloogiaring\/wp-json\/wp\/v2\/types\/page"}],"author":[{"embeddable":true,"href":"https:\/\/sisu.ut.ee\/zooloogiaring\/wp-json\/wp\/v2\/users\/88"}],"replies":[{"embeddable":true,"href":"https:\/\/sisu.ut.ee\/zooloogiaring\/wp-json\/wp\/v2\/comments?post=48"}],"version-history":[{"count":1,"href":"https:\/\/sisu.ut.ee\/zooloogiaring\/wp-json\/wp\/v2\/pages\/48\/revisions"}],"predecessor-version":[{"id":773,"href":"https:\/\/sisu.ut.ee\/zooloogiaring\/wp-json\/wp\/v2\/pages\/48\/revisions\/773"}],"wp:attachment":[{"href":"https:\/\/sisu.ut.ee\/zooloogiaring\/wp-json\/wp\/v2\/media?parent=48"}],"curies":[{"name":"wp","href":"https:\/\/api.w.org\/{rel}","templated":true}]}}