{"id":47,"date":"2024-04-04T02:55:52","date_gmt":"2024-04-03T23:55:52","guid":{"rendered":"https:\/\/sisu.ut.ee\/zooloogiaring\/palupohja-oppeekskursioon-22-24-02-2010\/"},"modified":"2024-04-19T01:30:22","modified_gmt":"2024-04-18T22:30:22","slug":"palupohja-oppeekskursioon-22-24-02-2010","status":"publish","type":"page","link":"https:\/\/sisu.ut.ee\/zooloogiaring\/palupohja-oppeekskursioon-22-24-02-2010\/","title":{"rendered":"Palup\u00f5hja \u00f5ppeekskursioon 22.-24. veebruar 2010"},"content":{"rendered":"<p><span style=\"font-size: 16px;\"><span style=\"font-family: Verdana,Geneva,sans-serif;\"><strong><a title=\"\" href=\"https:\/\/sisu.ut.ee\/zrpildid\/palupohja-22-24-02-2010\" target=\"_blank\" rel=\"noopener\" data-url=\"https:\/\/sisu.ut.ee\/zrpildid\/palupohja-22-24-02-2010\">pildid &gt;&gt;<\/a><\/strong><\/span><\/span><\/p>\n\n\n\n<p><span style=\"font-size: 16px;\"><span style=\"font-family: Verdana,Geneva,sans-serif;\">S\u00f5it Palup\u00f5hjale v\u00f5ttis plaanitust veidi rohkem aega. Oli sadanus lund ja sadas veel juurde. Poole tee peal ootasime traktorit, kes l\u00fckkaks bussile tee lahti. Siiski j\u00f5udsime k\u00e4ia l\u00fchikesel matkal. Eesm\u00e4rk oli katsetada ja tundma \u00f5ppida GPS-e.<\/span><\/span><\/p>\n\n\n\n<p><span style=\"font-size: 16px;\"><span style=\"font-family: Verdana,Geneva,sans-serif;\">Uurisime loomade tegevusj\u00e4lgi. Leidsime muuseas hundi j\u00e4ljed.<\/span><\/span><\/p>\n\n\n\n<figure class=\"wp-block-image size-full\"><img loading=\"lazy\" decoding=\"async\" width=\"1000\" height=\"667\" src=\"https:\/\/sisu.ut.ee\/wp-content\/uploads\/sites\/178\/palupo01-12.jpg\" alt=\"\" class=\"wp-image-980\" srcset=\"https:\/\/sisu.ut.ee\/wp-content\/uploads\/sites\/178\/palupo01-12.jpg 1000w, https:\/\/sisu.ut.ee\/wp-content\/uploads\/sites\/178\/palupo01-12-300x200.jpg 300w, https:\/\/sisu.ut.ee\/wp-content\/uploads\/sites\/178\/palupo01-12-768x512.jpg 768w\" sizes=\"auto, (max-width: 1000px) 100vw, 1000px\"><\/figure>\n\n\n\n<p><span style=\"font-size: 16px;\"><span style=\"font-family: Verdana,Geneva,sans-serif;\"><\/span><\/span><\/p>\n\n\n\n<p><span style=\"font-size: 16px;\"><span style=\"font-family: Verdana,Geneva,sans-serif;\">\u00d5htul anal\u00fc\u00fcsisime k\u00e4idud teekonda arvuti abil ja tegime plaanid j\u00e4rgmiseks p\u00e4evaks.\u00a0Siis asuvad kaks r\u00fchma lumer\u00e4\u00e4tsadega pikemale teekonnale.<\/span><\/span><\/p>\n\n\n\n<p><span style=\"font-size: 16px;\"><span style=\"font-family: Verdana,Geneva,sans-serif;\"><a title=\"\" href=\"https:\/\/sisu.ut.ee\/wp-content\/uploads\/sites\/178\/palupohja_23.02.2010_1_plaan.jpg\" data-url=\"https:\/\/sisu.ut.ee\/wp-content\/uploads\/sites\/178\/palupohja_23.02.2010_1_plaan.jpg\"><img decoding=\"async\" style=\"width: 800px; height: 460px;\" src=\"https:\/\/sisu.ut.ee\/wp-content\/uploads\/sites\/178\/palupohja_23.02.2010_1_plaan.jpg\" alt=\"\"><\/a><\/span><\/span><br><span style=\"font-size: 14px;\"><span style=\"font-family: Verdana,Geneva,sans-serif;\">retke plaan 1. r\u00fchmale<\/span><\/span><\/p>\n\n\n\n<p><span style=\"font-size: 16px;\"><span style=\"font-family: Verdana,Geneva,sans-serif;\"><a title=\"\" href=\"https:\/\/sisu.ut.ee\/wp-content\/uploads\/sites\/178\/palupohja_23.02.2010_2_plaan.jpg\" data-url=\"https:\/\/sisu.ut.ee\/wp-content\/uploads\/sites\/178\/palupohja_23.02.2010_2_plaan.jpg\"><img decoding=\"async\" style=\"width: 800px; height: 474px;\" src=\"https:\/\/sisu.ut.ee\/wp-content\/uploads\/sites\/178\/palupohja_23.02.2010_2_plaan.jpg\" alt=\"\"><\/a><\/span><\/span><br><span style=\"font-size: 14px;\"><span style=\"font-family: Verdana,Geneva,sans-serif;\">retke plaan 2. r\u00fchmale<\/span><\/span><\/p>\n\n\n\n<p><span style=\"font-size: 16px;\"><span style=\"font-family: Verdana,Geneva,sans-serif;\">M\u00f5lemad r\u00fchmad tahtsid j\u00f5uda Pedja j\u00f5e \u00e4\u00e4rde. Plaan oli p\u00f5him\u00f5tteline. Eesm\u00e4rk ei olnud t\u00e4pselt plaani j\u00e4rgida. Nagu kaartidelt n\u00e4ha, plaanis 2. r\u00fchm liikuda rohkem paremale. Kaks r\u00fcham pidid teekondade ristumise kohal kokku saama.<\/span><\/span><\/p>\n\n\n\n<p><span style=\"font-size: 16px;\"><span style=\"font-family: Verdana,Geneva,sans-serif;\"><img decoding=\"async\" style=\"width: 1000px; height: 667px;\" src=\"https:\/\/sisu.ut.ee\/wp-content\/uploads\/sites\/427\/palupo01-11_0.jpg\" alt=\"\"><\/span><\/span><br><span style=\"font-size: 14px;\"><span style=\"font-family: Verdana,Geneva,sans-serif;\">Retk algab\u2026<\/span><\/span><\/p>\n\n\n\n<p><span style=\"font-size: 16px;\"><span style=\"font-family: Verdana,Geneva,sans-serif;\"><a title=\"\" href=\"https:\/\/sisu.ut.ee\/wp-content\/uploads\/sites\/178\/palupohja_23.02.2010_1.jpg\" data-url=\"https:\/\/sisu.ut.ee\/wp-content\/uploads\/sites\/178\/palupohja_23.02.2010_1.jpg\"><img decoding=\"async\" style=\"width: 800px; height: 473px;\" src=\"https:\/\/sisu.ut.ee\/wp-content\/uploads\/sites\/178\/palupohja_23.02.2010_1.jpg\" alt=\"\"><\/a><\/span><\/span><br><span style=\"font-size: 14px;\"><span style=\"font-family: Verdana,Geneva,sans-serif;\">1. r\u00fchma l\u00e4bitud teekond (kollane)<\/span><\/span><\/p>\n\n\n\n<p><span style=\"font-size: 16px;\"><span style=\"font-family: Verdana,Geneva,sans-serif;\"><a title=\"\" href=\"https:\/\/sisu.ut.ee\/wp-content\/uploads\/sites\/178\/palupohja_23.02.2010_2.jpg\" data-url=\"https:\/\/sisu.ut.ee\/wp-content\/uploads\/sites\/178\/palupohja_23.02.2010_2.jpg\"><img decoding=\"async\" style=\"width: 800px; height: 466px;\" src=\"https:\/\/sisu.ut.ee\/wp-content\/uploads\/sites\/178\/palupohja_23.02.2010_2.jpg\" alt=\"\"><\/a><\/span><\/span><br><span style=\"font-size: 14px;\"><span style=\"font-family: Verdana,Geneva,sans-serif;\">2. r\u00fchma l\u00e4bitud teekond (kollane)<\/span><\/span><\/p>\n\n\n\n<p><span style=\"font-size: 16px;\"><span style=\"font-family: Verdana,Geneva,sans-serif;\">Teepunktide nimetuste j\u00e4rgi v\u00f5ib aru saada, et retkelistel oli p\u00e4ris l\u00f5bus. Sadas laia lund.<\/span><\/span><\/p>\n\n\n\n<p><span style=\"font-size: 16px;\"><span style=\"font-family: Verdana,Geneva,sans-serif;\">\u00d5htul toimus retke tegevuse anal\u00fc\u00fcsimine.<\/span><\/span><\/p>\n\n\n\n<p><span style=\"font-size: 16px;\"><span style=\"font-family: Verdana,Geneva,sans-serif;\"><img decoding=\"async\" style=\"width: 1000px; height: 667px;\" src=\"https:\/\/sisu.ut.ee\/wp-content\/uploads\/sites\/427\/palupo01-14_0.jpg\" alt=\"\"><\/span><\/span><br><span style=\"font-size: 14px;\"><span style=\"font-family: Verdana,Geneva,sans-serif;\">Lauri esitleb 1. r\u00fchma teekonda<\/span><\/span><\/p>\n\n\n\n<p><span style=\"font-size: 16px;\"><span style=\"font-family: Verdana,Geneva,sans-serif;\"><img decoding=\"async\" style=\"width: 1000px; height: 667px;\" src=\"https:\/\/sisu.ut.ee\/wp-content\/uploads\/sites\/427\/palupo01-17_0.jpg\" alt=\"\"><\/span><\/span><br><span style=\"font-size: 14px;\"><span style=\"font-family: Verdana,Geneva,sans-serif;\">Uku r\u00e4\u00e4gib 2. r\u00fcma seiklustest<\/span><\/span><\/p>\n\n\n\n<figure class=\"wp-block-image size-full\"><img loading=\"lazy\" decoding=\"async\" width=\"1000\" height=\"667\" src=\"https:\/\/sisu.ut.ee\/wp-content\/uploads\/sites\/178\/palupo01-16.jpg\" alt=\"\" class=\"wp-image-982\" srcset=\"https:\/\/sisu.ut.ee\/wp-content\/uploads\/sites\/178\/palupo01-16.jpg 1000w, https:\/\/sisu.ut.ee\/wp-content\/uploads\/sites\/178\/palupo01-16-300x200.jpg 300w, https:\/\/sisu.ut.ee\/wp-content\/uploads\/sites\/178\/palupo01-16-768x512.jpg 768w\" sizes=\"auto, (max-width: 1000px) 100vw, 1000px\"><\/figure>\n\n\n\n<p><span style=\"font-size: 16px;\"><span style=\"font-family: Verdana,Geneva,sans-serif;\"><\/span><\/span><\/p>\n\n\n\n<p><span style=\"font-size: 16px;\"><span style=\"font-family: Verdana,Geneva,sans-serif;\">Kolmandal p\u00e4eval k\u00e4idi retkel \u00fcksi v\u00f5i v\u00e4iksemate r\u00fchmadega.<\/span><\/span><\/p>\n\n\n\n<p><strong><span style=\"font-size: 16px;\"><span style=\"font-family: Verdana,Geneva,sans-serif;\"><a title=\"\" href=\"https:\/\/sisu.ut.ee\/zrpildid\/palupohja-22-24-02-2010\" target=\"_blank\" rel=\"noopener\" data-url=\"https:\/\/sisu.ut.ee\/zrpildid\/palupohja-22-24-02-2010\">pildid &gt;&gt;<\/a><\/span><\/span><\/strong><br>\u00a0<\/p>\n\n\n\n<p><span style=\"font-size: 16px;\"><span style=\"font-family: Verdana,Geneva,sans-serif;\">V\u00e4lipraktikumide\u00a0l\u00e4biviimist toetas\u00a0<a href=\"http:\/\/www.kik.ee\/\" target=\"_blank\" rel=\"noopener\">KIK<\/a><\/span><\/span><\/p>\n\n\n\n<figure class=\"wp-block-image size-full\"><img loading=\"lazy\" decoding=\"async\" width=\"496\" height=\"539\" src=\"https:\/\/sisu.ut.ee\/wp-content\/uploads\/sites\/178\/kik_logo_rgb-1.jpg\" alt=\"\" class=\"wp-image-274\" srcset=\"https:\/\/sisu.ut.ee\/wp-content\/uploads\/sites\/178\/kik_logo_rgb-1.jpg 496w, https:\/\/sisu.ut.ee\/wp-content\/uploads\/sites\/178\/kik_logo_rgb-1-276x300.jpg 276w\" sizes=\"auto, (max-width: 496px) 100vw, 496px\"><\/figure>\n","protected":false},"excerpt":{"rendered":"<p>pildid &gt;&gt; S\u00f5it Palup\u00f5hjale v\u00f5ttis plaanitust veidi rohkem aega. Oli sadanus lund ja sadas veel juurde. Poole tee peal ootasime traktorit, kes l\u00fckkaks bussile tee lahti. Siiski j\u00f5udsime k\u00e4ia l\u00fchikesel matkal. Eesm\u00e4rk oli katsetada ja tundma \u00f5ppida GPS-e. Uurisime loomade &#8230;<\/p>\n","protected":false},"author":88,"featured_media":0,"parent":0,"menu_order":0,"comment_status":"closed","ping_status":"closed","template":"","meta":{"_acf_changed":false,"inline_featured_image":false,"footnotes":""},"class_list":["post-47","page","type-page","status-publish","hentry"],"acf":[],"_links":{"self":[{"href":"https:\/\/sisu.ut.ee\/zooloogiaring\/wp-json\/wp\/v2\/pages\/47","targetHints":{"allow":["GET"]}}],"collection":[{"href":"https:\/\/sisu.ut.ee\/zooloogiaring\/wp-json\/wp\/v2\/pages"}],"about":[{"href":"https:\/\/sisu.ut.ee\/zooloogiaring\/wp-json\/wp\/v2\/types\/page"}],"author":[{"embeddable":true,"href":"https:\/\/sisu.ut.ee\/zooloogiaring\/wp-json\/wp\/v2\/users\/88"}],"replies":[{"embeddable":true,"href":"https:\/\/sisu.ut.ee\/zooloogiaring\/wp-json\/wp\/v2\/comments?post=47"}],"version-history":[{"count":2,"href":"https:\/\/sisu.ut.ee\/zooloogiaring\/wp-json\/wp\/v2\/pages\/47\/revisions"}],"predecessor-version":[{"id":983,"href":"https:\/\/sisu.ut.ee\/zooloogiaring\/wp-json\/wp\/v2\/pages\/47\/revisions\/983"}],"wp:attachment":[{"href":"https:\/\/sisu.ut.ee\/zooloogiaring\/wp-json\/wp\/v2\/media?parent=47"}],"curies":[{"name":"wp","href":"https:\/\/api.w.org\/{rel}","templated":true}]}}