{"id":46,"date":"2024-04-04T02:55:52","date_gmt":"2024-04-03T23:55:52","guid":{"rendered":"https:\/\/sisu.ut.ee\/zooloogiaring\/kik-2010\/"},"modified":"2024-04-19T20:45:11","modified_gmt":"2024-04-19T17:45:11","slug":"kik-2010","status":"publish","type":"page","link":"https:\/\/sisu.ut.ee\/zooloogiaring\/kik-2010\/","title":{"rendered":"zooloogiaringi \u00f5ppeekskursioonid 2010"},"content":{"rendered":"<p><span style=\"font-size: 14px;\"><span style=\"font-family: Verdana,Geneva,sans-serif;\">vaatamiseks kliki pealkirjal v\u00f5i pildil<\/span><\/span><br>\u00a0<\/p>\n\n\n\n<p><span style=\"font-size: 26px;\"><span style=\"font-family: Verdana,Geneva,sans-serif;\"><a href=\"https:\/\/sisu.ut.ee\/zooloogiaring\/palupohja-oppeekskursioon-22-24-02-2010\/\" data-type=\"link\" data-id=\"https:\/\/sisu.ut.ee\/zooloogiaring\/palupohja-oppeekskursioon-22-24-02-2010\/\">Palup\u00f5hja 22.-24. veebruar 2010<\/a><\/span><\/span><\/p>\n\n\n\n<figure class=\"wp-block-image size-full is-style-default\"><a href=\"https:\/\/sisu.ut.ee\/zooloogiaring\/palupohja-oppeekskursioon-22-24-02-2010\/\"><img loading=\"lazy\" decoding=\"async\" width=\"1000\" height=\"667\" src=\"https:\/\/sisu.ut.ee\/wp-content\/uploads\/sites\/178\/palupo01-07.jpg\" alt=\"\" class=\"wp-image-985\" srcset=\"https:\/\/sisu.ut.ee\/wp-content\/uploads\/sites\/178\/palupo01-07.jpg 1000w, https:\/\/sisu.ut.ee\/wp-content\/uploads\/sites\/178\/palupo01-07-300x200.jpg 300w, https:\/\/sisu.ut.ee\/wp-content\/uploads\/sites\/178\/palupo01-07-768x512.jpg 768w\" sizes=\"auto, (max-width: 1000px) 100vw, 1000px\"><\/a><\/figure>\n\n\n\n<hr class=\"wp-block-separator has-alpha-channel-opacity\">\n\n\n\n<p><br><span style=\"font-size: 26px;\"><span style=\"font-family: Verdana,Geneva,sans-serif;\"><a href=\"https:\/\/sisu.ut.ee\/zooloogiaring\/luua-oppeekskursioon-16-18-04-2010\/\" data-type=\"link\" data-id=\"https:\/\/sisu.ut.ee\/zooloogiaring\/luua-oppeekskursioon-16-18-04-2010\/\">Luua 16.-18. aprill 2010<\/a><\/span><\/span><\/p>\n\n\n\n<figure class=\"wp-block-image\"><a href=\"https:\/\/sisu.ut.ee\/zooloogiaring\/luua-oppeekskursioon-16-18-04-2010\/\"><img decoding=\"async\" src=\"https:\/\/sisu.ut.ee\/wp-content\/uploads\/sites\/427\/luua01-05.jpg\" alt=\"\"><\/a><\/figure>\n\n\n\n<hr class=\"wp-block-separator has-alpha-channel-opacity\">\n\n\n\n<p><br><span style=\"font-size: 26px;\"><span style=\"font-family: Verdana,Geneva,sans-serif;\"><a href=\"https:\/\/sisu.ut.ee\/zooloogiaring\/palupohja-oppeekskursioon-22-mai-2010\/\" data-type=\"link\" data-id=\"https:\/\/sisu.ut.ee\/zooloogiaring\/palupohja-oppeekskursioon-22-mai-2010\/\">Palup\u00f5hja 22. mai 2010<\/a><\/span><\/span><\/p>\n\n\n\n<figure class=\"wp-block-image\"><a href=\"https:\/\/sisu.ut.ee\/zooloogiaring\/palupohja-oppeekskursioon-22-mai-2010\/\"><img decoding=\"async\" src=\"https:\/\/sisu.ut.ee\/wp-content\/uploads\/sites\/427\/ipapo22-07.jpg\" alt=\"\"><\/a><\/figure>\n\n\n\n<hr class=\"wp-block-separator has-alpha-channel-opacity\">\n\n\n\n<p><br><span style=\"font-size: 26px;\"><span style=\"font-family: Verdana,Geneva,sans-serif;\"><a href=\"https:\/\/sisu.ut.ee\/zooloogiaring\/palupohja-oppeekskursioon-15-18-06-2010\/\" data-type=\"link\" data-id=\"https:\/\/sisu.ut.ee\/zooloogiaring\/palupohja-oppeekskursioon-15-18-06-2010\/\">Palup\u00f5hja 15.-18.juuni 2010<\/a><\/span><\/span><\/p>\n\n\n\n<figure class=\"wp-block-image\"><a href=\"https:\/\/sisu.ut.ee\/zooloogiaring\/palupohja-oppeekskursioon-15-18-06-2010\/\"><img decoding=\"async\" src=\"https:\/\/sisu.ut.ee\/wp-content\/uploads\/sites\/427\/palupo03-09.jpg\" alt=\"\"><\/a><\/figure>\n\n\n\n<p><br><span style=\"font-size: 14px;\"><span style=\"font-family: Verdana,Geneva,sans-serif;\">\u00f5ppeekskursioone toetas\u00a0<a href=\"http:\/\/www.kik.ee\/\" target=\"_blank\" rel=\"noopener\">KIK<\/a><\/span><\/span><\/p>\n\n\n\n<figure class=\"wp-block-image size-full\"><img loading=\"lazy\" decoding=\"async\" width=\"496\" height=\"539\" src=\"https:\/\/sisu.ut.ee\/wp-content\/uploads\/sites\/178\/kik_logo_rgb-1.jpg\" alt=\"\" class=\"wp-image-274\" srcset=\"https:\/\/sisu.ut.ee\/wp-content\/uploads\/sites\/178\/kik_logo_rgb-1.jpg 496w, https:\/\/sisu.ut.ee\/wp-content\/uploads\/sites\/178\/kik_logo_rgb-1-276x300.jpg 276w\" sizes=\"auto, (max-width: 496px) 100vw, 496px\"><\/figure>\n","protected":false},"excerpt":{"rendered":"<p>vaatamiseks kliki pealkirjal v\u00f5i pildil\u00a0 Palup\u00f5hja 22.-24. veebruar 2010 Luua 16.-18. aprill 2010 Palup\u00f5hja 22. mai 2010 Palup\u00f5hja 15.-18.juuni 2010 \u00f5ppeekskursioone toetas\u00a0KIK<\/p>\n","protected":false},"author":88,"featured_media":0,"parent":0,"menu_order":0,"comment_status":"closed","ping_status":"closed","template":"","meta":{"_acf_changed":false,"inline_featured_image":false,"footnotes":""},"class_list":["post-46","page","type-page","status-publish","hentry"],"acf":[],"_links":{"self":[{"href":"https:\/\/sisu.ut.ee\/zooloogiaring\/wp-json\/wp\/v2\/pages\/46","targetHints":{"allow":["GET"]}}],"collection":[{"href":"https:\/\/sisu.ut.ee\/zooloogiaring\/wp-json\/wp\/v2\/pages"}],"about":[{"href":"https:\/\/sisu.ut.ee\/zooloogiaring\/wp-json\/wp\/v2\/types\/page"}],"author":[{"embeddable":true,"href":"https:\/\/sisu.ut.ee\/zooloogiaring\/wp-json\/wp\/v2\/users\/88"}],"replies":[{"embeddable":true,"href":"https:\/\/sisu.ut.ee\/zooloogiaring\/wp-json\/wp\/v2\/comments?post=46"}],"version-history":[{"count":7,"href":"https:\/\/sisu.ut.ee\/zooloogiaring\/wp-json\/wp\/v2\/pages\/46\/revisions"}],"predecessor-version":[{"id":1422,"href":"https:\/\/sisu.ut.ee\/zooloogiaring\/wp-json\/wp\/v2\/pages\/46\/revisions\/1422"}],"wp:attachment":[{"href":"https:\/\/sisu.ut.ee\/zooloogiaring\/wp-json\/wp\/v2\/media?parent=46"}],"curies":[{"name":"wp","href":"https:\/\/api.w.org\/{rel}","templated":true}]}}