{"id":45,"date":"2024-04-04T02:55:52","date_gmt":"2024-04-03T23:55:52","guid":{"rendered":"https:\/\/sisu.ut.ee\/zooloogiaring\/loodusmaja-liikmepilet\/"},"modified":"2024-10-01T13:36:39","modified_gmt":"2024-10-01T10:36:39","slug":"loodusmaja-liikmepilet","status":"publish","type":"page","link":"https:\/\/sisu.ut.ee\/zooloogiaring\/loodusmaja-liikmepilet\/","title":{"rendered":"Loodusmaja \u00f5pilaspilet"},"content":{"rendered":"<p><span style=\"font-size: 14px;\"><span style=\"font-family: Verdana,Geneva,sans-serif;\">Mis kasu on loodusmaja \u00f5pilaspiletist?<\/span><\/span><\/p>\n<p><span style=\"font-size: 14px;\"><span style=\"font-family: Verdana,Geneva,sans-serif;\">Tartu Loodusmaja \u00f5pilane saab ilusa kilpkonnapildiga \u00f5pilaspileti, millega kaasnevad soodustused loodusmaja koost\u00f6\u00f6partnerite juures. \u00d5pilaspiletiga saab tasuta k\u00fclastada:<\/span><\/span><\/p>\n<ul>\n<li><span style=\"font-size: 14px;\"><span style=\"font-family: Verdana,Geneva,sans-serif;\"><span data-mce-mark=\"1\"><a href=\"https:\/\/natmuseum.ut.ee\/et\/tartu-ulikooli-botaanikaaed\" target=\"_blank\" rel=\"noopener\"><strong>T\u00dc Botaanikaaeda<\/strong><\/a> (Tartus, Lai tn 38),<\/span><\/span><\/span><\/li>\n<li><span style=\"font-size: 14px;\"><span style=\"font-family: Verdana,Geneva,sans-serif;\"><span data-mce-mark=\"1\"><a href=\"http:\/\/natmuseum.ut.ee\/\" target=\"_blank\" rel=\"noopener\"><strong>T\u00dc Loodusmuuseumi<\/strong><\/a>\u00a0(Tartus, Vanemuise tn 46),<\/span><\/span><\/span><\/li>\n<li><span style=\"font-size: 14px;\"><span style=\"font-family: Verdana,Geneva,sans-serif;\"><span data-mce-mark=\"1\"><a href=\"https:\/\/muuseum.ut.ee\/et\/kunstimuuseum\" target=\"_blank\" rel=\"noopener\"><strong>T\u00dc Kunstimuuseumi<\/strong><\/a>\u00a0(v.a aula ja kartser; Tartus, \u00dclikooli tn 18),<\/span><\/span><\/span><\/li>\n<li><span style=\"font-size: 14px;\"><span style=\"font-family: Verdana,Geneva,sans-serif;\"><span data-mce-mark=\"1\"><strong><a href=\"https:\/\/muuseum.ut.ee\/et\/avaleht\" target=\"_blank\" rel=\"noopener\">T\u00dc Muuseumi<\/a>\u00a0<\/strong>(v.a Toomkiriku tornid; Tartus, Lossi tn 25),<\/span><\/span><\/span><\/li>\n<li><span style=\"font-size: 14px;\"><span style=\"font-family: Verdana,Geneva,sans-serif;\"><span data-mce-mark=\"1\"><a href=\"http:\/\/www.loodusmuuseum.ee\/\" target=\"_blank\" rel=\"noopener\"><strong>Eesti Loodusmuuseumi<\/strong><\/a>\u00a0(Tallinnas, Lai tn 29a),<\/span><\/span><\/span><\/li>\n<li><span style=\"font-size: 14px;\"><span style=\"font-family: Verdana,Geneva,sans-serif;\"><span data-mce-mark=\"1\"><a href=\"http:\/\/www.botaanikaaed.ee\/\" target=\"_blank\" rel=\"noopener\"><strong>Tallinna Botaanikaaeda<\/strong><\/a>\u00a0(Tallinnas, Kloostrimetsa tee 52),<\/span><\/span><\/span><\/li>\n<li><span style=\"font-size: 14px;\"><span style=\"font-family: Verdana,Geneva,sans-serif;\"><span data-mce-mark=\"1\"><strong><a href=\"http:\/\/www.jaaaeg.ee\/index.php\" target=\"_blank\" rel=\"noopener\">J\u00e4\u00e4aja Keskust\u00a0<\/a><\/strong>(Tartumaal, \u00c4ksi alevikus).<br>\n<\/span><\/span><\/span><\/li>\n<\/ul>\n<p><span style=\"font-size: 14px;\"><span style=\"font-family: Verdana,Geneva,sans-serif;\"><a href=\"https:\/\/www.tartuloodusmaja.ee\/huviringide-info-lapsevanematele\" target=\"_blank\" rel=\"noopener\">https:\/\/www.tartuloodusmaja.ee\/huviringide-info-lapsevanematele<\/a>\u00a0<\/span><\/span><\/p>\n","protected":false},"excerpt":{"rendered":"<p>Mis kasu on loodusmaja \u00f5pilaspiletist? Tartu Loodusmaja \u00f5pilane saab ilusa kilpkonnapildiga \u00f5pilaspileti, millega kaasnevad soodustused loodusmaja koost\u00f6\u00f6partnerite juures. \u00d5pilaspiletiga saab tasuta k\u00fclastada: T\u00dc Botaanikaaeda (Tartus, Lai tn 38), T\u00dc Loodusmuuseumi\u00a0(Tartus, Vanemuise tn 46), T\u00dc Kunstimuuseumi\u00a0(v.a aula ja kartser; Tartus, \u00dclikooli &#8230;<\/p>\n","protected":false},"author":88,"featured_media":0,"parent":0,"menu_order":0,"comment_status":"closed","ping_status":"closed","template":"","meta":{"_acf_changed":false,"inline_featured_image":false,"footnotes":""},"class_list":["post-45","page","type-page","status-publish","hentry"],"acf":[],"_links":{"self":[{"href":"https:\/\/sisu.ut.ee\/zooloogiaring\/wp-json\/wp\/v2\/pages\/45","targetHints":{"allow":["GET"]}}],"collection":[{"href":"https:\/\/sisu.ut.ee\/zooloogiaring\/wp-json\/wp\/v2\/pages"}],"about":[{"href":"https:\/\/sisu.ut.ee\/zooloogiaring\/wp-json\/wp\/v2\/types\/page"}],"author":[{"embeddable":true,"href":"https:\/\/sisu.ut.ee\/zooloogiaring\/wp-json\/wp\/v2\/users\/88"}],"replies":[{"embeddable":true,"href":"https:\/\/sisu.ut.ee\/zooloogiaring\/wp-json\/wp\/v2\/comments?post=45"}],"version-history":[{"count":9,"href":"https:\/\/sisu.ut.ee\/zooloogiaring\/wp-json\/wp\/v2\/pages\/45\/revisions"}],"predecessor-version":[{"id":1555,"href":"https:\/\/sisu.ut.ee\/zooloogiaring\/wp-json\/wp\/v2\/pages\/45\/revisions\/1555"}],"wp:attachment":[{"href":"https:\/\/sisu.ut.ee\/zooloogiaring\/wp-json\/wp\/v2\/media?parent=45"}],"curies":[{"name":"wp","href":"https:\/\/api.w.org\/{rel}","templated":true}]}}