{"id":41,"date":"2024-04-04T02:55:52","date_gmt":"2024-04-03T23:55:52","guid":{"rendered":"https:\/\/sisu.ut.ee\/zooloogiaring\/2006-2007\/"},"modified":"2024-04-04T02:58:08","modified_gmt":"2024-04-03T23:58:08","slug":"2006-2007","status":"publish","type":"page","link":"https:\/\/sisu.ut.ee\/zooloogiaring\/2006-2007\/","title":{"rendered":"2006-2007"},"content":{"rendered":"<p><span style=\"font-family: verdana, geneva\">2006-2007 \u00f5ppeaasta teemad<\/span><\/p>\n<p><span style=\"font-family: verdana, geneva\">\u00a0<\/span><\/p>\n<ol>\n<li><span style=\"font-family: verdana, geneva\">punatriip-ilukilpkonn<\/span><\/li>\n<li><span style=\"font-family: verdana, geneva\">deegud<\/span><\/li>\n<li><span style=\"font-family: verdana, geneva\">k\u00e4rbes<\/span><\/li>\n<li><span style=\"font-family: verdana, geneva\">\u00e4mblikud<\/span><\/li>\n<li><span style=\"font-family: verdana, geneva\">meriveislased<\/span><\/li>\n<li><span style=\"font-family: verdana, geneva\">kukkurhunt<\/span><\/li>\n<li><span style=\"font-family: verdana, geneva\">t\u00f5ruv\u00e4hid<\/span><\/li>\n<li><span style=\"font-family: verdana, geneva\">tuttp\u00fctt<\/span><\/li>\n<li><span style=\"font-family: verdana, geneva\">r\u00e4ndlinnud s\u00fcgisel \u2013 hanelised<\/span><\/li>\n<li><span style=\"font-family: verdana, geneva\">imetajate s\u00fcsteem<\/span><\/li>\n<li><span style=\"font-family: verdana, geneva\">lehekonnad<\/span><\/li>\n<li><span style=\"font-family: verdana, geneva\">saare-roninastik<\/span><\/li>\n<li><span style=\"font-family: verdana, geneva\">vampiirnahkhiired \u2013 vereimajalased<\/span><\/li>\n<li><span style=\"font-family: verdana, geneva\">tuhatjalgsed<\/span><\/li>\n<li><span style=\"font-family: verdana, geneva\">kuningp\u00fc\u00fcton<\/span><\/li>\n<li><span style=\"font-family: verdana, geneva\">ebaskorpionid<\/span><\/li>\n<li><span style=\"font-family: verdana, geneva\">\u00f5unapuul elavad liblikate r\u00f6\u00f6vikud<\/span><\/li>\n<li><span style=\"font-family: verdana, geneva\">lihak\u00e4rbsed<\/span><\/li>\n<li><span style=\"font-family: verdana, geneva\">lumeleopard<\/span><\/li>\n<li><span style=\"font-family: verdana, geneva\">apteegikaan<\/span><\/li>\n<li><span style=\"font-family: verdana, geneva\">kerakalad<\/span><\/li>\n<li><span style=\"font-family: verdana, geneva\">Eesti k\u00e4rplased<\/span><\/li>\n<li><span style=\"font-family: verdana, geneva\">loomade talvised tegutsemisj\u00e4ljed<\/span><\/li>\n<li><span style=\"font-family: verdana, geneva\">perekond hundid<\/span><\/li>\n<li><span style=\"font-family: verdana, geneva\">m\u00f5\u00f5kvaal<\/span><\/li>\n<li><span style=\"font-family: verdana, geneva\">sebrad<\/span><\/li>\n<li><span style=\"font-family: verdana, geneva\">hiidprussakas<\/span><\/li>\n<li><span style=\"font-family: verdana, geneva\">Eesti n\u00e4rilised<\/span><\/li>\n<li><span style=\"font-family: verdana, geneva\">koonuskodalased<\/span><\/li>\n<li><span style=\"font-family: verdana, geneva\">k\u00e4rnkonnad<\/span><\/li>\n<li><span style=\"font-family: verdana, geneva\">ilves<\/span><\/li>\n<li><span style=\"font-family: verdana, geneva\">suured kaslased<\/span><\/li>\n<li><span style=\"font-family: verdana, geneva\">herilas\u00e4mblik<\/span><\/li>\n<li><span style=\"font-family: verdana, geneva\">vesilikud<\/span><\/li>\n<li><span style=\"font-family: verdana, geneva\">kanalised<\/span><\/li>\n<li><span style=\"font-family: verdana, geneva\">rohukonn ja rabakonn<\/span><\/li>\n<li><span style=\"font-family: verdana, geneva\">konnade h\u00e4\u00e4led<\/span><\/li>\n<li><span style=\"font-family: verdana, geneva\">k\u00e4bilind<\/span><\/li>\n<li><span style=\"font-family: verdana, geneva\">liivahiired<\/span><\/li>\n<li><span style=\"font-family: verdana, geneva\">r\u00e4stik ja nastik<\/span><\/li>\n<li><span style=\"font-family: verdana, geneva\">putukate v\u00e4lisehitus<\/span><\/li>\n<li><span style=\"font-family: verdana, geneva\">putukate r\u00fchmade m\u00e4\u00e4ramine<\/span><\/li>\n<li><span style=\"font-family: verdana, geneva\">kevadlindude laul<\/span><\/li>\n<li><span style=\"font-family: verdana, geneva\">\u00fcrglind<\/span><\/li>\n<li><span style=\"font-family: verdana, geneva\">viirpapagoid<\/span><\/li>\n<li><span style=\"font-family: verdana, geneva\">lumeinimene<\/span><\/li>\n<li><span style=\"font-family: verdana, geneva\">mageveekogu loomad \u2013 mikroskoobitunnid<\/span><\/li>\n<\/ol>\n","protected":false},"excerpt":{"rendered":"<p>2006-2007 \u00f5ppeaasta teemad \u00a0 punatriip-ilukilpkonn deegud k\u00e4rbes \u00e4mblikud meriveislased kukkurhunt t\u00f5ruv\u00e4hid tuttp\u00fctt r\u00e4ndlinnud s\u00fcgisel \u2013 hanelised imetajate s\u00fcsteem lehekonnad saare-roninastik vampiirnahkhiired \u2013 vereimajalased tuhatjalgsed kuningp\u00fc\u00fcton ebaskorpionid \u00f5unapuul elavad liblikate r\u00f6\u00f6vikud lihak\u00e4rbsed lumeleopard apteegikaan kerakalad Eesti k\u00e4rplased loomade talvised tegutsemisj\u00e4ljed perekond &#8230;<\/p>\n","protected":false},"author":88,"featured_media":0,"parent":0,"menu_order":0,"comment_status":"closed","ping_status":"closed","template":"","meta":{"_acf_changed":false,"inline_featured_image":false,"footnotes":""},"class_list":["post-41","page","type-page","status-publish","hentry"],"acf":[],"_links":{"self":[{"href":"https:\/\/sisu.ut.ee\/zooloogiaring\/wp-json\/wp\/v2\/pages\/41","targetHints":{"allow":["GET"]}}],"collection":[{"href":"https:\/\/sisu.ut.ee\/zooloogiaring\/wp-json\/wp\/v2\/pages"}],"about":[{"href":"https:\/\/sisu.ut.ee\/zooloogiaring\/wp-json\/wp\/v2\/types\/page"}],"author":[{"embeddable":true,"href":"https:\/\/sisu.ut.ee\/zooloogiaring\/wp-json\/wp\/v2\/users\/88"}],"replies":[{"embeddable":true,"href":"https:\/\/sisu.ut.ee\/zooloogiaring\/wp-json\/wp\/v2\/comments?post=41"}],"version-history":[{"count":1,"href":"https:\/\/sisu.ut.ee\/zooloogiaring\/wp-json\/wp\/v2\/pages\/41\/revisions"}],"predecessor-version":[{"id":780,"href":"https:\/\/sisu.ut.ee\/zooloogiaring\/wp-json\/wp\/v2\/pages\/41\/revisions\/780"}],"wp:attachment":[{"href":"https:\/\/sisu.ut.ee\/zooloogiaring\/wp-json\/wp\/v2\/media?parent=41"}],"curies":[{"name":"wp","href":"https:\/\/api.w.org\/{rel}","templated":true}]}}