{"id":39,"date":"2024-04-04T02:55:52","date_gmt":"2024-04-03T23:55:52","guid":{"rendered":"https:\/\/sisu.ut.ee\/zooloogiaring\/2008-2009\/"},"modified":"2024-04-04T02:58:08","modified_gmt":"2024-04-03T23:58:08","slug":"2008-2009","status":"publish","type":"page","link":"https:\/\/sisu.ut.ee\/zooloogiaring\/2008-2009\/","title":{"rendered":"2008-2009"},"content":{"rendered":"<p class=\"style1\"><span style=\"font-family: verdana, geneva\">2008-2009 \u00f5ppeaasta teemad<\/span><\/p>\n<ol>\n<li><span style=\"font-family: verdana, geneva\">surud<\/span><\/li>\n<li><span style=\"font-family: verdana, geneva\">koduhiir<\/span><\/li>\n<li><span style=\"font-family: verdana, geneva\">hiid-raagritsikas<\/span><\/li>\n<li><span style=\"font-family: verdana, geneva\">eelajaloolised loomad \u2013 Walking with Beasts 1<\/span><\/li>\n<li><span style=\"font-family: verdana, geneva\">villk\u00e4pp-krabi<\/span><\/li>\n<li><span style=\"font-family: verdana, geneva\">j\u00f5hvuss<\/span><\/li>\n<li><span style=\"font-family: verdana, geneva\">eelajaloolised loomad \u2013 Walking with Beasts 2<\/span><\/li>\n<li><span style=\"font-family: verdana, geneva\">valgekoon-delfiin Tallinna lahes<\/span><\/li>\n<li><span style=\"font-family: verdana, geneva\">eelajaloolised loomad \u2013 Walking with Beasts 3<\/span><\/li>\n<li><span style=\"font-family: verdana, geneva\">siilid<\/span><\/li>\n<li><span style=\"font-family: verdana, geneva\">piraaja<\/span><\/li>\n<li><span style=\"font-family: verdana, geneva\">rebased<\/span><\/li>\n<li><span style=\"font-family: verdana, geneva\">eelajaloolised loomad \u2013 Walking with Beasts 4<\/span><\/li>\n<li><span style=\"font-family: verdana, geneva\">ebaskorpionid<\/span><\/li>\n<li><span style=\"font-family: verdana, geneva\">siidisaba<\/span><\/li>\n<li><span style=\"font-family: verdana, geneva\">putukate siseehitus \u2013 praktiline tund (2. r\u00fchm)<\/span><\/li>\n<li><span style=\"font-family: verdana, geneva\">ahhaattigu<\/span><\/li>\n<li><span style=\"font-family: verdana, geneva\">eelajaloolised loomad \u2013 Walking with Beasts 5<\/span><\/li>\n<li><span style=\"font-family: verdana, geneva\">vaskuss<\/span><\/li>\n<li><span style=\"font-family: verdana, geneva\">m\u00e4gikits<\/span><\/li>\n<li><span style=\"font-family: verdana, geneva\">eelajaloolised loomad \u2013 Walking with Beasts 6<\/span><\/li>\n<li><span style=\"font-family: verdana, geneva\">n\u00e4rilised<\/span><\/li>\n<li><span style=\"font-family: verdana, geneva\">vesipapp<\/span><\/li>\n<li><span style=\"font-family: verdana, geneva\">gekod<\/span><\/li>\n<li><span style=\"font-family: verdana, geneva\">roomajate, lindude ja imetajate f\u00fclogenees, ettekanne Rudolf (2. r\u00fchm)<\/span><\/li>\n<li><span style=\"font-family: verdana, geneva\">dinosauruste n\u00e4ituse k\u00fclastamine, juhendaja Kairi P\u00f5ldsaar<\/span><\/li>\n<li><span style=\"font-family: verdana, geneva\">talvelinnud<\/span><\/li>\n<li><span style=\"font-family: verdana, geneva\">morsk ja j\u00e4\u00e4karu film: Artikalugu<\/span><\/li>\n<li><span style=\"font-family: verdana, geneva\">kanaarilind<\/span><\/li>\n<li><span style=\"font-family: verdana, geneva\">lindude r\u00e4nne, ettekanne Mark (2. r\u00fchm)<\/span><\/li>\n<li><span style=\"font-family: verdana, geneva\">leopard<\/span><\/li>\n<li><span style=\"font-family: verdana, geneva\">kirevahvenlased<\/span><\/li>\n<li><span style=\"font-family: verdana, geneva\">\u00e4mblikud, ettekanne Kristiina (2. r\u00fchm)<\/span><\/li>\n<li><span style=\"font-family: verdana, geneva\">tuhnik<\/span><\/li>\n<li><span style=\"font-family: verdana, geneva\">k\u00f5rvahark<\/span><\/li>\n<li><span style=\"font-family: verdana, geneva\">aksolotl<\/span><\/li>\n<li><span style=\"font-family: verdana, geneva\">linnu loote areng, ettekanne Martin (2. r\u00fchm)<\/span><\/li>\n<li><span style=\"font-family: verdana, geneva\">p\u00fchvlid<\/span><\/li>\n<li><span style=\"font-family: verdana, geneva\">n\u00e4itus \u201cVereta jaht\u201d<\/span><\/li>\n<li><span style=\"font-family: verdana, geneva\">vaaphaug<\/span><\/li>\n<li><span style=\"font-family: verdana, geneva\">kodukakk, kakukaamera ja teised kakulised<\/span><\/li>\n<li><span style=\"font-family: verdana, geneva\">hallj\u00e4nes ja valgej\u00e4nes<\/span><\/li>\n<li><span style=\"font-family: verdana, geneva\">linnalooduse n\u00e4itus zooloogiamuuseumis<\/span><\/li>\n<li><span style=\"font-family: verdana, geneva\">seepia<\/span><\/li>\n<li><span style=\"font-family: verdana, geneva\">puuma<\/span><\/li>\n<li><span style=\"font-family: verdana, geneva\">k\u00e4gu<\/span><\/li>\n<li><span style=\"font-family: verdana, geneva\">paradiisilinnud<\/span><\/li>\n<li><span style=\"font-family: verdana, geneva\">hallh\u00fcljes ja viigerh\u00fcljes \u2013 h\u00fclgekaamera<\/span><\/li>\n<li><span style=\"font-family: verdana, geneva\">merikotkas \u2013 merikotkakaamera<\/span><\/li>\n<li><span style=\"font-family: verdana, geneva\">narval<\/span><\/li>\n<li><span style=\"font-family: verdana, geneva\">j\u00f5ev\u00e4hk<\/span><\/li>\n<li><span style=\"font-family: verdana, geneva\">elevant-kilpkonn ja hiid-kilpkonn<\/span><\/li>\n<li><span style=\"font-family: verdana, geneva\">soomusloom<\/span><\/li>\n<li><span style=\"font-family: verdana, geneva\">kirp<\/span><\/li>\n<li><span style=\"font-family: verdana, geneva\">kevadlinnud \u2013 lindude laul<\/span><\/li>\n<li><span style=\"font-family: verdana, geneva\">Minu pere ja muud loomad \u2013 Gerald Durell<\/span><\/li>\n<li><span style=\"font-family: verdana, geneva\">atlas-paabusilm, paabusilmlased<\/span><\/li>\n<li><span style=\"font-family: verdana, geneva\">p\u00e4\u00e4sukesed ja piiritaja<\/span><\/li>\n<li><span style=\"font-family: verdana, geneva\">ninasarviklased<\/span><\/li>\n<li><span style=\"font-family: verdana, geneva\">vieofilm \u2013 Kodu\u00fcmbruse loomad<\/span><\/li>\n<li><span style=\"font-family: verdana, geneva\">luiged, haned, lagled, pardid, vardid<\/span><\/li>\n<li><span style=\"font-family: verdana, geneva\">vesi\u00e4mblik<\/span><\/li>\n<li><span style=\"font-family: verdana, geneva\">j\u00f5ehobud<\/span><\/li>\n<li><span style=\"font-family: verdana, geneva\">siidiliblikas<\/span><\/li>\n<\/ol>\n","protected":false},"excerpt":{"rendered":"<p>2008-2009 \u00f5ppeaasta teemad surud koduhiir hiid-raagritsikas eelajaloolised loomad \u2013 Walking with Beasts 1 villk\u00e4pp-krabi j\u00f5hvuss eelajaloolised loomad \u2013 Walking with Beasts 2 valgekoon-delfiin Tallinna lahes eelajaloolised loomad \u2013 Walking with Beasts 3 siilid piraaja rebased eelajaloolised loomad \u2013 Walking with &#8230;<\/p>\n","protected":false},"author":88,"featured_media":0,"parent":0,"menu_order":0,"comment_status":"closed","ping_status":"closed","template":"","meta":{"_acf_changed":false,"inline_featured_image":false,"footnotes":""},"class_list":["post-39","page","type-page","status-publish","hentry"],"acf":[],"_links":{"self":[{"href":"https:\/\/sisu.ut.ee\/zooloogiaring\/wp-json\/wp\/v2\/pages\/39","targetHints":{"allow":["GET"]}}],"collection":[{"href":"https:\/\/sisu.ut.ee\/zooloogiaring\/wp-json\/wp\/v2\/pages"}],"about":[{"href":"https:\/\/sisu.ut.ee\/zooloogiaring\/wp-json\/wp\/v2\/types\/page"}],"author":[{"embeddable":true,"href":"https:\/\/sisu.ut.ee\/zooloogiaring\/wp-json\/wp\/v2\/users\/88"}],"replies":[{"embeddable":true,"href":"https:\/\/sisu.ut.ee\/zooloogiaring\/wp-json\/wp\/v2\/comments?post=39"}],"version-history":[{"count":1,"href":"https:\/\/sisu.ut.ee\/zooloogiaring\/wp-json\/wp\/v2\/pages\/39\/revisions"}],"predecessor-version":[{"id":782,"href":"https:\/\/sisu.ut.ee\/zooloogiaring\/wp-json\/wp\/v2\/pages\/39\/revisions\/782"}],"wp:attachment":[{"href":"https:\/\/sisu.ut.ee\/zooloogiaring\/wp-json\/wp\/v2\/media?parent=39"}],"curies":[{"name":"wp","href":"https:\/\/api.w.org\/{rel}","templated":true}]}}