{"id":38,"date":"2024-04-04T02:55:52","date_gmt":"2024-04-03T23:55:52","guid":{"rendered":"https:\/\/sisu.ut.ee\/zooloogiaring\/2010-2009\/"},"modified":"2024-04-04T02:58:08","modified_gmt":"2024-04-03T23:58:08","slug":"2010-2009","status":"publish","type":"page","link":"https:\/\/sisu.ut.ee\/zooloogiaring\/2010-2009\/","title":{"rendered":"2009-2010"},"content":{"rendered":"<p class=\"style1\"><span style=\"font-family: verdana, geneva\">2009-2010 \u00f5ppeaasta teemad<\/span><\/p>\n<ol>\n<li><span style=\"font-family: verdana, geneva\">Hiiumaalt leiti m\u00f5\u00f5kkala<\/span><\/li>\n<li><span style=\"font-family: verdana, geneva\">kiivid<\/span><\/li>\n<li><span style=\"font-family: verdana, geneva\">ritsiklased<\/span><\/li>\n<li><span style=\"font-family: verdana, geneva\">ahm<\/span><\/li>\n<li><span style=\"font-family: verdana, geneva\">Lusitaania teetigu<\/span><\/li>\n<li><span style=\"font-family: verdana, geneva\">aarad<\/span><\/li>\n<li><span style=\"font-family: verdana, geneva\">puugid<\/span><\/li>\n<li><span style=\"font-family: verdana, geneva\">lambad<\/span><\/li>\n<li><span style=\"font-family: verdana, geneva\">p\u00f5drak\u00e4rbes ja teised raudk\u00e4rblased<\/span><\/li>\n<li><span style=\"font-family: verdana, geneva\">huntkoerad<\/span><\/li>\n<li><span style=\"font-family: verdana, geneva\">odasaba<\/span><\/li>\n<li><span style=\"font-family: verdana, geneva\">mutt<\/span><\/li>\n<li><span style=\"font-family: verdana, geneva\">maismaakilpkonnad Euroopas ja keskaasia kilpkonn<\/span><\/li>\n<li><span style=\"font-family: verdana, geneva\">r\u00f5\u00f5neskarbid<\/span><\/li>\n<li><span style=\"font-family: verdana, geneva\">marmortarakan<\/span><\/li>\n<li><span style=\"font-family: verdana, geneva\">flamingod<\/span><\/li>\n<li><span style=\"font-family: verdana, geneva\">taapir<\/span><\/li>\n<li><span style=\"font-family: verdana, geneva\">p\u00e4\u00e4sukalalased- lendkalad, p\u00e4\u00e4sukalad<\/span><\/li>\n<li><span style=\"font-family: verdana, geneva\">kilbikud<\/span><\/li>\n<li><span style=\"font-family: verdana, geneva\">hiidpanda, panda<\/span><\/li>\n<li><span style=\"font-family: verdana, geneva\">l\u00fc\u00fcrasaba<\/span><\/li>\n<li><span style=\"font-family: verdana, geneva\">marmorv\u00e4hk<\/span><\/li>\n<li><span style=\"font-family: verdana, geneva\">jaguarundi<\/span><\/li>\n<li><span style=\"font-family: verdana, geneva\">metssiga<\/span><\/li>\n<li><span style=\"font-family: verdana, geneva\">nahkkilpkonn<\/span><\/li>\n<li><span style=\"font-family: verdana, geneva\">k\u00fc\u00fcrvaal<\/span><\/li>\n<li><span style=\"font-family: verdana, geneva\">skunk<\/span><\/li>\n<li><span style=\"font-family: verdana, geneva\">luitsnokk-iibis<\/span><\/li>\n<li><span style=\"font-family: verdana, geneva\">kaelkirjak<\/span><\/li>\n<li><span style=\"font-family: verdana, geneva\">marabu<\/span><\/li>\n<li><span style=\"font-family: verdana, geneva\">pimelikud<\/span><\/li>\n<li><span style=\"font-family: verdana, geneva\">raagritsikad<\/span><\/li>\n<li><span style=\"font-family: verdana, geneva\">surikaadid<\/span><\/li>\n<li><span style=\"font-family: verdana, geneva\">merihobud<\/span><\/li>\n<li><span style=\"font-family: verdana, geneva\">villakhiirlased<\/span><\/li>\n<li><span style=\"font-family: verdana, geneva\">gnuud<\/span><\/li>\n<li><span style=\"font-family: verdana, geneva\">erakv\u00e4hk<\/span><\/li>\n<li><span style=\"font-family: verdana, geneva\">hall\u00f5gija ja punaselg-\u00f5gija \u2013 aastalinnud<\/span><\/li>\n<li><span style=\"font-family: verdana, geneva\">l\u00fclijalgsete uus n\u00e4itus zooloogiamuuseumis<\/span><\/li>\n<li><span style=\"font-family: verdana, geneva\">muskushirv<\/span><\/li>\n<li><span style=\"font-family: verdana, geneva\">toakilk<\/span><\/li>\n<li><span style=\"font-family: verdana, geneva\">rohevint<\/span><\/li>\n<li><span style=\"font-family: verdana, geneva\">kuldfaasan<\/span><\/li>\n<li><span style=\"font-family: verdana, geneva\">serval<\/span><\/li>\n<li><span style=\"font-family: verdana, geneva\">puna-d\u017eunglikana ja kodukana<\/span><\/li>\n<li><span style=\"font-family: verdana, geneva\">gibonid<\/span><\/li>\n<li><span style=\"font-family: verdana, geneva\">latimeeria<\/span><\/li>\n<li><span style=\"font-family: verdana, geneva\">kevadlinnud \u2013 lindude laul<\/span><\/li>\n<li><span style=\"font-family: verdana, geneva\">sarvlinnud<\/span><\/li>\n<li><span style=\"font-family: verdana, geneva\">V\u00e4litunnid Vanemuise pargis, Toomem\u00e4el ja Emaj\u00f5e luhal<\/span><\/li>\n<li><span style=\"font-family: verdana, geneva\">nugised<\/span><\/li>\n<li><span style=\"font-family: verdana, geneva\">sipelgal\u00f5vi ja sipelgakiil<\/span><\/li>\n<li><span style=\"font-family: verdana, geneva\">kakaduud<\/span><\/li>\n<li><span style=\"font-family: verdana, geneva\">hiina-kolmk\u00fc\u00fcniskilpkonn<\/span><\/li>\n<li><span style=\"font-family: verdana, geneva\">sametlestad<\/span><\/li>\n<li><span style=\"font-family: verdana, geneva\">k\u00e4rnkonnad<\/span><\/li>\n<li><span style=\"font-family: verdana, geneva\">kuldnokk<\/span><\/li>\n<li><span style=\"font-family: verdana, geneva\">raisamatjad<\/span><\/li>\n<li><span style=\"font-family: verdana, geneva\">mullakakandid<\/span><\/li>\n<li><span style=\"font-family: verdana, geneva\">otselot<\/span><\/li>\n<li><span style=\"font-family: verdana, geneva\">videofilm Kodu\u00fcmbruse loomad<\/span><\/li>\n<\/ol>\n","protected":false},"excerpt":{"rendered":"<p>2009-2010 \u00f5ppeaasta teemad Hiiumaalt leiti m\u00f5\u00f5kkala kiivid ritsiklased ahm Lusitaania teetigu aarad puugid lambad p\u00f5drak\u00e4rbes ja teised raudk\u00e4rblased huntkoerad odasaba mutt maismaakilpkonnad Euroopas ja keskaasia kilpkonn r\u00f5\u00f5neskarbid marmortarakan flamingod taapir p\u00e4\u00e4sukalalased- lendkalad, p\u00e4\u00e4sukalad kilbikud hiidpanda, panda l\u00fc\u00fcrasaba marmorv\u00e4hk jaguarundi metssiga &#8230;<\/p>\n","protected":false},"author":88,"featured_media":0,"parent":0,"menu_order":0,"comment_status":"closed","ping_status":"closed","template":"","meta":{"_acf_changed":false,"inline_featured_image":false,"footnotes":""},"class_list":["post-38","page","type-page","status-publish","hentry"],"acf":[],"_links":{"self":[{"href":"https:\/\/sisu.ut.ee\/zooloogiaring\/wp-json\/wp\/v2\/pages\/38","targetHints":{"allow":["GET"]}}],"collection":[{"href":"https:\/\/sisu.ut.ee\/zooloogiaring\/wp-json\/wp\/v2\/pages"}],"about":[{"href":"https:\/\/sisu.ut.ee\/zooloogiaring\/wp-json\/wp\/v2\/types\/page"}],"author":[{"embeddable":true,"href":"https:\/\/sisu.ut.ee\/zooloogiaring\/wp-json\/wp\/v2\/users\/88"}],"replies":[{"embeddable":true,"href":"https:\/\/sisu.ut.ee\/zooloogiaring\/wp-json\/wp\/v2\/comments?post=38"}],"version-history":[{"count":1,"href":"https:\/\/sisu.ut.ee\/zooloogiaring\/wp-json\/wp\/v2\/pages\/38\/revisions"}],"predecessor-version":[{"id":783,"href":"https:\/\/sisu.ut.ee\/zooloogiaring\/wp-json\/wp\/v2\/pages\/38\/revisions\/783"}],"wp:attachment":[{"href":"https:\/\/sisu.ut.ee\/zooloogiaring\/wp-json\/wp\/v2\/media?parent=38"}],"curies":[{"name":"wp","href":"https:\/\/api.w.org\/{rel}","templated":true}]}}