{"id":36,"date":"2024-04-04T02:55:51","date_gmt":"2024-04-03T23:55:51","guid":{"rendered":"https:\/\/sisu.ut.ee\/zooloogiaring\/kevadliblikad\/"},"modified":"2024-04-04T02:58:08","modified_gmt":"2024-04-03T23:58:08","slug":"kevadliblikad","status":"publish","type":"page","link":"https:\/\/sisu.ut.ee\/zooloogiaring\/kevadliblikad\/","title":{"rendered":"Kevadised liblikad"},"content":{"rendered":"<p>\r\n\t<span style=\"font-size:15px\"><span style=\"font-family:Verdana,Geneva,sans-serif\">K\u00f5igest hoolimata algab peagi kevad ja liblikad hakkavad lendama.<\/span><\/span>\r\n<\/p>\r\n\r\n<p>\r\n\t<span style=\"font-size:15px\"><span style=\"font-family:Verdana,Geneva,sans-serif\">Sellel lehel on kaheksa pilti liblikatest, kellest osa alustab lendu soojade ilmade saabudes juba m\u00e4rtsis.\u00a0Need on need, kes elasid talve \u00fcle liblikana (valmikuna) kusagil varjulises kohas.\u00a0Teised alustavad lendu hiljem. Nemad talvituvad nukuna, r\u00f6\u00f6vikuna v\u00f5i munana.<\/span><\/span>\r\n<\/p>\r\n\r\n<p>\r\n\t<span style=\"font-size:15px\"><span style=\"font-family:Verdana,Geneva,sans-serif\">Tutvuge nende liblikatega. Proovige neid m\u00e4\u00e4rata. Otsige nende pilte internetist.<br>Allpool on toodud liikide nimetused eesti ja ladina keeles.\u00a0<\/span><\/span>\r\n<\/p>\r\n\r\n<p>\r\n\t<span style=\"font-size:15px\"><img decoding=\"async\" alt=\"\" src=\"https:\/\/sisu.ut.ee\/wp-content\/uploads\/sites\/178\/img_9781.jpg\" style=\"width: 600px;height: 400px\"><img decoding=\"async\" alt=\"\" src=\"https:\/\/sisu.ut.ee\/wp-content\/uploads\/sites\/178\/img_9774.jpg\" style=\"width: 600px;height: 400px\"><img decoding=\"async\" alt=\"\" src=\"https:\/\/sisu.ut.ee\/wp-content\/uploads\/sites\/178\/img_8308.jpg\" style=\"width: 600px;height: 400px\"><img decoding=\"async\" alt=\"\" src=\"https:\/\/sisu.ut.ee\/wp-content\/uploads\/sites\/178\/img_6375.jpg\" style=\"width: 600px;height: 400px\"><img decoding=\"async\" alt=\"\" src=\"https:\/\/sisu.ut.ee\/wp-content\/uploads\/sites\/178\/img_3744.jpg\" style=\"width: 600px;height: 400px\"><img decoding=\"async\" alt=\"\" src=\"https:\/\/sisu.ut.ee\/wp-content\/uploads\/sites\/178\/img_2431.jpg\" style=\"width: 600px;height: 400px\"><img decoding=\"async\" alt=\"\" src=\"https:\/\/sisu.ut.ee\/wp-content\/uploads\/sites\/178\/dsc09613.jpg\" style=\"width: 600px;height: 399px\"><img decoding=\"async\" alt=\"\" src=\"https:\/\/sisu.ut.ee\/wp-content\/uploads\/sites\/178\/dsc06293.jpg\" style=\"width: 600px;height: 400px\"><\/span>\r\n<\/p>\r\n\r\n<p>\r\n\t<span style=\"font-size:15px\">Liblikate liigid (ei ole piltide j\u00e4rjekorras!):<br>admiral <em>Vanessa atalanta<\/em><br>koerliblikas <em>Aglais urticae<\/em><br>koiduliblikas <em>Anthocharis cardamines<\/em><br>lapsuliblikas <em>Gonepteryx rhamni<\/em><br>leinaliblikas <em>Nymphalis antiopa<\/em><br>p\u00e4\u00e4susaba <em>Papilio machaon<\/em><br>p\u00e4evapaabusilm <em>Inachis io<\/em><br>v\u00e4ike-k\u00e4rbtiib <em>Polygonia c-album<\/em><\/span>\r\n<\/p>\r\n\r\n<p>\r\n\t<span style=\"font-size:15px\"><strong>Uurige, kes on kes?<\/strong><\/span>\r\n<\/p>\r\n\r\n<p>\r\n\t<span style=\"font-size:15px\">M\u00e4\u00e4rajad:<br>Erkki O\u0303unap, Urmas Tartes 2014. Eesti pa\u0308evaliblikad. Varrak, Tallinn.<br>Jaan Viidalepp, Hans Remm 1996. Eesti liblikate ma\u0308a\u0308raja. Valgus, Tallinn.<br>Internetis\u00a0<a data-url=\"http:\/\/liblikad.loodus.ee\/\" href=\"http:\/\/liblikad.loodus.ee\/\" target=\"_blank\" title=\"\" rel=\"noopener\">liblikad.loodus.ee<\/a>.<\/span>\r\n<\/p>\r\n\r\n<p>\r\n\t<span style=\"font-size:15px\"><span style=\"color:#a52a2a\">Vastamiseks on kaks v\u00f5imalust. Lihtsamas variandis on valikvastused.<br>Teise varianti on lisatud liblikaliike, keda siinkohal pole nimetatud ja vastuseks tuleb kirjutada liigi nimetus.<\/span><\/span>\r\n<\/p>\r\n\r\n<p>\r\n\t<span style=\"font-size:15px\"><span style=\"color:#a52a2a\">Enne vastama asumist kontrolli, kas tunned neid liblikaid, kes on sellel lehel olevatel piltidel (vaata \u00fcleval).<br>Enne vastuse saatmist kontrolli veelkord vastused \u00fcle.<\/span><\/span>\r\n<\/p>\r\n\r\n<p>\r\n\t<span style=\"font-size:18px\"><span style=\"font-family:Verdana,Geneva,sans-serif\"><span style=\"color:#a52a2a\">VASTAN:<\/span> <\/span><a data-url=\"https:\/\/docs.google.com\/forms\/d\/e\/1FAIpQLSeGjdvIkKiuN7ugePct7eTl4L5zCFPqn5HJyFgq8XBVzHJfVw\/viewform\" href=\"https:\/\/docs.google.com\/forms\/d\/e\/1FAIpQLSeGjdvIkKiuN7ugePct7eTl4L5zCFPqn5HJyFgq8XBVzHJfVw\/viewform\" target=\"_blank\" title=\"\" rel=\"noopener\">KEVADISED LIBLIKAD 1 lihtsam &gt;&gt;<\/a><\/span>\r\n<\/p>\r\n\r\n<p>\r\n\t<span style=\"font-size:18px\"><span style=\"font-family:Verdana,Geneva,sans-serif\"><span style=\"color:#a52a2a\">VASTAN:<\/span> <\/span><a data-url=\"https:\/\/docs.google.com\/forms\/d\/e\/1FAIpQLSdPLzGFpRJLwxl5Ffbwf5bYlbsHUz6BdhHszvoN2iuiBW30NA\/viewform\" href=\"https:\/\/docs.google.com\/forms\/d\/e\/1FAIpQLSdPLzGFpRJLwxl5Ffbwf5bYlbsHUz6BdhHszvoN2iuiBW30NA\/viewform\" target=\"_blank\" title=\"\" rel=\"noopener\">KEVADISED LIBLIKAD 2 keerulisem &gt;&gt;<\/a><\/span>\r\n<\/p>\r\n<br><figure class=\"wp-block-gallery has-nested-images columns-3 is-cropped wp-block-gallery-1 is-layout-flex wp-block-gallery-is-layout-flex\"><figure class=\"wp-block-image size-large\"><a href=\"https:\/\/sisu.ut.ee\/wp-content\/uploads\/sites\/178\/dsc06293.jpg\"><img decoding=\"async\" data-id=\"128\" src=\"https:\/\/sisu.ut.ee\/wp-content\/uploads\/sites\/178\/dsc06293.jpg\" alt=\"\" class=\"wp-ima&gt;&lt;\/figcaption&gt;&lt;\/figure&gt;&lt;figure class=\" wp-block-image size-large><\/a><a href=\"https:\/\/sisu.ut.ee\/wp-content\/uploads\/sites\/178\/dsc09613.jpg\"><img decoding=\"async\" data-id=\"129\" src=\"https:\/\/sisu.ut.ee\/wp-content\/uploads\/sites\/178\/dsc09613.jpg\" alt=\"\" class=\"wp-ima&gt;&lt;\/figcaption&gt;&lt;\/figure&gt;&lt;figure class=\" wp-block-image size-large><\/a><a href=\"https:\/\/sisu.ut.ee\/wp-content\/uploads\/sites\/178\/img_2431.jpg\"><img decoding=\"async\" data-id=\"130\" src=\"https:\/\/sisu.ut.ee\/wp-content\/uploads\/sites\/178\/img_2431.jpg\" alt=\"\" class=\"wp-ima&gt;&lt;\/figcaption&gt;&lt;\/figure&gt;&lt;figure class=\" wp-block-image size-large><\/a><a href=\"https:\/\/sisu.ut.ee\/wp-content\/uploads\/sites\/178\/img_3744.jpg\"><img decoding=\"async\" data-id=\"131\" src=\"https:\/\/sisu.ut.ee\/wp-content\/uploads\/sites\/178\/img_3744.jpg\" alt=\"\" class=\"wp-ima&gt;&lt;\/figcaption&gt;&lt;\/figure&gt;&lt;figure class=\" wp-block-image size-large><\/a><a href=\"https:\/\/sisu.ut.ee\/wp-content\/uploads\/sites\/178\/img_6375.jpg\"><img decoding=\"async\" data-id=\"132\" src=\"https:\/\/sisu.ut.ee\/wp-content\/uploads\/sites\/178\/img_6375.jpg\" alt=\"\" class=\"wp-ima&gt;&lt;\/figcaption&gt;&lt;\/figure&gt;&lt;figure class=\" wp-block-image size-large><\/a><a href=\"https:\/\/sisu.ut.ee\/wp-content\/uploads\/sites\/178\/img_8308.jpg\"><img decoding=\"async\" data-id=\"133\" src=\"https:\/\/sisu.ut.ee\/wp-content\/uploads\/sites\/178\/img_8308.jpg\" alt=\"\" class=\"wp-ima&gt;&lt;\/figcaption&gt;&lt;\/figure&gt;&lt;figure class=\" wp-block-image size-large><\/a><a href=\"https:\/\/sisu.ut.ee\/wp-content\/uploads\/sites\/178\/img_9774.jpg\"><img decoding=\"async\" data-id=\"134\" src=\"https:\/\/sisu.ut.ee\/wp-content\/uploads\/sites\/178\/img_9774.jpg\" alt=\"\" class=\"wp-ima&gt;&lt;\/figcaption&gt;&lt;\/figure&gt;&lt;figure class=\" wp-block-image size-large><\/a><a href=\"https:\/\/sisu.ut.ee\/wp-content\/uploads\/sites\/178\/img_9781.jpg\"><img decoding=\"async\" data-id=\"135\" src=\"https:\/\/sisu.ut.ee\/wp-content\/uploads\/sites\/178\/img_9781.jpg\" alt=\"\" class=\"wp-ima&gt;&lt;\/figcaption&gt;&lt;\/figure&gt;&lt;\/figure&gt;\"><\/a><\/figure><\/figure>","protected":false},"excerpt":{"rendered":"<p>K\u00f5igest hoolimata algab peagi kevad ja liblikad hakkavad lendama. Sellel lehel on kaheksa pilti liblikatest, kellest osa alustab lendu soojade ilmade saabudes juba m\u00e4rtsis.\u00a0Need on need, kes elasid talve \u00fcle liblikana (valmikuna) kusagil varjulises kohas.\u00a0Teised alustavad lendu hiljem. Nemad talvituvad &#8230;<\/p>\n","protected":false},"author":88,"featured_media":0,"parent":0,"menu_order":0,"comment_status":"closed","ping_status":"closed","template":"","meta":{"_acf_changed":false,"inline_featured_image":false,"footnotes":""},"class_list":["post-36","page","type-page","status-publish","hentry"],"acf":[],"_links":{"self":[{"href":"https:\/\/sisu.ut.ee\/zooloogiaring\/wp-json\/wp\/v2\/pages\/36","targetHints":{"allow":["GET"]}}],"collection":[{"href":"https:\/\/sisu.ut.ee\/zooloogiaring\/wp-json\/wp\/v2\/pages"}],"about":[{"href":"https:\/\/sisu.ut.ee\/zooloogiaring\/wp-json\/wp\/v2\/types\/page"}],"author":[{"embeddable":true,"href":"https:\/\/sisu.ut.ee\/zooloogiaring\/wp-json\/wp\/v2\/users\/88"}],"replies":[{"embeddable":true,"href":"https:\/\/sisu.ut.ee\/zooloogiaring\/wp-json\/wp\/v2\/comments?post=36"}],"version-history":[{"count":2,"href":"https:\/\/sisu.ut.ee\/zooloogiaring\/wp-json\/wp\/v2\/pages\/36\/revisions"}],"predecessor-version":[{"id":822,"href":"https:\/\/sisu.ut.ee\/zooloogiaring\/wp-json\/wp\/v2\/pages\/36\/revisions\/822"}],"wp:attachment":[{"href":"https:\/\/sisu.ut.ee\/zooloogiaring\/wp-json\/wp\/v2\/media?parent=36"}],"curies":[{"name":"wp","href":"https:\/\/api.w.org\/{rel}","templated":true}]}}