{"id":35,"date":"2024-04-04T02:55:51","date_gmt":"2024-04-03T23:55:51","guid":{"rendered":"https:\/\/sisu.ut.ee\/zooloogiaring\/2011-2012\/"},"modified":"2024-04-04T02:58:09","modified_gmt":"2024-04-03T23:58:09","slug":"2011-2012","status":"publish","type":"page","link":"https:\/\/sisu.ut.ee\/zooloogiaring\/2011-2012\/","title":{"rendered":"2011-2012"},"content":{"rendered":"<p class=\"style1\"><span style=\"font-family: verdana, geneva\">2011-2012 \u00f5ppeaasta teemad<\/span><\/p>\n<ol>\n<li><span style=\"font-family: verdana, geneva\">kuldp\u00f5rniklased<\/span><\/li>\n<li><span style=\"font-family: verdana, geneva\">damaanid<\/span><\/li>\n<li><span style=\"font-family: verdana, geneva\">munamadu<\/span><\/li>\n<li><span style=\"font-family: verdana, geneva\">indri, sifakad ja avahid<\/span><\/li>\n<li><span style=\"font-family: verdana, geneva\">kaimankilpkonn ja kondorkilpkonn<\/span><\/li>\n<li><span style=\"font-family: verdana, geneva\">angerjas<\/span><\/li>\n<li><span style=\"font-family: verdana, geneva\">paabulinnud<\/span><\/li>\n<li><span style=\"font-family: verdana, geneva\">\u00fchep\u00e4evikulised<\/span><\/li>\n<li><span style=\"font-family: verdana, geneva\">aie<\/span><\/li>\n<li><span style=\"font-family: verdana, geneva\">prussakalised<\/span><\/li>\n<li><span style=\"font-family: verdana, geneva\">raisakotkad<\/span><\/li>\n<li><span style=\"font-family: verdana, geneva\">p\u00e4hklik\u00e4rsakas ja t\u00f5ruk\u00e4rsakas<\/span><\/li>\n<li><span style=\"font-family: verdana, geneva\">hoatsiin<\/span><\/li>\n<li><span style=\"font-family: verdana, geneva\">nahkhiired<\/span><\/li>\n<li><span style=\"font-family: verdana, geneva\">tiiger<\/span><\/li>\n<li><span style=\"font-family: verdana, geneva\">krevetid<\/span><\/li>\n<li><span style=\"font-family: verdana, geneva\">kraeagaam<\/span><\/li>\n<li><span style=\"font-family: verdana, geneva\">kaljutuvi ja kodutuvi<\/span><\/li>\n<li><span style=\"font-family: verdana, geneva\">kukkurkurat<\/span><\/li>\n<li><span style=\"font-family: verdana, geneva\">tripimadu<\/span><\/li>\n<li><span style=\"font-family: verdana, geneva\">metshobune, pre\u017eevalski hobune<\/span><\/li>\n<li><span style=\"font-family: verdana, geneva\">j\u00f5edelfiinid<\/span><\/li>\n<li><span style=\"font-family: verdana, geneva\">pingviinid<\/span><\/li>\n<li><span style=\"font-family: verdana, geneva\">poilased<\/span><\/li>\n<li><span style=\"font-family: verdana, geneva\">ujupardid<\/span><\/li>\n<li><span style=\"font-family: verdana, geneva\">merikilpkonnad<\/span><\/li>\n<li><span style=\"font-family: verdana, geneva\">mureenid<\/span><\/li>\n<li><span style=\"font-family: verdana, geneva\">puuk\u00e4ngurud<\/span><\/li>\n<li><span style=\"font-family: verdana, geneva\">v\u00e4iket\u00fcll ja liivat\u00fcll<\/span><\/li>\n<li><span style=\"font-family: verdana, geneva\">kalakotkas<\/span><\/li>\n<li><span style=\"font-family: verdana, geneva\">viiksj\u00e4nesed<\/span><\/li>\n<\/ol>\n","protected":false},"excerpt":{"rendered":"<p>2011-2012 \u00f5ppeaasta teemad kuldp\u00f5rniklased damaanid munamadu indri, sifakad ja avahid kaimankilpkonn ja kondorkilpkonn angerjas paabulinnud \u00fchep\u00e4evikulised aie prussakalised raisakotkad p\u00e4hklik\u00e4rsakas ja t\u00f5ruk\u00e4rsakas hoatsiin nahkhiired tiiger krevetid kraeagaam kaljutuvi ja kodutuvi kukkurkurat tripimadu metshobune, pre\u017eevalski hobune j\u00f5edelfiinid pingviinid poilased ujupardid merikilpkonnad &#8230;<\/p>\n","protected":false},"author":88,"featured_media":0,"parent":0,"menu_order":0,"comment_status":"closed","ping_status":"closed","template":"","meta":{"_acf_changed":false,"inline_featured_image":false,"footnotes":""},"class_list":["post-35","page","type-page","status-publish","hentry"],"acf":[],"_links":{"self":[{"href":"https:\/\/sisu.ut.ee\/zooloogiaring\/wp-json\/wp\/v2\/pages\/35","targetHints":{"allow":["GET"]}}],"collection":[{"href":"https:\/\/sisu.ut.ee\/zooloogiaring\/wp-json\/wp\/v2\/pages"}],"about":[{"href":"https:\/\/sisu.ut.ee\/zooloogiaring\/wp-json\/wp\/v2\/types\/page"}],"author":[{"embeddable":true,"href":"https:\/\/sisu.ut.ee\/zooloogiaring\/wp-json\/wp\/v2\/users\/88"}],"replies":[{"embeddable":true,"href":"https:\/\/sisu.ut.ee\/zooloogiaring\/wp-json\/wp\/v2\/comments?post=35"}],"version-history":[{"count":1,"href":"https:\/\/sisu.ut.ee\/zooloogiaring\/wp-json\/wp\/v2\/pages\/35\/revisions"}],"predecessor-version":[{"id":786,"href":"https:\/\/sisu.ut.ee\/zooloogiaring\/wp-json\/wp\/v2\/pages\/35\/revisions\/786"}],"wp:attachment":[{"href":"https:\/\/sisu.ut.ee\/zooloogiaring\/wp-json\/wp\/v2\/media?parent=35"}],"curies":[{"name":"wp","href":"https:\/\/api.w.org\/{rel}","templated":true}]}}