{"id":34,"date":"2024-04-04T02:55:51","date_gmt":"2024-04-03T23:55:51","guid":{"rendered":"https:\/\/sisu.ut.ee\/zooloogiaring\/2012-2013\/"},"modified":"2024-04-04T02:58:09","modified_gmt":"2024-04-03T23:58:09","slug":"2012-2013","status":"publish","type":"page","link":"https:\/\/sisu.ut.ee\/zooloogiaring\/2012-2013\/","title":{"rendered":"2012-2013"},"content":{"rendered":"<p class=\"style1\"><span style=\"font-family: verdana, geneva\">2012-2013 \u00f5ppeaasta teemad<\/span><\/p>\n<ol>\n<li><span style=\"font-family: verdana, geneva\">pahategijad \u2013 pahkade valmistajad<\/span><\/li>\n<li><span style=\"font-family: verdana, geneva\">k\u00f5rvukh\u00fclglased<\/span><\/li>\n<li><span style=\"font-family: verdana, geneva\">k\u00e4snad<\/span><\/li>\n<li><span style=\"font-family: verdana, geneva\">kinka\u017eu<\/span><\/li>\n<li><span style=\"font-family: verdana, geneva\">kiililised<\/span><\/li>\n<li><span style=\"font-family: verdana, geneva\">lest ja kammeljas<\/span><\/li>\n<li><span style=\"font-family: verdana, geneva\">lehvikussid ja kaelusussid<\/span><\/li>\n<li><span style=\"font-family: verdana, geneva\">loorilased<\/span><\/li>\n<li><span style=\"font-family: verdana, geneva\">jooksiklased<\/span><\/li>\n<li><span style=\"font-family: verdana, geneva\">imetajad<\/span><\/li>\n<li><span style=\"font-family: verdana, geneva\">t\u00e4ilised<\/span><\/li>\n<li><span style=\"font-family: verdana, geneva\">hirvlased<\/span><\/li>\n<li><span style=\"font-family: verdana, geneva\">gangese gaavial<\/span><\/li>\n<li><span style=\"font-family: verdana, geneva\">suhkru-liugurpossum ehk \u201csuhkruorav\u201d<\/span><\/li>\n<li><span style=\"font-family: verdana, geneva\">takin<\/span><\/li>\n<li><span style=\"font-family: verdana, geneva\">leopardkilpkonn<\/span><\/li>\n<li><span style=\"font-family: verdana, geneva\">kannuskonn ja k\u00e4rgkonn<\/span><\/li>\n<li><span style=\"font-family: verdana, geneva\">merisaarmas<\/span><\/li>\n<li><span style=\"font-family: verdana, geneva\">merimaod<\/span><\/li>\n<li><span style=\"font-family: verdana, geneva\">nurmkana<\/span><\/li>\n<li><span style=\"font-family: verdana, geneva\">paavianid<\/span><\/li>\n<li><span style=\"font-family: verdana, geneva\">kaasuar<\/span><\/li>\n<li><span style=\"font-family: verdana, geneva\">\u0161aakal<\/span><\/li>\n<li><span style=\"font-family: verdana, geneva\">puukonnad-m\u00fcrginoolekonnad<\/span><\/li>\n<li><span style=\"font-family: verdana, geneva\">kukriklased<\/span><\/li>\n<li><span style=\"font-family: verdana, geneva\">meriroosahvenad<\/span><\/li>\n<li><span style=\"font-family: verdana, geneva\">tuhkur, mink ja naarits<\/span><\/li>\n<li><span style=\"font-family: verdana, geneva\">t\u00e4hnikvesilik ja harivesilik<\/span><\/li>\n<li><span style=\"font-family: verdana, geneva\">Eesti suured teod<\/span><\/li>\n<li><span style=\"font-family: verdana, geneva\">\u00d5uetund Toomem\u00e4el ja Emaj\u00f5e \u00e4\u00e4res<\/span><\/li>\n<li><span style=\"font-family: verdana, geneva\">koaala<\/span><\/li>\n<\/ol>\n","protected":false},"excerpt":{"rendered":"<p>2012-2013 \u00f5ppeaasta teemad pahategijad \u2013 pahkade valmistajad k\u00f5rvukh\u00fclglased k\u00e4snad kinka\u017eu kiililised lest ja kammeljas lehvikussid ja kaelusussid loorilased jooksiklased imetajad t\u00e4ilised hirvlased gangese gaavial suhkru-liugurpossum ehk \u201csuhkruorav\u201d takin leopardkilpkonn kannuskonn ja k\u00e4rgkonn merisaarmas merimaod nurmkana paavianid kaasuar \u0161aakal puukonnad-m\u00fcrginoolekonnad kukriklased &#8230;<\/p>\n","protected":false},"author":88,"featured_media":0,"parent":0,"menu_order":0,"comment_status":"closed","ping_status":"closed","template":"","meta":{"_acf_changed":false,"inline_featured_image":false,"footnotes":""},"class_list":["post-34","page","type-page","status-publish","hentry"],"acf":[],"_links":{"self":[{"href":"https:\/\/sisu.ut.ee\/zooloogiaring\/wp-json\/wp\/v2\/pages\/34","targetHints":{"allow":["GET"]}}],"collection":[{"href":"https:\/\/sisu.ut.ee\/zooloogiaring\/wp-json\/wp\/v2\/pages"}],"about":[{"href":"https:\/\/sisu.ut.ee\/zooloogiaring\/wp-json\/wp\/v2\/types\/page"}],"author":[{"embeddable":true,"href":"https:\/\/sisu.ut.ee\/zooloogiaring\/wp-json\/wp\/v2\/users\/88"}],"replies":[{"embeddable":true,"href":"https:\/\/sisu.ut.ee\/zooloogiaring\/wp-json\/wp\/v2\/comments?post=34"}],"version-history":[{"count":1,"href":"https:\/\/sisu.ut.ee\/zooloogiaring\/wp-json\/wp\/v2\/pages\/34\/revisions"}],"predecessor-version":[{"id":787,"href":"https:\/\/sisu.ut.ee\/zooloogiaring\/wp-json\/wp\/v2\/pages\/34\/revisions\/787"}],"wp:attachment":[{"href":"https:\/\/sisu.ut.ee\/zooloogiaring\/wp-json\/wp\/v2\/media?parent=34"}],"curies":[{"name":"wp","href":"https:\/\/api.w.org\/{rel}","templated":true}]}}