{"id":33,"date":"2024-04-04T02:55:51","date_gmt":"2024-04-03T23:55:51","guid":{"rendered":"https:\/\/sisu.ut.ee\/zooloogiaring\/joonistame-lovi\/"},"modified":"2024-04-04T02:58:09","modified_gmt":"2024-04-03T23:58:09","slug":"joonistame-lovi","status":"publish","type":"page","link":"https:\/\/sisu.ut.ee\/zooloogiaring\/joonistame-lovi\/","title":{"rendered":"Joonistame l\u00f5vi!"},"content":{"rendered":"<p>\n\t<span style=\"font-size:15px\"><span style=\"font-family:Verdana,Geneva,sans-serif\"><strong>Mis oleks, kui joonistame vahelduseks pildi l\u00f5vist?<\/strong><\/span><\/span>\n<\/p>\n<p>\n\t<span style=\"font-size:15px\"><span style=\"font-family:Verdana,Geneva,sans-serif\">L\u00f5vi ei olegi nii lihtne joonistada.<br>Proovi joonistada lisatud pildi j\u00e4rgi.<\/span><\/span>\n<\/p>\n<p>\n\t<span style=\"font-size:15px\"><span style=\"font-family:Verdana,Geneva,sans-serif\"><img decoding=\"async\" alt=\"\" src=\"https:\/\/sisu.ut.ee\/wp-content\/uploads\/sites\/178\/lion4.jpg\" style=\"width: 564px;height: 729px\"><\/span><\/span>\n<\/p>\n<p>\n\t<span style=\"font-size:15px\"><span style=\"font-family:Verdana,Geneva,sans-serif\">Vaata ka teisi v\u00f5imalusi, kuidas l\u00f5vi joonistada.<\/span><\/span>\n<\/p>\n<p>\n\t<span style=\"font-size:15px\"><span style=\"font-family:Verdana,Geneva,sans-serif\"><a data-url=\"http:\/\/www.thingstodraw.info\/15-tutorials-guides-draw-lion\/\" href=\"http:\/\/www.thingstodraw.info\/15-tutorials-guides-draw-lion\/\" target=\"_blank\" title=\"\" rel=\"noopener\">http:\/\/www.thingstodraw.info\/15-tutorials-guides-draw-lion\/<\/a><\/span><\/span>\n<\/p>\n<p>\n\t<span style=\"font-size:15px\"><span style=\"font-family:Verdana,Geneva,sans-serif\">Iga\u00fcks v\u00f5ib olla kunstnik!<\/span><\/span><\/p>\n","protected":false},"excerpt":{"rendered":"<p>Mis oleks, kui joonistame vahelduseks pildi l\u00f5vist? L\u00f5vi ei olegi nii lihtne joonistada.Proovi joonistada lisatud pildi j\u00e4rgi. Vaata ka teisi v\u00f5imalusi, kuidas l\u00f5vi joonistada. http:\/\/www.thingstodraw.info\/15-tutorials-guides-draw-lion\/ Iga\u00fcks v\u00f5ib olla kunstnik!<\/p>\n","protected":false},"author":88,"featured_media":0,"parent":0,"menu_order":0,"comment_status":"closed","ping_status":"closed","template":"","meta":{"_acf_changed":false,"inline_featured_image":false,"footnotes":""},"class_list":["post-33","page","type-page","status-publish","hentry"],"acf":[],"_links":{"self":[{"href":"https:\/\/sisu.ut.ee\/zooloogiaring\/wp-json\/wp\/v2\/pages\/33","targetHints":{"allow":["GET"]}}],"collection":[{"href":"https:\/\/sisu.ut.ee\/zooloogiaring\/wp-json\/wp\/v2\/pages"}],"about":[{"href":"https:\/\/sisu.ut.ee\/zooloogiaring\/wp-json\/wp\/v2\/types\/page"}],"author":[{"embeddable":true,"href":"https:\/\/sisu.ut.ee\/zooloogiaring\/wp-json\/wp\/v2\/users\/88"}],"replies":[{"embeddable":true,"href":"https:\/\/sisu.ut.ee\/zooloogiaring\/wp-json\/wp\/v2\/comments?post=33"}],"version-history":[{"count":1,"href":"https:\/\/sisu.ut.ee\/zooloogiaring\/wp-json\/wp\/v2\/pages\/33\/revisions"}],"predecessor-version":[{"id":788,"href":"https:\/\/sisu.ut.ee\/zooloogiaring\/wp-json\/wp\/v2\/pages\/33\/revisions\/788"}],"wp:attachment":[{"href":"https:\/\/sisu.ut.ee\/zooloogiaring\/wp-json\/wp\/v2\/media?parent=33"}],"curies":[{"name":"wp","href":"https:\/\/api.w.org\/{rel}","templated":true}]}}