{"id":32,"date":"2024-04-04T02:55:51","date_gmt":"2024-04-03T23:55:51","guid":{"rendered":"https:\/\/sisu.ut.ee\/zooloogiaring\/2013-2014\/"},"modified":"2024-04-04T02:58:09","modified_gmt":"2024-04-03T23:58:09","slug":"2013-2014","status":"publish","type":"page","link":"https:\/\/sisu.ut.ee\/zooloogiaring\/2013-2014\/","title":{"rendered":"2013-2014"},"content":{"rendered":"<p class=\"style1\"><span style=\"font-family: verdana, geneva\">2013-2014 \u00f5ppeaasta teemad<\/span><\/p>\n<ol>\n<li><span style=\"font-family: verdana, geneva\">ninasarvikud<\/span><\/li>\n<li><span style=\"font-family: verdana, geneva\">vesihark ja n\u00f5elhark<\/span><\/li>\n<li><span style=\"font-family: verdana, geneva\">meriiguaan ja maaiguaanid<\/span><\/li>\n<li><span style=\"font-family: verdana, geneva\">k\u00e4rp ja nirk<\/span><\/li>\n<li><span style=\"font-family: verdana, geneva\">tiibkala<\/span><\/li>\n<li><span style=\"font-family: verdana, geneva\">sipelgasiil, nokissiilid, nokkloom<\/span><\/li>\n<li><span style=\"font-family: verdana, geneva\">jaaguar<\/span><\/li>\n<li><span style=\"font-family: verdana, geneva\">erakherilased<\/span><\/li>\n<li><span style=\"font-family: verdana, geneva\">rukkir\u00e4\u00e4k<\/span><\/li>\n<li><span style=\"font-family: verdana, geneva\">vibur\u00e4mblikulised<\/span><\/li>\n<li><span style=\"font-family: verdana, geneva\">orangutan<\/span><\/li>\n<li><span style=\"font-family: verdana, geneva\">nandud<\/span><\/li>\n<li><span style=\"font-family: verdana, geneva\">numbat ehk kukkur-sipelga\u00f5gija<\/span><\/li>\n<li><span style=\"font-family: verdana, geneva\">hallhunt\u00a0ehk\u00a0susi\u00a0<\/span><\/li>\n<li><span style=\"font-family: verdana, geneva\">fregattlinnud<\/span><\/li>\n<li><span style=\"font-family: verdana, geneva\">siklased<\/span><\/li>\n<li><span style=\"font-family: verdana, geneva\">p\u00f5der<\/span><\/li>\n<li><span style=\"font-family: verdana, geneva\">tuukanid<\/span><\/li>\n<li><span style=\"font-family: verdana, geneva\">tiiburid<\/span><\/li>\n<li><span style=\"font-family: verdana, geneva\">skingid<\/span><\/li>\n<li><span style=\"font-family: verdana, geneva\">koerlibliklased<\/span><\/li>\n<li><span style=\"font-family: verdana, geneva\">anakonda<\/span><\/li>\n<li><span style=\"font-family: verdana, geneva\">laisikud<\/span><\/li>\n<li><span style=\"font-family: verdana, geneva\">m\u00e4ger<\/span><\/li>\n<li><span style=\"font-family: verdana, geneva\">lauk ja tait<\/span><\/li>\n<li><span style=\"font-family: verdana, geneva\">lumeleopard<\/span><\/li>\n<li><span style=\"font-family: verdana, geneva\">lepatriinulased<\/span><\/li>\n<li><span style=\"font-family: verdana, geneva\">kandlased<\/span><\/li>\n<li><span style=\"font-family: verdana, geneva\">mudah\u00fcpikud<\/span><\/li>\n<\/ol>\n","protected":false},"excerpt":{"rendered":"<p>2013-2014 \u00f5ppeaasta teemad ninasarvikud vesihark ja n\u00f5elhark meriiguaan ja maaiguaanid k\u00e4rp ja nirk tiibkala sipelgasiil, nokissiilid, nokkloom jaaguar erakherilased rukkir\u00e4\u00e4k vibur\u00e4mblikulised orangutan nandud numbat ehk kukkur-sipelga\u00f5gija hallhunt\u00a0ehk\u00a0susi\u00a0 fregattlinnud siklased p\u00f5der tuukanid tiiburid skingid koerlibliklased anakonda laisikud m\u00e4ger lauk ja tait &#8230;<\/p>\n","protected":false},"author":88,"featured_media":0,"parent":0,"menu_order":0,"comment_status":"closed","ping_status":"closed","template":"","meta":{"_acf_changed":false,"inline_featured_image":false,"footnotes":""},"class_list":["post-32","page","type-page","status-publish","hentry"],"acf":[],"_links":{"self":[{"href":"https:\/\/sisu.ut.ee\/zooloogiaring\/wp-json\/wp\/v2\/pages\/32","targetHints":{"allow":["GET"]}}],"collection":[{"href":"https:\/\/sisu.ut.ee\/zooloogiaring\/wp-json\/wp\/v2\/pages"}],"about":[{"href":"https:\/\/sisu.ut.ee\/zooloogiaring\/wp-json\/wp\/v2\/types\/page"}],"author":[{"embeddable":true,"href":"https:\/\/sisu.ut.ee\/zooloogiaring\/wp-json\/wp\/v2\/users\/88"}],"replies":[{"embeddable":true,"href":"https:\/\/sisu.ut.ee\/zooloogiaring\/wp-json\/wp\/v2\/comments?post=32"}],"version-history":[{"count":1,"href":"https:\/\/sisu.ut.ee\/zooloogiaring\/wp-json\/wp\/v2\/pages\/32\/revisions"}],"predecessor-version":[{"id":789,"href":"https:\/\/sisu.ut.ee\/zooloogiaring\/wp-json\/wp\/v2\/pages\/32\/revisions\/789"}],"wp:attachment":[{"href":"https:\/\/sisu.ut.ee\/zooloogiaring\/wp-json\/wp\/v2\/media?parent=32"}],"curies":[{"name":"wp","href":"https:\/\/api.w.org\/{rel}","templated":true}]}}